{"id":11476,"date":"2022-04-07T12:08:35","date_gmt":"2022-04-07T10:08:35","guid":{"rendered":"https:\/\/www.nvssf.com\/forbundet\/?page_id=11476"},"modified":"2022-04-07T12:08:35","modified_gmt":"2022-04-07T10:08:35","slug":"resultat-2022","status":"publish","type":"page","link":"https:\/\/www.nvssf.com\/forbundet\/resultat\/resultat-2022\/","title":{"rendered":"Resultat 2022"},"content":{"rendered":"\n<!-- Page-list plugin v.5.9 wordpress.org\/plugins\/page-list\/ -->\n<ul class=\"page-list \">\n<li class=\"page_item page-item-12070\"><a href=\"https:\/\/www.nvssf.com\/forbundet\/resultat\/resultat-2022\/oppna-skanska-skolmasterskapet\/\">\u00d6ppna Sk\u00e5nska Skolm\u00e4sterskapet<\/a><\/li>\n<li class=\"page_item page-item-11478\"><a href=\"https:\/\/www.nvssf.com\/forbundet\/resultat\/resultat-2022\/schackfyrans-distriktsfinal-2022\/\">Schackfyrans distriktsfinal<\/a><\/li>\n\n<\/ul>\n","protected":false},"excerpt":{"rendered":"","protected":false},"author":2,"featured_media":0,"parent":4497,"menu_order":0,"comment_status":"closed","ping_status":"closed","template":"sidebar-page.php","meta":{"_acf_changed":false,"footnotes":""},"acf":[],"_links":{"self":[{"href":"https:\/\/www.nvssf.com\/forbundet\/wp-json\/wp\/v2\/pages\/11476"}],"collection":[{"href":"https:\/\/www.nvssf.com\/forbundet\/wp-json\/wp\/v2\/pages"}],"about":[{"href":"https:\/\/www.nvssf.com\/forbundet\/wp-json\/wp\/v2\/types\/page"}],"author":[{"embeddable":true,"href":"https:\/\/www.nvssf.com\/forbundet\/wp-json\/wp\/v2\/users\/2"}],"replies":[{"embeddable":true,"href":"https:\/\/www.nvssf.com\/forbundet\/wp-json\/wp\/v2\/comments?post=11476"}],"version-history":[{"count":1,"href":"https:\/\/www.nvssf.com\/forbundet\/wp-json\/wp\/v2\/pages\/11476\/revisions"}],"predecessor-version":[{"id":11477,"href":"https:\/\/www.nvssf.com\/forbundet\/wp-json\/wp\/v2\/pages\/11476\/revisions\/11477"}],"up":[{"embeddable":true,"href":"https:\/\/www.nvssf.com\/forbundet\/wp-json\/wp\/v2\/pages\/4497"}],"wp:attachment":[{"href":"https:\/\/www.nvssf.com\/forbundet\/wp-json\/wp\/v2\/media?parent=11476"}],"curies":[{"name":"wp","href":"https:\/\/api.w.org\/{rel}","templated":true}]}}