{"id":12070,"date":"2022-09-19T10:31:05","date_gmt":"2022-09-19T08:31:05","guid":{"rendered":"http:\/\/www.nvssf.com\/forbundet\/?page_id=12070"},"modified":"2022-09-19T10:34:50","modified_gmt":"2022-09-19T08:34:50","slug":"oppna-skanska-skolmasterskapet","status":"publish","type":"page","link":"https:\/\/www.nvssf.com\/forbundet\/resultat\/resultat-2022\/oppna-skanska-skolmasterskapet\/","title":{"rendered":"\u00d6ppna Sk\u00e5nska Skolm\u00e4sterskapet"},"content":{"rendered":"<p><strong>Datum:<\/strong> 17 september 2022<\/p>\n<p><strong>Spellokal:<\/strong> A-hallen, Mariahallen Kullav\u00e4gen 150, Helsingborg<\/p>\n<p><strong>Bet\u00e4nketid:<\/strong> Yngre miniorer 15 minuter + 5 sekunders increment\/drag. \u00d6vriga grupper 25 minuter + 5 sekunders increment\/drag.<\/p>\n<p><strong>Resultat Sveriges Schackf\u00f6rbunds turneringssystem:<\/strong> <a href=\"https:\/\/member.schack.se\/ShowTournamentServlet?id=10669\" target=\"_blank\" rel=\"noopener\">https:\/\/member.schack.se\/ShowTournamentServlet?id=10669<\/a><\/p>\n<h3>juniorklassen (2002-2005)<\/h3>\n<p><a href=\"https:\/\/www.nvssf.com\/forbundet\/wp-content\/uploads\/2022\/09\/JuniorTabellSkanskaSkol2022.png\"><img loading=\"lazy\" decoding=\"async\" class=\"alignleft size-full wp-image-12075\" src=\"https:\/\/www.nvssf.com\/forbundet\/wp-content\/uploads\/2022\/09\/JuniorTabellSkanskaSkol2022.png\" alt=\"\" width=\"594\" height=\"85\" srcset=\"https:\/\/www.nvssf.com\/forbundet\/wp-content\/uploads\/2022\/09\/JuniorTabellSkanskaSkol2022.png 594w, https:\/\/www.nvssf.com\/forbundet\/wp-content\/uploads\/2022\/09\/JuniorTabellSkanskaSkol2022-300x43.png 300w, https:\/\/www.nvssf.com\/forbundet\/wp-content\/uploads\/2022\/09\/JuniorTabellSkanskaSkol2022-150x21.png 150w, https:\/\/www.nvssf.com\/forbundet\/wp-content\/uploads\/2022\/09\/JuniorTabellSkanskaSkol2022-500x72.png 500w\" sizes=\"(max-width: 594px) 100vw, 594px\" \/><\/a><\/p>\n<h3>kadettklassen (2006-2009)<\/h3>\n<p><a href=\"https:\/\/www.nvssf.com\/forbundet\/wp-content\/uploads\/2022\/09\/KadettTabellSkanskaSkol2022.png\"><img loading=\"lazy\" decoding=\"async\" class=\"alignleft size-full wp-image-12074\" src=\"https:\/\/www.nvssf.com\/forbundet\/wp-content\/uploads\/2022\/09\/KadettTabellSkanskaSkol2022.png\" alt=\"\" width=\"642\" height=\"276\" srcset=\"https:\/\/www.nvssf.com\/forbundet\/wp-content\/uploads\/2022\/09\/KadettTabellSkanskaSkol2022.png 642w, https:\/\/www.nvssf.com\/forbundet\/wp-content\/uploads\/2022\/09\/KadettTabellSkanskaSkol2022-300x129.png 300w, https:\/\/www.nvssf.com\/forbundet\/wp-content\/uploads\/2022\/09\/KadettTabellSkanskaSkol2022-150x64.png 150w, https:\/\/www.nvssf.com\/forbundet\/wp-content\/uploads\/2022\/09\/KadettTabellSkanskaSkol2022-500x215.png 500w\" sizes=\"(max-width: 642px) 100vw, 642px\" \/><\/a><\/p>\n<h3>miniorer (2010-2011)<\/h3>\n<p><a href=\"https:\/\/www.nvssf.com\/forbundet\/wp-content\/uploads\/2022\/09\/MiniorTabellSkanskaSkol2022.png\"><img loading=\"lazy\" decoding=\"async\" class=\"alignleft size-full wp-image-12073\" src=\"https:\/\/www.nvssf.com\/forbundet\/wp-content\/uploads\/2022\/09\/MiniorTabellSkanskaSkol2022.png\" alt=\"\" width=\"643\" height=\"338\" srcset=\"https:\/\/www.nvssf.com\/forbundet\/wp-content\/uploads\/2022\/09\/MiniorTabellSkanskaSkol2022.png 643w, https:\/\/www.nvssf.com\/forbundet\/wp-content\/uploads\/2022\/09\/MiniorTabellSkanskaSkol2022-300x158.png 300w, https:\/\/www.nvssf.com\/forbundet\/wp-content\/uploads\/2022\/09\/MiniorTabellSkanskaSkol2022-150x79.png 150w, https:\/\/www.nvssf.com\/forbundet\/wp-content\/uploads\/2022\/09\/MiniorTabellSkanskaSkol2022-500x263.png 500w\" sizes=\"(max-width: 643px) 100vw, 643px\" \/><\/a><\/p>\n<h3>yngre miniorer (2012-)<\/h3>\n<p><a href=\"https:\/\/www.nvssf.com\/forbundet\/wp-content\/uploads\/2022\/09\/YngreMiniorTabellSkanskaSkol2022.png\"><img loading=\"lazy\" decoding=\"async\" class=\"alignleft size-full wp-image-12072\" src=\"https:\/\/www.nvssf.com\/forbundet\/wp-content\/uploads\/2022\/09\/YngreMiniorTabellSkanskaSkol2022.png\" alt=\"\" width=\"585\" height=\"375\" srcset=\"https:\/\/www.nvssf.com\/forbundet\/wp-content\/uploads\/2022\/09\/YngreMiniorTabellSkanskaSkol2022.png 585w, https:\/\/www.nvssf.com\/forbundet\/wp-content\/uploads\/2022\/09\/YngreMiniorTabellSkanskaSkol2022-300x192.png 300w, https:\/\/www.nvssf.com\/forbundet\/wp-content\/uploads\/2022\/09\/YngreMiniorTabellSkanskaSkol2022-150x96.png 150w, https:\/\/www.nvssf.com\/forbundet\/wp-content\/uploads\/2022\/09\/YngreMiniorTabellSkanskaSkol2022-468x300.png 468w\" sizes=\"(max-width: 585px) 100vw, 585px\" \/><\/a><\/p>\n","protected":false},"excerpt":{"rendered":"<p>Datum: 17 september 2022 Spellokal: A-hallen, Mariahallen Kullav\u00e4gen 150, Helsingborg Bet\u00e4nketid: Yngre miniorer 15 minuter + 5 sekunders increment\/drag. \u00d6vriga grupper 25 minuter + 5 sekunders increment\/drag. Resultat Sveriges Schackf\u00f6rbunds turneringssystem: https:\/\/member.schack.se\/ShowTournamentServlet?id=10669 juniorklassen (2002-2005) kadettklassen (2006-2009) miniorer (2010-2011) yngre miniorer &hellip; <a href=\"https:\/\/www.nvssf.com\/forbundet\/resultat\/resultat-2022\/oppna-skanska-skolmasterskapet\/\">Forts\u00e4tt l\u00e4sa <span class=\"meta-nav\">&rarr;<\/span><\/a><\/p>\n","protected":false},"author":2,"featured_media":0,"parent":11476,"menu_order":0,"comment_status":"closed","ping_status":"open","template":"sidebar-page.php","meta":{"_acf_changed":false,"footnotes":""},"acf":[],"_links":{"self":[{"href":"https:\/\/www.nvssf.com\/forbundet\/wp-json\/wp\/v2\/pages\/12070"}],"collection":[{"href":"https:\/\/www.nvssf.com\/forbundet\/wp-json\/wp\/v2\/pages"}],"about":[{"href":"https:\/\/www.nvssf.com\/forbundet\/wp-json\/wp\/v2\/types\/page"}],"author":[{"embeddable":true,"href":"https:\/\/www.nvssf.com\/forbundet\/wp-json\/wp\/v2\/users\/2"}],"replies":[{"embeddable":true,"href":"https:\/\/www.nvssf.com\/forbundet\/wp-json\/wp\/v2\/comments?post=12070"}],"version-history":[{"count":4,"href":"https:\/\/www.nvssf.com\/forbundet\/wp-json\/wp\/v2\/pages\/12070\/revisions"}],"predecessor-version":[{"id":12078,"href":"https:\/\/www.nvssf.com\/forbundet\/wp-json\/wp\/v2\/pages\/12070\/revisions\/12078"}],"up":[{"embeddable":true,"href":"https:\/\/www.nvssf.com\/forbundet\/wp-json\/wp\/v2\/pages\/11476"}],"wp:attachment":[{"href":"https:\/\/www.nvssf.com\/forbundet\/wp-json\/wp\/v2\/media?parent=12070"}],"curies":[{"name":"wp","href":"https:\/\/api.w.org\/{rel}","templated":true}]}}