{"id":12648,"date":"2023-02-04T17:32:22","date_gmt":"2023-02-04T16:32:22","guid":{"rendered":"https:\/\/www.nvssf.com\/forbundet\/?page_id=12648"},"modified":"2023-02-04T17:34:47","modified_gmt":"2023-02-04T16:34:47","slug":"resultat-2023","status":"publish","type":"page","link":"https:\/\/www.nvssf.com\/forbundet\/resultat\/resultat-2023\/","title":{"rendered":"Resultat 2023"},"content":{"rendered":"\n<!-- Page-list plugin v.5.9 wordpress.org\/plugins\/page-list\/ -->\n<ul class=\"page-list \">\n<li class=\"page_item page-item-13600\"><a href=\"https:\/\/www.nvssf.com\/forbundet\/resultat\/resultat-2023\/junior-dm-i-snabbschack\/\">Junior-DM i snabbschack<\/a><\/li>\n<li class=\"page_item page-item-13659\"><a href=\"https:\/\/www.nvssf.com\/forbundet\/resultat\/resultat-2023\/caissa-open\/\">Caissa Open<\/a><\/li>\n<li class=\"page_item page-item-13106\"><a href=\"https:\/\/www.nvssf.com\/forbundet\/resultat\/resultat-2023\/slutstallning-skanes-sf-junior-grand-prix-sasongen-2023\/\">Slutst\u00e4llning Sk\u00e5nes SF Junior Grand Prix s\u00e4songen 2023<\/a><\/li>\n<li class=\"page_item page-item-13032\"><a href=\"https:\/\/www.nvssf.com\/forbundet\/resultat\/resultat-2023\/blixt-dm-2023\/\">Blixt-DM 2023<\/a><\/li>\n<li class=\"page_item page-item-12958\"><a href=\"https:\/\/www.nvssf.com\/forbundet\/resultat\/resultat-2023\/schackfyrans-distriktsfinal\/\">Schackfyrans Distriktsfinal<\/a><\/li>\n<li class=\"page_item page-item-12773\"><a href=\"https:\/\/www.nvssf.com\/forbundet\/resultat\/resultat-2023\/distriktsmasterskap-for-juniorer-snabbschack\/\">Distriktsm\u00e4sterskap f\u00f6r juniorer i snabbschack<\/a><\/li>\n\n<\/ul>\n","protected":false},"excerpt":{"rendered":"","protected":false},"author":2,"featured_media":0,"parent":4497,"menu_order":0,"comment_status":"closed","ping_status":"open","template":"sidebar-page.php","meta":{"_acf_changed":false,"footnotes":""},"acf":[],"_links":{"self":[{"href":"https:\/\/www.nvssf.com\/forbundet\/wp-json\/wp\/v2\/pages\/12648"}],"collection":[{"href":"https:\/\/www.nvssf.com\/forbundet\/wp-json\/wp\/v2\/pages"}],"about":[{"href":"https:\/\/www.nvssf.com\/forbundet\/wp-json\/wp\/v2\/types\/page"}],"author":[{"embeddable":true,"href":"https:\/\/www.nvssf.com\/forbundet\/wp-json\/wp\/v2\/users\/2"}],"replies":[{"embeddable":true,"href":"https:\/\/www.nvssf.com\/forbundet\/wp-json\/wp\/v2\/comments?post=12648"}],"version-history":[{"count":2,"href":"https:\/\/www.nvssf.com\/forbundet\/wp-json\/wp\/v2\/pages\/12648\/revisions"}],"predecessor-version":[{"id":12650,"href":"https:\/\/www.nvssf.com\/forbundet\/wp-json\/wp\/v2\/pages\/12648\/revisions\/12650"}],"up":[{"embeddable":true,"href":"https:\/\/www.nvssf.com\/forbundet\/wp-json\/wp\/v2\/pages\/4497"}],"wp:attachment":[{"href":"https:\/\/www.nvssf.com\/forbundet\/wp-json\/wp\/v2\/media?parent=12648"}],"curies":[{"name":"wp","href":"https:\/\/api.w.org\/{rel}","templated":true}]}}