{"id":12773,"date":"2023-03-16T12:25:06","date_gmt":"2023-03-16T11:25:06","guid":{"rendered":"https:\/\/www.nvssf.com\/forbundet\/?page_id=12773"},"modified":"2023-04-03T12:29:22","modified_gmt":"2023-04-03T10:29:22","slug":"distriktsmasterskap-for-juniorer-snabbschack","status":"publish","type":"page","link":"https:\/\/www.nvssf.com\/forbundet\/resultat\/resultat-2023\/distriktsmasterskap-for-juniorer-snabbschack\/","title":{"rendered":"Distriktsm\u00e4sterskap f\u00f6r juniorer i snabbschack"},"content":{"rendered":"<h1>Spelades i Mariahallen (Helsingborgs ASK klubblokal) i Helsingborg l\u00f6rdagen den 1:e april.<\/h1>\n<h1>Juniorer<\/h1>\n<p><strong>Bet\u00e4nketid<\/strong>: 10 minuter + 5 sekunder\/drag.<\/p>\n<p><strong>Turneringsformat: <\/strong>5 ronder FIDE schweizer.<\/p>\n<h2>Resultat<\/h2>\n<ol>\n<li><strong>Ali Eid<\/strong>\u00a0 Landskrona SK, 4 po\u00e4ng<\/li>\n<li><strong>Ahmad Abdulkader<\/strong> Helsingborgs ASK, 3\u00bd po\u00e4ng<\/li>\n<li><strong>David Belov<\/strong> Helsingborgs SS, 3\u00bd po\u00e4ng<\/li>\n<\/ol>\n<p><a href=\"https:\/\/www.nvssf.com\/forbundet\/wp-content\/uploads\/2023\/04\/JdmSnabbTabellElogruppen2023.jpg\"><img loading=\"lazy\" decoding=\"async\" class=\"aligncenter size-full wp-image-12852\" src=\"https:\/\/www.nvssf.com\/forbundet\/wp-content\/uploads\/2023\/04\/JdmSnabbTabellElogruppen2023.jpg\" alt=\"\" width=\"650\" height=\"217\" \/><\/a><a href=\"https:\/\/member.schack.se\/ShowTournamentServlet?id=11617\" target=\"_blank\" rel=\"noopener\">Turneringen i SSF&#8217;s turneringssystem.<\/a><\/p>\n<h1>Kadetter<\/h1>\n<p><strong>Bet\u00e4nketid: <\/strong>10 minuter + 5 sekunder\/drag.<\/p>\n<p><strong>Turneringsformat: <\/strong> 5 ronder monrad<\/p>\n<h2>Resultat<\/h2>\n<pre>1. Alex Hajek (LSK) 5\/5\r\n2. Sajad Mohsen (HSS) 4\r\n3. Egil Berling (HASK) 3\u00bd (14 KvP)\r\n4. Tudor C. Butuc (HASK) 3\u00bd (13.5 KvP)\r\n5-7 Nils Hilbertssson (HASK) 3\r\n5-7 Loke Lindberg (LSK) 3\r\n5-7 Sion Nivstrand Wikdahl (HASK) 3\r\n8. Adam Olsson (HASK) 2\u00bd\r\n9-12 Liza Burtseva (HASK) 2\r\n9-12 Sanghad Ghaderi (HASK) 2\r\n9-12 Aren Melkonian (LSK) 2\r\n9-12 Jeppe Pedersen (HASK) 2 \r\n13.Haidara Ied (LSK) 1\u00bd\r\n14-15 Julian Bergman Norrman (LSK) 1\r\n14-15 Maria Burtseva (HASK) 1<\/pre>\n<h1>Nyb\u00f6rjargruppen. F\u00f6r spelare utan t\u00e4vlingsvana.<\/h1>\n<p><strong>Bet\u00e4nketid: <\/strong>Spelades utan klocka med avd\u00f6mning.<\/p>\n<p><strong>Turneringsformat: <\/strong>7 ronder<\/p>\n<h2>Resultat<\/h2>\n<pre>1. Sajad Mohsen (HSS) 7\/7\r\n2. Mohith Krishna (HASK) 6\r\n3. Kian B\u00fcy\u00fckkaya (HASK) 5\r\n4.Axel Frick (HASK) 4\r\n5-6 Liam Andersson (HASK) 2\u00bd\r\n5-6 Arjun Bensal (HASK) 2\u00bd\r\n7. Vivien Hansson (LSK) 2<\/pre>\n","protected":false},"excerpt":{"rendered":"<p>Spelades i Mariahallen (Helsingborgs ASK klubblokal) i Helsingborg l\u00f6rdagen den 1:e april. Juniorer Bet\u00e4nketid: 10 minuter + 5 sekunder\/drag. Turneringsformat: 5 ronder FIDE schweizer. Resultat Ali Eid\u00a0 Landskrona SK, 4 po\u00e4ng Ahmad Abdulkader Helsingborgs ASK, 3\u00bd po\u00e4ng David Belov Helsingborgs &hellip; <a href=\"https:\/\/www.nvssf.com\/forbundet\/resultat\/resultat-2023\/distriktsmasterskap-for-juniorer-snabbschack\/\">Forts\u00e4tt l\u00e4sa <span class=\"meta-nav\">&rarr;<\/span><\/a><\/p>\n","protected":false},"author":2,"featured_media":0,"parent":12648,"menu_order":0,"comment_status":"closed","ping_status":"open","template":"sidebar-page.php","meta":{"_acf_changed":false,"footnotes":""},"acf":[],"_links":{"self":[{"href":"https:\/\/www.nvssf.com\/forbundet\/wp-json\/wp\/v2\/pages\/12773"}],"collection":[{"href":"https:\/\/www.nvssf.com\/forbundet\/wp-json\/wp\/v2\/pages"}],"about":[{"href":"https:\/\/www.nvssf.com\/forbundet\/wp-json\/wp\/v2\/types\/page"}],"author":[{"embeddable":true,"href":"https:\/\/www.nvssf.com\/forbundet\/wp-json\/wp\/v2\/users\/2"}],"replies":[{"embeddable":true,"href":"https:\/\/www.nvssf.com\/forbundet\/wp-json\/wp\/v2\/comments?post=12773"}],"version-history":[{"count":19,"href":"https:\/\/www.nvssf.com\/forbundet\/wp-json\/wp\/v2\/pages\/12773\/revisions"}],"predecessor-version":[{"id":12869,"href":"https:\/\/www.nvssf.com\/forbundet\/wp-json\/wp\/v2\/pages\/12773\/revisions\/12869"}],"up":[{"embeddable":true,"href":"https:\/\/www.nvssf.com\/forbundet\/wp-json\/wp\/v2\/pages\/12648"}],"wp:attachment":[{"href":"https:\/\/www.nvssf.com\/forbundet\/wp-json\/wp\/v2\/media?parent=12773"}],"curies":[{"name":"wp","href":"https:\/\/api.w.org\/{rel}","templated":true}]}}