{"id":13032,"date":"2023-05-07T12:56:21","date_gmt":"2023-05-07T10:56:21","guid":{"rendered":"https:\/\/www.nvssf.com\/forbundet\/?page_id=13032"},"modified":"2023-05-07T13:34:36","modified_gmt":"2023-05-07T11:34:36","slug":"blixt-dm-2023","status":"publish","type":"page","link":"https:\/\/www.nvssf.com\/forbundet\/resultat\/resultat-2023\/blixt-dm-2023\/","title":{"rendered":"Blixt-DM 2023"},"content":{"rendered":"<p><strong>Arrang\u00f6r:<\/strong> Klippans SK<\/p>\n<p><strong>Spellokal:<\/strong> S\u00e5gen, Klippan<\/p>\n<p><strong>Speldatum:<\/strong> 6 maj 2023<\/p>\n<p><strong>Bet\u00e4nketid: <\/strong>3 minuter + 2 sekunders inc.<\/p>\n<p><strong>T\u00e4vlingen i SSF turneringssystem:<\/strong> <a href=\"https:\/\/member.schack.se\/ShowTournamentServlet?id=11724\" target=\"_blank\" rel=\"noopener\">https:\/\/member.schack.se\/ShowTournamentServlet?id=11724<\/a><\/p>\n<pre>Lag\t\t          Po\u00e4ng \tPlacering\r\nHASK\t\t              44\t1\r\nHSS\t\t\t    32,5\t2\r\nKlippan I\t\t      26\t3\r\nEngelholm\t\t     25,5\t4\r\nKlippan II\t\t    13,5\t5\r\nSkromberga\t\t    11,5\t6\r\n<\/pre>\n<h3>Bergertabell\/Slutst\u00e4llning. Klicka p\u00e5 tabellen f\u00f6r stor version<\/h3>\n<p><a href=\"https:\/\/www.nvssf.com\/forbundet\/wp-content\/uploads\/2023\/05\/BergerTabellBlixtDM2023.jpg\"><img loading=\"lazy\" decoding=\"async\" class=\"aligncenter size-full wp-image-13028\" src=\"https:\/\/www.nvssf.com\/forbundet\/wp-content\/uploads\/2023\/05\/BergerTabellBlixtDM2023.jpg\" alt=\"\" width=\"1305\" height=\"727\" \/><\/a><\/p>\n","protected":false},"excerpt":{"rendered":"<p>Arrang\u00f6r: Klippans SK Spellokal: S\u00e5gen, Klippan Speldatum: 6 maj 2023 Bet\u00e4nketid: 3 minuter + 2 sekunders inc. T\u00e4vlingen i SSF turneringssystem: https:\/\/member.schack.se\/ShowTournamentServlet?id=11724 Lag Po\u00e4ng Placering HASK 44 1 HSS 32,5 2 Klippan I 26 3 Engelholm 25,5 4 Klippan II &hellip; <a href=\"https:\/\/www.nvssf.com\/forbundet\/resultat\/resultat-2023\/blixt-dm-2023\/\">Forts\u00e4tt l\u00e4sa <span class=\"meta-nav\">&rarr;<\/span><\/a><\/p>\n","protected":false},"author":2,"featured_media":0,"parent":12648,"menu_order":0,"comment_status":"closed","ping_status":"closed","template":"","meta":{"_acf_changed":false,"footnotes":""},"acf":[],"_links":{"self":[{"href":"https:\/\/www.nvssf.com\/forbundet\/wp-json\/wp\/v2\/pages\/13032"}],"collection":[{"href":"https:\/\/www.nvssf.com\/forbundet\/wp-json\/wp\/v2\/pages"}],"about":[{"href":"https:\/\/www.nvssf.com\/forbundet\/wp-json\/wp\/v2\/types\/page"}],"author":[{"embeddable":true,"href":"https:\/\/www.nvssf.com\/forbundet\/wp-json\/wp\/v2\/users\/2"}],"replies":[{"embeddable":true,"href":"https:\/\/www.nvssf.com\/forbundet\/wp-json\/wp\/v2\/comments?post=13032"}],"version-history":[{"count":3,"href":"https:\/\/www.nvssf.com\/forbundet\/wp-json\/wp\/v2\/pages\/13032\/revisions"}],"predecessor-version":[{"id":13035,"href":"https:\/\/www.nvssf.com\/forbundet\/wp-json\/wp\/v2\/pages\/13032\/revisions\/13035"}],"up":[{"embeddable":true,"href":"https:\/\/www.nvssf.com\/forbundet\/wp-json\/wp\/v2\/pages\/12648"}],"wp:attachment":[{"href":"https:\/\/www.nvssf.com\/forbundet\/wp-json\/wp\/v2\/media?parent=13032"}],"curies":[{"name":"wp","href":"https:\/\/api.w.org\/{rel}","templated":true}]}}