{"id":131,"date":"2014-03-27T18:08:38","date_gmt":"2014-03-27T17:08:38","guid":{"rendered":"http:\/\/www.nvssf.com\/forbundet\/?page_id=131"},"modified":"2017-06-14T11:01:46","modified_gmt":"2017-06-14T09:01:46","slug":"resultat-kommunkval-schack4an-2014","status":"publish","type":"page","link":"https:\/\/www.nvssf.com\/forbundet\/resultat\/resultat-2014\/resultat-kommunkval-schack4an-2014\/","title":{"rendered":"Resultat kommunkval Schack4an 2014"},"content":{"rendered":"<h2>Schack-4an Helsingborg 2014-03-14<\/h2>\n<table>\n<tbody>\n<tr>\n<td>1<\/td>\n<td>R\u00e5\u00e5 S\u00f6dra Skola<\/td>\n<td>337 po\u00e4ng<\/td>\n<\/tr>\n<tr>\n<td>2<\/td>\n<td>V\u00e4stra Berga skola<\/td>\n<td>336<\/td>\n<\/tr>\n<tr>\n<td>3<\/td>\n<td>Maria Park Skolan<\/td>\n<td>312<\/td>\n<\/tr>\n<tr>\n<td>4<\/td>\n<td>Slottsh\u00f6jdens Skola<\/td>\n<td>304<\/td>\n<\/tr>\n<tr>\n<td>4<\/td>\n<td>\u00c4ttekullaskolan 4A<\/td>\n<td>304<\/td>\n<\/tr>\n<tr>\n<td>6<\/td>\n<td>Synkopen<\/td>\n<td>290<\/td>\n<\/tr>\n<tr>\n<td>7<\/td>\n<td>Nanny Palmkvistskolan<\/td>\n<td>289<\/td>\n<\/tr>\n<tr>\n<td>8<\/td>\n<td>\u00c4ttekullaskolan 4B<\/td>\n<td>287<\/td>\n<\/tr>\n<tr>\n<td>9<\/td>\n<td>Kattarp Skola<\/td>\n<td>275<\/td>\n<\/tr>\n<tr>\n<td>10<\/td>\n<td>Slottsv\u00e5ngskolan<\/td>\n<td>269<\/td>\n<\/tr>\n<tr>\n<td>10<\/td>\n<td>Gl\u00e4ntanskolan<\/td>\n<td>269<\/td>\n<\/tr>\n<tr>\n<td>12<\/td>\n<td>Elinebergsskolan<\/td>\n<td>263<\/td>\n<\/tr>\n<tr>\n<td>13<\/td>\n<td>International School<\/td>\n<td>262<\/td>\n<\/tr>\n<tr>\n<td>14<\/td>\n<td>Raml\u00f6sa friskola<\/td>\n<td>123<\/td>\n<\/tr>\n<\/tbody>\n<\/table>\n<p>6 f\u00f6rsta till distriktsfinalen.<br \/>\n307 elever spelade<\/p>\n<h2>Schack-4an \u00c5storp 2014-03-19\u00c2\u00a0(Bjuv, \u00d6rkelljunga och \u00c5storps kommuner)<\/h2>\n<table>\n<tbody>\n<tr>\n<td>1<\/td>\n<td>Brog\u00e5rda 4b<\/td>\n<td>332 po\u00e4ng<\/td>\n<\/tr>\n<tr>\n<td>2<\/td>\n<td>Nyv\u00e5ngs Skola<\/td>\n<td>324<\/td>\n<\/tr>\n<tr>\n<td>3<\/td>\n<td>Brog\u00e5rda 4a<\/td>\n<td>294<\/td>\n<\/tr>\n<tr>\n<td>4<\/td>\n<td>Beringskolan 4a<\/td>\n<td>280<\/td>\n<\/tr>\n<tr>\n<td>5<\/td>\n<td>Beringskolan 4b<\/td>\n<td>195<\/td>\n<\/tr>\n<\/tbody>\n<\/table>\n<p>3 f\u00f6rsta till distriktsfinalen.<br \/>\n90 elever spelade<\/p>\n<h2>Schack-4an Landskrona 2014-03-20<\/h2>\n<table>\n<tbody>\n<tr>\n<td>1<\/td>\n<td>V\u00e4sterv\u00e5ng 4b<\/td>\n<td>338 po\u00e4ng<\/td>\n<\/tr>\n<tr>\n<td>2<\/td>\n<td>Sand\u00e5kerskolan 4:2<\/td>\n<td>302<\/td>\n<\/tr>\n<tr>\n<td>3<\/td>\n<td>Sand\u00e5kerskolan 4:1<\/td>\n<td>295<\/td>\n<\/tr>\n<tr>\n<td>4<\/td>\n<td>Sand\u00e5kerskolan 4:3<\/td>\n<td>293<\/td>\n<\/tr>\n<tr>\n<td>5<\/td>\n<td>V\u00e4sterv\u00e5ng 4c<\/td>\n<td>292<\/td>\n<\/tr>\n<tr>\n<td>6<\/td>\n<td>V\u00e4sterv\u00e5ng 4a<\/td>\n<td>251<\/td>\n<\/tr>\n<\/tbody>\n<\/table>\n<p>3 f\u00f6rsta till distriktsfinalen.<br \/>\n110 elever spelade<\/p>\n<h2>Schack-4an Viken 2014-03-21 (H\u00f6gan\u00e4s Kommun)<\/h2>\n<table>\n<tbody>\n<tr>\n<td>1<\/td>\n<td>Vikenskolan 4b<\/td>\n<td>342 po\u00e4ng<\/td>\n<\/tr>\n<tr>\n<td>2<\/td>\n<td>Vikenskolan 4c<\/td>\n<td>305<\/td>\n<\/tr>\n<tr>\n<td>3<\/td>\n<td>Vikens Montessoriskola<\/td>\n<td>299<\/td>\n<\/tr>\n<tr>\n<td>4<\/td>\n<td>Vikenskolan 4a<\/td>\n<td>268<\/td>\n<\/tr>\n<\/tbody>\n<\/table>\n<p>2 f\u00f6rsta till distriktsfinalen.<br \/>\n74 elever spelade<\/p>\n","protected":false},"excerpt":{"rendered":"<p>Schack-4an Helsingborg 2014-03-14 1 R\u00e5\u00e5 S\u00f6dra Skola 337 po\u00e4ng 2 V\u00e4stra Berga skola 336 3 Maria Park Skolan 312 4 Slottsh\u00f6jdens Skola 304 4 \u00c4ttekullaskolan 4A 304 6 Synkopen 290 7 Nanny Palmkvistskolan 289 8 \u00c4ttekullaskolan 4B 287 9 Kattarp &hellip; <a href=\"https:\/\/www.nvssf.com\/forbundet\/resultat\/resultat-2014\/resultat-kommunkval-schack4an-2014\/\">Forts\u00e4tt l\u00e4sa <span class=\"meta-nav\">&rarr;<\/span><\/a><\/p>\n","protected":false},"author":2,"featured_media":0,"parent":4499,"menu_order":0,"comment_status":"open","ping_status":"closed","template":"sidebar-page.php","meta":{"_acf_changed":false,"footnotes":""},"acf":[],"_links":{"self":[{"href":"https:\/\/www.nvssf.com\/forbundet\/wp-json\/wp\/v2\/pages\/131"}],"collection":[{"href":"https:\/\/www.nvssf.com\/forbundet\/wp-json\/wp\/v2\/pages"}],"about":[{"href":"https:\/\/www.nvssf.com\/forbundet\/wp-json\/wp\/v2\/types\/page"}],"author":[{"embeddable":true,"href":"https:\/\/www.nvssf.com\/forbundet\/wp-json\/wp\/v2\/users\/2"}],"replies":[{"embeddable":true,"href":"https:\/\/www.nvssf.com\/forbundet\/wp-json\/wp\/v2\/comments?post=131"}],"version-history":[{"count":1,"href":"https:\/\/www.nvssf.com\/forbundet\/wp-json\/wp\/v2\/pages\/131\/revisions"}],"predecessor-version":[{"id":2949,"href":"https:\/\/www.nvssf.com\/forbundet\/wp-json\/wp\/v2\/pages\/131\/revisions\/2949"}],"up":[{"embeddable":true,"href":"https:\/\/www.nvssf.com\/forbundet\/wp-json\/wp\/v2\/pages\/4499"}],"wp:attachment":[{"href":"https:\/\/www.nvssf.com\/forbundet\/wp-json\/wp\/v2\/media?parent=131"}],"curies":[{"name":"wp","href":"https:\/\/api.w.org\/{rel}","templated":true}]}}