{"id":13106,"date":"2023-05-29T12:51:17","date_gmt":"2023-05-29T10:51:17","guid":{"rendered":"https:\/\/www.nvssf.com\/forbundet\/?page_id=13106"},"modified":"2023-05-29T12:51:17","modified_gmt":"2023-05-29T10:51:17","slug":"slutstallning-skanes-sf-junior-grand-prix-sasongen-2023","status":"publish","type":"page","link":"https:\/\/www.nvssf.com\/forbundet\/resultat\/resultat-2023\/slutstallning-skanes-sf-junior-grand-prix-sasongen-2023\/","title":{"rendered":"Slutst\u00e4llning Sk\u00e5nes SF Junior Grand Prix s\u00e4songen 2023"},"content":{"rendered":"<h3>juniorer<\/h3>\n\n<table id=\"tablepress-144\" class=\"tablepress tablepress-id-144\">\n<tbody class=\"row-striping row-hover\">\n<tr class=\"row-1\">\n\t<td class=\"column-1\">1<\/td><td class=\"column-2\">Oscar J\u00f6nsson<\/td><td class=\"column-3\"> SK Sandl\u00f6paren<\/td><td class=\"column-4\">726<\/td>\n<\/tr>\n<tr class=\"row-2\">\n\t<td class=\"column-1\">2<\/td><td class=\"column-2\">Jacob J\u00f6nsson<\/td><td class=\"column-3\"> SK Sandl\u00f6paren<\/td><td class=\"column-4\">678<\/td>\n<\/tr>\n<tr class=\"row-3\">\n\t<td class=\"column-1\">3<\/td><td class=\"column-2\">Asker Malmstr\u00f6m<\/td><td class=\"column-3\">SK Sandl\u00f6paren<\/td><td class=\"column-4\">372<\/td>\n<\/tr>\n<tr class=\"row-4\">\n\t<td class=\"column-1\">4<\/td><td class=\"column-2\">Sigge Johansson<\/td><td class=\"column-3\">En Passant<\/td><td class=\"column-4\">347<\/td>\n<\/tr>\n<tr class=\"row-5\">\n\t<td class=\"column-1\">5<\/td><td class=\"column-2\">Sebastian Olsson<\/td><td class=\"column-3\">Esl\u00f6vs SK<\/td><td class=\"column-4\">330<\/td>\n<\/tr>\n<tr class=\"row-6\">\n\t<td class=\"column-1\">6<\/td><td class=\"column-2\">Kaan K\u00fc\u00e7\u00fcksari<\/td><td class=\"column-3\">Lunds ASK<\/td><td class=\"column-4\">215<\/td>\n<\/tr>\n<tr class=\"row-7\">\n\t<td class=\"column-1\">7<\/td><td class=\"column-2\">Alexander Aindow<\/td><td class=\"column-3\">Esl\u00f6vs SK<\/td><td class=\"column-4\">197<\/td>\n<\/tr>\n<tr class=\"row-8\">\n\t<td class=\"column-1\">8<\/td><td class=\"column-2\">Anders Johnson<\/td><td class=\"column-3\">Lunds ASK<\/td><td class=\"column-4\">179<\/td>\n<\/tr>\n<tr class=\"row-9\">\n\t<td class=\"column-1\">9<\/td><td class=\"column-2\">Emelie M\u00e5nsson<\/td><td class=\"column-3\">Limhamns SK<\/td><td class=\"column-4\">160<\/td>\n<\/tr>\n<tr class=\"row-10\">\n\t<td class=\"column-1\">10<\/td><td class=\"column-2\">Chakrit Dithongphano<\/td><td class=\"column-3\">Esl\u00f6vs SK<\/td><td class=\"column-4\">148<\/td>\n<\/tr>\n<\/tbody>\n<\/table>\n<!-- #tablepress-144 from cache -->\n<h3>Kadetter<\/h3>\n\n<table id=\"tablepress-145\" class=\"tablepress tablepress-id-145\">\n<tbody class=\"row-striping row-hover\">\n<tr class=\"row-1\">\n\t<td class=\"column-1\">1<\/td><td class=\"column-2\">Luke Lyngsj\u00f6<\/td><td class=\"column-3\"> En Passant<\/td><td class=\"column-4\">625<\/td>\n<\/tr>\n<tr class=\"row-2\">\n\t<td class=\"column-1\">2<\/td><td class=\"column-2\">Bj\u00f6rn Bodin<\/td><td class=\"column-3\"> Lunds ASK<\/td><td class=\"column-4\">556<\/td>\n<\/tr>\n<tr class=\"row-3\">\n\t<td class=\"column-1\">3<\/td><td class=\"column-2\">Gustav Arvidsson<\/td><td class=\"column-3\">En Passant<\/td><td class=\"column-4\">472<\/td>\n<\/tr>\n<tr class=\"row-4\">\n\t<td class=\"column-1\">4<\/td><td class=\"column-2\">Elsa Andersson<\/td><td class=\"column-3\">Esl\u00f6vs SK<\/td><td class=\"column-4\">466<\/td>\n<\/tr>\n<tr class=\"row-5\">\n\t<td class=\"column-1\">5<\/td><td class=\"column-2\">Hanna J\u00e4gare<\/td><td class=\"column-3\">Lunds ASK<\/td><td class=\"column-4\">399<\/td>\n<\/tr>\n<tr class=\"row-6\">\n\t<td class=\"column-1\">6<\/td><td class=\"column-2\">Hugo Andersson<\/td><td class=\"column-3\">Esl\u00f6vs SK<\/td><td class=\"column-4\">350<\/td>\n<\/tr>\n<tr class=\"row-7\">\n\t<td class=\"column-1\">7<\/td><td class=\"column-2\">Mattias Langhals<\/td><td class=\"column-3\">Limhamns SK<\/td><td class=\"column-4\">254<\/td>\n<\/tr>\n<tr class=\"row-8\">\n\t<td class=\"column-1\">8<\/td><td class=\"column-2\">Theodor Stedman<\/td><td class=\"column-3\">Lunds ASK<\/td><td class=\"column-4\">187<\/td>\n<\/tr>\n<tr class=\"row-9\">\n\t<td class=\"column-1\">9<\/td><td class=\"column-2\">Elina Mamadova<\/td><td class=\"column-3\"> Limhamns SK<\/td><td class=\"column-4\">180<\/td>\n<\/tr>\n<tr class=\"row-10\">\n\t<td class=\"column-1\">10<\/td><td class=\"column-2\">Ludvig Morell<\/td><td class=\"column-3\">Lunds ASK<\/td><td class=\"column-4\">153<\/td>\n<\/tr>\n<tr class=\"row-11\">\n\t<td class=\"column-1\">11<\/td><td class=\"column-2\">Marcus Nordin<\/td><td class=\"column-3\">En Passant<\/td><td class=\"column-4\">141<\/td>\n<\/tr>\n<tr class=\"row-12\">\n\t<td class=\"column-1\">12<\/td><td class=\"column-2\">David Belov<\/td><td class=\"column-3\">Helsingborgs SS<\/td><td class=\"column-4\">140<\/td>\n<\/tr>\n<tr class=\"row-13\">\n\t<td class=\"column-1\">13<\/td><td class=\"column-2\">Alrik Andersson<\/td><td class=\"column-3\">En Passant<\/td><td class=\"column-4\">95<\/td>\n<\/tr>\n<tr class=\"row-14\">\n\t<td class=\"column-1\">14<\/td><td class=\"column-2\">Elias Greij<\/td><td class=\"column-3\">Lunds ASK<\/td><td class=\"column-4\">95<\/td>\n<\/tr>\n<\/tbody>\n<\/table>\n<!-- #tablepress-145 from cache -->\n<h3>Miniorer<\/h3>\n\n<table id=\"tablepress-146\" class=\"tablepress tablepress-id-146\">\n<tbody class=\"row-striping row-hover\">\n<tr class=\"row-1\">\n\t<td class=\"column-1\">1<\/td><td class=\"column-2\">Guanbo Cong<\/td><td class=\"column-3\">SK Sandl\u00f6paren<\/td><td class=\"column-4\">889<\/td>\n<\/tr>\n<tr class=\"row-2\">\n\t<td class=\"column-1\">2<\/td><td class=\"column-2\">Zi Qian Xu<\/td><td class=\"column-3\">SK Sandl\u00f6paren<\/td><td class=\"column-4\">508<\/td>\n<\/tr>\n<tr class=\"row-3\">\n\t<td class=\"column-1\">3<\/td><td class=\"column-2\">Oscar Morell<\/td><td class=\"column-3\">Lunds ASK<\/td><td class=\"column-4\">469<\/td>\n<\/tr>\n<tr class=\"row-4\">\n\t<td class=\"column-1\">4<\/td><td class=\"column-2\">Jakob Procheus<\/td><td class=\"column-3\">SK Sandl\u00f6paren<\/td><td class=\"column-4\">448<\/td>\n<\/tr>\n<tr class=\"row-5\">\n\t<td class=\"column-1\">5<\/td><td class=\"column-2\">Carl Bergstedt<\/td><td class=\"column-3\">SK Sandl\u00f6paren<\/td><td class=\"column-4\">410<\/td>\n<\/tr>\n<tr class=\"row-6\">\n\t<td class=\"column-1\">6<\/td><td class=\"column-2\">Dante Dahlberg<\/td><td class=\"column-3\">Limhamns SK<\/td><td class=\"column-4\">395<\/td>\n<\/tr>\n<tr class=\"row-7\">\n\t<td class=\"column-1\">7<\/td><td class=\"column-2\">Fredrik M Willquist<\/td><td class=\"column-3\">SK Sandl\u00f6paren<\/td><td class=\"column-4\">355<\/td>\n<\/tr>\n<tr class=\"row-8\">\n\t<td class=\"column-1\">8<\/td><td class=\"column-2\">Eskil Palom\u00e4ki<\/td><td class=\"column-3\">Limhamns SK<\/td><td class=\"column-4\">327<\/td>\n<\/tr>\n<tr class=\"row-9\">\n\t<td class=\"column-1\">9<\/td><td class=\"column-2\">Isabella Zhao<\/td><td class=\"column-3\">Limhamns SK<\/td><td class=\"column-4\">325<\/td>\n<\/tr>\n<tr class=\"row-10\">\n\t<td class=\"column-1\">10<\/td><td class=\"column-2\">Lakshita Yadav<\/td><td class=\"column-3\">Limhamns SK<\/td><td class=\"column-4\">288<\/td>\n<\/tr>\n<tr class=\"row-11\">\n\t<td class=\"column-1\">11<\/td><td class=\"column-2\">Arthur Klow<\/td><td class=\"column-3\">Limhamns SK<\/td><td class=\"column-4\">277<\/td>\n<\/tr>\n<tr class=\"row-12\">\n\t<td class=\"column-1\">12<\/td><td class=\"column-2\">Rasmus H Weyns<\/td><td class=\"column-3\">SK Sandl\u00f6paren<\/td><td class=\"column-4\">250<\/td>\n<\/tr>\n<tr class=\"row-13\">\n\t<td class=\"column-1\">13<\/td><td class=\"column-2\">Alex Henriksen<\/td><td class=\"column-3\">Helsingborgs ASK<\/td><td class=\"column-4\">148<\/td>\n<\/tr>\n<tr class=\"row-14\">\n\t<td class=\"column-1\">14<\/td><td class=\"column-2\">Hebbe Ask<\/td><td class=\"column-3\">En Passant<\/td><td class=\"column-4\">143<\/td>\n<\/tr>\n<\/tbody>\n<\/table>\n<!-- #tablepress-146 from cache -->\n<h3>Yngre miniorer<\/h3>\n\n<table id=\"tablepress-147\" class=\"tablepress tablepress-id-147\">\n<tbody class=\"row-striping row-hover\">\n<tr class=\"row-1\">\n\t<td class=\"column-1\">1<\/td><td class=\"column-2\">Nathan Preman<\/td><td class=\"column-3\">Lunds ASK<\/td><td class=\"column-4\">656<\/td>\n<\/tr>\n<tr class=\"row-2\">\n\t<td class=\"column-1\">2<\/td><td class=\"column-2\">Sayak Raj Bardhan<\/td><td class=\"column-3\">Limhamns SK<\/td><td class=\"column-4\">548<\/td>\n<\/tr>\n<tr class=\"row-3\">\n\t<td class=\"column-1\">3<\/td><td class=\"column-2\">Michael Gurevich<\/td><td class=\"column-3\">Limhamns SK<\/td><td class=\"column-4\">541<\/td>\n<\/tr>\n<tr class=\"row-4\">\n\t<td class=\"column-1\">4<\/td><td class=\"column-2\">Tryggve Ruter<\/td><td class=\"column-3\"> Esl\u00f6vs SK<\/td><td class=\"column-4\">470<\/td>\n<\/tr>\n<tr class=\"row-5\">\n\t<td class=\"column-1\">5<\/td><td class=\"column-2\">Sriyansh Hari<\/td><td class=\"column-3\">Limhamns SK<\/td><td class=\"column-4\">438<\/td>\n<\/tr>\n<tr class=\"row-6\">\n\t<td class=\"column-1\">6<\/td><td class=\"column-2\">Amanda Zhao<\/td><td class=\"column-3\">Limhamns SK<\/td><td class=\"column-4\">433<\/td>\n<\/tr>\n<tr class=\"row-7\">\n\t<td class=\"column-1\">7<\/td><td class=\"column-2\">Liam Lyngsj\u00f6<\/td><td class=\"column-3\">En Passant<\/td><td class=\"column-4\">358<\/td>\n<\/tr>\n<tr class=\"row-8\">\n\t<td class=\"column-1\">8<\/td><td class=\"column-2\">Karl Hyld\u00e9en<\/td><td class=\"column-3\">Esl\u00f6vs SK<\/td><td class=\"column-4\">342<\/td>\n<\/tr>\n<tr class=\"row-9\">\n\t<td class=\"column-1\">9<\/td><td class=\"column-2\">Fabian Hey<\/td><td class=\"column-3\">Esl\u00f6vs SK<\/td><td class=\"column-4\">303<\/td>\n<\/tr>\n<tr class=\"row-10\">\n\t<td class=\"column-1\">10<\/td><td class=\"column-2\">Joel Bauer<\/td><td class=\"column-3\">Limhamns SK<\/td><td class=\"column-4\">288<\/td>\n<\/tr>\n<tr class=\"row-11\">\n\t<td class=\"column-1\">11<\/td><td class=\"column-2\">Luoyi Cong<\/td><td class=\"column-3\">SK Sandl\u00f6paren<\/td><td class=\"column-4\">272<\/td>\n<\/tr>\n<tr class=\"row-12\">\n\t<td class=\"column-1\">12<\/td><td class=\"column-2\">Noa Vaccino<\/td><td class=\"column-3\">Limhamns SK<\/td><td class=\"column-4\">272<\/td>\n<\/tr>\n<tr class=\"row-13\">\n\t<td class=\"column-1\">13<\/td><td class=\"column-2\">Thea Wedeberg<\/td><td class=\"column-3\">En Passant<\/td><td class=\"column-4\">272<\/td>\n<\/tr>\n<tr class=\"row-14\">\n\t<td class=\"column-1\">14<\/td><td class=\"column-2\">Vihaan Angara<\/td><td class=\"column-3\">Helsingborgs ASK<\/td><td class=\"column-4\">255<\/td>\n<\/tr>\n<tr class=\"row-15\">\n\t<td class=\"column-1\">15<\/td><td class=\"column-2\">Vincent J Ahlqvist<\/td><td class=\"column-3\">En Passant<\/td><td class=\"column-4\">221<\/td>\n<\/tr>\n<tr class=\"row-16\">\n\t<td class=\"column-1\">16<\/td><td class=\"column-2\">Maria Burtseva<\/td><td class=\"column-3\">Helsingborgs ASK<\/td><td class=\"column-4\">204<\/td>\n<\/tr>\n<tr class=\"row-17\">\n\t<td class=\"column-1\">17<\/td><td class=\"column-2\">Henrik M Willquist<\/td><td class=\"column-3\">SK Sandl\u00f6paren<\/td><td class=\"column-4\">201<\/td>\n<\/tr>\n<tr class=\"row-18\">\n\t<td class=\"column-1\">18<\/td><td class=\"column-2\">Qianru Zhong<\/td><td class=\"column-3\">Lunds ASK<\/td><td class=\"column-4\">150<\/td>\n<\/tr>\n<tr class=\"row-19\">\n\t<td class=\"column-1\">19<\/td><td class=\"column-2\">Svante Palom\u00e4ki<\/td><td class=\"column-3\">Limhamns SK<\/td><td class=\"column-4\">147<\/td>\n<\/tr>\n<tr class=\"row-20\">\n\t<td class=\"column-1\">20<\/td><td class=\"column-2\">Julian B Norrman<\/td><td class=\"column-3\">Landskrona SK<\/td><td class=\"column-4\">141<\/td>\n<\/tr>\n<tr class=\"row-21\">\n\t<td class=\"column-1\">21<\/td><td class=\"column-2\">Eugino Palmgren<\/td><td class=\"column-3\">SK Bara B\u00f6nder<\/td><td class=\"column-4\">132<\/td>\n<\/tr>\n<tr class=\"row-22\">\n\t<td class=\"column-1\">22<\/td><td class=\"column-2\">Nohit Nadipannagari<\/td><td class=\"column-3\">Helsingborgs ASK<\/td><td class=\"column-4\">132<\/td>\n<\/tr>\n<\/tbody>\n<\/table>\n<!-- #tablepress-147 from cache -->\n","protected":false},"excerpt":{"rendered":"<p>juniorer Kadetter Miniorer Yngre miniorer<\/p>\n","protected":false},"author":2,"featured_media":0,"parent":12648,"menu_order":0,"comment_status":"closed","ping_status":"closed","template":"sidebar-page.php","meta":{"_acf_changed":false,"footnotes":""},"acf":[],"_links":{"self":[{"href":"https:\/\/www.nvssf.com\/forbundet\/wp-json\/wp\/v2\/pages\/13106"}],"collection":[{"href":"https:\/\/www.nvssf.com\/forbundet\/wp-json\/wp\/v2\/pages"}],"about":[{"href":"https:\/\/www.nvssf.com\/forbundet\/wp-json\/wp\/v2\/types\/page"}],"author":[{"embeddable":true,"href":"https:\/\/www.nvssf.com\/forbundet\/wp-json\/wp\/v2\/users\/2"}],"replies":[{"embeddable":true,"href":"https:\/\/www.nvssf.com\/forbundet\/wp-json\/wp\/v2\/comments?post=13106"}],"version-history":[{"count":2,"href":"https:\/\/www.nvssf.com\/forbundet\/wp-json\/wp\/v2\/pages\/13106\/revisions"}],"predecessor-version":[{"id":13108,"href":"https:\/\/www.nvssf.com\/forbundet\/wp-json\/wp\/v2\/pages\/13106\/revisions\/13108"}],"up":[{"embeddable":true,"href":"https:\/\/www.nvssf.com\/forbundet\/wp-json\/wp\/v2\/pages\/12648"}],"wp:attachment":[{"href":"https:\/\/www.nvssf.com\/forbundet\/wp-json\/wp\/v2\/media?parent=13106"}],"curies":[{"name":"wp","href":"https:\/\/api.w.org\/{rel}","templated":true}]}}