{"id":13659,"date":"2023-11-01T08:11:44","date_gmt":"2023-11-01T07:11:44","guid":{"rendered":"https:\/\/www.nvssf.com\/forbundet\/?page_id=13659"},"modified":"2023-11-01T22:55:37","modified_gmt":"2023-11-01T21:55:37","slug":"caissa-open","status":"publish","type":"page","link":"https:\/\/www.nvssf.com\/forbundet\/resultat\/resultat-2023\/caissa-open\/","title":{"rendered":"Caissa Open"},"content":{"rendered":"<p><strong>Speldagar:<\/strong> 31 oktober &#8211; 1 november 2023 (novemberlovet)<\/p>\n<p><strong>Spellokal:<\/strong> Limhamns SK, Vasagatan 9 E, Malm\u00f6<\/p>\n<p><strong>Klassindelning:<\/strong> L\u00e5g-, mellan och h\u00f6gstadieklass<\/p>\n<p><strong>Arrang\u00f6r:<\/strong> Malm\u00f6 Schackf\u00f6rbund<\/p>\n<p>Man spelade med po\u00e4ngsystemet 3 po\u00e4ng f\u00f6r vinst, 2 f\u00f6r remi och 1 vid f\u00f6rlust i samtliga klasser. 7 ronder spelades i l\u00e5gstadieklassen. Mellan och h\u00f6gstadieklasserna spelade 6 ronder.<\/p>\n<h3>Slutst\u00e4llning l\u00e5gstadiet<\/h3>\n\n<table id=\"tablepress-150\" class=\"tablepress tablepress-id-150\">\n<thead>\n<tr class=\"row-1\">\n\t<th class=\"column-1\">Plac<\/th><th class=\"column-2\">Namn<\/th><th class=\"column-3\">Klubb<\/th><th class=\"column-4\">Po\u00e4ng<\/th><th class=\"column-5\">Kvp<\/th>\n<\/tr>\n<\/thead>\n<tbody class=\"row-striping row-hover\">\n<tr class=\"row-2\">\n\t<td class=\"column-1\">1<\/td><td class=\"column-2\">Michael Gurevich<\/td><td class=\"column-3\">Limhamns SK<\/td><td class=\"column-4\">21<\/td><td class=\"column-5\"><\/td>\n<\/tr>\n<tr class=\"row-3\">\n\t<td class=\"column-1\">2<\/td><td class=\"column-2\">Sion Nivstrand Wikdahl<\/td><td class=\"column-3\">Helsingborgs ASK<\/td><td class=\"column-4\">17<\/td><td class=\"column-5\">102<\/td>\n<\/tr>\n<tr class=\"row-4\">\n\t<td class=\"column-1\">3<\/td><td class=\"column-2\">William Olsson Pai<\/td><td class=\"column-3\">Malm\u00f6 AS<\/td><td class=\"column-4\">17<\/td><td class=\"column-5\">100<\/td>\n<\/tr>\n<tr class=\"row-5\">\n\t<td class=\"column-1\">4<\/td><td class=\"column-2\">Ossian H\u00e4ll<\/td><td class=\"column-3\">Malm\u00f6 AS<\/td><td class=\"column-4\">17<\/td><td class=\"column-5\">98<\/td>\n<\/tr>\n<tr class=\"row-6\">\n\t<td class=\"column-1\">5<\/td><td class=\"column-2\">Hannes Bergh<\/td><td class=\"column-3\">SK Bara B\u00f6nder<\/td><td class=\"column-4\">17<\/td><td class=\"column-5\">88<\/td>\n<\/tr>\n<tr class=\"row-7\">\n\t<td class=\"column-1\">6<\/td><td class=\"column-2\">Felix Wiberg<\/td><td class=\"column-3\">Malm\u00f6 AS<\/td><td class=\"column-4\">15<\/td><td class=\"column-5\">99 inb\u00f6rdes<\/td>\n<\/tr>\n<tr class=\"row-8\">\n\t<td class=\"column-1\">7<\/td><td class=\"column-2\">Edwin L\u00f6vgren<\/td><td class=\"column-3\">Malm\u00f6 AS<\/td><td class=\"column-4\">15<\/td><td class=\"column-5\">99  <\/td>\n<\/tr>\n<tr class=\"row-9\">\n\t<td class=\"column-1\">8<\/td><td class=\"column-2\">Linnea Hongbei Liu<\/td><td class=\"column-3\">SK Sandl\u00f6paren<\/td><td class=\"column-4\">15<\/td><td class=\"column-5\">93<\/td>\n<\/tr>\n<tr class=\"row-10\">\n\t<td class=\"column-1\">9<\/td><td class=\"column-2\">Kaleb Lid\u00e9<\/td><td class=\"column-3\">SK Sandl\u00f6paren<\/td><td class=\"column-4\">15<\/td><td class=\"column-5\">87<\/td>\n<\/tr>\n<tr class=\"row-11\">\n\t<td class=\"column-1\">10<\/td><td class=\"column-2\">Ravneet Kaur<\/td><td class=\"column-3\">Limhamns SK<\/td><td class=\"column-4\">15<\/td><td class=\"column-5\">86<\/td>\n<\/tr>\n<tr class=\"row-12\">\n\t<td class=\"column-1\">11<\/td><td class=\"column-2\">Amos Lid\u00e9<\/td><td class=\"column-3\">SK Sandl\u00f6paren<\/td><td class=\"column-4\">14<\/td><td class=\"column-5\">96<\/td>\n<\/tr>\n<tr class=\"row-13\">\n\t<td class=\"column-1\">12<\/td><td class=\"column-2\">Affan Rahman<\/td><td class=\"column-3\">Limhamns SK<\/td><td class=\"column-4\">14<\/td><td class=\"column-5\">88<\/td>\n<\/tr>\n<tr class=\"row-14\">\n\t<td class=\"column-1\">13<\/td><td class=\"column-2\">Karl Sola<\/td><td class=\"column-3\">Limhamns SK<\/td><td class=\"column-4\">14<\/td><td class=\"column-5\">83   3 vinster<\/td>\n<\/tr>\n<tr class=\"row-15\">\n\t<td class=\"column-1\">14<\/td><td class=\"column-2\">Ines Astudillo Svensson<\/td><td class=\"column-3\">Limhamns SK<\/td><td class=\"column-4\">14<\/td><td class=\"column-5\">83   2 vinster<\/td>\n<\/tr>\n<tr class=\"row-16\">\n\t<td class=\"column-1\">15<\/td><td class=\"column-2\">Zein El-Madhoun<\/td><td class=\"column-3\">Malm\u00f6 AS<\/td><td class=\"column-4\">14<\/td><td class=\"column-5\">82<\/td>\n<\/tr>\n<tr class=\"row-17\">\n\t<td class=\"column-1\">16<\/td><td class=\"column-2\">August Fax\u00e9n<\/td><td class=\"column-3\">Limhamns SK<\/td><td class=\"column-4\">14<\/td><td class=\"column-5\">77<\/td>\n<\/tr>\n<tr class=\"row-18\">\n\t<td class=\"column-1\">17<\/td><td class=\"column-2\">Myrah Maheshwari<\/td><td class=\"column-3\">Limhamns SK<\/td><td class=\"column-4\">13<\/td><td class=\"column-5\">90<\/td>\n<\/tr>\n<tr class=\"row-19\">\n\t<td class=\"column-1\">18<\/td><td class=\"column-2\">Darsh Singh<\/td><td class=\"column-3\">Limhamns SK<\/td><td class=\"column-4\">13<\/td><td class=\"column-5\">84<\/td>\n<\/tr>\n<tr class=\"row-20\">\n\t<td class=\"column-1\">19<\/td><td class=\"column-2\">Maya Bj\u00f8rnsten<\/td><td class=\"column-3\">Limhamns SK<\/td><td class=\"column-4\">13<\/td><td class=\"column-5\">82.  3 vinster<\/td>\n<\/tr>\n<tr class=\"row-21\">\n\t<td class=\"column-1\">20<\/td><td class=\"column-2\">Henry Klarqvist<\/td><td class=\"column-3\">SK Bara B\u00f6nder<\/td><td class=\"column-4\">13<\/td><td class=\"column-5\">82   2 vinster<\/td>\n<\/tr>\n<tr class=\"row-22\">\n\t<td class=\"column-1\">21<\/td><td class=\"column-2\">Arshika Raj<\/td><td class=\"column-3\">Limhamns SK<\/td><td class=\"column-4\">12<\/td><td class=\"column-5\">81 lottning<\/td>\n<\/tr>\n<tr class=\"row-23\">\n\t<td class=\"column-1\">22<\/td><td class=\"column-2\">Liv Pustynnik<\/td><td class=\"column-3\">Limhamns SK<\/td><td class=\"column-4\">12<\/td><td class=\"column-5\">81   <\/td>\n<\/tr>\n<tr class=\"row-24\">\n\t<td class=\"column-1\">23<\/td><td class=\"column-2\">Ludvig Tideman<\/td><td class=\"column-3\">Limhamns SK<\/td><td class=\"column-4\">11<\/td><td class=\"column-5\">82 inb\u00f6rdes <\/td>\n<\/tr>\n<tr class=\"row-25\">\n\t<td class=\"column-1\">24<\/td><td class=\"column-2\">Nils Martinsson<\/td><td class=\"column-3\">Limhamns SK<\/td><td class=\"column-4\">11<\/td><td class=\"column-5\">82  <\/td>\n<\/tr>\n<tr class=\"row-26\">\n\t<td class=\"column-1\">25<\/td><td class=\"column-2\">Harshavardhana Subramanian<\/td><td class=\"column-3\">SK Sandl\u00f6paren<\/td><td class=\"column-4\">11<\/td><td class=\"column-5\">80<\/td>\n<\/tr>\n<tr class=\"row-27\">\n\t<td class=\"column-1\">26<\/td><td class=\"column-2\">Betty Bj\u00f8rnsten<\/td><td class=\"column-3\">Limhamns SK<\/td><td class=\"column-4\">7<\/td><td class=\"column-5\"><\/td>\n<\/tr>\n<\/tbody>\n<\/table>\n<!-- #tablepress-150 from cache -->\n<h3>Slutst\u00e4llning Mellanstadiet<\/h3>\n\n<table id=\"tablepress-151\" class=\"tablepress tablepress-id-151\">\n<thead>\n<tr class=\"row-1\">\n\t<th class=\"column-1\">Plac<\/th><th class=\"column-2\">Namn<\/th><th class=\"column-3\">Klubb<\/th><th class=\"column-4\">Po\u00e4ng<\/th><th class=\"column-5\">Kvp<\/th>\n<\/tr>\n<\/thead>\n<tbody class=\"row-striping row-hover\">\n<tr class=\"row-2\">\n\t<td class=\"column-1\">1<\/td><td class=\"column-2\">Alex Henriksen<\/td><td class=\"column-3\">Helsingborgs ASK<\/td><td class=\"column-4\">16<\/td><td class=\"column-5\">68<\/td>\n<\/tr>\n<tr class=\"row-3\">\n\t<td class=\"column-1\">2<\/td><td class=\"column-2\">Sriyansh Hari<\/td><td class=\"column-3\">Limhamns SK<\/td><td class=\"column-4\">16<\/td><td class=\"column-5\">62<\/td>\n<\/tr>\n<tr class=\"row-4\">\n\t<td class=\"column-1\">3<\/td><td class=\"column-2\">Ivar Santon Hedlund<\/td><td class=\"column-3\">Malm\u00f6 AS<\/td><td class=\"column-4\">15<\/td><td class=\"column-5\">71<\/td>\n<\/tr>\n<tr class=\"row-5\">\n\t<td class=\"column-1\">4<\/td><td class=\"column-2\">Noa Vaccino<\/td><td class=\"column-3\">Limhamns SK<\/td><td class=\"column-4\">15<\/td><td class=\"column-5\">69<\/td>\n<\/tr>\n<tr class=\"row-6\">\n\t<td class=\"column-1\">5<\/td><td class=\"column-2\">Lakshita Yadav<\/td><td class=\"column-3\">Limhamns SK<\/td><td class=\"column-4\">15<\/td><td class=\"column-5\">67<\/td>\n<\/tr>\n<tr class=\"row-7\">\n\t<td class=\"column-1\">6<\/td><td class=\"column-2\">Eskil Palom\u00e4ki<\/td><td class=\"column-3\">Limhamns SK<\/td><td class=\"column-4\">14<\/td><td class=\"column-5\">67<\/td>\n<\/tr>\n<tr class=\"row-8\">\n\t<td class=\"column-1\">7<\/td><td class=\"column-2\">Suchit Palla<\/td><td class=\"column-3\">Helsingborgs ASK<\/td><td class=\"column-4\">14<\/td><td class=\"column-5\">60<\/td>\n<\/tr>\n<tr class=\"row-9\">\n\t<td class=\"column-1\">8<\/td><td class=\"column-2\">Shreyash Kukkala<\/td><td class=\"column-3\">Limhamns SK<\/td><td class=\"column-4\">14<\/td><td class=\"column-5\">58<\/td>\n<\/tr>\n<tr class=\"row-10\">\n\t<td class=\"column-1\">9<\/td><td class=\"column-2\">Isabella Zhao<\/td><td class=\"column-3\">Limhamns SK<\/td><td class=\"column-4\">13<\/td><td class=\"column-5\">60<\/td>\n<\/tr>\n<tr class=\"row-11\">\n\t<td class=\"column-1\">10<\/td><td class=\"column-2\">Alice Sun<\/td><td class=\"column-3\">Limhamns SK<\/td><td class=\"column-4\">13<\/td><td class=\"column-5\">53<\/td>\n<\/tr>\n<tr class=\"row-12\">\n\t<td class=\"column-1\">11<\/td><td class=\"column-2\">Samuel Garpe<\/td><td class=\"column-3\">Malm\u00f6 AS<\/td><td class=\"column-4\">12<\/td><td class=\"column-5\">70<\/td>\n<\/tr>\n<tr class=\"row-13\">\n\t<td class=\"column-1\">12<\/td><td class=\"column-2\">Amanda Zhao<\/td><td class=\"column-3\">Limhamns SK<\/td><td class=\"column-4\">12<\/td><td class=\"column-5\">67<\/td>\n<\/tr>\n<tr class=\"row-14\">\n\t<td class=\"column-1\">13<\/td><td class=\"column-2\">Liam Lyngsj\u00f6<\/td><td class=\"column-3\">En Passant Svedala<\/td><td class=\"column-4\">12<\/td><td class=\"column-5\">66<\/td>\n<\/tr>\n<tr class=\"row-15\">\n\t<td class=\"column-1\">14<\/td><td class=\"column-2\">Lilian Fan<\/td><td class=\"column-3\">Limhamns SK<\/td><td class=\"column-4\">12<\/td><td class=\"column-5\">58<\/td>\n<\/tr>\n<tr class=\"row-16\">\n\t<td class=\"column-1\">15<\/td><td class=\"column-2\">Max Ljungberg<\/td><td class=\"column-3\">Limhamns SK<\/td><td class=\"column-4\">11<\/td><td class=\"column-5\">71<\/td>\n<\/tr>\n<tr class=\"row-17\">\n\t<td class=\"column-1\">16<\/td><td class=\"column-2\">Samuel Sj\u00f6gren<\/td><td class=\"column-3\">Lunds ASK<\/td><td class=\"column-4\">11<\/td><td class=\"column-5\">67 flest svarta<\/td>\n<\/tr>\n<tr class=\"row-18\">\n\t<td class=\"column-1\">17<\/td><td class=\"column-2\">Fabian Hey<\/td><td class=\"column-3\">Esl\u00f6vs SK<\/td><td class=\"column-4\">11<\/td><td class=\"column-5\">67   <\/td>\n<\/tr>\n<tr class=\"row-19\">\n\t<td class=\"column-1\">18<\/td><td class=\"column-2\">Jebrail El-Madhoun<\/td><td class=\"column-3\">Malm\u00f6 AS<\/td><td class=\"column-4\">10<\/td><td class=\"column-5\">65<\/td>\n<\/tr>\n<tr class=\"row-20\">\n\t<td class=\"column-1\">19<\/td><td class=\"column-2\">Nils Even\u00e4s<\/td><td class=\"column-3\">Limhamns SK<\/td><td class=\"column-4\">10<\/td><td class=\"column-5\">64 lottning<\/td>\n<\/tr>\n<tr class=\"row-21\">\n\t<td class=\"column-1\">20<\/td><td class=\"column-2\">Sigge Gisselsson<\/td><td class=\"column-3\">Limhamns SK<\/td><td class=\"column-4\">10<\/td><td class=\"column-5\">64   <\/td>\n<\/tr>\n<tr class=\"row-22\">\n\t<td class=\"column-1\">21<\/td><td class=\"column-2\">Nore Collander<\/td><td class=\"column-3\">Limhamns SK<\/td><td class=\"column-4\">10<\/td><td class=\"column-5\">55<\/td>\n<\/tr>\n<tr class=\"row-23\">\n\t<td class=\"column-1\">22<\/td><td class=\"column-2\">Julie Jah Johnsson<\/td><td class=\"column-3\">Limhamns SK<\/td><td class=\"column-4\">8<\/td><td class=\"column-5\">61<\/td>\n<\/tr>\n<tr class=\"row-24\">\n\t<td class=\"column-1\">23<\/td><td class=\"column-2\">Zoha Zeiauddin<\/td><td class=\"column-3\">Limhamns SK<\/td><td class=\"column-4\">8<\/td><td class=\"column-5\">60<\/td>\n<\/tr>\n<tr class=\"row-25\">\n\t<td class=\"column-1\">24<\/td><td class=\"column-2\">Alvin Nivhede<\/td><td class=\"column-3\">Limhamns SK<\/td><td class=\"column-4\">6 <\/td><td class=\"column-5\"><\/td>\n<\/tr>\n<\/tbody>\n<\/table>\n<!-- #tablepress-151 from cache -->\n<h3>Slutst\u00e4llning H\u00f6gstadiet<\/h3>\n\n<table id=\"tablepress-152\" class=\"tablepress tablepress-id-152\">\n<thead>\n<tr class=\"row-1\">\n\t<th class=\"column-1\">Plac<\/th><th class=\"column-2\">Namn<\/th><th class=\"column-3\">Klubb<\/th><th class=\"column-4\">Po\u00e4ng<\/th>\n<\/tr>\n<\/thead>\n<tbody class=\"row-striping row-hover\">\n<tr class=\"row-2\">\n\t<td class=\"column-1\">1<\/td><td class=\"column-2\">Bj\u00f6rn Bodin<\/td><td class=\"column-3\">Lunds ASK<\/td><td class=\"column-4\">15 <\/td>\n<\/tr>\n<tr class=\"row-3\">\n\t<td class=\"column-1\">2<\/td><td class=\"column-2\">Mandela Now\u00e9n<\/td><td class=\"column-3\">Kristineberg SK<\/td><td class=\"column-4\">15  <\/td>\n<\/tr>\n<tr class=\"row-4\">\n\t<td class=\"column-1\">3<\/td><td class=\"column-2\">Erik Silander<\/td><td class=\"column-3\">Limhamns SK<\/td><td class=\"column-4\">15 <\/td>\n<\/tr>\n<tr class=\"row-5\">\n\t<td class=\"column-1\">4<\/td><td class=\"column-2\">Jamie Nyman<\/td><td class=\"column-3\">Lunds ASK<\/td><td class=\"column-4\">13 <\/td>\n<\/tr>\n<tr class=\"row-6\">\n\t<td class=\"column-1\">5<\/td><td class=\"column-2\">Joshua Hey<\/td><td class=\"column-3\">Esl\u00f6vs SK<\/td><td class=\"column-4\">12 <\/td>\n<\/tr>\n<tr class=\"row-7\">\n\t<td class=\"column-1\">6<\/td><td class=\"column-2\">Noa Koppardal<\/td><td class=\"column-3\">Limhamns SK<\/td><td class=\"column-4\">12 <\/td>\n<\/tr>\n<tr class=\"row-8\">\n\t<td class=\"column-1\">7<\/td><td class=\"column-2\">Gurpreet Singh Happy<\/td><td class=\"column-3\">Limhamns SK<\/td><td class=\"column-4\">8  <\/td>\n<\/tr>\n<\/tbody>\n<\/table>\n<!-- #tablepress-152 from cache -->\n","protected":false},"excerpt":{"rendered":"<p>Speldagar: 31 oktober &#8211; 1 november 2023 (novemberlovet) Spellokal: Limhamns SK, Vasagatan 9 E, Malm\u00f6 Klassindelning: L\u00e5g-, mellan och h\u00f6gstadieklass Arrang\u00f6r: Malm\u00f6 Schackf\u00f6rbund Man spelade med po\u00e4ngsystemet 3 po\u00e4ng f\u00f6r vinst, 2 f\u00f6r remi och 1 vid f\u00f6rlust i samtliga &hellip; <a href=\"https:\/\/www.nvssf.com\/forbundet\/resultat\/resultat-2023\/caissa-open\/\">Forts\u00e4tt l\u00e4sa <span class=\"meta-nav\">&rarr;<\/span><\/a><\/p>\n","protected":false},"author":2,"featured_media":0,"parent":12648,"menu_order":0,"comment_status":"closed","ping_status":"closed","template":"sidebar-page.php","meta":{"_acf_changed":false,"footnotes":""},"acf":[],"_links":{"self":[{"href":"https:\/\/www.nvssf.com\/forbundet\/wp-json\/wp\/v2\/pages\/13659"}],"collection":[{"href":"https:\/\/www.nvssf.com\/forbundet\/wp-json\/wp\/v2\/pages"}],"about":[{"href":"https:\/\/www.nvssf.com\/forbundet\/wp-json\/wp\/v2\/types\/page"}],"author":[{"embeddable":true,"href":"https:\/\/www.nvssf.com\/forbundet\/wp-json\/wp\/v2\/users\/2"}],"replies":[{"embeddable":true,"href":"https:\/\/www.nvssf.com\/forbundet\/wp-json\/wp\/v2\/comments?post=13659"}],"version-history":[{"count":12,"href":"https:\/\/www.nvssf.com\/forbundet\/wp-json\/wp\/v2\/pages\/13659\/revisions"}],"predecessor-version":[{"id":13687,"href":"https:\/\/www.nvssf.com\/forbundet\/wp-json\/wp\/v2\/pages\/13659\/revisions\/13687"}],"up":[{"embeddable":true,"href":"https:\/\/www.nvssf.com\/forbundet\/wp-json\/wp\/v2\/pages\/12648"}],"wp:attachment":[{"href":"https:\/\/www.nvssf.com\/forbundet\/wp-json\/wp\/v2\/media?parent=13659"}],"curies":[{"name":"wp","href":"https:\/\/api.w.org\/{rel}","templated":true}]}}