{"id":13849,"date":"2023-12-14T10:34:48","date_gmt":"2023-12-14T09:34:48","guid":{"rendered":"https:\/\/www.nvssf.com\/forbundet\/?page_id=13849"},"modified":"2023-12-14T10:34:48","modified_gmt":"2023-12-14T09:34:48","slug":"forhandsanmalda-nordvastskaningar-malmo-msf-open-2023","status":"publish","type":"page","link":"https:\/\/www.nvssf.com\/forbundet\/forhandsanmalda-nordvastskaningar-malmo-msf-open-2023\/","title":{"rendered":"F\u00f6rhandsanm\u00e4lda Nordv\u00e4stsk\u00e5ningar Malm\u00f6\/MSF Open 2023"},"content":{"rendered":"\n<table id=\"tablepress-153\" class=\"tablepress tablepress-id-153\">\n<thead>\n<tr class=\"row-1\">\n\t<th class=\"column-1\">Namn<\/th><th class=\"column-2\">Klubb<\/th><th class=\"column-3\">Elo<\/th><th class=\"column-4\">Turnering<\/th>\n<\/tr>\n<\/thead>\n<tbody class=\"row-striping row-hover\">\n<tr class=\"row-2\">\n\t<td class=\"column-1\">Thomas Johansson<\/td><td class=\"column-2\">Helsingborgs ASK<\/td><td class=\"column-3\">2177<\/td><td class=\"column-4\">Malm\u00f6 Open<\/td>\n<\/tr>\n<tr class=\"row-3\">\n\t<td class=\"column-1\">Susanne Ellerstrand<\/td><td class=\"column-2\">Engelholms SK<\/td><td class=\"column-3\">1441<\/td><td class=\"column-4\">Malm\u00f6 Open<\/td>\n<\/tr>\n<tr class=\"row-4\">\n\t<td class=\"column-1\">K\u00e5re Hove Kristensen<\/td><td class=\"column-2\">Helsingborgs ASK<\/td><td class=\"column-3\">2277<\/td><td class=\"column-4\">Malm\u00f6 Open<\/td>\n<\/tr>\n<tr class=\"row-5\">\n\t<td class=\"column-1\">Egil Berling<\/td><td class=\"column-2\">Helsingborgs ASK<\/td><td class=\"column-3\">1441<\/td><td class=\"column-4\">Malm\u00f6 Open<\/td>\n<\/tr>\n<tr class=\"row-6\">\n\t<td class=\"column-1\">Sejfo Agovic<\/td><td class=\"column-2\">Helsingborgs SS<\/td><td class=\"column-3\">1777<\/td><td class=\"column-4\">Malm\u00f6 Open<\/td>\n<\/tr>\n<tr class=\"row-7\">\n\t<td class=\"column-1\">Gert Lyngsj\u00f6<\/td><td class=\"column-2\">Landskrona SK<\/td><td class=\"column-3\">1785<\/td><td class=\"column-4\">Malm\u00f6 Open<\/td>\n<\/tr>\n<tr class=\"row-8\">\n\t<td class=\"column-1\">Patrik Nilsson<\/td><td class=\"column-2\">Helsingborgs ASK<\/td><td class=\"column-3\">2112<\/td><td class=\"column-4\">Malm\u00f6 Open<\/td>\n<\/tr>\n<tr class=\"row-9\">\n\t<td class=\"column-1\">Stefan H\u00e5kansson<\/td><td class=\"column-2\">Helsingborgs ASK<\/td><td class=\"column-3\">2016<\/td><td class=\"column-4\">Malm\u00f6 Open<\/td>\n<\/tr>\n<tr class=\"row-10\">\n\t<td class=\"column-1\">Martin Andersen<\/td><td class=\"column-2\">Landskrona SK<\/td><td class=\"column-3\">1649<\/td><td class=\"column-4\">Malm\u00f6 Open<\/td>\n<\/tr>\n<tr class=\"row-11\">\n\t<td class=\"column-1\">Ahmad Abdulkader<\/td><td class=\"column-2\">Helsingborgs ASK<\/td><td class=\"column-3\">1356<\/td><td class=\"column-4\">Malm\u00f6 Open<\/td>\n<\/tr>\n<tr class=\"row-12\">\n\t<td class=\"column-1\">Haider Al-Sherufi<\/td><td class=\"column-2\">Helsingborgs ASK<\/td><td class=\"column-3\">1637<\/td><td class=\"column-4\">Malm\u00f6 Open<\/td>\n<\/tr>\n<tr class=\"row-13\">\n\t<td class=\"column-1\">Birger Persson<\/td><td class=\"column-2\">Helsingborgs SS<\/td><td class=\"column-3\">2052<\/td><td class=\"column-4\">Malm\u00f6 Open<\/td>\n<\/tr>\n<tr class=\"row-14\">\n\t<td class=\"column-1\">Alex Henriksen<\/td><td class=\"column-2\">Helsingborgs ASK<\/td><td class=\"column-3\">1342<\/td><td class=\"column-4\">MSF Open<\/td>\n<\/tr>\n<tr class=\"row-15\">\n\t<td class=\"column-1\">Niels Henriksen<\/td><td class=\"column-2\">Helsingborgs ASK<\/td><td class=\"column-3\">1115<\/td><td class=\"column-4\">MSF Open<\/td>\n<\/tr>\n<tr class=\"row-16\">\n\t<td class=\"column-1\">Sion Nivstrand Wikdahl<\/td><td class=\"column-2\">Helsingborgs ASK<\/td><td class=\"column-3\">0<\/td><td class=\"column-4\">MSF Open<\/td>\n<\/tr>\n<tr class=\"row-17\">\n\t<td class=\"column-1\">Vihaan Angara<\/td><td class=\"column-2\">Helsingborgs ASK<\/td><td class=\"column-3\">1231<\/td><td class=\"column-4\">MSF Open<\/td>\n<\/tr>\n<tr class=\"row-18\">\n\t<td class=\"column-1\">Tudor Butuc<\/td><td class=\"column-2\">Helsingborgs ASK<\/td><td class=\"column-3\">1104<\/td><td class=\"column-4\">MSF Open<\/td>\n<\/tr>\n<\/tbody>\n<\/table>\n<!-- #tablepress-153 from cache -->\n","protected":false},"excerpt":{"rendered":"","protected":false},"author":2,"featured_media":0,"parent":0,"menu_order":0,"comment_status":"closed","ping_status":"open","template":"sidebar-page.php","meta":{"_acf_changed":false,"footnotes":""},"acf":[],"_links":{"self":[{"href":"https:\/\/www.nvssf.com\/forbundet\/wp-json\/wp\/v2\/pages\/13849"}],"collection":[{"href":"https:\/\/www.nvssf.com\/forbundet\/wp-json\/wp\/v2\/pages"}],"about":[{"href":"https:\/\/www.nvssf.com\/forbundet\/wp-json\/wp\/v2\/types\/page"}],"author":[{"embeddable":true,"href":"https:\/\/www.nvssf.com\/forbundet\/wp-json\/wp\/v2\/users\/2"}],"replies":[{"embeddable":true,"href":"https:\/\/www.nvssf.com\/forbundet\/wp-json\/wp\/v2\/comments?post=13849"}],"version-history":[{"count":1,"href":"https:\/\/www.nvssf.com\/forbundet\/wp-json\/wp\/v2\/pages\/13849\/revisions"}],"predecessor-version":[{"id":13850,"href":"https:\/\/www.nvssf.com\/forbundet\/wp-json\/wp\/v2\/pages\/13849\/revisions\/13850"}],"wp:attachment":[{"href":"https:\/\/www.nvssf.com\/forbundet\/wp-json\/wp\/v2\/media?parent=13849"}],"curies":[{"name":"wp","href":"https:\/\/api.w.org\/{rel}","templated":true}]}}