{"id":14023,"date":"2024-05-07T15:23:59","date_gmt":"2024-05-07T13:23:59","guid":{"rendered":"https:\/\/www.nvssf.com\/forbundet\/?page_id=14023"},"modified":"2024-05-07T15:25:06","modified_gmt":"2024-05-07T13:25:06","slug":"junior-dm-2024","status":"publish","type":"page","link":"https:\/\/www.nvssf.com\/forbundet\/resultat\/resultat-resultat-2024\/junior-dm-2024\/","title":{"rendered":"Junior-DM 2024"},"content":{"rendered":"<p><strong>Arrang\u00f6r:<\/strong> Helsingborgs ASK<\/p>\n<p><strong>Spellokal:<\/strong> Mariahallen, Kullav\u00e4gen 150, Helsingborg<\/p>\n<p><strong>Speldatum:<\/strong>\u00a05 maj 2024<\/p>\n<p><strong>Bet\u00e4nketid: <\/strong>20 minuter + 5 sekunders inc. Nyb\u00f6rjare utan klocka<\/p>\n<p><strong>T\u00e4vlingen i SSF turneringssystem:<\/strong><br \/>\n<a href=\"https:\/\/member.schack.se\/ShowTournamentServlet?id=14055\" target=\"_blank\" rel=\"noopener\">https:\/\/member.schack.se\/ShowTournamentServlet?id=14055<\/a><\/p>\n<p><strong>Juniorer<br \/>\n<img decoding=\"async\" src=\"https:\/\/www.nvssf.com\/forbundet\/wp-content\/uploads\/2024\/05\/JDM24juniorer.png\" \/><br \/>\n<\/strong><\/p>\n<p><strong>Miniorer<br \/>\n<img decoding=\"async\" src=\"https:\/\/www.nvssf.com\/forbundet\/wp-content\/uploads\/2024\/05\/JDM24Miniorer.png\" \/><br \/>\n<\/strong><\/p>\n<p><strong>Nyb\u00f6rjare<br \/>\n<img decoding=\"async\" src=\"https:\/\/www.nvssf.com\/forbundet\/wp-content\/uploads\/2024\/05\/JDM24Nyborjare.png\" \/><br \/>\n<\/strong><\/p>\n","protected":false},"excerpt":{"rendered":"<p>Arrang\u00f6r: Helsingborgs ASK Spellokal: Mariahallen, Kullav\u00e4gen 150, Helsingborg Speldatum:\u00a05 maj 2024 Bet\u00e4nketid: 20 minuter + 5 sekunders inc. Nyb\u00f6rjare utan klocka T\u00e4vlingen i SSF turneringssystem: https:\/\/member.schack.se\/ShowTournamentServlet?id=14055 Juniorer Miniorer Nyb\u00f6rjare<\/p>\n","protected":false},"author":9,"featured_media":0,"parent":14010,"menu_order":0,"comment_status":"closed","ping_status":"closed","template":"","meta":{"_acf_changed":false,"footnotes":""},"acf":[],"_links":{"self":[{"href":"https:\/\/www.nvssf.com\/forbundet\/wp-json\/wp\/v2\/pages\/14023"}],"collection":[{"href":"https:\/\/www.nvssf.com\/forbundet\/wp-json\/wp\/v2\/pages"}],"about":[{"href":"https:\/\/www.nvssf.com\/forbundet\/wp-json\/wp\/v2\/types\/page"}],"author":[{"embeddable":true,"href":"https:\/\/www.nvssf.com\/forbundet\/wp-json\/wp\/v2\/users\/9"}],"replies":[{"embeddable":true,"href":"https:\/\/www.nvssf.com\/forbundet\/wp-json\/wp\/v2\/comments?post=14023"}],"version-history":[{"count":6,"href":"https:\/\/www.nvssf.com\/forbundet\/wp-json\/wp\/v2\/pages\/14023\/revisions"}],"predecessor-version":[{"id":14032,"href":"https:\/\/www.nvssf.com\/forbundet\/wp-json\/wp\/v2\/pages\/14023\/revisions\/14032"}],"up":[{"embeddable":true,"href":"https:\/\/www.nvssf.com\/forbundet\/wp-json\/wp\/v2\/pages\/14010"}],"wp:attachment":[{"href":"https:\/\/www.nvssf.com\/forbundet\/wp-json\/wp\/v2\/media?parent=14023"}],"curies":[{"name":"wp","href":"https:\/\/api.w.org\/{rel}","templated":true}]}}