{"id":14180,"date":"2024-09-22T14:26:29","date_gmt":"2024-09-22T12:26:29","guid":{"rendered":"https:\/\/www.nvssf.com\/forbundet\/?page_id=14180"},"modified":"2024-09-22T14:26:29","modified_gmt":"2024-09-22T12:26:29","slug":"skanska-skolmasterskapen-2024","status":"publish","type":"page","link":"https:\/\/www.nvssf.com\/forbundet\/resultat\/resultat-resultat-2024\/skanska-skolmasterskapen-2024\/","title":{"rendered":"Sk\u00e5nska skolm\u00e4sterskapen 2024"},"content":{"rendered":"<p>&nbsp;<\/p>\n<p><strong>Arrang\u00f6r:<\/strong> Sk\u00e5nes Schackf\u00f6rbund och Helsingborgs ASK<\/p>\n<p><strong>Spellokal:<\/strong>\u00a0Mariahallen, Kullav\u00e4gen 150, Helsingborg<\/p>\n<p><strong>Speldatum:<\/strong> 22 september 2024<\/p>\n<p><strong>Bet\u00e4nketid: <\/strong>Juniorer kadetter och miniorer 25 minuter + 5 sekunders inc. Knattar 15 minuter + 5 sekunders inc.<\/p>\n<p><a href=\"https:\/\/www.nvssf.com\/forbundet\/wp-content\/uploads\/2024\/09\/Skansk-skol-2024-resultat.pdf\">Sk\u00e5nskskolm\u00e4sterskapet 2024 resultat<\/a><\/p>\n","protected":false},"excerpt":{"rendered":"<p>&nbsp; Arrang\u00f6r: Sk\u00e5nes Schackf\u00f6rbund och Helsingborgs ASK Spellokal:\u00a0Mariahallen, Kullav\u00e4gen 150, Helsingborg Speldatum: 22 september 2024 Bet\u00e4nketid: Juniorer kadetter och miniorer 25 minuter + 5 sekunders inc. Knattar 15 minuter + 5 sekunders inc. Sk\u00e5nskskolm\u00e4sterskapet 2024 resultat<\/p>\n","protected":false},"author":9,"featured_media":0,"parent":14010,"menu_order":0,"comment_status":"closed","ping_status":"closed","template":"","meta":{"_acf_changed":false,"footnotes":""},"acf":[],"_links":{"self":[{"href":"https:\/\/www.nvssf.com\/forbundet\/wp-json\/wp\/v2\/pages\/14180"}],"collection":[{"href":"https:\/\/www.nvssf.com\/forbundet\/wp-json\/wp\/v2\/pages"}],"about":[{"href":"https:\/\/www.nvssf.com\/forbundet\/wp-json\/wp\/v2\/types\/page"}],"author":[{"embeddable":true,"href":"https:\/\/www.nvssf.com\/forbundet\/wp-json\/wp\/v2\/users\/9"}],"replies":[{"embeddable":true,"href":"https:\/\/www.nvssf.com\/forbundet\/wp-json\/wp\/v2\/comments?post=14180"}],"version-history":[{"count":2,"href":"https:\/\/www.nvssf.com\/forbundet\/wp-json\/wp\/v2\/pages\/14180\/revisions"}],"predecessor-version":[{"id":14182,"href":"https:\/\/www.nvssf.com\/forbundet\/wp-json\/wp\/v2\/pages\/14180\/revisions\/14182"}],"up":[{"embeddable":true,"href":"https:\/\/www.nvssf.com\/forbundet\/wp-json\/wp\/v2\/pages\/14010"}],"wp:attachment":[{"href":"https:\/\/www.nvssf.com\/forbundet\/wp-json\/wp\/v2\/media?parent=14180"}],"curies":[{"name":"wp","href":"https:\/\/api.w.org\/{rel}","templated":true}]}}