{"id":14815,"date":"2025-05-19T00:04:54","date_gmt":"2025-05-18T22:04:54","guid":{"rendered":"https:\/\/www.nvssf.com\/forbundet\/?page_id=14815"},"modified":"2025-05-19T00:24:18","modified_gmt":"2025-05-18T22:24:18","slug":"blixt-dm-individuellt-och-lag-2025","status":"publish","type":"page","link":"https:\/\/www.nvssf.com\/forbundet\/resultat\/resultat-2025\/blixt-dm-individuellt-och-lag-2025\/","title":{"rendered":"Blixt-DM individuellt och lag 2025"},"content":{"rendered":"<header class=\"entry-header\"><strong>Arrang\u00f6r:<\/strong> Klippans SK<\/header>\n<header class=\"entry-header\"><strong>Spellokal:<\/strong> S\u00e5gen, Klippan<\/header>\n<header class=\"entry-header\"><strong>Speldatum:<\/strong> 18 maj 2024<\/header>\n<header class=\"entry-header\"><strong>Bet\u00e4nketid:\u00a0<\/strong>3 minuter + 2 sekunders inc.<\/header>\n<header class=\"entry-header\"><strong>T\u00e4vlingen i SSF turneringssystem:<br \/>\n<\/strong><a href=\"https:\/\/member.schack.se\/ShowTournamentServlet?id=16125\" target=\"_blank\" rel=\"noopener\">https:\/\/member.schack.se\/ShowTournamentServlet?id=16125<\/a><\/p>\n<p><strong>Lagt\u00e4vling:<\/strong><\/p>\n<\/header>\n<div class=\"entry-content\">\n<table border=\"1\">\n<tbody>\n<tr>\n<td>Helsingborgs ASK<\/td>\n<td>54<\/td>\n<\/tr>\n<tr>\n<td>Helsingborgs SS<\/td>\n<td>38 \u00bd<\/td>\n<\/tr>\n<tr>\n<td>Klippans SK I<\/td>\n<td>35 \u00bd<\/td>\n<\/tr>\n<tr>\n<td>Engelholms SK<\/td>\n<td>32<\/td>\n<\/tr>\n<tr>\n<td>Engelholms SK\/Helsingborgs ASK<\/td>\n<td>30 \u00bd<\/td>\n<\/tr>\n<tr>\n<td>Klippans SK II<\/td>\n<td>23 \u00bd<\/td>\n<\/tr>\n<tr>\n<td>Skromberga ASS<\/td>\n<td>16<\/td>\n<\/tr>\n<\/tbody>\n<\/table>\n<p><strong>Individuella resultat:<\/strong><img decoding=\"async\" src=\"https:\/\/www.nvssf.com\/forbundet\/wp-content\/uploads\/2025\/05\/2025NvSSFBlixtlag.png\" \/><\/p>\n<\/div>\n","protected":false},"excerpt":{"rendered":"<p>Arrang\u00f6r: Klippans SK Spellokal: S\u00e5gen, Klippan Speldatum: 18 maj 2024 Bet\u00e4nketid:\u00a03 minuter + 2 sekunders inc. T\u00e4vlingen i SSF turneringssystem: https:\/\/member.schack.se\/ShowTournamentServlet?id=16125 Lagt\u00e4vling: Helsingborgs ASK 54 Helsingborgs SS 38 \u00bd Klippans SK I 35 \u00bd Engelholms SK 32 Engelholms SK\/Helsingborgs ASK &hellip; <a href=\"https:\/\/www.nvssf.com\/forbundet\/resultat\/resultat-2025\/blixt-dm-individuellt-och-lag-2025\/\">Forts\u00e4tt l\u00e4sa <span class=\"meta-nav\">&rarr;<\/span><\/a><\/p>\n","protected":false},"author":9,"featured_media":0,"parent":14759,"menu_order":0,"comment_status":"closed","ping_status":"closed","template":"","meta":{"_acf_changed":false,"footnotes":""},"acf":[],"_links":{"self":[{"href":"https:\/\/www.nvssf.com\/forbundet\/wp-json\/wp\/v2\/pages\/14815"}],"collection":[{"href":"https:\/\/www.nvssf.com\/forbundet\/wp-json\/wp\/v2\/pages"}],"about":[{"href":"https:\/\/www.nvssf.com\/forbundet\/wp-json\/wp\/v2\/types\/page"}],"author":[{"embeddable":true,"href":"https:\/\/www.nvssf.com\/forbundet\/wp-json\/wp\/v2\/users\/9"}],"replies":[{"embeddable":true,"href":"https:\/\/www.nvssf.com\/forbundet\/wp-json\/wp\/v2\/comments?post=14815"}],"version-history":[{"count":15,"href":"https:\/\/www.nvssf.com\/forbundet\/wp-json\/wp\/v2\/pages\/14815\/revisions"}],"predecessor-version":[{"id":14831,"href":"https:\/\/www.nvssf.com\/forbundet\/wp-json\/wp\/v2\/pages\/14815\/revisions\/14831"}],"up":[{"embeddable":true,"href":"https:\/\/www.nvssf.com\/forbundet\/wp-json\/wp\/v2\/pages\/14759"}],"wp:attachment":[{"href":"https:\/\/www.nvssf.com\/forbundet\/wp-json\/wp\/v2\/media?parent=14815"}],"curies":[{"name":"wp","href":"https:\/\/api.w.org\/{rel}","templated":true}]}}