{"id":15177,"date":"2025-12-06T23:53:37","date_gmt":"2025-12-06T22:53:37","guid":{"rendered":"https:\/\/www.nvssf.com\/forbundet\/?page_id=15177"},"modified":"2025-12-06T23:54:46","modified_gmt":"2025-12-06T22:54:46","slug":"junior-dm-host-2025","status":"publish","type":"page","link":"https:\/\/www.nvssf.com\/forbundet\/resultat\/resultat-2025\/junior-dm-host-2025\/","title":{"rendered":"Junior-DM h\u00f6st 2025"},"content":{"rendered":"<p><strong>Arrang\u00f6r:<\/strong>\u00a0Nordv\u00e4stra Sk\u00e5nes Schackf\u00f6rbund<\/p>\n<p><strong>Spellokal:<\/strong> HASKs klubblokal, Rundg\u00e5ngen 22, Helsingborg<\/p>\n<p><strong>Speldatum:<\/strong> 6:e december 2025<\/p>\n<p><strong>T\u00e4vlingssystem: <\/strong>Juniorer och miniorer, 5 ronder 20 minuter + 5 sekunder\/drag, Nyb\u00f6rjare 5 ronder med avd\u00f6mning, 3-2-1 po\u00e4ngsystem<\/p>\n<p><strong>T\u00e4vlande:<\/strong> 44 deltagare<\/p>\n<table style=\"width: 100%;\" border=\"0\" frame=\"VOID\" rules=\"NONE\" cellspacing=\"0\">\n<colgroup>\n<col width=\"26\" \/>\n<col width=\"189\" \/>\n<col width=\"129\" \/>\n<col width=\"49\" \/>\n<col width=\"57\" \/>\n<col width=\"86\" \/><\/colgroup>\n<tbody>\n<tr>\n<td style=\"width: 38.3561%;\" colspan=\"2\" align=\"LEFT\" width=\"215\" height=\"17\"><strong>Juniorer<\/strong><\/td>\n<td style=\"width: 23.6301%;\" align=\"CENTER\" width=\"129\"><\/td>\n<td style=\"width: 10.1027%;\" align=\"CENTER\" width=\"49\">P<\/td>\n<td style=\"width: 11.6438%;\" align=\"LEFT\" width=\"57\"><\/td>\n<td style=\"width: 16.2671%;\" align=\"LEFT\" width=\"86\"><\/td>\n<\/tr>\n<tr>\n<td style=\"width: 4.79452%;\" align=\"CENTER\" height=\"18\">1<\/td>\n<td style=\"width: 33.5616%;\" align=\"LEFT\">Sion Nivstrand Wikdahl<\/td>\n<td style=\"width: 23.6301%;\" align=\"LEFT\">Helsingborgs ASK<\/td>\n<td style=\"width: 10.1027%;\" align=\"CENTER\">4.5<\/td>\n<td style=\"width: 11.6438%;\" align=\"CENTER\"><\/td>\n<td style=\"width: 16.2671%;\" align=\"LEFT\"><\/td>\n<\/tr>\n<tr>\n<td style=\"width: 4.79452%;\" align=\"CENTER\" height=\"18\">2<\/td>\n<td style=\"width: 33.5616%;\" align=\"LEFT\">Alex Henriksen<\/td>\n<td style=\"width: 23.6301%;\" align=\"LEFT\">Helsingborgs ASK<\/td>\n<td style=\"width: 10.1027%;\" align=\"CENTER\">3.5<\/td>\n<td style=\"width: 11.6438%;\" align=\"LEFT\">Inb\u00f6rdes<\/td>\n<td style=\"width: 16.2671%;\" align=\"LEFT\"><\/td>\n<\/tr>\n<tr>\n<td style=\"width: 4.79452%;\" align=\"CENTER\" height=\"18\">3<\/td>\n<td style=\"width: 33.5616%;\" align=\"LEFT\">Suchit Palla<\/td>\n<td style=\"width: 23.6301%;\" align=\"LEFT\">Helsingborgs ASK<\/td>\n<td style=\"width: 10.1027%;\" align=\"CENTER\">3.5<\/td>\n<td style=\"width: 11.6438%;\" align=\"CENTER\"><\/td>\n<td style=\"width: 16.2671%;\" align=\"LEFT\"><\/td>\n<\/tr>\n<tr>\n<td style=\"width: 4.79452%;\" align=\"CENTER\" height=\"18\">4<\/td>\n<td style=\"width: 33.5616%;\" align=\"LEFT\">Vikram Aditya Yanamadala<\/td>\n<td style=\"width: 23.6301%;\" align=\"LEFT\">Helsingborgs ASK<\/td>\n<td style=\"width: 10.1027%;\" align=\"CENTER\">2.5<\/td>\n<td style=\"width: 11.6438%;\" align=\"CENTER\"><\/td>\n<td style=\"width: 16.2671%;\" align=\"LEFT\"><\/td>\n<\/tr>\n<tr>\n<td style=\"width: 4.79452%;\" align=\"CENTER\" height=\"18\">5<\/td>\n<td style=\"width: 33.5616%;\" align=\"LEFT\">Archit Senthilkumar<\/td>\n<td style=\"width: 23.6301%;\" align=\"LEFT\">Helsingborgs ASK<\/td>\n<td style=\"width: 10.1027%;\" align=\"CENTER\">1.0<\/td>\n<td style=\"width: 11.6438%;\" align=\"CENTER\"><\/td>\n<td style=\"width: 16.2671%;\" align=\"LEFT\"><\/td>\n<\/tr>\n<tr>\n<td style=\"width: 4.79452%;\" align=\"LEFT\" height=\"17\"><\/td>\n<td style=\"width: 33.5616%;\" align=\"LEFT\"><\/td>\n<td style=\"width: 23.6301%;\" align=\"CENTER\"><\/td>\n<td style=\"width: 10.1027%;\" align=\"CENTER\"><\/td>\n<td style=\"width: 11.6438%;\" align=\"LEFT\"><\/td>\n<td style=\"width: 16.2671%;\" align=\"LEFT\"><\/td>\n<\/tr>\n<tr>\n<td style=\"width: 38.3561%;\" colspan=\"2\" align=\"LEFT\" height=\"17\"><strong>Miniorer<\/strong><\/td>\n<td style=\"width: 23.6301%;\" align=\"LEFT\"><\/td>\n<td style=\"width: 10.1027%;\" align=\"CENTER\">P<\/td>\n<td style=\"width: 11.6438%;\" align=\"CENTER\">KVP<\/td>\n<td style=\"width: 16.2671%;\" align=\"LEFT\"><\/td>\n<\/tr>\n<tr>\n<td style=\"width: 4.79452%;\" align=\"CENTER\" height=\"17\">1<\/td>\n<td style=\"width: 33.5616%;\" align=\"LEFT\">Leo Andras<\/td>\n<td style=\"width: 23.6301%;\" align=\"LEFT\">Helsingborgs ASK<\/td>\n<td style=\"width: 10.1027%;\" align=\"CENTER\">5.0<\/td>\n<td style=\"width: 11.6438%;\" align=\"CENTER\">11.50<\/td>\n<td style=\"width: 16.2671%;\" align=\"LEFT\"><\/td>\n<\/tr>\n<tr>\n<td style=\"width: 4.79452%;\" align=\"CENTER\" height=\"18\">2<\/td>\n<td style=\"width: 33.5616%;\" align=\"LEFT\">Vihaan Manure<\/td>\n<td style=\"width: 23.6301%;\" align=\"LEFT\">Helsingborgs ASK<\/td>\n<td style=\"width: 10.1027%;\" align=\"CENTER\">4.0<\/td>\n<td style=\"width: 11.6438%;\" align=\"CENTER\">15.00<\/td>\n<td style=\"width: 16.2671%;\" align=\"LEFT\"><\/td>\n<\/tr>\n<tr>\n<td style=\"width: 4.79452%;\" align=\"CENTER\" height=\"18\">3<\/td>\n<td style=\"width: 33.5616%;\" align=\"LEFT\">Jagrav Agarwal<\/td>\n<td style=\"width: 23.6301%;\" align=\"LEFT\">Helsingborgs ASK<\/td>\n<td style=\"width: 10.1027%;\" align=\"CENTER\">3.0<\/td>\n<td style=\"width: 11.6438%;\" align=\"CENTER\">14.00<\/td>\n<td style=\"width: 16.2671%;\" align=\"LEFT\"><\/td>\n<\/tr>\n<tr>\n<td style=\"width: 4.79452%;\" align=\"CENTER\" height=\"18\">4<\/td>\n<td style=\"width: 33.5616%;\" align=\"LEFT\">Jeevesh Sathish<\/td>\n<td style=\"width: 23.6301%;\" align=\"LEFT\">Helsingborgs ASK<\/td>\n<td style=\"width: 10.1027%;\" align=\"CENTER\">3.0<\/td>\n<td style=\"width: 11.6438%;\" align=\"CENTER\">12.00<\/td>\n<td style=\"width: 16.2671%;\" align=\"LEFT\"><\/td>\n<\/tr>\n<tr>\n<td style=\"width: 4.79452%;\" align=\"CENTER\" height=\"18\">5<\/td>\n<td style=\"width: 33.5616%;\" align=\"LEFT\">Zara Dilipan Kirhika<\/td>\n<td style=\"width: 23.6301%;\" align=\"LEFT\">Helsingborgs ASK<\/td>\n<td style=\"width: 10.1027%;\" align=\"CENTER\">3.0<\/td>\n<td style=\"width: 11.6438%;\" align=\"CENTER\">10.50<\/td>\n<td style=\"width: 16.2671%;\" align=\"LEFT\"><\/td>\n<\/tr>\n<tr>\n<td style=\"width: 4.79452%;\" align=\"CENTER\" height=\"18\">6<\/td>\n<td style=\"width: 33.5616%;\" align=\"LEFT\">Chiraksh Thalwar<\/td>\n<td style=\"width: 23.6301%;\" align=\"LEFT\">Helsingborgs ASK<\/td>\n<td style=\"width: 10.1027%;\" align=\"CENTER\">3.0<\/td>\n<td style=\"width: 11.6438%;\" align=\"CENTER\">10.00<\/td>\n<td style=\"width: 16.2671%;\" align=\"LEFT\"><\/td>\n<\/tr>\n<tr>\n<td style=\"width: 4.79452%;\" align=\"CENTER\" height=\"18\">7<\/td>\n<td style=\"width: 33.5616%;\" align=\"LEFT\">Mokshath Yanamadala<\/td>\n<td style=\"width: 23.6301%;\" align=\"LEFT\">Helsingborgs ASK<\/td>\n<td style=\"width: 10.1027%;\" align=\"CENTER\">2.5<\/td>\n<td style=\"width: 11.6438%;\" align=\"CENTER\">13.50<\/td>\n<td style=\"width: 16.2671%;\" align=\"LEFT\"><\/td>\n<\/tr>\n<tr>\n<td style=\"width: 4.79452%;\" align=\"CENTER\" height=\"18\">8<\/td>\n<td style=\"width: 33.5616%;\" align=\"LEFT\">Bhavik Sai Setikam<\/td>\n<td style=\"width: 23.6301%;\" align=\"LEFT\">Helsingborgs ASK<\/td>\n<td style=\"width: 10.1027%;\" align=\"CENTER\">2.5<\/td>\n<td style=\"width: 11.6438%;\" align=\"CENTER\">10.00<\/td>\n<td style=\"width: 16.2671%;\" align=\"LEFT\"><\/td>\n<\/tr>\n<tr>\n<td style=\"width: 4.79452%;\" align=\"CENTER\" height=\"18\">9<\/td>\n<td style=\"width: 33.5616%;\" align=\"LEFT\">Pranav Vutukuri<\/td>\n<td style=\"width: 23.6301%;\" align=\"LEFT\">Helsingborgs ASK<\/td>\n<td style=\"width: 10.1027%;\" align=\"CENTER\">2.0<\/td>\n<td style=\"width: 11.6438%;\" align=\"CENTER\">13.00<\/td>\n<td style=\"width: 16.2671%;\" align=\"LEFT\">Flest svarta<\/td>\n<\/tr>\n<tr>\n<td style=\"width: 4.79452%;\" align=\"CENTER\" height=\"18\">10<\/td>\n<td style=\"width: 33.5616%;\" align=\"LEFT\">Niki H\u00e5rd<\/td>\n<td style=\"width: 23.6301%;\" align=\"LEFT\">Landskrona SK<\/td>\n<td style=\"width: 10.1027%;\" align=\"CENTER\">2.0<\/td>\n<td style=\"width: 11.6438%;\" align=\"CENTER\">13.00<\/td>\n<td style=\"width: 16.2671%;\" align=\"LEFT\"><\/td>\n<\/tr>\n<tr>\n<td style=\"width: 4.79452%;\" align=\"CENTER\" height=\"17\">11<\/td>\n<td style=\"width: 33.5616%;\" align=\"LEFT\">Liam Andersson<\/td>\n<td style=\"width: 23.6301%;\" align=\"LEFT\">Helsingborgs ASK<\/td>\n<td style=\"width: 10.1027%;\" align=\"CENTER\">2.0<\/td>\n<td style=\"width: 11.6438%;\" align=\"CENTER\">10.50<\/td>\n<td style=\"width: 16.2671%;\" align=\"LEFT\"><\/td>\n<\/tr>\n<tr>\n<td style=\"width: 4.79452%;\" align=\"CENTER\" height=\"18\">12<\/td>\n<td style=\"width: 33.5616%;\" align=\"LEFT\">Ilanjcentceni Dilipan Kirhika<\/td>\n<td style=\"width: 23.6301%;\" align=\"LEFT\">Helsingborgs ASK<\/td>\n<td style=\"width: 10.1027%;\" align=\"CENTER\">2.0<\/td>\n<td style=\"width: 11.6438%;\" align=\"CENTER\">10.00<\/td>\n<td style=\"width: 16.2671%;\" align=\"LEFT\"><\/td>\n<\/tr>\n<tr>\n<td style=\"width: 4.79452%;\" align=\"CENTER\" height=\"18\">13<\/td>\n<td style=\"width: 33.5616%;\" align=\"LEFT\">Nevaan Bhoopalam<\/td>\n<td style=\"width: 23.6301%;\" align=\"LEFT\">Helsingborgs ASK<\/td>\n<td style=\"width: 10.1027%;\" align=\"CENTER\">1.0<\/td>\n<td style=\"width: 11.6438%;\" align=\"CENTER\">10.50<\/td>\n<td style=\"width: 16.2671%;\" align=\"LEFT\"><\/td>\n<\/tr>\n<tr>\n<td style=\"width: 4.79452%;\" align=\"LEFT\" height=\"17\"><\/td>\n<td style=\"width: 33.5616%;\" align=\"LEFT\"><\/td>\n<td style=\"width: 23.6301%;\" align=\"LEFT\"><\/td>\n<td style=\"width: 10.1027%;\" align=\"CENTER\"><\/td>\n<td style=\"width: 11.6438%;\" align=\"CENTER\"><\/td>\n<td style=\"width: 16.2671%;\" align=\"LEFT\"><\/td>\n<\/tr>\n<tr>\n<td style=\"width: 38.3561%;\" colspan=\"2\" align=\"LEFT\" height=\"18\"><strong>Nyb\u00f6rjare<\/strong><\/td>\n<td style=\"width: 23.6301%;\" align=\"LEFT\"><\/td>\n<td style=\"width: 10.1027%;\" align=\"CENTER\">P<\/td>\n<td style=\"width: 11.6438%;\" align=\"CENTER\">KvP<\/td>\n<td style=\"width: 16.2671%;\" align=\"LEFT\"><\/td>\n<\/tr>\n<tr>\n<td style=\"width: 4.79452%;\" align=\"CENTER\" height=\"18\">1<\/td>\n<td style=\"width: 33.5616%;\" align=\"LEFT\">Vihaan Manure<\/td>\n<td style=\"width: 23.6301%;\" align=\"LEFT\">Helsingborgs ASK<\/td>\n<td style=\"width: 10.1027%;\" align=\"CENTER\">13<\/td>\n<td style=\"width: 11.6438%;\" align=\"CENTER\">49<\/td>\n<td style=\"width: 16.2671%;\" align=\"LEFT\"><\/td>\n<\/tr>\n<tr>\n<td style=\"width: 4.79452%;\" align=\"CENTER\" height=\"18\">2<\/td>\n<td style=\"width: 33.5616%;\" align=\"LEFT\">Kartik Rithe<\/td>\n<td style=\"width: 23.6301%;\" align=\"LEFT\">Helsingborgs ASK<\/td>\n<td style=\"width: 10.1027%;\" align=\"CENTER\">13<\/td>\n<td style=\"width: 11.6438%;\" align=\"CENTER\">46<\/td>\n<td style=\"width: 16.2671%;\" align=\"LEFT\">KvP (E)<\/td>\n<\/tr>\n<tr>\n<td style=\"width: 4.79452%;\" align=\"CENTER\" height=\"18\">3<\/td>\n<td style=\"width: 33.5616%;\" align=\"LEFT\">V. Vijayakumar<\/td>\n<td style=\"width: 23.6301%;\" align=\"LEFT\">Helsingborgs ASK<\/td>\n<td style=\"width: 10.1027%;\" align=\"CENTER\">13<\/td>\n<td style=\"width: 11.6438%;\" align=\"CENTER\">46<\/td>\n<td style=\"width: 16.2671%;\" align=\"LEFT\">Inb<\/td>\n<\/tr>\n<tr>\n<td style=\"width: 4.79452%;\" align=\"CENTER\" height=\"18\">4<\/td>\n<td style=\"width: 33.5616%;\" align=\"LEFT\">Paarth Boppudi<\/td>\n<td style=\"width: 23.6301%;\" align=\"LEFT\">Helsingborgs ASK<\/td>\n<td style=\"width: 10.1027%;\" align=\"CENTER\">13<\/td>\n<td style=\"width: 11.6438%;\" align=\"CENTER\">46<\/td>\n<td style=\"width: 16.2671%;\" align=\"LEFT\"><\/td>\n<\/tr>\n<tr>\n<td style=\"width: 4.79452%;\" align=\"CENTER\" height=\"18\">5<\/td>\n<td style=\"width: 33.5616%;\" align=\"LEFT\">Naina Palla<\/td>\n<td style=\"width: 23.6301%;\" align=\"LEFT\">Helsingborgs ASK<\/td>\n<td style=\"width: 10.1027%;\" align=\"CENTER\">12<\/td>\n<td style=\"width: 11.6438%;\" align=\"CENTER\">45<\/td>\n<td style=\"width: 16.2671%;\" align=\"LEFT\"><\/td>\n<\/tr>\n<tr>\n<td style=\"width: 4.79452%;\" align=\"CENTER\" height=\"18\">6<\/td>\n<td style=\"width: 33.5616%;\" align=\"LEFT\">Aadhisha Vimalathithan<\/td>\n<td style=\"width: 23.6301%;\" align=\"LEFT\">Helsingborgs ASK<\/td>\n<td style=\"width: 10.1027%;\" align=\"CENTER\">12<\/td>\n<td style=\"width: 11.6438%;\" align=\"CENTER\">43<\/td>\n<td style=\"width: 16.2671%;\" align=\"LEFT\"><\/td>\n<\/tr>\n<tr>\n<td style=\"width: 4.79452%;\" align=\"CENTER\" height=\"18\">7<\/td>\n<td style=\"width: 33.5616%;\" align=\"LEFT\">Pranav Vutukuri<\/td>\n<td style=\"width: 23.6301%;\" align=\"LEFT\">Helsingborgs ASK<\/td>\n<td style=\"width: 10.1027%;\" align=\"CENTER\">11<\/td>\n<td style=\"width: 11.6438%;\" align=\"CENTER\">49<\/td>\n<td style=\"width: 16.2671%;\" align=\"LEFT\">Flest vinster<\/td>\n<\/tr>\n<tr>\n<td style=\"width: 4.79452%;\" align=\"CENTER\" height=\"18\">8<\/td>\n<td style=\"width: 33.5616%;\" align=\"LEFT\">Kavya Rithe<\/td>\n<td style=\"width: 23.6301%;\" align=\"LEFT\">Helsingborgs ASK<\/td>\n<td style=\"width: 10.1027%;\" align=\"CENTER\">11<\/td>\n<td style=\"width: 11.6438%;\" align=\"CENTER\">49<\/td>\n<td style=\"width: 16.2671%;\" align=\"LEFT\"><\/td>\n<\/tr>\n<tr>\n<td style=\"width: 4.79452%;\" align=\"CENTER\" height=\"18\">9<\/td>\n<td style=\"width: 33.5616%;\" align=\"LEFT\">Manni Verma<\/td>\n<td style=\"width: 23.6301%;\" align=\"LEFT\">Helsingborgs ASK<\/td>\n<td style=\"width: 10.1027%;\" align=\"CENTER\">11<\/td>\n<td style=\"width: 11.6438%;\" align=\"CENTER\">44<\/td>\n<td style=\"width: 16.2671%;\" align=\"LEFT\"><\/td>\n<\/tr>\n<tr>\n<td style=\"width: 4.79452%;\" align=\"CENTER\" height=\"18\">10<\/td>\n<td style=\"width: 33.5616%;\" align=\"LEFT\">Sushalini Ganji<\/td>\n<td style=\"width: 23.6301%;\" align=\"LEFT\">Helsingborgs ASK<\/td>\n<td style=\"width: 10.1027%;\" align=\"CENTER\">11<\/td>\n<td style=\"width: 11.6438%;\" align=\"CENTER\">43<\/td>\n<td style=\"width: 16.2671%;\" align=\"LEFT\">Lottning<\/td>\n<\/tr>\n<tr>\n<td style=\"width: 4.79452%;\" align=\"CENTER\" height=\"18\">11<\/td>\n<td style=\"width: 33.5616%;\" align=\"LEFT\">Shrihaan Angara<\/td>\n<td style=\"width: 23.6301%;\" align=\"LEFT\">Helsingborgs ASK<\/td>\n<td style=\"width: 10.1027%;\" align=\"CENTER\">11<\/td>\n<td style=\"width: 11.6438%;\" align=\"CENTER\">43<\/td>\n<td style=\"width: 16.2671%;\" align=\"LEFT\"><\/td>\n<\/tr>\n<tr>\n<td style=\"width: 4.79452%;\" align=\"CENTER\" height=\"18\">12<\/td>\n<td style=\"width: 33.5616%;\" align=\"LEFT\">Nova Tegsell<\/td>\n<td style=\"width: 23.6301%;\" align=\"LEFT\">Helsingborgs ASK<\/td>\n<td style=\"width: 10.1027%;\" align=\"CENTER\">11<\/td>\n<td style=\"width: 11.6438%;\" align=\"CENTER\">41<\/td>\n<td style=\"width: 16.2671%;\" align=\"LEFT\"><\/td>\n<\/tr>\n<tr>\n<td style=\"width: 4.79452%;\" align=\"CENTER\" height=\"18\">13<\/td>\n<td style=\"width: 33.5616%;\" align=\"LEFT\">Rudra Boppudi<\/td>\n<td style=\"width: 23.6301%;\" align=\"LEFT\">Helsingborgs ASK<\/td>\n<td style=\"width: 10.1027%;\" align=\"CENTER\">11<\/td>\n<td style=\"width: 11.6438%;\" align=\"CENTER\">40<\/td>\n<td style=\"width: 16.2671%;\" align=\"LEFT\"><\/td>\n<\/tr>\n<tr>\n<td style=\"width: 4.79452%;\" align=\"CENTER\" height=\"18\">14<\/td>\n<td style=\"width: 33.5616%;\" align=\"LEFT\">Vehansh<\/td>\n<td style=\"width: 23.6301%;\" align=\"LEFT\">Helsingborgs ASK<\/td>\n<td style=\"width: 10.1027%;\" align=\"CENTER\">10<\/td>\n<td style=\"width: 11.6438%;\" align=\"CENTER\">39<\/td>\n<td style=\"width: 16.2671%;\" align=\"LEFT\"><\/td>\n<\/tr>\n<tr>\n<td style=\"width: 4.79452%;\" align=\"CENTER\" height=\"18\">15<\/td>\n<td style=\"width: 33.5616%;\" align=\"LEFT\">Shree Ganji<\/td>\n<td style=\"width: 23.6301%;\" align=\"LEFT\">Helsingborgs ASK<\/td>\n<td style=\"width: 10.1027%;\" align=\"CENTER\">10<\/td>\n<td style=\"width: 11.6438%;\" align=\"CENTER\">29<\/td>\n<td style=\"width: 16.2671%;\" align=\"LEFT\"><\/td>\n<\/tr>\n<tr>\n<td style=\"width: 4.79452%;\" align=\"CENTER\" height=\"18\">16<\/td>\n<td style=\"width: 33.5616%;\" align=\"LEFT\">Lakshitha Prahbu<\/td>\n<td style=\"width: 23.6301%;\" align=\"LEFT\">Helsingborgs ASK<\/td>\n<td style=\"width: 10.1027%;\" align=\"CENTER\">9<\/td>\n<td style=\"width: 11.6438%;\" align=\"CENTER\">46<\/td>\n<td style=\"width: 16.2671%;\" align=\"LEFT\"><\/td>\n<\/tr>\n<tr>\n<td style=\"width: 4.79452%;\" align=\"CENTER\" height=\"18\">17<\/td>\n<td style=\"width: 33.5616%;\" align=\"LEFT\">Shabina Mastani<\/td>\n<td style=\"width: 23.6301%;\" align=\"LEFT\">Helsingborgs ASK<\/td>\n<td style=\"width: 10.1027%;\" align=\"CENTER\">9<\/td>\n<td style=\"width: 11.6438%;\" align=\"CENTER\">45<\/td>\n<td style=\"width: 16.2671%;\" align=\"LEFT\"><\/td>\n<\/tr>\n<tr>\n<td style=\"width: 4.79452%;\" align=\"CENTER\" height=\"18\">18<\/td>\n<td style=\"width: 33.5616%;\" align=\"LEFT\">Nazial Mastani<\/td>\n<td style=\"width: 23.6301%;\" align=\"LEFT\">Helsingborgs ASK<\/td>\n<td style=\"width: 10.1027%;\" align=\"CENTER\">9<\/td>\n<td style=\"width: 11.6438%;\" align=\"CENTER\">42<\/td>\n<td style=\"width: 16.2671%;\" align=\"LEFT\"><\/td>\n<\/tr>\n<tr>\n<td style=\"width: 4.79452%;\" align=\"CENTER\" height=\"18\">19<\/td>\n<td style=\"width: 33.5616%;\" align=\"LEFT\">Nithwik<\/td>\n<td style=\"width: 23.6301%;\" align=\"LEFT\">Helsingborgs ASK<\/td>\n<td style=\"width: 10.1027%;\" align=\"CENTER\">9<\/td>\n<td style=\"width: 11.6438%;\" align=\"CENTER\">39<\/td>\n<td style=\"width: 16.2671%;\" align=\"LEFT\"><\/td>\n<\/tr>\n<tr>\n<td style=\"width: 4.79452%;\" align=\"CENTER\" height=\"18\">20<\/td>\n<td style=\"width: 33.5616%;\" align=\"LEFT\">Apoorv Barkade<\/td>\n<td style=\"width: 23.6301%;\" align=\"LEFT\">Helsingborgs ASK<\/td>\n<td style=\"width: 10.1027%;\" align=\"CENTER\">9<\/td>\n<td style=\"width: 11.6438%;\" align=\"CENTER\">38<\/td>\n<td style=\"width: 16.2671%;\" align=\"LEFT\"><\/td>\n<\/tr>\n<tr>\n<td style=\"width: 4.79452%;\" align=\"CENTER\" height=\"18\">21<\/td>\n<td style=\"width: 33.5616%;\" align=\"LEFT\">Praanve Surisetty<\/td>\n<td style=\"width: 23.6301%;\" align=\"LEFT\">Helsingborgs ASK<\/td>\n<td style=\"width: 10.1027%;\" align=\"CENTER\">9<\/td>\n<td style=\"width: 11.6438%;\" align=\"CENTER\">37<\/td>\n<td style=\"width: 16.2671%;\" align=\"LEFT\"><\/td>\n<\/tr>\n<tr>\n<td style=\"width: 4.79452%;\" align=\"CENTER\" height=\"18\">22<\/td>\n<td style=\"width: 33.5616%;\" align=\"LEFT\">Vedansh<\/td>\n<td style=\"width: 23.6301%;\" align=\"LEFT\">Helsingborgs ASK<\/td>\n<td style=\"width: 10.1027%;\" align=\"CENTER\">8<\/td>\n<td style=\"width: 11.6438%;\" align=\"CENTER\">43<\/td>\n<td style=\"width: 16.2671%;\" align=\"LEFT\"><\/td>\n<\/tr>\n<tr>\n<td style=\"width: 4.79452%;\" align=\"CENTER\" height=\"18\">23<\/td>\n<td style=\"width: 33.5616%;\" align=\"LEFT\">Ninahsh Sahgv<\/td>\n<td style=\"width: 23.6301%;\" align=\"LEFT\">Helsingborgs ASK<\/td>\n<td style=\"width: 10.1027%;\" align=\"CENTER\">8<\/td>\n<td style=\"width: 11.6438%;\" align=\"CENTER\">42<\/td>\n<td style=\"width: 16.2671%;\" align=\"LEFT\">KvP (E)<\/td>\n<\/tr>\n<tr>\n<td style=\"width: 4.79452%;\" align=\"CENTER\" height=\"18\">24<\/td>\n<td style=\"width: 33.5616%;\" align=\"LEFT\">Urvee Potana<\/td>\n<td style=\"width: 23.6301%;\" align=\"LEFT\">Helsingborgs ASK<\/td>\n<td style=\"width: 10.1027%;\" align=\"CENTER\">8<\/td>\n<td style=\"width: 11.6438%;\" align=\"CENTER\">42<\/td>\n<td style=\"width: 16.2671%;\" align=\"LEFT\"><\/td>\n<\/tr>\n<tr>\n<td style=\"width: 4.79452%;\" align=\"CENTER\" height=\"18\">25<\/td>\n<td style=\"width: 33.5616%;\" align=\"LEFT\">Nilasha Prebhu<\/td>\n<td style=\"width: 23.6301%;\" align=\"LEFT\">Helsingborgs ASK<\/td>\n<td style=\"width: 10.1027%;\" align=\"CENTER\">6<\/td>\n<td style=\"width: 11.6438%;\" align=\"CENTER\">40<\/td>\n<td style=\"width: 16.2671%;\" align=\"LEFT\"><\/td>\n<\/tr>\n<tr>\n<td style=\"width: 4.79452%;\" align=\"CENTER\" height=\"18\">26<\/td>\n<td style=\"width: 33.5616%;\" align=\"LEFT\">Hasini B.<\/td>\n<td style=\"width: 23.6301%;\" align=\"LEFT\">Helsingborgs ASK<\/td>\n<td style=\"width: 10.1027%;\" align=\"CENTER\">5<\/td>\n<td style=\"width: 11.6438%;\" align=\"CENTER\">37<\/td>\n<td style=\"width: 16.2671%;\" align=\"LEFT\"><\/td>\n<\/tr>\n<\/tbody>\n<\/table>\n","protected":false},"excerpt":{"rendered":"<p>Arrang\u00f6r:\u00a0Nordv\u00e4stra Sk\u00e5nes Schackf\u00f6rbund Spellokal: HASKs klubblokal, Rundg\u00e5ngen 22, Helsingborg Speldatum: 6:e december 2025 T\u00e4vlingssystem: Juniorer och miniorer, 5 ronder 20 minuter + 5 sekunder\/drag, Nyb\u00f6rjare 5 ronder med avd\u00f6mning, 3-2-1 po\u00e4ngsystem T\u00e4vlande: 44 deltagare Juniorer P 1 Sion Nivstrand Wikdahl &hellip; <a href=\"https:\/\/www.nvssf.com\/forbundet\/resultat\/resultat-2025\/junior-dm-host-2025\/\">Forts\u00e4tt l\u00e4sa <span class=\"meta-nav\">&rarr;<\/span><\/a><\/p>\n","protected":false},"author":9,"featured_media":0,"parent":14759,"menu_order":0,"comment_status":"closed","ping_status":"closed","template":"","meta":{"_acf_changed":false,"footnotes":""},"acf":[],"_links":{"self":[{"href":"https:\/\/www.nvssf.com\/forbundet\/wp-json\/wp\/v2\/pages\/15177"}],"collection":[{"href":"https:\/\/www.nvssf.com\/forbundet\/wp-json\/wp\/v2\/pages"}],"about":[{"href":"https:\/\/www.nvssf.com\/forbundet\/wp-json\/wp\/v2\/types\/page"}],"author":[{"embeddable":true,"href":"https:\/\/www.nvssf.com\/forbundet\/wp-json\/wp\/v2\/users\/9"}],"replies":[{"embeddable":true,"href":"https:\/\/www.nvssf.com\/forbundet\/wp-json\/wp\/v2\/comments?post=15177"}],"version-history":[{"count":2,"href":"https:\/\/www.nvssf.com\/forbundet\/wp-json\/wp\/v2\/pages\/15177\/revisions"}],"predecessor-version":[{"id":15179,"href":"https:\/\/www.nvssf.com\/forbundet\/wp-json\/wp\/v2\/pages\/15177\/revisions\/15179"}],"up":[{"embeddable":true,"href":"https:\/\/www.nvssf.com\/forbundet\/wp-json\/wp\/v2\/pages\/14759"}],"wp:attachment":[{"href":"https:\/\/www.nvssf.com\/forbundet\/wp-json\/wp\/v2\/media?parent=15177"}],"curies":[{"name":"wp","href":"https:\/\/api.w.org\/{rel}","templated":true}]}}