{"id":15280,"date":"2026-01-29T23:20:14","date_gmt":"2026-01-29T22:20:14","guid":{"rendered":"https:\/\/www.nvssf.com\/forbundet\/?page_id=15280"},"modified":"2026-01-29T23:20:14","modified_gmt":"2026-01-29T22:20:14","slug":"skanska-skolmasterskapet-2025","status":"publish","type":"page","link":"https:\/\/www.nvssf.com\/forbundet\/resultat\/resultat-2025\/skanska-skolmasterskapet-2025\/","title":{"rendered":"Sk\u00e5nska skolm\u00e4sterskapet 2025"},"content":{"rendered":"<p><strong>Arrang\u00f6r:<\/strong> Sk\u00e5nes Schackf\u00f6rbund och Helsingborgs ASK<\/p>\n<p><strong>Spellokal:<\/strong> JENSEN gymnasium Helsingborg, Kaliforniegatan 4, 252 18 Helsingborg<\/p>\n<p><strong>Speldatum:<\/strong> 25 september 2025<\/p>\n<p><strong>T\u00e4vlande:<\/strong> 135 deltagare<\/p>\n<p><strong>Resultat: <\/strong>Som PDF <a href=\"https:\/\/www.nvssf.com\/forbundet\/wp-content\/uploads\/2026\/01\/Skanska-2025.pdf\" target=\"_blank\" rel=\"noopener\">h\u00e4r<\/a>. I Sveriges schackf\u00f6rbunds medlemssystem <a href=\"https:\/\/member.schack.se\/ShowTournamentServlet?id=16858\" target=\"_blank\" rel=\"noopener\">h\u00e4r<\/a>.<\/p>\n","protected":false},"excerpt":{"rendered":"<p>Arrang\u00f6r: Sk\u00e5nes Schackf\u00f6rbund och Helsingborgs ASK Spellokal: JENSEN gymnasium Helsingborg, Kaliforniegatan 4, 252 18 Helsingborg Speldatum: 25 september 2025 T\u00e4vlande: 135 deltagare Resultat: Som PDF h\u00e4r. I Sveriges schackf\u00f6rbunds medlemssystem h\u00e4r.<\/p>\n","protected":false},"author":9,"featured_media":0,"parent":14759,"menu_order":0,"comment_status":"closed","ping_status":"closed","template":"","meta":{"_acf_changed":false,"footnotes":""},"acf":[],"_links":{"self":[{"href":"https:\/\/www.nvssf.com\/forbundet\/wp-json\/wp\/v2\/pages\/15280"}],"collection":[{"href":"https:\/\/www.nvssf.com\/forbundet\/wp-json\/wp\/v2\/pages"}],"about":[{"href":"https:\/\/www.nvssf.com\/forbundet\/wp-json\/wp\/v2\/types\/page"}],"author":[{"embeddable":true,"href":"https:\/\/www.nvssf.com\/forbundet\/wp-json\/wp\/v2\/users\/9"}],"replies":[{"embeddable":true,"href":"https:\/\/www.nvssf.com\/forbundet\/wp-json\/wp\/v2\/comments?post=15280"}],"version-history":[{"count":1,"href":"https:\/\/www.nvssf.com\/forbundet\/wp-json\/wp\/v2\/pages\/15280\/revisions"}],"predecessor-version":[{"id":15281,"href":"https:\/\/www.nvssf.com\/forbundet\/wp-json\/wp\/v2\/pages\/15280\/revisions\/15281"}],"up":[{"embeddable":true,"href":"https:\/\/www.nvssf.com\/forbundet\/wp-json\/wp\/v2\/pages\/14759"}],"wp:attachment":[{"href":"https:\/\/www.nvssf.com\/forbundet\/wp-json\/wp\/v2\/media?parent=15280"}],"curies":[{"name":"wp","href":"https:\/\/api.w.org\/{rel}","templated":true}]}}