{"id":15397,"date":"2026-03-27T23:33:47","date_gmt":"2026-03-27T22:33:47","guid":{"rendered":"https:\/\/www.nvssf.com\/forbundet\/?page_id=15397"},"modified":"2026-03-27T23:33:47","modified_gmt":"2026-03-27T22:33:47","slug":"schack4an-distriktsfinal-nordvastra-skane","status":"publish","type":"page","link":"https:\/\/www.nvssf.com\/forbundet\/resultat\/resultat-2026\/schack4an-distriktsfinal-nordvastra-skane\/","title":{"rendered":"Schack4an distriktsfinal Nordv\u00e4stra Sk\u00e5ne"},"content":{"rendered":"<p><strong>Arrang\u00f6r:<\/strong>\u00a0Nordv\u00e4stra Sk\u00e5nes Schackf\u00f6rbund<\/p>\n<p><strong>Spellokal:<\/strong> Idrottens hus (B-hallen) Mellersta Stenbocksgatan 10 Helsingborg<\/p>\n<p><strong>Speldatum:<\/strong> 27 mars 2026<\/p>\n<p><strong>T\u00e4vlingssystem: <\/strong>Klasst\u00e4vling, 4 ronder, Avd\u00f6mning, 3-2-1 po\u00e4ngsystem<\/p>\n<p><strong>T\u00e4vlande:<\/strong> 314 deltagare<\/p>\n<table style=\"width: 100%;\" border=\"1\">\n<tbody>\n<tr>\n<td style=\"width: 13.1849%;\">1<\/td>\n<td style=\"width: 69.6918%;\">Slottsh\u00f6jdens skola<\/td>\n<td style=\"width: 17.2945%;\">364<\/td>\n<\/tr>\n<tr>\n<td style=\"width: 13.1849%;\">2<\/td>\n<td style=\"width: 69.6918%;\">Dibber International<\/td>\n<td style=\"width: 17.2945%;\">310<\/td>\n<\/tr>\n<tr>\n<td style=\"width: 13.1849%;\">3<\/td>\n<td style=\"width: 69.6918%;\">Vikenskolan 4B<\/td>\n<td style=\"width: 17.2945%;\">307<\/td>\n<\/tr>\n<tr>\n<td style=\"width: 13.1849%;\">4<\/td>\n<td style=\"width: 69.6918%;\">Husensj\u00f6 skola 4B<\/td>\n<td style=\"width: 17.2945%;\">306<\/td>\n<\/tr>\n<tr>\n<td style=\"width: 13.1849%;\">5<\/td>\n<td style=\"width: 69.6918%;\">Vikenskolan 4A<\/td>\n<td style=\"width: 17.2945%;\">296<\/td>\n<\/tr>\n<tr>\n<td style=\"width: 13.1849%;\">5<\/td>\n<td style=\"width: 69.6918%;\">B\u00e5stads Montessori<\/td>\n<td style=\"width: 17.2945%;\">296<\/td>\n<\/tr>\n<tr>\n<td style=\"width: 13.1849%;\">7<\/td>\n<td style=\"width: 69.6918%;\">Slottsv\u00e5ngsskolan<\/td>\n<td style=\"width: 17.2945%;\">293<\/td>\n<\/tr>\n<tr>\n<td style=\"width: 13.1849%;\">8<\/td>\n<td style=\"width: 69.6918%;\">Kvidinge skola<\/td>\n<td style=\"width: 17.2945%;\">292<\/td>\n<\/tr>\n<tr>\n<td style=\"width: 13.1849%;\">9<\/td>\n<td style=\"width: 69.6918%;\">Husensj\u00f6 skola 4A<\/td>\n<td style=\"width: 17.2945%;\">286<\/td>\n<\/tr>\n<tr>\n<td style=\"width: 13.1849%;\">10<\/td>\n<td style=\"width: 69.6918%;\">Lunnaskolan<\/td>\n<td style=\"width: 17.2945%;\">284<\/td>\n<\/tr>\n<tr>\n<td style=\"width: 13.1849%;\">11<\/td>\n<td style=\"width: 69.6918%;\">Synkopen<\/td>\n<td style=\"width: 17.2945%;\">278<\/td>\n<\/tr>\n<tr>\n<td style=\"width: 13.1849%;\">12<\/td>\n<td style=\"width: 69.6918%;\">Vikenskolan 4C<\/td>\n<td style=\"width: 17.2945%;\">274<\/td>\n<\/tr>\n<tr>\n<td style=\"width: 13.1849%;\">13<\/td>\n<td style=\"width: 69.6918%;\">Bj\u00e4rsh\u00f6gsskolan 4A<\/td>\n<td style=\"width: 17.2945%;\">264<\/td>\n<\/tr>\n<tr>\n<td style=\"width: 13.1849%;\">14<\/td>\n<td style=\"width: 69.6918%;\">Noblaskolan<\/td>\n<td style=\"width: 17.2945%;\">243<\/td>\n<\/tr>\n<tr>\n<td style=\"width: 13.1849%;\">15<\/td>\n<td style=\"width: 69.6918%;\">Bj\u00e4rsh\u00f6gsskolan 4B<\/td>\n<td style=\"width: 17.2945%;\">230<\/td>\n<\/tr>\n<tr>\n<td style=\"width: 13.1849%;\">16<\/td>\n<td style=\"width: 69.6918%;\">Fridaskolan<\/td>\n<td style=\"width: 17.2945%;\">212<\/td>\n<\/tr>\n<tr>\n<td style=\"width: 13.1849%;\">17<\/td>\n<td style=\"width: 69.6918%;\">Husensj\u00f6 skola 4C<\/td>\n<td style=\"width: 17.2945%;\">189<\/td>\n<\/tr>\n<\/tbody>\n<\/table>\n","protected":false},"excerpt":{"rendered":"<p>Arrang\u00f6r:\u00a0Nordv\u00e4stra Sk\u00e5nes Schackf\u00f6rbund Spellokal: Idrottens hus (B-hallen) Mellersta Stenbocksgatan 10 Helsingborg Speldatum: 27 mars 2026 T\u00e4vlingssystem: Klasst\u00e4vling, 4 ronder, Avd\u00f6mning, 3-2-1 po\u00e4ngsystem T\u00e4vlande: 314 deltagare 1 Slottsh\u00f6jdens skola 364 2 Dibber International 310 3 Vikenskolan 4B 307 4 Husensj\u00f6 skola &hellip; <a href=\"https:\/\/www.nvssf.com\/forbundet\/resultat\/resultat-2026\/schack4an-distriktsfinal-nordvastra-skane\/\">Forts\u00e4tt l\u00e4sa <span class=\"meta-nav\">&rarr;<\/span><\/a><\/p>\n","protected":false},"author":9,"featured_media":0,"parent":15395,"menu_order":0,"comment_status":"closed","ping_status":"closed","template":"","meta":{"_acf_changed":false,"footnotes":""},"acf":[],"_links":{"self":[{"href":"https:\/\/www.nvssf.com\/forbundet\/wp-json\/wp\/v2\/pages\/15397"}],"collection":[{"href":"https:\/\/www.nvssf.com\/forbundet\/wp-json\/wp\/v2\/pages"}],"about":[{"href":"https:\/\/www.nvssf.com\/forbundet\/wp-json\/wp\/v2\/types\/page"}],"author":[{"embeddable":true,"href":"https:\/\/www.nvssf.com\/forbundet\/wp-json\/wp\/v2\/users\/9"}],"replies":[{"embeddable":true,"href":"https:\/\/www.nvssf.com\/forbundet\/wp-json\/wp\/v2\/comments?post=15397"}],"version-history":[{"count":1,"href":"https:\/\/www.nvssf.com\/forbundet\/wp-json\/wp\/v2\/pages\/15397\/revisions"}],"predecessor-version":[{"id":15398,"href":"https:\/\/www.nvssf.com\/forbundet\/wp-json\/wp\/v2\/pages\/15397\/revisions\/15398"}],"up":[{"embeddable":true,"href":"https:\/\/www.nvssf.com\/forbundet\/wp-json\/wp\/v2\/pages\/15395"}],"wp:attachment":[{"href":"https:\/\/www.nvssf.com\/forbundet\/wp-json\/wp\/v2\/media?parent=15397"}],"curies":[{"name":"wp","href":"https:\/\/api.w.org\/{rel}","templated":true}]}}