{"id":15502,"date":"2026-05-09T21:46:12","date_gmt":"2026-05-09T19:46:12","guid":{"rendered":"https:\/\/www.nvssf.com\/forbundet\/?page_id=15502"},"modified":"2026-05-10T16:15:15","modified_gmt":"2026-05-10T14:15:15","slug":"junior-dm-snabbschack-var-nyborjare-2026","status":"publish","type":"page","link":"https:\/\/www.nvssf.com\/forbundet\/resultat\/resultat-2026\/junior-dm-snabbschack-var-nyborjare-2026\/","title":{"rendered":"Junior-DM snabbschack (v\u00e5r) nyb\u00f6rjare 2026"},"content":{"rendered":"<p><strong>Arrang\u00f6r:<\/strong>\u00a0Nordv\u00e4stra Sk\u00e5nes Schackf\u00f6rbund<\/p>\n<p><strong>Spellokal:<\/strong> HASKs klubblokal, Rundg\u00e5ngen 22, Helsingborg<\/p>\n<p><strong>Speldatum:<\/strong> 9:e maj 2025<\/p>\n<p><strong>T\u00e4vlingssystem:<\/strong> 5 ronder monrad, Avd\u00f6mning<\/p>\n<table style=\"border-collapse: collapse; width: 100%;\" border=\"1\">\n<tbody>\n<tr>\n<td style=\"width: 4.88014%;\"><\/td>\n<td style=\"width: 25.5993%;\">Namn<\/td>\n<td style=\"width: 14.2123%;\">Klubb<\/td>\n<td style=\"width: 15.2397%;\">Po\u00e4ng<\/td>\n<td style=\"width: 22.774%;\">Kvalitetspo\u00e4ng<\/td>\n<\/tr>\n<tr>\n<td style=\"width: 4.88014%;\">1<\/td>\n<td style=\"width: 25.5993%;\">Joshiv Orumpati<\/td>\n<td style=\"width: 14.2123%;\">HASK<\/td>\n<td style=\"width: 15.2397%;\">4\u00bd<\/td>\n<td style=\"width: 22.774%;\">13\u00bd<\/td>\n<\/tr>\n<tr>\n<td style=\"width: 4.88014%;\">2<\/td>\n<td style=\"width: 25.5993%;\">Hugo Pedersen<\/td>\n<td style=\"width: 14.2123%;\">HSS<\/td>\n<td style=\"width: 15.2397%;\">4<\/td>\n<td style=\"width: 22.774%;\">14\u00bd<\/td>\n<\/tr>\n<tr>\n<td style=\"width: 4.88014%;\">3<\/td>\n<td style=\"width: 25.5993%;\">Tayem Bawadkji<\/td>\n<td style=\"width: 14.2123%;\">HASK<\/td>\n<td style=\"width: 15.2397%;\">4<\/td>\n<td style=\"width: 22.774%;\">12\u00bd<\/td>\n<\/tr>\n<tr>\n<td style=\"width: 4.88014%;\">4<\/td>\n<td style=\"width: 25.5993%;\">Vincent Galeev<\/td>\n<td style=\"width: 14.2123%;\">HSS<\/td>\n<td style=\"width: 15.2397%;\">4<\/td>\n<td style=\"width: 22.774%;\">11\u00bd<\/td>\n<\/tr>\n<tr>\n<td style=\"width: 4.88014%;\">5<\/td>\n<td style=\"width: 25.5993%;\">Milo Astborg<\/td>\n<td style=\"width: 14.2123%;\">HSS<\/td>\n<td style=\"width: 15.2397%;\">3\u00bd<\/td>\n<td style=\"width: 22.774%;\">10\u00bd<\/td>\n<\/tr>\n<tr>\n<td style=\"width: 4.88014%;\">6<\/td>\n<td style=\"width: 25.5993%;\">Lukas I.<\/td>\n<td style=\"width: 14.2123%;\">HSS<\/td>\n<td style=\"width: 15.2397%;\">3<\/td>\n<td style=\"width: 22.774%;\">14<\/td>\n<\/tr>\n<tr>\n<td style=\"width: 4.88014%;\">7<\/td>\n<td style=\"width: 25.5993%;\">Philip Arudd<\/td>\n<td style=\"width: 14.2123%;\">HSS<\/td>\n<td style=\"width: 15.2397%;\">3<\/td>\n<td style=\"width: 22.774%;\">13<\/td>\n<\/tr>\n<tr>\n<td style=\"width: 4.88014%;\">8<\/td>\n<td style=\"width: 25.5993%;\">Hassan Albaba<\/td>\n<td style=\"width: 14.2123%;\">HSS<\/td>\n<td style=\"width: 15.2397%;\">3<\/td>\n<td style=\"width: 22.774%;\">12<\/td>\n<\/tr>\n<tr>\n<td style=\"width: 4.88014%;\">9<\/td>\n<td style=\"width: 25.5993%;\">Xander Samane<\/td>\n<td style=\"width: 14.2123%;\">HASK<\/td>\n<td style=\"width: 15.2397%;\">3<\/td>\n<td style=\"width: 22.774%;\">11<\/td>\n<\/tr>\n<tr>\n<td style=\"width: 4.88014%;\">10<\/td>\n<td style=\"width: 25.5993%;\">Joud Albaba<\/td>\n<td style=\"width: 14.2123%;\">HSS<\/td>\n<td style=\"width: 15.2397%;\">3<\/td>\n<td style=\"width: 22.774%;\">9\u00bd<\/td>\n<\/tr>\n<tr>\n<td style=\"width: 4.88014%;\">11<\/td>\n<td style=\"width: 25.5993%;\">Amishi Gupta<\/td>\n<td style=\"width: 14.2123%;\">HASK<\/td>\n<td style=\"width: 15.2397%;\">2\u00bd<\/td>\n<td style=\"width: 22.774%;\">14\u00bd<\/td>\n<\/tr>\n<tr>\n<td style=\"width: 4.88014%;\">12<\/td>\n<td style=\"width: 25.5993%;\">Aadhisha Vimalathithan<\/td>\n<td style=\"width: 14.2123%;\">HASK<\/td>\n<td style=\"width: 15.2397%;\">2\u00bd<\/td>\n<td style=\"width: 22.774%;\">13<\/td>\n<\/tr>\n<tr>\n<td style=\"width: 4.88014%;\">13<\/td>\n<td style=\"width: 25.5993%;\">Srinika Kondamudi<\/td>\n<td style=\"width: 14.2123%;\">HASK<\/td>\n<td style=\"width: 15.2397%;\">2\u00bd<\/td>\n<td style=\"width: 22.774%;\">11<\/td>\n<\/tr>\n<tr>\n<td style=\"width: 4.88014%;\">14<\/td>\n<td style=\"width: 25.5993%;\">Ragnar Hjort<\/td>\n<td style=\"width: 14.2123%;\">HASK<\/td>\n<td style=\"width: 15.2397%;\">2\u00bd<\/td>\n<td style=\"width: 22.774%;\">11<\/td>\n<\/tr>\n<tr>\n<td style=\"width: 4.88014%;\">15<\/td>\n<td style=\"width: 25.5993%;\">Valter Birgersson<\/td>\n<td style=\"width: 14.2123%;\">HASK<\/td>\n<td style=\"width: 15.2397%;\">2<\/td>\n<td style=\"width: 22.774%;\">13<\/td>\n<\/tr>\n<tr>\n<td style=\"width: 4.88014%;\">16<\/td>\n<td style=\"width: 25.5993%;\">Tala Salem<\/td>\n<td style=\"width: 14.2123%;\">Landskrona<\/td>\n<td style=\"width: 15.2397%;\">2<\/td>\n<td style=\"width: 22.774%;\">12\u00bd<\/td>\n<\/tr>\n<tr>\n<td style=\"width: 4.88014%;\">17<\/td>\n<td style=\"width: 25.5993%;\">Victor Galeev<\/td>\n<td style=\"width: 14.2123%;\">HSS<\/td>\n<td style=\"width: 15.2397%;\">2<\/td>\n<td style=\"width: 22.774%;\">9\u00bd<\/td>\n<\/tr>\n<tr>\n<td style=\"width: 4.88014%;\">18<\/td>\n<td style=\"width: 25.5993%;\">Rudra Boppudi<\/td>\n<td style=\"width: 14.2123%;\">HASK<\/td>\n<td style=\"width: 15.2397%;\">2<\/td>\n<td style=\"width: 22.774%;\">9\u00bd<\/td>\n<\/tr>\n<tr>\n<td style=\"width: 4.88014%;\">19<\/td>\n<td style=\"width: 25.5993%;\">Nova Tegsell<\/td>\n<td style=\"width: 14.2123%;\">HASK<\/td>\n<td style=\"width: 15.2397%;\">1\u00bd<\/td>\n<td style=\"width: 22.774%;\">10\u00bd<\/td>\n<\/tr>\n<tr>\n<td style=\"width: 4.88014%;\">20<\/td>\n<td style=\"width: 25.5993%;\">Sereen Salem<\/td>\n<td style=\"width: 14.2123%;\">Landskrona<\/td>\n<td style=\"width: 15.2397%;\">1\u00bd<\/td>\n<td style=\"width: 22.774%;\">10<\/td>\n<\/tr>\n<tr>\n<td style=\"width: 4.88014%;\">21<\/td>\n<td style=\"width: 25.5993%;\">Shree Ganji<\/td>\n<td style=\"width: 14.2123%;\">HASK<\/td>\n<td style=\"width: 15.2397%;\">1\u00bd<\/td>\n<td style=\"width: 22.774%;\">7<\/td>\n<\/tr>\n<tr>\n<td style=\"width: 4.88014%;\">22<\/td>\n<td style=\"width: 25.5993%;\">Gabriel El Ramaied<\/td>\n<td style=\"width: 14.2123%;\">HASK<\/td>\n<td style=\"width: 15.2397%;\">0<\/td>\n<td style=\"width: 22.774%;\">10\u00bd<\/td>\n<\/tr>\n<tr>\n<td style=\"width: 4.88014%;\">23<\/td>\n<td style=\"width: 25.5993%;\">Ashvi Gupta<\/td>\n<td style=\"width: 14.2123%;\">HASK<\/td>\n<td style=\"width: 15.2397%;\">Utg\u00e5tt r 4<\/td>\n<td style=\"width: 22.774%;\"><\/td>\n<\/tr>\n<\/tbody>\n<\/table>\n","protected":false},"excerpt":{"rendered":"<p>Arrang\u00f6r:\u00a0Nordv\u00e4stra Sk\u00e5nes Schackf\u00f6rbund Spellokal: HASKs klubblokal, Rundg\u00e5ngen 22, Helsingborg Speldatum: 9:e maj 2025 T\u00e4vlingssystem: 5 ronder monrad, Avd\u00f6mning Namn Klubb Po\u00e4ng Kvalitetspo\u00e4ng 1 Joshiv Orumpati HASK 4\u00bd 13\u00bd 2 Hugo Pedersen HSS 4 14\u00bd 3 Tayem Bawadkji HASK 4 12\u00bd &hellip; <a href=\"https:\/\/www.nvssf.com\/forbundet\/resultat\/resultat-2026\/junior-dm-snabbschack-var-nyborjare-2026\/\">Forts\u00e4tt l\u00e4sa <span class=\"meta-nav\">&rarr;<\/span><\/a><\/p>\n","protected":false},"author":9,"featured_media":0,"parent":15395,"menu_order":0,"comment_status":"closed","ping_status":"closed","template":"","meta":{"_acf_changed":false,"footnotes":""},"acf":[],"_links":{"self":[{"href":"https:\/\/www.nvssf.com\/forbundet\/wp-json\/wp\/v2\/pages\/15502"}],"collection":[{"href":"https:\/\/www.nvssf.com\/forbundet\/wp-json\/wp\/v2\/pages"}],"about":[{"href":"https:\/\/www.nvssf.com\/forbundet\/wp-json\/wp\/v2\/types\/page"}],"author":[{"embeddable":true,"href":"https:\/\/www.nvssf.com\/forbundet\/wp-json\/wp\/v2\/users\/9"}],"replies":[{"embeddable":true,"href":"https:\/\/www.nvssf.com\/forbundet\/wp-json\/wp\/v2\/comments?post=15502"}],"version-history":[{"count":3,"href":"https:\/\/www.nvssf.com\/forbundet\/wp-json\/wp\/v2\/pages\/15502\/revisions"}],"predecessor-version":[{"id":15524,"href":"https:\/\/www.nvssf.com\/forbundet\/wp-json\/wp\/v2\/pages\/15502\/revisions\/15524"}],"up":[{"embeddable":true,"href":"https:\/\/www.nvssf.com\/forbundet\/wp-json\/wp\/v2\/pages\/15395"}],"wp:attachment":[{"href":"https:\/\/www.nvssf.com\/forbundet\/wp-json\/wp\/v2\/media?parent=15502"}],"curies":[{"name":"wp","href":"https:\/\/api.w.org\/{rel}","templated":true}]}}