{"id":15517,"date":"2026-05-10T10:03:49","date_gmt":"2026-05-10T08:03:49","guid":{"rendered":"https:\/\/www.nvssf.com\/forbundet\/?page_id=15517"},"modified":"2026-05-10T10:03:49","modified_gmt":"2026-05-10T08:03:49","slug":"jdm-snabbschack-var-miniorer-och-juniorer-2026","status":"publish","type":"page","link":"https:\/\/www.nvssf.com\/forbundet\/resultat\/resultat-2026\/jdm-snabbschack-var-miniorer-och-juniorer-2026\/","title":{"rendered":"JDM snabbschack (v\u00e5r) miniorer och juniorer 2026"},"content":{"rendered":"<p><strong>Arrang\u00f6r:<\/strong>\u00a0Nordv\u00e4stra Sk\u00e5nes Schackf\u00f6rbund<\/p>\n<p><strong>Spellokal:<\/strong>\u00a0HASKs klubblokal, Rundg\u00e5ngen 22, Helsingborg<\/p>\n<p><strong>Speldatum:<\/strong>\u00a09:e maj 2025<\/p>\n<p><strong>T\u00e4vlingssystem:<\/strong> 5 ronder 15 minuter + 5 sekunder\/drag. Miniorer monrad, juniorer schweizer.<\/p>\n<p><img decoding=\"async\" src=\"https:\/\/www.nvssf.com\/forbundet\/wp-content\/uploads\/2026\/05\/JDM-Snabb-miniorer.png\" \/><br \/>\nMiniorklassen p\u00e5 Sveriges schackf\u00f6rbunds hemsida finns <a href=\"https:\/\/member.schack.se\/ShowTournamentServlet?id=18526\" target=\"_blank\" rel=\"noopener\">h\u00e4r<\/a>.<\/p>\n<p><img decoding=\"async\" src=\"https:\/\/www.nvssf.com\/forbundet\/wp-content\/uploads\/2026\/05\/JDM-Snabb-juniorer.png\" \/><br \/>\nJuniorklassen p\u00e5 Sveriges schackf\u00f6rbunds hemsida finns <a href=\"https:\/\/member.schack.se\/ShowTournamentServlet?id=18527\" target=\"_blank\" rel=\"noopener\">h\u00e4r<\/a>.<\/p>\n","protected":false},"excerpt":{"rendered":"<p>Arrang\u00f6r:\u00a0Nordv\u00e4stra Sk\u00e5nes Schackf\u00f6rbund Spellokal:\u00a0HASKs klubblokal, Rundg\u00e5ngen 22, Helsingborg Speldatum:\u00a09:e maj 2025 T\u00e4vlingssystem: 5 ronder 15 minuter + 5 sekunder\/drag. Miniorer monrad, juniorer schweizer. Miniorklassen p\u00e5 Sveriges schackf\u00f6rbunds hemsida finns h\u00e4r. Juniorklassen p\u00e5 Sveriges schackf\u00f6rbunds hemsida finns h\u00e4r.<\/p>\n","protected":false},"author":9,"featured_media":0,"parent":15395,"menu_order":0,"comment_status":"closed","ping_status":"closed","template":"","meta":{"_acf_changed":false,"footnotes":""},"acf":[],"_links":{"self":[{"href":"https:\/\/www.nvssf.com\/forbundet\/wp-json\/wp\/v2\/pages\/15517"}],"collection":[{"href":"https:\/\/www.nvssf.com\/forbundet\/wp-json\/wp\/v2\/pages"}],"about":[{"href":"https:\/\/www.nvssf.com\/forbundet\/wp-json\/wp\/v2\/types\/page"}],"author":[{"embeddable":true,"href":"https:\/\/www.nvssf.com\/forbundet\/wp-json\/wp\/v2\/users\/9"}],"replies":[{"embeddable":true,"href":"https:\/\/www.nvssf.com\/forbundet\/wp-json\/wp\/v2\/comments?post=15517"}],"version-history":[{"count":3,"href":"https:\/\/www.nvssf.com\/forbundet\/wp-json\/wp\/v2\/pages\/15517\/revisions"}],"predecessor-version":[{"id":15522,"href":"https:\/\/www.nvssf.com\/forbundet\/wp-json\/wp\/v2\/pages\/15517\/revisions\/15522"}],"up":[{"embeddable":true,"href":"https:\/\/www.nvssf.com\/forbundet\/wp-json\/wp\/v2\/pages\/15395"}],"wp:attachment":[{"href":"https:\/\/www.nvssf.com\/forbundet\/wp-json\/wp\/v2\/media?parent=15517"}],"curies":[{"name":"wp","href":"https:\/\/api.w.org\/{rel}","templated":true}]}}