{"id":2108,"date":"2015-10-16T09:18:06","date_gmt":"2015-10-16T07:18:06","guid":{"rendered":"http:\/\/www.nvssf.com\/forbundet\/?page_id=2108"},"modified":"2016-04-27T01:30:44","modified_gmt":"2016-04-26T23:30:44","slug":"junior-dm-i-snabbschack-2015","status":"publish","type":"page","link":"https:\/\/www.nvssf.com\/forbundet\/resultat\/resultat-2015\/junior-dm-i-snabbschack-2015\/","title":{"rendered":"Junior-DM i Snabbschack 2015"},"content":{"rendered":"<h3>Grupp A \u00c5rskurs 5 och \u00e4ldre<\/h3>\n<div class=\"su-tabs su-tabs-style-default su-tabs-mobile-stack\" data-active=\"8\" data-scroll-offset=\"0\" data-anchor-in-url=\"no\"><div class=\"su-tabs-nav\"><span class=\"\" data-url=\"\" data-target=\"blank\" tabindex=\"0\" role=\"button\">Deltagare<\/span><span class=\"\" data-url=\"\" data-target=\"blank\" tabindex=\"0\" role=\"button\">Rond 1<\/span><span class=\"\" data-url=\"\" data-target=\"blank\" tabindex=\"0\" role=\"button\">Rond 2<\/span><span class=\"\" data-url=\"\" data-target=\"blank\" tabindex=\"0\" role=\"button\">Rond 3<\/span><span class=\"\" data-url=\"\" data-target=\"blank\" tabindex=\"0\" role=\"button\">Rond 4<\/span><span class=\"\" data-url=\"\" data-target=\"blank\" tabindex=\"0\" role=\"button\">Rond 5<\/span><span class=\"\" data-url=\"\" data-target=\"blank\" tabindex=\"0\" role=\"button\">Rond 6<\/span><span class=\"\" data-url=\"\" data-target=\"blank\" tabindex=\"0\" role=\"button\">Slutst\u00e4llning<\/span><\/div><div class=\"su-tabs-panes\"><div class=\"su-tabs-pane su-u-clearfix su-u-trim\" data-title=\"Deltagare\">\n<pre>No  Name                 Club            \r\n\r\n1.  Sakarias Jussila     \u00c5storps SS      \r\n2.  Tess Jussila         \u00c5storps SS      \r\n3.  Filip Jonsson        Helsingborgs ASK\r\n4.  Casper Helgesson     Landskrona SK   \r\n5.  Erik Palm            \u00c5storps SS      \r\n6.  Lukas Mirsch         Helsingborgs ASK\r\n7.  Marko Bizic          Helsingborgs ASK\r\n8.  Majed Fakhr Eldin    Helsingborgs ASK\r\n9.  Linnea Lauridsen     Helsingborgs ASK\r\n10. Tomasz Szczepanowski Helsingborgs ASK\r\n11. Haider Al-Sherufi    Helsingborgs ASK\r\n<\/pre>\n<\/div>\n<div class=\"su-tabs-pane su-u-clearfix su-u-trim\" data-title=\"Rond 1\">\n<pre>No Name              Club              Result   Name                 Club            \r\n\r\n 1 Sakarias Jussila  \u00c5storps SS          1:0    Lukas Mirsch         Helsingborgs ASK\r\n 2 Marko Bizic       Helsingborgs ASK    1:0    Tess Jussila         \u00c5storps SS      \r\n 3 Filip Jonsson     Helsingborgs ASK    1:0    Majed Fakhr Eldin    Helsingborgs ASK\r\n 4 Linnea Lauridsen  Helsingborgs ASK    1:0    Casper Helgesson     Landskrona SK   \r\n 5 Erik Palm         \u00c5storps SS          0:1    Tomasz Szczepanowski Helsingborgs ASK\r\n 6 Haider Al-Sherufi Helsingborgs ASK    1:0    BYE                                  \r\n\r\n<\/pre>\n<\/div>\n<div class=\"su-tabs-pane su-u-clearfix su-u-trim\" data-title=\"Rond 2\">\n<pre>No Name                 Club              Result   Name             Club            \r\n\r\n 1 Linnea Lauridsen     Helsingborgs ASK    0:1    Sakarias Jussila \u00c5storps SS      \r\n 2 Tomasz Szczepanowski Helsingborgs ASK    1:0    Filip Jonsson    Helsingborgs ASK\r\n 3 Haider Al-Sherufi    Helsingborgs ASK    1:0    Marko Bizic      Helsingborgs ASK\r\n 4 Tess Jussila         \u00c5storps SS          1:0    Erik Palm        \u00c5storps SS      \r\n 5 Casper Helgesson     Landskrona SK       1:0    Lukas Mirsch     Helsingborgs ASK\r\n 6 Majed Fakhr Eldin    Helsingborgs ASK    1:0    BYE                              \r\n\r\n<\/pre>\n<\/div>\n<div class=\"su-tabs-pane su-u-clearfix su-u-trim\" data-title=\"Rond 3\">\n<pre>No Name              Club              Result   Name                 Club            \r\n\r\n 1 Sakarias Jussila  \u00c5storps SS          1:0    Haider Al-Sherufi    Helsingborgs ASK\r\n 2 Marko Bizic       Helsingborgs ASK    0:1    Tomasz Szczepanowski Helsingborgs ASK\r\n 3 Majed Fakhr Eldin Helsingborgs ASK    1:0    Tess Jussila         \u00c5storps SS      \r\n 4 Filip Jonsson     Helsingborgs ASK    1:0    Casper Helgesson     Landskrona SK   \r\n 5 Erik Palm         \u00c5storps SS          0:1    Linnea Lauridsen     Helsingborgs ASK\r\n 6 Lukas Mirsch      Helsingborgs ASK    1:0    BYE                                  \r\n\r\n<\/pre>\n<\/div>\n<div class=\"su-tabs-pane su-u-clearfix su-u-trim\" data-title=\"Rond 4\">\n<pre>No Name                 Club              Result   Name              Club            \r\n\r\n 1 Tomasz Szczepanowski Helsingborgs ASK    1:0    Sakarias Jussila  \u00c5storps SS      \r\n 2 Linnea Lauridsen     Helsingborgs ASK    0:1    Filip Jonsson     Helsingborgs ASK\r\n 3 Haider Al-Sherufi    Helsingborgs ASK    0:1    Majed Fakhr Eldin Helsingborgs ASK\r\n 4 Lukas Mirsch         Helsingborgs ASK    1:0    Tess Jussila      \u00c5storps SS      \r\n 5 Casper Helgesson     Landskrona SK       1:0    Marko Bizic       Helsingborgs ASK\r\n 6 Erik Palm            \u00c5storps SS          1:0    BYE                               \r\n<\/pre>\n<\/div>\n<div class=\"su-tabs-pane su-u-clearfix su-u-trim\" data-title=\"Rond 5\">\n<pre>No Name              Club              Result   Name                 Club            \r\n\r\n 1 Majed Fakhr Eldin Helsingborgs ASK    0:1    Tomasz Szczepanowski Helsingborgs ASK\r\n 2 Sakarias Jussila  \u00c5storps SS          0:1    Filip Jonsson        Helsingborgs ASK\r\n 3 Casper Helgesson  Landskrona SK       0:1    Haider Al-Sherufi    Helsingborgs ASK\r\n 4 Tess Jussila      \u00c5storps SS          0:1    Linnea Lauridsen     Helsingborgs ASK\r\n 5 Lukas Mirsch      Helsingborgs ASK    1:0    Erik Palm            \u00c5storps SS      \r\n 6 Marko Bizic       Helsingborgs ASK    1:0    BYE                                  \r\n<\/pre>\n<\/div>\n<div class=\"su-tabs-pane su-u-clearfix su-u-trim\" data-title=\"Rond 6\">\n<pre>No Name                 Club              Result   Name              Club            \r\n\r\n 1 Tomasz Szczepanowski Helsingborgs ASK    1:0    Casper Helgesson  Landskrona SK   \r\n 2 Filip Jonsson        Helsingborgs ASK    1:0    Lukas Mirsch      Helsingborgs ASK\r\n 3 Haider Al-Sherufi    Helsingborgs ASK    1:0    Linnea Lauridsen  Helsingborgs ASK\r\n 4 Marko Bizic          Helsingborgs ASK    0:1    Sakarias Jussila  \u00c5storps SS      \r\n 5 Erik Palm            \u00c5storps SS          0:1    Majed Fakhr Eldin Helsingborgs ASK\r\n 6 Tess Jussila         \u00c5storps SS          1:0    BYE                               \r\n<\/pre>\n<\/div>\n<div class=\"su-tabs-pane su-u-clearfix su-u-trim\" data-title=\"Slutst\u00e4llning\">\n<pre>Place Name                 Club             Score M-Buch.\r\n\r\n  1   Tomasz Szczepanowski Helsingborgs ASK 6        16.0\r\n  2   Filip Jonsson        Helsingborgs ASK 5        19.0\r\n  3   Sakarias Jussila     \u00c5storps SS       4        20.0\r\n  4   Majed Fakhr Eldin    Helsingborgs ASK 4        19.0\r\n  5   Haider Al-Sherufi    Helsingborgs ASK 4        15.5\r\n  6   Linnea Lauridsen     Helsingborgs ASK 3        16.0\r\n  7   Lukas Mirsch         Helsingborgs ASK 3        15.5\r\n  8   Casper Helgesson     Landskrona SK    2        20.0\r\n  9   Marko Bizic          Helsingborgs ASK 2        18.5\r\n 10   Tess Jussila         \u00c5storps SS       2        13.5\r\n 11   Erik Palm            \u00c5storps SS       1        18.0\r\n\r\n<\/pre>\n<\/div><\/div><\/div>\n<h3>Grupp B \u00c5rskurs 4 och yngre<\/h3>\n<div class=\"su-tabs su-tabs-style-default su-tabs-mobile-stack\" data-active=\"8\" data-scroll-offset=\"0\" data-anchor-in-url=\"no\"><div class=\"su-tabs-nav\"><span class=\"\" data-url=\"\" data-target=\"blank\" tabindex=\"0\" role=\"button\">Deltagare<\/span><span class=\"\" data-url=\"\" data-target=\"blank\" tabindex=\"0\" role=\"button\">Rond 1<\/span><span class=\"\" data-url=\"\" data-target=\"blank\" tabindex=\"0\" role=\"button\">Rond 2<\/span><span class=\"\" data-url=\"\" data-target=\"blank\" tabindex=\"0\" role=\"button\">Rond 3<\/span><span class=\"\" data-url=\"\" data-target=\"blank\" tabindex=\"0\" role=\"button\">Rond 4<\/span><span class=\"\" data-url=\"\" data-target=\"blank\" tabindex=\"0\" role=\"button\">Rond 5<\/span><span class=\"\" data-url=\"\" data-target=\"blank\" tabindex=\"0\" role=\"button\">Rond 6<\/span><span class=\"\" data-url=\"\" data-target=\"blank\" tabindex=\"0\" role=\"button\">Slutst\u00e4llning<\/span><\/div><div class=\"su-tabs-panes\"><div class=\"su-tabs-pane su-u-clearfix su-u-trim\" data-title=\"Deltagare\">\n<pre>No  Name               Club            \r\n\r\n1.  Albin Eksten       Helsingborgs SS \r\n2.  John Martin Breili Engelholms SK   \r\n3.  Oskar Palm         \u00c5storps SS      \r\n4.  George Bobocea     \u00c5storps SS      \r\n5.  Arvid M\u00e5nsson      Landskrona SK   \r\n6.  Emil Duus          Helsingborgs ASK\r\n7.  Annie Dahlberg     Helsingborgs SS \r\n8.  Vera Jussila       \u00c5storps SS      \r\n9.  Ylva Jussila       \u00c5storps SS      \r\n10. Sixten Wallin      Helsingborgs SS \r\n11. Manfred Nilsson    Helsingborgs ASK\r\n12. Alice Nygren       \u00c5storps SS      \r\n13. Gabriel Thede      Helsingborgs ASK\r\n14. Samuel Larsson     Helsingborgs ASK\r\n15. Lukas Palm         \u00c5storps SS      \r\n<\/pre>\n<\/div>\n<div class=\"su-tabs-pane su-u-clearfix su-u-trim\" data-title=\"Rond 1\">\n<pre>No Name            Club              Result   Name               Club            \r\n\r\n 1 Albin Eksten    Helsingborgs SS     1:0    Vera Jussila       \u00c5storps SS      \r\n 2 Ylva Jussila    \u00c5storps SS          0:1    John Martin Breili Engelholms SK   \r\n 3 Oskar Palm      \u00c5storps SS          0:1    Sixten Wallin      Helsingborgs SS \r\n 4 Manfred Nilsson Helsingborgs ASK    0:1    George Bobocea     \u00c5storps SS      \r\n 5 Arvid M\u00e5nsson   Landskrona SK       1:0    Alice Nygren       \u00c5storps SS      \r\n 6 Gabriel Thede   Helsingborgs ASK    1:0    Emil Duus          Helsingborgs ASK\r\n 7 Annie Dahlberg  Helsingborgs SS     0:1    Samuel Larsson     Helsingborgs ASK\r\n 8 Lukas Palm      \u00c5storps SS          1:0    BYE                                \r\n<\/pre>\n<\/div>\n<div class=\"su-tabs-pane su-u-clearfix su-u-trim\" data-title=\"Rond 2\">\n<pre>No Name               Club              Result   Name           Club            \r\n\r\n 1 Sixten Wallin      Helsingborgs SS     1:0    Albin Eksten   Helsingborgs SS \r\n 2 John Martin Breili Engelholms SK       1:0    Gabriel Thede  Helsingborgs ASK\r\n 3 George Bobocea     \u00c5storps SS          1:0    Lukas Palm     \u00c5storps SS      \r\n 4 Samuel Larsson     Helsingborgs ASK    1:0    Arvid M\u00e5nsson  Landskrona SK   \r\n 5 Vera Jussila       \u00c5storps SS          0:1    Oskar Palm     \u00c5storps SS      \r\n 6 Emil Duus          Helsingborgs ASK    1:0    Ylva Jussila   \u00c5storps SS      \r\n 7 Manfred Nilsson    Helsingborgs ASK   .5:.5   Annie Dahlberg Helsingborgs SS \r\n 8 Alice Nygren       \u00c5storps SS          1:0    BYE                            \r\n\r\n<\/pre>\n<\/div>\n<div class=\"su-tabs-pane su-u-clearfix su-u-trim\" data-title=\"Rond 3\">\n<pre>No Name           Club              Result   Name               Club            \r\n\r\n 1 Sixten Wallin  Helsingborgs SS     1:0    John Martin Breili Engelholms SK   \r\n 2 Samuel Larsson Helsingborgs ASK    1:0    George Bobocea     \u00c5storps SS      \r\n 3 Albin Eksten   Helsingborgs SS     0:1    Emil Duus          Helsingborgs ASK\r\n 4 Alice Nygren   \u00c5storps SS          0:1    Oskar Palm         \u00c5storps SS      \r\n 5 Lukas Palm     \u00c5storps SS          0:1    Arvid M\u00e5nsson      Landskrona SK   \r\n 6 Gabriel Thede  Helsingborgs ASK    1:0    Manfred Nilsson    Helsingborgs ASK\r\n 7 Annie Dahlberg Helsingborgs SS     1:0    Vera Jussila       \u00c5storps SS      \r\n 8 Ylva Jussila   \u00c5storps SS          1:0    BYE                                \r\n<\/pre>\n<\/div>\n<div class=\"su-tabs-pane su-u-clearfix su-u-trim\" data-title=\"Rond 4\">\n<pre>No Name               Club             Result   Name            Club            \r\n\r\n 1 John Martin Breili Engelholms SK      0:1    Samuel Larsson  Helsingborgs ASK\r\n 2 George Bobocea     \u00c5storps SS         1:0    Sixten Wallin   Helsingborgs SS \r\n 3 Oskar Palm         \u00c5storps SS         0:1    Emil Duus       Helsingborgs ASK\r\n 4 Arvid M\u00e5nsson      Landskrona SK      0:1    Gabriel Thede   Helsingborgs ASK\r\n 5 Albin Eksten       Helsingborgs SS   .5:.5   Annie Dahlberg  Helsingborgs SS \r\n 6 Ylva Jussila       \u00c5storps SS         1:0    Alice Nygren    \u00c5storps SS      \r\n 7 Lukas Palm         \u00c5storps SS         0:1    Manfred Nilsson Helsingborgs ASK\r\n 8 Vera Jussila       \u00c5storps SS         1:0    BYE                             \r\n\r\n<\/pre>\n<\/div>\n<div class=\"su-tabs-pane su-u-clearfix su-u-trim\" data-title=\"Rond 5\">\n<pre>No Name            Club              Result   Name               Club           \r\n\r\n 1 Samuel Larsson  Helsingborgs ASK   .5:.5   Sixten Wallin      Helsingborgs SS\r\n 2 Gabriel Thede   Helsingborgs ASK    1:0    George Bobocea     \u00c5storps SS     \r\n 3 Emil Duus       Helsingborgs ASK    1:0    Arvid M\u00e5nsson      Landskrona SK  \r\n 4 Annie Dahlberg  Helsingborgs SS     1:0    John Martin Breili Engelholms SK  \r\n 5 Oskar Palm      \u00c5storps SS          0:1    Ylva Jussila       \u00c5storps SS     \r\n 6 Alice Nygren    \u00c5storps SS          0:1    Albin Eksten       Helsingborgs SS\r\n 7 Vera Jussila    \u00c5storps SS         .5:.5   Lukas Palm         \u00c5storps SS     \r\n 8 Manfred Nilsson Helsingborgs ASK    1:0    BYE                               \r\n\r\n<\/pre>\n<\/div>\n<div class=\"su-tabs-pane su-u-clearfix su-u-trim\" data-title=\"Rond 6\">\n<pre>No Name               Club              Result   Name           Club            \r\n\r\n 1 Emil Duus          Helsingborgs ASK    0:1    Samuel Larsson Helsingborgs ASK\r\n 2 Sixten Wallin      Helsingborgs SS     0:1    Gabriel Thede  Helsingborgs ASK\r\n 3 George Bobocea     \u00c5storps SS          0:1    Annie Dahlberg Helsingborgs SS \r\n 4 Ylva Jussila       \u00c5storps SS          1:0    Albin Eksten   Helsingborgs SS \r\n 5 Manfred Nilsson    Helsingborgs ASK    1:0    Oskar Palm     \u00c5storps SS      \r\n 6 John Martin Breili Engelholms SK       1:0    Vera Jussila   \u00c5storps SS      \r\n 7 Lukas Palm         \u00c5storps SS          1:0    Alice Nygren   \u00c5storps SS      \r\n 8 Arvid M\u00e5nsson      Landskrona SK       1:0    BYE                            \r\n\r\n<\/pre>\n<\/div>\n<div class=\"su-tabs-pane su-u-clearfix su-u-trim\" data-title=\"Slutst\u00e4llning\">\n<pre>Place Name               Club             Score M-Buch.\r\n\r\n  1   Samuel Larsson     Helsingborgs ASK 5.5      17.5\r\n  2   Gabriel Thede      Helsingborgs ASK 5        16.5\r\n  3   Emil Duus          Helsingborgs ASK 4        19.0\r\n  4   Annie Dahlberg     Helsingborgs SS  4        17.0\r\n  5   Ylva Jussila       \u00c5storps SS       4        14.5\r\n  6   Sixten Wallin      Helsingborgs SS  3.5      19.0\r\n  7   Manfred Nilsson    Helsingborgs ASK 3.5      17.0\r\n  8   John Martin Breili Engelholms SK    3        21.5\r\n  9   George Bobocea     \u00c5storps SS       3        21.0\r\n 10   Arvid M\u00e5nsson      Landskrona SK    3        19.5\r\n 11   Albin Eksten       Helsingborgs SS  2.5      16.0\r\n 12   Lukas Palm         \u00c5storps SS       2.5      12.5\r\n 13   Oskar Palm         \u00c5storps SS       2        15.0\r\n 14   Vera Jussila       \u00c5storps SS       1.5      14.5\r\n 15   Alice Nygren       \u00c5storps SS       1        13.5\r\n\r\n<\/pre>\n<\/div><\/div><\/div>\n","protected":false},"excerpt":{"rendered":"<p>Grupp A \u00c5rskurs 5 och \u00e4ldre Grupp B \u00c5rskurs 4 och yngre<\/p>\n","protected":false},"author":2,"featured_media":0,"parent":1289,"menu_order":0,"comment_status":"open","ping_status":"closed","template":"sidebar-page.php","meta":{"_acf_changed":false,"footnotes":""},"acf":[],"_links":{"self":[{"href":"https:\/\/www.nvssf.com\/forbundet\/wp-json\/wp\/v2\/pages\/2108"}],"collection":[{"href":"https:\/\/www.nvssf.com\/forbundet\/wp-json\/wp\/v2\/pages"}],"about":[{"href":"https:\/\/www.nvssf.com\/forbundet\/wp-json\/wp\/v2\/types\/page"}],"author":[{"embeddable":true,"href":"https:\/\/www.nvssf.com\/forbundet\/wp-json\/wp\/v2\/users\/2"}],"replies":[{"embeddable":true,"href":"https:\/\/www.nvssf.com\/forbundet\/wp-json\/wp\/v2\/comments?post=2108"}],"version-history":[{"count":1,"href":"https:\/\/www.nvssf.com\/forbundet\/wp-json\/wp\/v2\/pages\/2108\/revisions"}],"predecessor-version":[{"id":2871,"href":"https:\/\/www.nvssf.com\/forbundet\/wp-json\/wp\/v2\/pages\/2108\/revisions\/2871"}],"up":[{"embeddable":true,"href":"https:\/\/www.nvssf.com\/forbundet\/wp-json\/wp\/v2\/pages\/1289"}],"wp:attachment":[{"href":"https:\/\/www.nvssf.com\/forbundet\/wp-json\/wp\/v2\/media?parent=2108"}],"curies":[{"name":"wp","href":"https:\/\/api.w.org\/{rel}","templated":true}]}}