{"id":2221,"date":"2015-11-18T11:27:04","date_gmt":"2015-11-18T10:27:04","guid":{"rendered":"http:\/\/www.nvssf.com\/forbundet\/?page_id=2221"},"modified":"2016-04-27T01:31:09","modified_gmt":"2016-04-26T23:31:09","slug":"resultat-maskenalen-2015","status":"publish","type":"page","link":"https:\/\/www.nvssf.com\/forbundet\/resultat\/resultat-2015\/resultat-maskenalen-2015\/","title":{"rendered":"Resultat Masken\/\u00c5len 2015"},"content":{"rendered":"<p><a href=\"http:\/\/www.skaneschack.se\/\"><img loading=\"lazy\" decoding=\"async\" class=\"alignleft size-full wp-image-1267\" src=\"https:\/\/www.nvssf.com\/forbundet\/wp-content\/uploads\/2015\/02\/skaneschack.gif\" alt=\"skaneschack\" width=\"71\" height=\"74\" \/><\/a>Ungdomst\u00e4vlingen Masken\/\u00c5len arrangerades p\u00e5 Mellanhedsskolan i Malm\u00f6 l\u00f6rdagen den 14 november av Sk\u00e5nes Schackf\u00f6rbund.<br \/>\n<div class=\"su-tabs su-tabs-style-default su-tabs-mobile-stack\" data-active=\"1\" data-scroll-offset=\"0\" data-anchor-in-url=\"no\"><div class=\"su-tabs-nav\"><span class=\"\" data-url=\"\" data-target=\"blank\" tabindex=\"0\" role=\"button\">Juniorer<\/span><span class=\"\" data-url=\"\" data-target=\"blank\" tabindex=\"0\" role=\"button\">Kadetter<\/span><span class=\"\" data-url=\"\" data-target=\"blank\" tabindex=\"0\" role=\"button\">Miniorer<\/span><span class=\"\" data-url=\"\" data-target=\"blank\" tabindex=\"0\" role=\"button\">Yngre Miniorer<\/span><\/div><div class=\"su-tabs-panes\"><div class=\"su-tabs-pane su-u-clearfix su-u-trim\" data-title=\"Juniorer\">\n<h3>Juniorer<\/h3>\n<table id=\"\" class=\"sortable\"><thead><tr class=\"row1\"><th class=\"col1 sorttable_numeric\">Plac<\/th><th class=\"col2 sorttable_alpha\">Namn<\/th><th class=\"col3 sorttable_alpha\">Klubb<\/th><th class=\"col4 sorttable_nosort\">Po\u00e4ng<\/th><\/tr><\/thead><tbody><tr class=\"row2\"><td class=\"col1 sorttable_numeric\">1<\/td><td class=\"col2 sorttable_alpha\">Erik Leonardsson<\/td><td class=\"col3 sorttable_alpha\">SK Bara B\u00f6nder<\/td><td class=\"col4 sorttable_nosort\">5p\/6<\/td><\/tr><tr class=\"row3\"><td class=\"col1 sorttable_numeric\">2<\/td><td class=\"col2 sorttable_alpha\">Pontus Fogelberg<\/td><td class=\"col3 sorttable_alpha\">En Passant<\/td><td class=\"col4 sorttable_nosort\">4<\/td><\/tr><tr class=\"row4\"><td class=\"col1 sorttable_numeric\">3<\/td><td class=\"col2 sorttable_alpha\">Henrik Karpinsky<\/td><td class=\"col3 sorttable_alpha\">USK R\u00f6rsj\u00f6n<\/td><td class=\"col4 sorttable_nosort\">2<\/td><\/tr><tr class=\"row5\"><td class=\"col1 sorttable_numeric\">4<\/td><td class=\"col2 sorttable_alpha\">Simon Andersson<\/td><td class=\"col3 sorttable_alpha\">USK R\u00f6rsj\u00f6n<\/td><td class=\"col4 sorttable_nosort\">1<\/td><\/tr><\/tbody><\/table>\n<\/div>\n<div class=\"su-tabs-pane su-u-clearfix su-u-trim\" data-title=\"Kadetter\">\n<h3>Kadetter<\/h3>\n<table id=\"\" class=\"sortable\"><thead><tr class=\"row1\"><th class=\"col1 sorttable_numeric\">Plac<\/th><th class=\"col2 sorttable_alpha\">Namn<\/th><th class=\"col3 sorttable_alpha\">Klubb<\/th><th class=\"col4 sorttable_nosort\">Po\u00e4ng<\/th><\/tr><\/thead><tbody><tr class=\"row2\"><td class=\"col1 sorttable_numeric\">1<\/td><td class=\"col2 sorttable_alpha\">Martin Jogstad<\/td><td class=\"col3 sorttable_alpha\">Esl\u00f6vs SK<\/td><td class=\"col4 sorttable_nosort\">7p\/7<\/td><\/tr><tr class=\"row3\"><td class=\"col1 sorttable_numeric\">2<\/td><td class=\"col2 sorttable_alpha\">Andr\u00e9 Forsberg<\/td><td class=\"col3 sorttable_alpha\">En Passant<\/td><td class=\"col4 sorttable_nosort\">6<\/td><\/tr><tr class=\"row4\"><td class=\"col1 sorttable_numeric\">3<\/td><td class=\"col2 sorttable_alpha\">Carlos Th\u00f6rnberg<\/td><td class=\"col3 sorttable_alpha\">Limhamns SK<\/td><td class=\"col4 sorttable_nosort\">5<\/td><\/tr><tr class=\"row5\"><td class=\"col1 sorttable_numeric\">4<\/td><td class=\"col2 sorttable_alpha\">Jacob J\u00f6nsson<\/td><td class=\"col3 sorttable_alpha\">S\u00f6dra Sandby SS<\/td><td class=\"col4 sorttable_nosort\">5<\/td><\/tr><tr class=\"row6\"><td class=\"col1 sorttable_numeric\">5<\/td><td class=\"col2 sorttable_alpha\">Sixten Rosager<\/td><td class=\"col3 sorttable_alpha\">Lunds ASK<\/td><td class=\"col4 sorttable_nosort\">4\u00bd<\/td><\/tr><tr class=\"row7\"><td class=\"col1 sorttable_numeric\">6<\/td><td class=\"col2 sorttable_alpha\">Filip Jonsson<\/td><td class=\"col3 sorttable_alpha\">Helsingborgs ASK<\/td><td class=\"col4 sorttable_nosort\">4\u00bd<\/td><\/tr><tr class=\"row8\"><td class=\"col1 sorttable_numeric\">7<\/td><td class=\"col2 sorttable_alpha\">Anton H\u00e5kansson Dik<\/td><td class=\"col3 sorttable_alpha\">S\u00f6dra Sandby SS<\/td><td class=\"col4 sorttable_nosort\">4\u00bd<\/td><\/tr><tr class=\"row9\"><td class=\"col1 sorttable_numeric\">8<\/td><td class=\"col2 sorttable_alpha\">Elias Lundkvist<\/td><td class=\"col3 sorttable_alpha\">Ronneby SK<\/td><td class=\"col4 sorttable_nosort\">4<\/td><\/tr><tr class=\"row10\"><td class=\"col1 sorttable_numeric\">9<\/td><td class=\"col2 sorttable_alpha\">Karl Ekberg<\/td><td class=\"col3 sorttable_alpha\">Limhamns SK<\/td><td class=\"col4 sorttable_nosort\">4<\/td><\/tr><tr class=\"row11\"><td class=\"col1 sorttable_numeric\">10<\/td><td class=\"col2 sorttable_alpha\">Walter W\u00e4yrynen<\/td><td class=\"col3 sorttable_alpha\">Lunds ASK<\/td><td class=\"col4 sorttable_nosort\">4<\/td><\/tr><tr class=\"row12\"><td class=\"col1 sorttable_numeric\">11<\/td><td class=\"col2 sorttable_alpha\">Davy Than<\/td><td class=\"col3 sorttable_alpha\">Malm\u00f6 AS<\/td><td class=\"col4 sorttable_nosort\">4<\/td><\/tr><tr class=\"row13\"><td class=\"col1 sorttable_numeric\">12<\/td><td class=\"col2 sorttable_alpha\">Olof S\u00f6derqvist<\/td><td class=\"col3 sorttable_alpha\">S\u00f6dra Sandby SS<\/td><td class=\"col4 sorttable_nosort\">4<\/td><\/tr><tr class=\"row14\"><td class=\"col1 sorttable_numeric\">13<\/td><td class=\"col2 sorttable_alpha\">Benjamin Olsson<\/td><td class=\"col3 sorttable_alpha\">Esl\u00f6vs SK<\/td><td class=\"col4 sorttable_nosort\">4<\/td><\/tr><tr class=\"row15\"><td class=\"col1 sorttable_numeric\">14<\/td><td class=\"col2 sorttable_alpha\">Hampus Eriksson<\/td><td class=\"col3 sorttable_alpha\">Helsingborgs ASK<\/td><td class=\"col4 sorttable_nosort\">4<\/td><\/tr><tr class=\"row16\"><td class=\"col1 sorttable_numeric\">15<\/td><td class=\"col2 sorttable_alpha\">Erik Stein<\/td><td class=\"col3 sorttable_alpha\">Lunds ASK<\/td><td class=\"col4 sorttable_nosort\">4<\/td><\/tr><tr class=\"row17\"><td class=\"col1 sorttable_numeric\">16<\/td><td class=\"col2 sorttable_alpha\">Linus Eisele<\/td><td class=\"col3 sorttable_alpha\">S\u00f6dra Sandby SS<\/td><td class=\"col4 sorttable_nosort\">3\u00bd<\/td><\/tr><tr class=\"row18\"><td class=\"col1 sorttable_numeric\">17<\/td><td class=\"col2 sorttable_alpha\">Batoor Gholam<\/td><td class=\"col3 sorttable_alpha\">Lunds ASK<\/td><td class=\"col4 sorttable_nosort\">3<\/td><\/tr><tr class=\"row19\"><td class=\"col1 sorttable_numeric\">18<\/td><td class=\"col2 sorttable_alpha\">Majed Fakhr Eldin<\/td><td class=\"col3 sorttable_alpha\">Helsingborgs ASK<\/td><td class=\"col4 sorttable_nosort\">3<\/td><\/tr><tr class=\"row20\"><td class=\"col1 sorttable_numeric\">19<\/td><td class=\"col2 sorttable_alpha\">Kyllian Mendes<\/td><td class=\"col3 sorttable_alpha\">Lunds ASK<\/td><td class=\"col4 sorttable_nosort\">3<\/td><\/tr><tr class=\"row21\"><td class=\"col1 sorttable_numeric\">20<\/td><td class=\"col2 sorttable_alpha\">Hampus Erlandsson<\/td><td class=\"col3 sorttable_alpha\">S\u00f6dra Sandby SS<\/td><td class=\"col4 sorttable_nosort\">3<\/td><\/tr><tr class=\"row22\"><td class=\"col1 sorttable_numeric\">21<\/td><td class=\"col2 sorttable_alpha\">Hannes Blomkvist<\/td><td class=\"col3 sorttable_alpha\">En Passant<\/td><td class=\"col4 sorttable_nosort\">3<\/td><\/tr><tr class=\"row23\"><td class=\"col1 sorttable_numeric\">22<\/td><td class=\"col2 sorttable_alpha\">Tilda Jepson<\/td><td class=\"col3 sorttable_alpha\">Limhamns SK<\/td><td class=\"col4 sorttable_nosort\">2<\/td><\/tr><tr class=\"row24\"><td class=\"col1 sorttable_numeric\">23<\/td><td class=\"col2 sorttable_alpha\">Simon Sj\u00f6<\/td><td class=\"col3 sorttable_alpha\">S\u00f6dra Sandby SS<\/td><td class=\"col4 sorttable_nosort\">2<\/td><\/tr><tr class=\"row25\"><td class=\"col1 sorttable_numeric\">24<\/td><td class=\"col2 sorttable_alpha\">Marjana Skans<\/td><td class=\"col3 sorttable_alpha\">Limhamns SK<\/td><td class=\"col4 sorttable_nosort\">2<\/td><\/tr><tr class=\"row26\"><td class=\"col1 sorttable_numeric\">25<\/td><td class=\"col2 sorttable_alpha\">Alfred Hellmark<\/td><td class=\"col3 sorttable_alpha\">S\u00f6dra Sandby SS<\/td><td class=\"col4 sorttable_nosort\">2<\/td><\/tr><tr class=\"row27\"><td class=\"col1 sorttable_numeric\">26<\/td><td class=\"col2 sorttable_alpha\">M\u00e5ns Strandberg<\/td><td class=\"col3 sorttable_alpha\">Ystads SS<\/td><td class=\"col4 sorttable_nosort\">2<\/td><\/tr><tr class=\"row28\"><td class=\"col1 sorttable_numeric\">27<\/td><td class=\"col2 sorttable_alpha\">Sebastian Ekstrand<\/td><td class=\"col3 sorttable_alpha\">Helsingborgs ASK<\/td><td class=\"col4 sorttable_nosort\">1<\/td><\/tr><tr class=\"row29\"><td class=\"col1 sorttable_numeric\">28<\/td><td class=\"col2 sorttable_alpha\">Gunduz Mamadov<\/td><td class=\"col3 sorttable_alpha\">Limhamns SK<\/td><td class=\"col4 sorttable_nosort\">0<\/td><\/tr><\/tbody><\/table>\n<\/div>\n<div class=\"su-tabs-pane su-u-clearfix su-u-trim\" data-title=\"Miniorer\">\n<h3>Miniorer<\/h3>\n<table id=\"\" class=\"sortable\"><thead><tr class=\"row1\"><th class=\"col1 sorttable_numeric\">Plac<\/th><th class=\"col2 sorttable_alpha\">Namn<\/th><th class=\"col3 sorttable_alpha\">Klubb<\/th><th class=\"col4 sorttable_nosort\">Po\u00e4ng<\/th><\/tr><\/thead><tbody><tr class=\"row2\"><td class=\"col1 sorttable_numeric\">1<\/td><td class=\"col2 sorttable_alpha\">Tomasz Szczepanowski<\/td><td class=\"col3 sorttable_alpha\">Helsingborgs ASK<\/td><td class=\"col4 sorttable_nosort\">6p\/7<\/td><\/tr><tr class=\"row3\"><td class=\"col1 sorttable_numeric\">2<\/td><td class=\"col2 sorttable_alpha\">Oscar J\u00f6nsson<\/td><td class=\"col3 sorttable_alpha\">S\u00f6dra Sandby SS<\/td><td class=\"col4 sorttable_nosort\">5\u00bd<\/td><\/tr><tr class=\"row4\"><td class=\"col1 sorttable_numeric\">3<\/td><td class=\"col2 sorttable_alpha\">Alexander Nord<\/td><td class=\"col3 sorttable_alpha\">Lunds ASK<\/td><td class=\"col4 sorttable_nosort\">5<\/td><\/tr><tr class=\"row5\"><td class=\"col1 sorttable_numeric\">4<\/td><td class=\"col2 sorttable_alpha\">Svante Blomberg<\/td><td class=\"col3 sorttable_alpha\">S\u00f6dra Sandby SS<\/td><td class=\"col4 sorttable_nosort\">5<\/td><\/tr><tr class=\"row6\"><td class=\"col1 sorttable_numeric\">5<\/td><td class=\"col2 sorttable_alpha\">Lorik Sadiku<\/td><td class=\"col3 sorttable_alpha\">Lunds ASK<\/td><td class=\"col4 sorttable_nosort\">5<\/td><\/tr><tr class=\"row7\"><td class=\"col1 sorttable_numeric\">6<\/td><td class=\"col2 sorttable_alpha\">Hampus Bensryd<\/td><td class=\"col3 sorttable_alpha\">Lunds ASK<\/td><td class=\"col4 sorttable_nosort\">4\u00bd<\/td><\/tr><tr class=\"row8\"><td class=\"col1 sorttable_numeric\">7<\/td><td class=\"col2 sorttable_alpha\">Nathalie Westin<\/td><td class=\"col3 sorttable_alpha\">Limhamns SK<\/td><td class=\"col4 sorttable_nosort\">4\u00bd<\/td><\/tr><tr class=\"row9\"><td class=\"col1 sorttable_numeric\">8<\/td><td class=\"col2 sorttable_alpha\">Adam Tsakiris<\/td><td class=\"col3 sorttable_alpha\">Limhamns SK<\/td><td class=\"col4 sorttable_nosort\">4<\/td><\/tr><tr class=\"row10\"><td class=\"col1 sorttable_numeric\">9<\/td><td class=\"col2 sorttable_alpha\">Elias Glas<\/td><td class=\"col3 sorttable_alpha\">Esl\u00f6vs SK<\/td><td class=\"col4 sorttable_nosort\">4<\/td><\/tr><tr class=\"row11\"><td class=\"col1 sorttable_numeric\">10<\/td><td class=\"col2 sorttable_alpha\">Alex Egorov<\/td><td class=\"col3 sorttable_alpha\">Lunds ASK<\/td><td class=\"col4 sorttable_nosort\">4<\/td><\/tr><tr class=\"row12\"><td class=\"col1 sorttable_numeric\">11<\/td><td class=\"col2 sorttable_alpha\">Max Rasmusson<\/td><td class=\"col3 sorttable_alpha\">Ystads SS<\/td><td class=\"col4 sorttable_nosort\">4<\/td><\/tr><tr class=\"row13\"><td class=\"col1 sorttable_numeric\">12<\/td><td class=\"col2 sorttable_alpha\">Elin Pedersen<\/td><td class=\"col3 sorttable_alpha\">Limhamns SK<\/td><td class=\"col4 sorttable_nosort\">3\u00bd<\/td><\/tr><tr class=\"row14\"><td class=\"col1 sorttable_numeric\">13<\/td><td class=\"col2 sorttable_alpha\">Hampus Alvin<\/td><td class=\"col3 sorttable_alpha\">Lunds ASK<\/td><td class=\"col4 sorttable_nosort\">3<\/td><\/tr><tr class=\"row15\"><td class=\"col1 sorttable_numeric\">14<\/td><td class=\"col2 sorttable_alpha\">Alexander Aindow<\/td><td class=\"col3 sorttable_alpha\">Esl\u00f6vs SK<\/td><td class=\"col4 sorttable_nosort\">3<\/td><\/tr><tr class=\"row16\"><td class=\"col1 sorttable_numeric\">15<\/td><td class=\"col2 sorttable_alpha\">Erik Berggren<\/td><td class=\"col3 sorttable_alpha\">Limhamns SK<\/td><td class=\"col4 sorttable_nosort\">3<\/td><\/tr><tr class=\"row17\"><td class=\"col1 sorttable_numeric\">16<\/td><td class=\"col2 sorttable_alpha\">Michael Egorov<\/td><td class=\"col3 sorttable_alpha\">Lunds ASK<\/td><td class=\"col4 sorttable_nosort\">3<\/td><\/tr><tr class=\"row18\"><td class=\"col1 sorttable_numeric\">17<\/td><td class=\"col2 sorttable_alpha\">Haider Al-Sherufi<\/td><td class=\"col3 sorttable_alpha\">Helsingborgs ASK<\/td><td class=\"col4 sorttable_nosort\">3<\/td><\/tr><tr class=\"row19\"><td class=\"col1 sorttable_numeric\">18<\/td><td class=\"col2 sorttable_alpha\">Erik Lindqvist<\/td><td class=\"col3 sorttable_alpha\">S\u00f6dra Sandby SS<\/td><td class=\"col4 sorttable_nosort\">3<\/td><\/tr><tr class=\"row20\"><td class=\"col1 sorttable_numeric\">19<\/td><td class=\"col2 sorttable_alpha\">Morris Tegn\u00e9r<\/td><td class=\"col3 sorttable_alpha\">Malm\u00f6 AS<\/td><td class=\"col4 sorttable_nosort\">3<\/td><\/tr><tr class=\"row21\"><td class=\"col1 sorttable_numeric\">20<\/td><td class=\"col2 sorttable_alpha\">Maja Jepson<\/td><td class=\"col3 sorttable_alpha\">Limhamns SK<\/td><td class=\"col4 sorttable_nosort\">2\u00bd<\/td><\/tr><tr class=\"row22\"><td class=\"col1 sorttable_numeric\">21<\/td><td class=\"col2 sorttable_alpha\">Kevin Strand<\/td><td class=\"col3 sorttable_alpha\">SK Bara B\u00f6nder<\/td><td class=\"col4 sorttable_nosort\">2<\/td><\/tr><tr class=\"row23\"><td class=\"col1 sorttable_numeric\">22<\/td><td class=\"col2 sorttable_alpha\">Marko Bizic<\/td><td class=\"col3 sorttable_alpha\">Helsingborgs ASK<\/td><td class=\"col4 sorttable_nosort\">2<\/td><\/tr><tr class=\"row24\"><td class=\"col1 sorttable_numeric\">23<\/td><td class=\"col2 sorttable_alpha\">Torin Stanton-Andersson<\/td><td class=\"col3 sorttable_alpha\">S\u00f6dra Sandby SS<\/td><td class=\"col4 sorttable_nosort\">2<\/td><\/tr><\/tbody><\/table>\n<\/div>\n<div class=\"su-tabs-pane su-u-clearfix su-u-trim\" data-title=\"Yngre Miniorer\">\n<h3>Yngre Miniorer<\/h3>\n<table id=\"\" class=\"sortable\"><thead><tr class=\"row1\"><th class=\"col1 sorttable_numeric\">Plac<\/th><th class=\"col2 sorttable_alpha\">Namn<\/th><th class=\"col3 sorttable_alpha\">Klubb<\/th><th class=\"col4 sorttable_nosort\">Po\u00e4ng<\/th><\/tr><\/thead><tbody><tr class=\"row2\"><td class=\"col1 sorttable_numeric\">1<\/td><td class=\"col2 sorttable_alpha\">Ludvig Morell<\/td><td class=\"col3 sorttable_alpha\">Lunds ASK<\/td><td class=\"col4 sorttable_nosort\">6p\/7<\/td><\/tr><tr class=\"row3\"><td class=\"col1 sorttable_numeric\">2<\/td><td class=\"col2 sorttable_alpha\">Anton Kastrati<\/td><td class=\"col3 sorttable_alpha\">Halmstad-Harplinge<\/td><td class=\"col4 sorttable_nosort\">6<\/td><\/tr><tr class=\"row4\"><td class=\"col1 sorttable_numeric\">3<\/td><td class=\"col2 sorttable_alpha\">Asker Malmstr\u00f6m<\/td><td class=\"col3 sorttable_alpha\">Malm\u00f6 AS<\/td><td class=\"col4 sorttable_nosort\">5<\/td><\/tr><tr class=\"row5\"><td class=\"col1 sorttable_numeric\">4<\/td><td class=\"col2 sorttable_alpha\">Fabian Andersson<\/td><td class=\"col3 sorttable_alpha\">Ronneby SK<\/td><td class=\"col4 sorttable_nosort\">5<\/td><\/tr><tr class=\"row6\"><td class=\"col1 sorttable_numeric\">5<\/td><td class=\"col2 sorttable_alpha\">Kevin Petersson<\/td><td class=\"col3 sorttable_alpha\">Limhamns SK<\/td><td class=\"col4 sorttable_nosort\">5<\/td><\/tr><tr class=\"row7\"><td class=\"col1 sorttable_numeric\">6<\/td><td class=\"col2 sorttable_alpha\">Peja Persson<\/td><td class=\"col3 sorttable_alpha\">Lunds ASK<\/td><td class=\"col4 sorttable_nosort\">5<\/td><\/tr><tr class=\"row8\"><td class=\"col1 sorttable_numeric\">7<\/td><td class=\"col2 sorttable_alpha\">Christian Zeman<\/td><td class=\"col3 sorttable_alpha\">Malm\u00f6 AS<\/td><td class=\"col4 sorttable_nosort\">5<\/td><\/tr><tr class=\"row9\"><td class=\"col1 sorttable_numeric\">8<\/td><td class=\"col2 sorttable_alpha\">Marcus Nordin<\/td><td class=\"col3 sorttable_alpha\">En Passant<\/td><td class=\"col4 sorttable_nosort\">4\u00bd<\/td><\/tr><tr class=\"row10\"><td class=\"col1 sorttable_numeric\">9<\/td><td class=\"col2 sorttable_alpha\">Mattias Bergendahl<\/td><td class=\"col3 sorttable_alpha\">Helsingborgs ASK<\/td><td class=\"col4 sorttable_nosort\">4\u00bd<\/td><\/tr><tr class=\"row11\"><td class=\"col1 sorttable_numeric\">10<\/td><td class=\"col2 sorttable_alpha\">Samuel Larsson<\/td><td class=\"col3 sorttable_alpha\">Helsingborgs ASK<\/td><td class=\"col4 sorttable_nosort\">4<\/td><\/tr><tr class=\"row12\"><td class=\"col1 sorttable_numeric\">11<\/td><td class=\"col2 sorttable_alpha\">William Johansson<\/td><td class=\"col3 sorttable_alpha\">Lunds ASK<\/td><td class=\"col4 sorttable_nosort\">4<\/td><\/tr><tr class=\"row13\"><td class=\"col1 sorttable_numeric\">12<\/td><td class=\"col2 sorttable_alpha\">Harry Green<\/td><td class=\"col3 sorttable_alpha\">Limhamns SK<\/td><td class=\"col4 sorttable_nosort\">4<\/td><\/tr><tr class=\"row14\"><td class=\"col1 sorttable_numeric\">13<\/td><td class=\"col2 sorttable_alpha\">Elias Seitzberg<\/td><td class=\"col3 sorttable_alpha\">Limhamns SK<\/td><td class=\"col4 sorttable_nosort\">4<\/td><\/tr><tr class=\"row15\"><td class=\"col1 sorttable_numeric\">14<\/td><td class=\"col2 sorttable_alpha\">Oliver Holmqvist<\/td><td class=\"col3 sorttable_alpha\">En Passant<\/td><td class=\"col4 sorttable_nosort\">4<\/td><\/tr><tr class=\"row16\"><td class=\"col1 sorttable_numeric\">15<\/td><td class=\"col2 sorttable_alpha\">Jakob H\u00f6kmark<\/td><td class=\"col3 sorttable_alpha\">Limhamns SK<\/td><td class=\"col4 sorttable_nosort\">4<\/td><\/tr><tr class=\"row17\"><td class=\"col1 sorttable_numeric\">16<\/td><td class=\"col2 sorttable_alpha\">Jacob Uppman<\/td><td class=\"col3 sorttable_alpha\">Malm\u00f6 AS<\/td><td class=\"col4 sorttable_nosort\">4<\/td><\/tr><tr class=\"row18\"><td class=\"col1 sorttable_numeric\">17<\/td><td class=\"col2 sorttable_alpha\">Edwin Jan\u00e9r<\/td><td class=\"col3 sorttable_alpha\">S\u00f6dra Sandby SS<\/td><td class=\"col4 sorttable_nosort\">4<\/td><\/tr><tr class=\"row19\"><td class=\"col1 sorttable_numeric\">18<\/td><td class=\"col2 sorttable_alpha\">David Petersson<\/td><td class=\"col3 sorttable_alpha\">Lunds ASK<\/td><td class=\"col4 sorttable_nosort\">4<\/td><\/tr><tr class=\"row20\"><td class=\"col1 sorttable_numeric\">19<\/td><td class=\"col2 sorttable_alpha\">Karl Lindquist<\/td><td class=\"col3 sorttable_alpha\">S\u00f6dra Sandby SS<\/td><td class=\"col4 sorttable_nosort\">3\u00bd<\/td><\/tr><tr class=\"row21\"><td class=\"col1 sorttable_numeric\">20<\/td><td class=\"col2 sorttable_alpha\">Elina Mamadova<\/td><td class=\"col3 sorttable_alpha\">Limhamns SK<\/td><td class=\"col4 sorttable_nosort\">3\u00bd<\/td><\/tr><tr class=\"row22\"><td class=\"col1 sorttable_numeric\">21<\/td><td class=\"col2 sorttable_alpha\">Viggo Asper<\/td><td class=\"col3 sorttable_alpha\">Limhamns SK<\/td><td class=\"col4 sorttable_nosort\">3\u00bd<\/td><\/tr><tr class=\"row23\"><td class=\"col1 sorttable_numeric\">22<\/td><td class=\"col2 sorttable_alpha\">Alrik Andersson<\/td><td class=\"col3 sorttable_alpha\">Lunds ASK<\/td><td class=\"col4 sorttable_nosort\">3<\/td><\/tr><tr class=\"row24\"><td class=\"col1 sorttable_numeric\">23<\/td><td class=\"col2 sorttable_alpha\">Erik Medborg<\/td><td class=\"col3 sorttable_alpha\">Lunds ASK<\/td><td class=\"col4 sorttable_nosort\">3<\/td><\/tr><tr class=\"row25\"><td class=\"col1 sorttable_numeric\">24<\/td><td class=\"col2 sorttable_alpha\">Ragnar Jansson<\/td><td class=\"col3 sorttable_alpha\">Esl\u00f6vs SK<\/td><td class=\"col4 sorttable_nosort\">3<\/td><\/tr><tr class=\"row26\"><td class=\"col1 sorttable_numeric\">25<\/td><td class=\"col2 sorttable_alpha\">Melvin Svensson<\/td><td class=\"col3 sorttable_alpha\">En Passant<\/td><td class=\"col4 sorttable_nosort\">3<\/td><\/tr><tr class=\"row27\"><td class=\"col1 sorttable_numeric\">26<\/td><td class=\"col2 sorttable_alpha\">Noah Gebre Hiwot<\/td><td class=\"col3 sorttable_alpha\">Malm\u00f6 AS<\/td><td class=\"col4 sorttable_nosort\">3<\/td><\/tr><tr class=\"row28\"><td class=\"col1 sorttable_numeric\">27<\/td><td class=\"col2 sorttable_alpha\">Srinikhil Athimoolam<\/td><td class=\"col3 sorttable_alpha\">Lunds ASK<\/td><td class=\"col4 sorttable_nosort\">3<\/td><\/tr><tr class=\"row29\"><td class=\"col1 sorttable_numeric\">28<\/td><td class=\"col2 sorttable_alpha\">Tova Olsson<\/td><td class=\"col3 sorttable_alpha\">Esl\u00f6vs SK<\/td><td class=\"col4 sorttable_nosort\">3<\/td><\/tr><tr class=\"row30\"><td class=\"col1 sorttable_numeric\">29<\/td><td class=\"col2 sorttable_alpha\">Alice Blomquist<\/td><td class=\"col3 sorttable_alpha\">Limhamns SK<\/td><td class=\"col4 sorttable_nosort\">3<\/td><\/tr><tr class=\"row31\"><td class=\"col1 sorttable_numeric\">30<\/td><td class=\"col2 sorttable_alpha\">Albert Kowalski<\/td><td class=\"col3 sorttable_alpha\">Limhamns SK<\/td><td class=\"col4 sorttable_nosort\">3<\/td><\/tr><tr class=\"row32\"><td class=\"col1 sorttable_numeric\">31<\/td><td class=\"col2 sorttable_alpha\">Leo Johansson<\/td><td class=\"col3 sorttable_alpha\">Lunds ASK<\/td><td class=\"col4 sorttable_nosort\">2\u00bd<\/td><\/tr><tr class=\"row33\"><td class=\"col1 sorttable_numeric\">32<\/td><td class=\"col2 sorttable_alpha\">Elna Glas<\/td><td class=\"col3 sorttable_alpha\">Esl\u00f6vs SK<\/td><td class=\"col4 sorttable_nosort\">2<\/td><\/tr><tr class=\"row34\"><td class=\"col1 sorttable_numeric\">33<\/td><td class=\"col2 sorttable_alpha\">Tony Liharevschi<\/td><td class=\"col3 sorttable_alpha\">Esl\u00f6vs SK<\/td><td class=\"col4 sorttable_nosort\">2<\/td><\/tr><tr class=\"row35\"><td class=\"col1 sorttable_numeric\">34<\/td><td class=\"col2 sorttable_alpha\">Sahand Haji Badal<\/td><td class=\"col3 sorttable_alpha\">Malm\u00f6 AS<\/td><td class=\"col4 sorttable_nosort\">2<\/td><\/tr><tr class=\"row36\"><td class=\"col1 sorttable_numeric\">35<\/td><td class=\"col2 sorttable_alpha\">Dan Lacob<\/td><td class=\"col3 sorttable_alpha\">Esl\u00f6vs SK<\/td><td class=\"col4 sorttable_nosort\">2<\/td><\/tr><tr class=\"row37\"><td class=\"col1 sorttable_numeric\">36<\/td><td class=\"col2 sorttable_alpha\">Emilia Liharevschi<\/td><td class=\"col3 sorttable_alpha\">Esl\u00f6vs SK<\/td><td class=\"col4 sorttable_nosort\">1\u00bd<\/td><\/tr><tr class=\"row38\"><td class=\"col1 sorttable_numeric\">37<\/td><td class=\"col2 sorttable_alpha\">Adam Westerling<\/td><td class=\"col3 sorttable_alpha\">Esl\u00f6vs SK<\/td><td class=\"col4 sorttable_nosort\">1\u00bd<\/td><\/tr><tr class=\"row39\"><td class=\"col1 sorttable_numeric\">38<\/td><td class=\"col2 sorttable_alpha\">Sean Christian Mocville<\/td><td class=\"col3 sorttable_alpha\">Malm\u00f6 AS<\/td><td class=\"col4 sorttable_nosort\">1<\/td><\/tr><tr class=\"row40\"><td class=\"col1 sorttable_numeric\">39<\/td><td class=\"col2 sorttable_alpha\">Rasmus Slot Einarsson<\/td><td class=\"col3 sorttable_alpha\">Limhamns SK<\/td><td class=\"col4 sorttable_nosort\">0\/1<\/td><\/tr><\/tbody><\/table>\n<\/div><\/div><\/div>\n","protected":false},"excerpt":{"rendered":"<p>Ungdomst\u00e4vlingen Masken\/\u00c5len arrangerades p\u00e5 Mellanhedsskolan i Malm\u00f6 l\u00f6rdagen den 14 november av Sk\u00e5nes Schackf\u00f6rbund.<\/p>\n","protected":false},"author":2,"featured_media":0,"parent":1289,"menu_order":0,"comment_status":"open","ping_status":"closed","template":"sidebar-page.php","meta":{"_acf_changed":false,"footnotes":""},"acf":[],"_links":{"self":[{"href":"https:\/\/www.nvssf.com\/forbundet\/wp-json\/wp\/v2\/pages\/2221"}],"collection":[{"href":"https:\/\/www.nvssf.com\/forbundet\/wp-json\/wp\/v2\/pages"}],"about":[{"href":"https:\/\/www.nvssf.com\/forbundet\/wp-json\/wp\/v2\/types\/page"}],"author":[{"embeddable":true,"href":"https:\/\/www.nvssf.com\/forbundet\/wp-json\/wp\/v2\/users\/2"}],"replies":[{"embeddable":true,"href":"https:\/\/www.nvssf.com\/forbundet\/wp-json\/wp\/v2\/comments?post=2221"}],"version-history":[{"count":1,"href":"https:\/\/www.nvssf.com\/forbundet\/wp-json\/wp\/v2\/pages\/2221\/revisions"}],"predecessor-version":[{"id":2868,"href":"https:\/\/www.nvssf.com\/forbundet\/wp-json\/wp\/v2\/pages\/2221\/revisions\/2868"}],"up":[{"embeddable":true,"href":"https:\/\/www.nvssf.com\/forbundet\/wp-json\/wp\/v2\/pages\/1289"}],"wp:attachment":[{"href":"https:\/\/www.nvssf.com\/forbundet\/wp-json\/wp\/v2\/media?parent=2221"}],"curies":[{"name":"wp","href":"https:\/\/api.w.org\/{rel}","templated":true}]}}