{"id":26,"date":"2014-03-20T09:12:11","date_gmt":"2014-03-20T08:12:11","guid":{"rendered":"http:\/\/www.nvssf.com\/forbundet\/?page_id=26"},"modified":"2023-12-19T07:45:11","modified_gmt":"2023-12-19T06:45:11","slug":"historia","status":"publish","type":"page","link":"https:\/\/www.nvssf.com\/forbundet\/","title":{"rendered":"Om NvSSF"},"content":{"rendered":"<p>Nordv\u00e4stra Sk\u00e5nes Schackf\u00f6rbund bildades 1950. 1952 ansl\u00f6t man sig till Sveriges Schackf\u00f6rbund.<\/p>\n<p><strong>Klubbar<\/strong><\/p>\n<p>F\u00f6rbundet best\u00e5r av f\u00f6ljande <a href=\"https:\/\/www.nvssf.com\/forbundet\/klubbar\/\">klubbar<\/a>:<\/p>\n<ul>\n<li style=\"list-style-type: none;\">\n<ul>\n<li>Engelholms SK<\/li>\n<li>Helsingborgs ASK<\/li>\n<li>Helsingborgs SS<\/li>\n<li>Klippans Schackklubb<\/li>\n<li>Landskrona Schackklubb<\/li>\n<li>Skromberga Allm\u00e4nna Schacks\u00e4llskap<\/li>\n<\/ul>\n<\/li>\n<\/ul>\n<p>Ut\u00f6ver dessa traditionella klubbar finns ett antal Skolschackklubbar i f\u00f6rbundet.<\/p>\n<p>F\u00f6r att se vad som \u00e4r aktuellt just nu i f\u00f6rbundet kolla p\u00e5 <a title=\"Nyheter\" href=\"https:\/\/www.nvssf.com\/forbundet\/nyheter\/\">nyhetssidan<\/a>.<\/p>\n","protected":false},"excerpt":{"rendered":"<p>Nordv\u00e4stra Sk\u00e5nes Schackf\u00f6rbund bildades 1950. 1952 ansl\u00f6t man sig till Sveriges Schackf\u00f6rbund. Klubbar F\u00f6rbundet best\u00e5r av f\u00f6ljande klubbar: Engelholms SK Helsingborgs ASK Helsingborgs SS Klippans Schackklubb Landskrona Schackklubb Skromberga Allm\u00e4nna Schacks\u00e4llskap Ut\u00f6ver dessa traditionella klubbar finns ett antal Skolschackklubbar i &hellip; <a href=\"https:\/\/www.nvssf.com\/forbundet\/\">Forts\u00e4tt l\u00e4sa <span class=\"meta-nav\">&rarr;<\/span><\/a><\/p>\n","protected":false},"author":2,"featured_media":0,"parent":0,"menu_order":0,"comment_status":"closed","ping_status":"closed","template":"sidebar-page.php","meta":{"_acf_changed":false,"footnotes":""},"acf":[],"_links":{"self":[{"href":"https:\/\/www.nvssf.com\/forbundet\/wp-json\/wp\/v2\/pages\/26"}],"collection":[{"href":"https:\/\/www.nvssf.com\/forbundet\/wp-json\/wp\/v2\/pages"}],"about":[{"href":"https:\/\/www.nvssf.com\/forbundet\/wp-json\/wp\/v2\/types\/page"}],"author":[{"embeddable":true,"href":"https:\/\/www.nvssf.com\/forbundet\/wp-json\/wp\/v2\/users\/2"}],"replies":[{"embeddable":true,"href":"https:\/\/www.nvssf.com\/forbundet\/wp-json\/wp\/v2\/comments?post=26"}],"version-history":[{"count":3,"href":"https:\/\/www.nvssf.com\/forbundet\/wp-json\/wp\/v2\/pages\/26\/revisions"}],"predecessor-version":[{"id":13878,"href":"https:\/\/www.nvssf.com\/forbundet\/wp-json\/wp\/v2\/pages\/26\/revisions\/13878"}],"wp:attachment":[{"href":"https:\/\/www.nvssf.com\/forbundet\/wp-json\/wp\/v2\/media?parent=26"}],"curies":[{"name":"wp","href":"https:\/\/api.w.org\/{rel}","templated":true}]}}