{"id":3035,"date":"2016-05-24T10:32:08","date_gmt":"2016-05-24T08:32:08","guid":{"rendered":"http:\/\/www.nvssf.com\/forbundet\/?page_id=3035"},"modified":"2016-05-24T11:35:27","modified_gmt":"2016-05-24T09:35:27","slug":"senior-dm-blixt-2016","status":"publish","type":"page","link":"https:\/\/www.nvssf.com\/forbundet\/resultat\/resultat-2016\/senior-dm-blixt-2016\/","title":{"rendered":"Senior DM-Blixt 2016"},"content":{"rendered":"<p>Grupp A och B spelade tillsammans i en 8-manna bergergrupp dubbelronder.<\/p>\n<h2>Grupp A<\/h2>\n<p>1. Sejfo Agovic,Helsingborgs ASK <strong>10\u00bd po\u00e4ng<br \/>\n<\/strong><span style=\"line-height: 1.625;\">2 &#8211; 3. Peter Rothman,Helsingborgs SS &amp; Tomas Rosell,Helsingborgs ASK <\/span><strong style=\"line-height: 1.625;\">10 po\u00e4ng<\/strong><\/p>\n<h2>Grupp B<\/h2>\n<p>1 &#8211; 2 Daniel Mena,\u00c5storps SS &amp; Ted Sandbech,Klippans SK <strong>3 po\u00e4ng<\/strong><\/p>\n<p>| <a href=\"https:\/\/www.nvssf.com\/forbundet\/wp-content\/uploads\/2016\/05\/SeniorBlixtDMGruppA_B2016.pdf\" target=\"_blank\">Bergertabell Grupp A + B<\/a> |<\/p>\n<h2>Grupp C<\/h2>\n<p>Grupp C spelade en 6-manna bergergrupp trippelronder.<\/p>\n<p>1. Ivan Kolobaric,Klippans SK <strong>14 po\u00e4ng av 15!<br \/>\n<\/strong>2 &#8211; 3. Mats Karlsson,Helsingborgs SS &amp; Ferred Hussein,Klippans SK <strong>10 po\u00e4ng<\/strong><\/p>\n<p>| <a href=\"https:\/\/www.nvssf.com\/forbundet\/wp-content\/uploads\/2016\/05\/SeniorBlixtDMGruppC2016.pdf\" target=\"_blank\">Bergertabell Grupp C<\/a> |<\/p>\n","protected":false},"excerpt":{"rendered":"<p>Grupp A och B spelade tillsammans i en 8-manna bergergrupp dubbelronder. Grupp A 1. Sejfo Agovic,Helsingborgs ASK 10\u00bd po\u00e4ng 2 &#8211; 3. Peter Rothman,Helsingborgs SS &amp; Tomas Rosell,Helsingborgs ASK 10 po\u00e4ng Grupp B 1 &#8211; 2 Daniel Mena,\u00c5storps SS &amp; &hellip; <a href=\"https:\/\/www.nvssf.com\/forbundet\/resultat\/resultat-2016\/senior-dm-blixt-2016\/\">Forts\u00e4tt l\u00e4sa <span class=\"meta-nav\">&rarr;<\/span><\/a><\/p>\n","protected":false},"author":2,"featured_media":0,"parent":2407,"menu_order":0,"comment_status":"open","ping_status":"open","template":"sidebar-page.php","meta":{"_acf_changed":false,"footnotes":""},"acf":[],"_links":{"self":[{"href":"https:\/\/www.nvssf.com\/forbundet\/wp-json\/wp\/v2\/pages\/3035"}],"collection":[{"href":"https:\/\/www.nvssf.com\/forbundet\/wp-json\/wp\/v2\/pages"}],"about":[{"href":"https:\/\/www.nvssf.com\/forbundet\/wp-json\/wp\/v2\/types\/page"}],"author":[{"embeddable":true,"href":"https:\/\/www.nvssf.com\/forbundet\/wp-json\/wp\/v2\/users\/2"}],"replies":[{"embeddable":true,"href":"https:\/\/www.nvssf.com\/forbundet\/wp-json\/wp\/v2\/comments?post=3035"}],"version-history":[{"count":1,"href":"https:\/\/www.nvssf.com\/forbundet\/wp-json\/wp\/v2\/pages\/3035\/revisions"}],"predecessor-version":[{"id":3042,"href":"https:\/\/www.nvssf.com\/forbundet\/wp-json\/wp\/v2\/pages\/3035\/revisions\/3042"}],"up":[{"embeddable":true,"href":"https:\/\/www.nvssf.com\/forbundet\/wp-json\/wp\/v2\/pages\/2407"}],"wp:attachment":[{"href":"https:\/\/www.nvssf.com\/forbundet\/wp-json\/wp\/v2\/media?parent=3035"}],"curies":[{"name":"wp","href":"https:\/\/api.w.org\/{rel}","templated":true}]}}