{"id":3227,"date":"2016-08-24T13:06:57","date_gmt":"2016-08-24T11:06:57","guid":{"rendered":"http:\/\/www.nvssf.com\/forbundet\/?page_id=3227"},"modified":"2020-02-26T13:45:21","modified_gmt":"2020-02-26T12:45:21","slug":"senior-dm-2016","status":"publish","type":"page","link":"https:\/\/www.nvssf.com\/forbundet\/resultat\/resultat-2016\/senior-dm-2016\/","title":{"rendered":"Resultat Senior-DM 2016"},"content":{"rendered":"<div class=\"su-tabs su-tabs-style-default su-tabs-mobile-stack\" data-active=\"3\" data-scroll-offset=\"0\" data-anchor-in-url=\"no\"><div class=\"su-tabs-nav\"><span class=\"\" data-url=\"\" data-target=\"blank\" tabindex=\"0\" role=\"button\"><strong>Information<\/strong><\/span><span class=\"\" data-url=\"\" data-target=\"blank\" tabindex=\"0\" role=\"button\"><strong>Startf\u00e4lt<\/strong><\/span><span class=\"\" data-url=\"\" data-target=\"blank\" tabindex=\"0\" role=\"button\"><strong>Slutst\u00e4llning<\/strong><\/span><span class=\"\" data-url=\"\" data-target=\"blank\" tabindex=\"0\" role=\"button\"><strong>Rond 1<\/strong><\/span><span class=\"\" data-url=\"\" data-target=\"blank\" tabindex=\"0\" role=\"button\"><strong>Rond 2<\/strong><\/span><span class=\"\" data-url=\"\" data-target=\"blank\" tabindex=\"0\" role=\"button\"><strong>Rond 3<\/strong><\/span><span class=\"\" data-url=\"\" data-target=\"blank\" tabindex=\"0\" role=\"button\"><strong>Rond 4<\/strong><\/span><span class=\"\" data-url=\"\" data-target=\"blank\" tabindex=\"0\" role=\"button\"><strong>Rond 5<\/strong><\/span><span class=\"\" data-url=\"\" data-target=\"blank\" tabindex=\"0\" role=\"button\"><strong>Rond 6<\/strong><\/span><span class=\"\" data-url=\"\" data-target=\"blank\" tabindex=\"0\" role=\"button\"><strong>Rond 7<\/strong><\/span><\/div><div class=\"su-tabs-panes\"><div class=\"su-tabs-pane su-u-clearfix su-u-trim\" data-title=\"&lt;strong&gt;Information&lt;\/strong&gt;\">\n<p>I \u00e5r spelas DM under sju vardagskv\u00e4llar. Turneringen startar i Helsingborg och sedan spelas det i \u00c5storp, Klippan och Helsingborg.<\/p>\n<p><strong>Speldagar blir:<\/strong><br \/>\nRond 1: M\u00e5ndag den 19 september19:00 HSA, Tr\u00e4dg\u00e5rdsgatan 11, Helsingborg<br \/>\nRond 2: Onsdag den 5 oktober 19:00 \u00c5storps SS, Ormastorpsgatan 14B,\u00c5storp<br \/>\nRond 3: Onsdag den 19 oktober 19:00 Klippans SK, Krikav\u00e4gen 4, Klippan<br \/>\nRond 4: Onsdag den 26 oktober 19:00 \u00c5storps SS, Ormastorpsgatan 14B, \u00c5storp<br \/>\nRond 5: Onsdag den 9 november 19:00\u00c2\u00a0 \u00c5storps SS, Ormastorpsgatan 14B, \u00c5storp<br \/>\nRond 6: M\u00e5ndag den 21 november 19:00 HSA, Tr\u00e4dg\u00e5rdsgatan 11, Helsingborg<br \/>\nRond 7: M\u00e5ndag den 5 december 19:00 HSA, Tr\u00e4dg\u00e5rdsgatan 11, Helsingborg<\/p>\n<p><strong>Bet\u00e4nketid:<\/strong> 90 min\/spelare och parti + 30 sekunder per drag fr\u00e5n drag ett.<\/p>\n<p><strong>Spelform:<\/strong> 7 ronder schweizer.<\/p>\n<p><strong>S\u00e4rspel om titeln:<\/strong> Om tv\u00e5 spelare hamnar p\u00e5 samma h\u00f6gsta partipo\u00e4ng s\u00e5 spelas en blixtmatch med tv\u00e5 partier, sedan ett armageddonparti. Om tre eller flera spelare s\u00e5 s\u00e4rskiljs enligt SSF t\u00e4vlingsregler vid SM-t\u00e4vling.<\/p>\n<p><strong>Startavgift:<\/strong> 100 kronor. 50 kronor f\u00f6r juniorer.<\/p>\n<p><strong>Priser:<\/strong> 2000 kr i f\u00f6rsta pris vid minst 10 deltagare. Prispengar dela vid lika po\u00e4ng. Alla startavgifter g\u00e5r till \u00f6vriga priser, minst ett rankingpris.<\/p>\n<p><strong>Anm\u00e4lan:<\/strong> Via NvSSF hemsida:\u00c2\u00a0https:\/\/www.nvssf.com\/forbundet\/anmalan-till-senior-dm-2016\/ eller via mail till eric.nordin.hbg@hotmail.com, efteranm\u00e4lan i Helsingborg p\u00e5 speldagen senast 18:45.<br \/>\nPartier kan flyttas efter godk\u00e4nnande av t\u00e4vlingsledningen.<\/p>\n<p>Denna inbjudan som <a href=\"https:\/\/www.nvssf.com\/forbundet\/wp-content\/uploads\/2016\/09\/DM2016.pdf\">pdf-dokument<\/a>.<\/p>\n<\/div>\n<div class=\"su-tabs-pane su-u-clearfix su-u-trim\" data-title=\"&lt;strong&gt;Startf\u00e4lt&lt;\/strong&gt;\">\n\n<table id=\"tablepress-43\" class=\"tablepress tablepress-id-43\">\n<tbody class=\"row-striping row-hover\">\n<tr class=\"row-1\">\n\t<td class=\"column-1\">\u00c5ke<\/td><td class=\"column-2\">Westin<\/td><td class=\"column-3\">Helsingborgs SS<\/td><td class=\"column-4\">2145<\/td>\n<\/tr>\n<tr class=\"row-2\">\n\t<td class=\"column-1\">Quang Binh<\/td><td class=\"column-2\">Dam<\/td><td class=\"column-3\">Helsingborgs SS<\/td><td class=\"column-4\">2136<\/td>\n<\/tr>\n<tr class=\"row-3\">\n\t<td class=\"column-1\">Anders<\/td><td class=\"column-2\">Hansen<\/td><td class=\"column-3\">Helsingborgs ASK<\/td><td class=\"column-4\">2026<\/td>\n<\/tr>\n<tr class=\"row-4\">\n\t<td class=\"column-1\">Jan<\/td><td class=\"column-2\">Bengtsson<\/td><td class=\"column-3\">\u00c5storps SS<\/td><td class=\"column-4\">2008<\/td>\n<\/tr>\n<tr class=\"row-5\">\n\t<td class=\"column-1\">Eric<\/td><td class=\"column-2\">Nordin<\/td><td class=\"column-3\">Helsingborgs ASK<\/td><td class=\"column-4\">1835<\/td>\n<\/tr>\n<tr class=\"row-6\">\n\t<td class=\"column-1\">Ted<\/td><td class=\"column-2\">Sandbech<\/td><td class=\"column-3\">Klippans SK<\/td><td class=\"column-4\">1824<\/td>\n<\/tr>\n<tr class=\"row-7\">\n\t<td class=\"column-1\">Idris<\/td><td class=\"column-2\">Amin<\/td><td class=\"column-3\">Helsingborgs SS<\/td><td class=\"column-4\">L1800<\/td>\n<\/tr>\n<tr class=\"row-8\">\n\t<td class=\"column-1\">Sejfo<\/td><td class=\"column-2\">Agovic<\/td><td class=\"column-3\">Helsingborgs ASK<\/td><td class=\"column-4\">1799<\/td>\n<\/tr>\n<tr class=\"row-9\">\n\t<td class=\"column-1\">Daniel<\/td><td class=\"column-2\">Mena<\/td><td class=\"column-3\">\u00c5storps SS<\/td><td class=\"column-4\">1790<\/td>\n<\/tr>\n<tr class=\"row-10\">\n\t<td class=\"column-1\">Leif<\/td><td class=\"column-2\">Bohman<\/td><td class=\"column-3\">Klippans SK<\/td><td class=\"column-4\">1749<\/td>\n<\/tr>\n<tr class=\"row-11\">\n\t<td class=\"column-1\">Ivan<\/td><td class=\"column-2\">Kolobaric<\/td><td class=\"column-3\">Klippans SK<\/td><td class=\"column-4\">L1486<\/td>\n<\/tr>\n<tr class=\"row-12\">\n\t<td class=\"column-1\">Bertil<\/td><td class=\"column-2\">\u00d6jerskog<\/td><td class=\"column-3\">Klippans SK<\/td><td class=\"column-4\">1481<\/td>\n<\/tr>\n<tr class=\"row-13\">\n\t<td class=\"column-1\">Cai<\/td><td class=\"column-2\">Jussila<\/td><td class=\"column-3\">\u00c5storps SS<\/td><td class=\"column-4\">1449<\/td>\n<\/tr>\n<tr class=\"row-14\">\n\t<td class=\"column-1\">Markus<\/td><td class=\"column-2\">Mena<\/td><td class=\"column-3\">\u00c5storps SS<\/td><td class=\"column-4\">L1114<\/td>\n<\/tr>\n<\/tbody>\n<\/table>\n<!-- #tablepress-43 from cache -->\n<\/div>\n<div class=\"su-tabs-pane su-u-clearfix su-u-trim\" data-title=\"&lt;strong&gt;Slutst\u00e4llning&lt;\/strong&gt;\">\n<h2>Slutst\u00e4llning<\/h2>\n\n<table id=\"tablepress-45\" class=\"tablepress tablepress-id-45\">\n<thead>\n<tr class=\"row-1\">\n\t<th class=\"column-1\">Placering<\/th><td class=\"column-2\"><\/td><td class=\"column-3\"><\/td><th class=\"column-4\">Po\u00e4ng<\/th><th class=\"column-5\">Kvalit\u00e9<\/th>\n<\/tr>\n<\/thead>\n<tbody class=\"row-striping row-hover\">\n<tr class=\"row-2\">\n\t<td class=\"column-1\">1<\/td><td class=\"column-2\">Jan Bengtsson<\/td><td class=\"column-3\">\u00c5storps SS<\/td><td class=\"column-4\">5<\/td><td class=\"column-5\">25<\/td>\n<\/tr>\n<tr class=\"row-3\">\n\t<td class=\"column-1\">2<\/td><td class=\"column-2\">Anders Hansen<\/td><td class=\"column-3\">Helsingborgs ASK<\/td><td class=\"column-4\">5<\/td><td class=\"column-5\">24<\/td>\n<\/tr>\n<tr class=\"row-4\">\n\t<td class=\"column-1\">3<\/td><td class=\"column-2\">Quang Binh Dam<\/td><td class=\"column-3\">Helsingborgs SS<\/td><td class=\"column-4\">5<\/td><td class=\"column-5\">23<\/td>\n<\/tr>\n<tr class=\"row-5\">\n\t<td class=\"column-1\">4<\/td><td class=\"column-2\">Idris Amin<\/td><td class=\"column-3\">Helsingborgs SS<\/td><td class=\"column-4\">4.5<\/td><td class=\"column-5\">25.5<\/td>\n<\/tr>\n<tr class=\"row-6\">\n\t<td class=\"column-1\">5<\/td><td class=\"column-2\">Ivan Kolobaric<\/td><td class=\"column-3\">Klippans SK<\/td><td class=\"column-4\">4<\/td><td class=\"column-5\">26.5<\/td>\n<\/tr>\n<tr class=\"row-7\">\n\t<td class=\"column-1\">6<\/td><td class=\"column-2\">Ted Sandbech<\/td><td class=\"column-3\">Klippans SK<\/td><td class=\"column-4\">4<\/td><td class=\"column-5\">20<\/td>\n<\/tr>\n<tr class=\"row-8\">\n\t<td class=\"column-1\">7<\/td><td class=\"column-2\">\u00c5ke Westin<\/td><td class=\"column-3\">Helsingborgs SS<\/td><td class=\"column-4\">3.5<\/td><td class=\"column-5\">25<\/td>\n<\/tr>\n<tr class=\"row-9\">\n\t<td class=\"column-1\">8<\/td><td class=\"column-2\">Eric Nordin<\/td><td class=\"column-3\">Helsingborgs ASK<\/td><td class=\"column-4\">3.5<\/td><td class=\"column-5\">20.5<\/td>\n<\/tr>\n<tr class=\"row-10\">\n\t<td class=\"column-1\">9<\/td><td class=\"column-2\">Bertil \u00d6jerskog<\/td><td class=\"column-3\">Klippans SK<\/td><td class=\"column-4\">3.5<\/td><td class=\"column-5\">20.5<\/td>\n<\/tr>\n<tr class=\"row-11\">\n\t<td class=\"column-1\">10<\/td><td class=\"column-2\">Daniel Mena<\/td><td class=\"column-3\">\u00c5storps SS<\/td><td class=\"column-4\">3.5<\/td><td class=\"column-5\">19<\/td>\n<\/tr>\n<tr class=\"row-12\">\n\t<td class=\"column-1\">11<\/td><td class=\"column-2\">Leif Bohman<\/td><td class=\"column-3\">Klippans SK<\/td><td class=\"column-4\">3<\/td><td class=\"column-5\">22.5<\/td>\n<\/tr>\n<tr class=\"row-13\">\n\t<td class=\"column-1\">12<\/td><td class=\"column-2\">Sejfo Agovic<\/td><td class=\"column-3\">Helsingborgs ASK<\/td><td class=\"column-4\">2.5<\/td><td class=\"column-5\">26.5<\/td>\n<\/tr>\n<tr class=\"row-14\">\n\t<td class=\"column-1\">13<\/td><td class=\"column-2\">Cai Jussila<\/td><td class=\"column-3\">\u00c5storps SS<\/td><td class=\"column-4\">1<\/td><td class=\"column-5\">20.5<\/td>\n<\/tr>\n<tr class=\"row-15\">\n\t<td class=\"column-1\">14<\/td><td class=\"column-2\">Markus Mena<\/td><td class=\"column-3\">\u00c5storps SS<\/td><td class=\"column-4\">1<\/td><td class=\"column-5\">19.5<\/td>\n<\/tr>\n<\/tbody>\n<\/table>\n<!-- #tablepress-45 from cache -->\n<\/div>\n<div class=\"su-tabs-pane su-u-clearfix su-u-trim\" data-title=\"&lt;strong&gt;Rond 1&lt;\/strong&gt;\">\n\n<table id=\"tablepress-41\" class=\"tablepress tablepress-id-41\">\n<tbody class=\"row-striping row-hover\">\n<tr class=\"row-1\">\n\t<td class=\"column-1\">Daniel Mena<\/td><td class=\"column-2\">1790<\/td><td class=\"column-3\">\u00bd-\u00bd<\/td><td class=\"column-4\">\u00c5ke Westin<\/td><td class=\"column-5\">2145<\/td>\n<\/tr>\n<tr class=\"row-2\">\n\t<td class=\"column-1\">Dam Binh Quang<\/td><td class=\"column-2\">2136<\/td><td class=\"column-3\">1-0<\/td><td class=\"column-4\">Leif Bohman<\/td><td class=\"column-5\">1749<\/td>\n<\/tr>\n<tr class=\"row-3\">\n\t<td class=\"column-1\">Bertil \u00d6jerskog<\/td><td class=\"column-2\">1481<\/td><td class=\"column-3\">\u00bd-\u00bd<\/td><td class=\"column-4\">Anders Hansen<\/td><td class=\"column-5\">2026<\/td>\n<\/tr>\n<tr class=\"row-4\">\n\t<td class=\"column-1\">Idris Amin<\/td><td class=\"column-2\">L1800<\/td><td class=\"column-3\">\u00bd-\u00bd<\/td><td class=\"column-4\">Eric Nordin<\/td><td class=\"column-5\">1835<\/td>\n<\/tr>\n<tr class=\"row-5\">\n\t<td class=\"column-1\">Ted Sandbech<\/td><td class=\"column-2\">1824<\/td><td class=\"column-3\">0-1<\/td><td class=\"column-4\">Ivan Kolobaric<\/td><td class=\"column-5\">L1486<\/td>\n<\/tr>\n<tr class=\"row-6\">\n\t<td class=\"column-1\">Jan Bengtsson<\/td><td class=\"column-2\">2008<\/td><td class=\"column-3\">1-0<\/td><td class=\"column-4\">Cai Jussila<\/td><td class=\"column-5\">1449<\/td>\n<\/tr>\n<tr class=\"row-7\">\n\t<td class=\"column-1\">Markus Mena<\/td><td class=\"column-2\">L1114<\/td><td class=\"column-3\">0-1<\/td><td class=\"column-4\">Sejfo Agovic<\/td><td class=\"column-5\">1799<\/td>\n<\/tr>\n<\/tbody>\n<\/table>\n<!-- #tablepress-41 from cache -->\n<\/div>\n<div class=\"su-tabs-pane su-u-clearfix su-u-trim\" data-title=\"&lt;strong&gt;Rond 2&lt;\/strong&gt;\">\n\n<table id=\"tablepress-42\" class=\"tablepress tablepress-id-42\">\n<tbody class=\"row-striping row-hover\">\n<tr class=\"row-1\">\n\t<td class=\"column-1\">Sejfo Agovic<\/td><td class=\"column-2\">1799<\/td><td class=\"column-3\">1-0<\/td><td class=\"column-4\">Dam Binh Quang<\/td><td class=\"column-5\">2136<\/td>\n<\/tr>\n<tr class=\"row-2\">\n\t<td class=\"column-1\">Ivan Kolobaric<\/td><td class=\"column-2\">L1486<\/td><td class=\"column-3\">0-1<\/td><td class=\"column-4\">Jan Bengtsson<\/td><td class=\"column-5\">2008<\/td>\n<\/tr>\n<tr class=\"row-3\">\n\t<td class=\"column-1\">\u00c5ke Westin<\/td><td class=\"column-2\">2145<\/td><td class=\"column-3\">1-0<\/td><td class=\"column-4\">Bertil \u00d6jerskog<\/td><td class=\"column-5\">1481<\/td>\n<\/tr>\n<tr class=\"row-4\">\n\t<td class=\"column-1\">Anders Hansen<\/td><td class=\"column-2\">2026<\/td><td class=\"column-3\">\u00bd-\u00bd<\/td><td class=\"column-4\">Idris Amin<\/td><td class=\"column-5\">L1800<\/td>\n<\/tr>\n<tr class=\"row-5\">\n\t<td class=\"column-1\">Eric Nordin<\/td><td class=\"column-2\">1835<\/td><td class=\"column-3\">1-0<\/td><td class=\"column-4\">Daniel Mena<\/td><td class=\"column-5\">1790<\/td>\n<\/tr>\n<tr class=\"row-6\">\n\t<td class=\"column-1\">Cai Jussila<\/td><td class=\"column-2\">1449<\/td><td class=\"column-3\">0-1<\/td><td class=\"column-4\">Ted Sandbech<\/td><td class=\"column-5\">1824<\/td>\n<\/tr>\n<tr class=\"row-7\">\n\t<td class=\"column-1\">Leif Bohman<\/td><td class=\"column-2\">1749<\/td><td class=\"column-3\">1-0<\/td><td class=\"column-4\">Markus Mena<\/td><td class=\"column-5\">L1114<\/td>\n<\/tr>\n<\/tbody>\n<\/table>\n<!-- #tablepress-42 from cache -->\n<\/div>\n<div class=\"su-tabs-pane su-u-clearfix su-u-trim\" data-title=\"&lt;strong&gt;Rond 3&lt;\/strong&gt;\">\n\n<table id=\"tablepress-44\" class=\"tablepress tablepress-id-44\">\n<tbody class=\"row-striping row-hover\">\n<tr class=\"row-1\">\n\t<td class=\"column-1\">Jan Bengtsson<\/td><td class=\"column-2\">2008<\/td><td class=\"column-3\">\u00bd-\u00bd<\/td><td class=\"column-4\">Sejfo Agovic<\/td><td class=\"column-5\">1799<\/td>\n<\/tr>\n<tr class=\"row-2\">\n\t<td class=\"column-1\">Eric Nordin<\/td><td class=\"column-2\">1835<\/td><td class=\"column-3\">0-1<\/td><td class=\"column-4\">\u00c5ke Westin<\/td><td class=\"column-5\">2145<\/td>\n<\/tr>\n<tr class=\"row-3\">\n\t<td class=\"column-1\">Dam Binh Quang<\/td><td class=\"column-2\">2136<\/td><td class=\"column-3\">0-1<\/td><td class=\"column-4\">Ivan Kolobaric<\/td><td class=\"column-5\">L1486<\/td>\n<\/tr>\n<tr class=\"row-4\">\n\t<td class=\"column-1\">Ted Sandbech<\/td><td class=\"column-2\">1824<\/td><td class=\"column-3\">0-1<\/td><td class=\"column-4\">Anders Hansen<\/td><td class=\"column-5\">2026<\/td>\n<\/tr>\n<tr class=\"row-5\">\n\t<td class=\"column-1\">Idris Amin<\/td><td class=\"column-2\">L1800<\/td><td class=\"column-3\">1-0<\/td><td class=\"column-4\">Leif Bohman<\/td><td class=\"column-5\">1749<\/td>\n<\/tr>\n<tr class=\"row-6\">\n\t<td class=\"column-1\">Daniel Mena<\/td><td class=\"column-2\">1790<\/td><td class=\"column-3\">1-0<\/td><td class=\"column-4\">Bertil \u00d6jerskog<\/td><td class=\"column-5\">1481<\/td>\n<\/tr>\n<tr class=\"row-7\">\n\t<td class=\"column-1\">Markus Mena<\/td><td class=\"column-2\">L1114<\/td><td class=\"column-3\">1-0<\/td><td class=\"column-4\">Cai Jussila<\/td><td class=\"column-5\">1449<\/td>\n<\/tr>\n<\/tbody>\n<\/table>\n<!-- #tablepress-44 from cache -->\n<\/div>\n<div class=\"su-tabs-pane su-u-clearfix su-u-trim\" data-title=\"&lt;strong&gt;Rond 4&lt;\/strong&gt;\">\n<h3>Rond 4 | 26 oktober<\/h3>\n\n<table id=\"tablepress-46\" class=\"tablepress tablepress-id-46\">\n<tbody class=\"row-striping row-hover\">\n<tr class=\"row-1\">\n\t<td class=\"column-1\">\u00c5ke Westin<\/td><td class=\"column-2\">2145<\/td><td class=\"column-3\">0-1<\/td><td class=\"column-4\">Jan Bengtsson<\/td><td class=\"column-5\">2008<\/td>\n<\/tr>\n<tr class=\"row-2\">\n\t<td class=\"column-1\">Sejfo Agovic<\/td><td class=\"column-2\">1799<\/td><td class=\"column-3\">0-1<\/td><td class=\"column-4\">Anders Hansen<\/td><td class=\"column-5\">2026<\/td>\n<\/tr>\n<tr class=\"row-3\">\n\t<td class=\"column-1\">Ivan Kolobaric<\/td><td class=\"column-2\">L1486<\/td><td class=\"column-3\">0-1<\/td><td class=\"column-4\">Idris Amin<\/td><td class=\"column-5\">L1800<\/td>\n<\/tr>\n<tr class=\"row-4\">\n\t<td class=\"column-1\">Quang Binh Dam<\/td><td class=\"column-2\">2136<\/td><td class=\"column-3\">1-0<\/td><td class=\"column-4\">Eric Nordin<\/td><td class=\"column-5\">1835<\/td>\n<\/tr>\n<tr class=\"row-5\">\n\t<td class=\"column-1\">Leif Bohman<\/td><td class=\"column-2\">1749<\/td><td class=\"column-3\">1-0<\/td><td class=\"column-4\">Daniel Mena<\/td><td class=\"column-5\">1790<\/td>\n<\/tr>\n<tr class=\"row-6\">\n\t<td class=\"column-1\">Markus Mena<\/td><td class=\"column-2\">L1114<\/td><td class=\"column-3\">0-1<\/td><td class=\"column-4\">Ted Sandbech<\/td><td class=\"column-5\">1824<\/td>\n<\/tr>\n<tr class=\"row-7\">\n\t<td class=\"column-1\">Bertil \u00d6jerskog<\/td><td class=\"column-2\">1481<\/td><td class=\"column-3\">1-0<\/td><td class=\"column-4\">Cai Jussila<\/td><td class=\"column-5\">1449<\/td>\n<\/tr>\n<\/tbody>\n<\/table>\n<!-- #tablepress-46 from cache -->\n<\/div>\n<div class=\"su-tabs-pane su-u-clearfix su-u-trim\" data-title=\"&lt;strong&gt;Rond 5&lt;\/strong&gt;\">\n<h3>Rond 5 | 9 november<\/h3>\n\n<table id=\"tablepress-47\" class=\"tablepress tablepress-id-47\">\n<tbody class=\"row-striping row-hover\">\n<tr class=\"row-1\">\n\t<td class=\"column-1\">Jan Bengtsson<\/td><td class=\"column-2\">2008<\/td><td class=\"column-3\">\u00bd-\u00bd<\/td><td class=\"column-4\">Idris Amin<\/td><td class=\"column-5\">L1800<\/td>\n<\/tr>\n<tr class=\"row-2\">\n\t<td class=\"column-1\">Anders Hansen<\/td><td class=\"column-2\">2026<\/td><td class=\"column-3\">1-0<\/td><td class=\"column-4\">\u00c5ke Westin<\/td><td class=\"column-5\">2145<\/td>\n<\/tr>\n<tr class=\"row-3\">\n\t<td class=\"column-1\">Ted Sandbech<\/td><td class=\"column-2\">1824<\/td><td class=\"column-3\">1-0<\/td><td class=\"column-4\">Sejfo Agovic <\/td><td class=\"column-5\">1799<\/td>\n<\/tr>\n<tr class=\"row-4\">\n\t<td class=\"column-1\">Ivan Kolobaric<\/td><td class=\"column-2\">L1486<\/td><td class=\"column-3\">1-0<\/td><td class=\"column-4\">Leif Bohman<\/td><td class=\"column-5\">1749<\/td>\n<\/tr>\n<tr class=\"row-5\">\n\t<td class=\"column-1\">Daniel Mena<\/td><td class=\"column-2\">1790<\/td><td class=\"column-3\">0-1<\/td><td class=\"column-4\">Quang Binh Dam<\/td><td class=\"column-5\">2136<\/td>\n<\/tr>\n<tr class=\"row-6\">\n\t<td class=\"column-1\">Bertil \u00d6jerskog<\/td><td class=\"column-2\">1481<\/td><td class=\"column-3\">1-0<\/td><td class=\"column-4\">Markus Mena<\/td><td class=\"column-5\">L1114<\/td>\n<\/tr>\n<tr class=\"row-7\">\n\t<td class=\"column-1\">Cai Jussila<\/td><td class=\"column-2\">1449<\/td><td class=\"column-3\">1-0<\/td><td class=\"column-4\">Eric Nordin<\/td><td class=\"column-5\">1835<\/td>\n<\/tr>\n<\/tbody>\n<\/table>\n<!-- #tablepress-47 from cache -->\n<\/div>\n<div class=\"su-tabs-pane su-u-clearfix su-u-trim\" data-title=\"&lt;strong&gt;Rond 6&lt;\/strong&gt;\">\n<h3>Rond 6 | 21 november<\/h3>\n\n<table id=\"tablepress-48\" class=\"tablepress tablepress-id-48\">\n<tbody class=\"row-striping row-hover\">\n<tr class=\"row-1\">\n\t<td class=\"column-1\">Anders Hansen<\/td><td class=\"column-2\">2026<\/td><td class=\"column-3\">0-1<\/td><td class=\"column-4\">Jan Bengtsson<\/td><td class=\"column-5\">2008<\/td>\n<\/tr>\n<tr class=\"row-2\">\n\t<td class=\"column-1\">Idris Amin<\/td><td class=\"column-2\">L1800<\/td><td class=\"column-3\">0-1<\/td><td class=\"column-4\">Quang Binh Dam<\/td><td class=\"column-5\">2136<\/td>\n<\/tr>\n<tr class=\"row-3\">\n\t<td class=\"column-1\">\u00c5ke Westin<\/td><td class=\"column-2\">2145<\/td><td class=\"column-3\">1-0<\/td><td class=\"column-4\">Ted Sandbech <\/td><td class=\"column-5\">1824<\/td>\n<\/tr>\n<tr class=\"row-4\">\n\t<td class=\"column-1\">Sejfo Agovic<\/td><td class=\"column-2\">1799<\/td><td class=\"column-3\">0-1<\/td><td class=\"column-4\">Ivan Kolobaric<\/td><td class=\"column-5\">L1486<\/td>\n<\/tr>\n<tr class=\"row-5\">\n\t<td class=\"column-1\">Leif Bohman<\/td><td class=\"column-2\">1749<\/td><td class=\"column-3\">0-1 w.o<\/td><td class=\"column-4\">Bertil \u00d6jerskog<\/td><td class=\"column-5\">1481<\/td>\n<\/tr>\n<tr class=\"row-6\">\n\t<td class=\"column-1\">Eric Nordin<\/td><td class=\"column-2\">1835<\/td><td class=\"column-3\">1-0<\/td><td class=\"column-4\">Markus Mena<\/td><td class=\"column-5\">L1114<\/td>\n<\/tr>\n<tr class=\"row-7\">\n\t<td class=\"column-1\">Cai Jussila<\/td><td class=\"column-2\">1449<\/td><td class=\"column-3\">0-1<\/td><td class=\"column-4\">Daniel Mena<\/td><td class=\"column-5\">1790<\/td>\n<\/tr>\n<\/tbody>\n<\/table>\n<!-- #tablepress-48 from cache -->\n<\/div>\n<div class=\"su-tabs-pane su-u-clearfix su-u-trim\" data-title=\"&lt;strong&gt;Rond 7&lt;\/strong&gt;\">\n<h3>Rond 7 | 5 december<\/h3>\n\n<table id=\"tablepress-50\" class=\"tablepress tablepress-id-50\">\n<tbody class=\"row-striping row-hover\">\n<tr class=\"row-1\">\n\t<td class=\"column-1\">Quang Binh Dam<\/td><td class=\"column-2\">2136<\/td><td class=\"column-3\">1-0<\/td><td class=\"column-4\">Jan Bengtsson<\/td><td class=\"column-5\">2008<\/td>\n<\/tr>\n<tr class=\"row-2\">\n\t<td class=\"column-1\">Ivan Kolobaric<\/td><td class=\"column-2\">L1486<\/td><td class=\"column-3\">0-1<\/td><td class=\"column-4\">Anders Hansen<\/td><td class=\"column-5\">2026<\/td>\n<\/tr>\n<tr class=\"row-3\">\n\t<td class=\"column-1\">Idris Amin<\/td><td class=\"column-2\">L1800<\/td><td class=\"column-3\">1-0<\/td><td class=\"column-4\">\u00c5ke Westin<\/td><td class=\"column-5\">2145<\/td>\n<\/tr>\n<tr class=\"row-4\">\n\t<td class=\"column-1\">Ted Sandbech<\/td><td class=\"column-2\">1824<\/td><td class=\"column-3\">1-0<\/td><td class=\"column-4\">Bertil \u00d6jerskog<\/td><td class=\"column-5\">1481<\/td>\n<\/tr>\n<tr class=\"row-5\">\n\t<td class=\"column-1\">Eric Nordin<\/td><td class=\"column-2\">1835<\/td><td class=\"column-3\">1-0 w.o<\/td><td class=\"column-4\">Sejfo Agovic<\/td><td class=\"column-5\">1799<\/td>\n<\/tr>\n<tr class=\"row-6\">\n\t<td class=\"column-1\">Markus Mena<\/td><td class=\"column-2\">L1114<\/td><td class=\"column-3\">0-1<\/td><td class=\"column-4\">Daniel Mena<\/td><td class=\"column-5\">1790<\/td>\n<\/tr>\n<tr class=\"row-7\">\n\t<td class=\"column-1\">Leif Bohman<\/td><td class=\"column-2\">1749<\/td><td class=\"column-3\">1-0 w.o<\/td><td class=\"column-4\">Cai Jussila<\/td><td class=\"column-5\">1449<\/td>\n<\/tr>\n<\/tbody>\n<\/table>\n<!-- #tablepress-50 from cache -->\n<\/div><\/div><\/div>\n","protected":false},"excerpt":{"rendered":"","protected":false},"author":2,"featured_media":0,"parent":2407,"menu_order":0,"comment_status":"open","ping_status":"open","template":"sidebar-page.php","meta":{"_acf_changed":false,"footnotes":""},"acf":[],"_links":{"self":[{"href":"https:\/\/www.nvssf.com\/forbundet\/wp-json\/wp\/v2\/pages\/3227"}],"collection":[{"href":"https:\/\/www.nvssf.com\/forbundet\/wp-json\/wp\/v2\/pages"}],"about":[{"href":"https:\/\/www.nvssf.com\/forbundet\/wp-json\/wp\/v2\/types\/page"}],"author":[{"embeddable":true,"href":"https:\/\/www.nvssf.com\/forbundet\/wp-json\/wp\/v2\/users\/2"}],"replies":[{"embeddable":true,"href":"https:\/\/www.nvssf.com\/forbundet\/wp-json\/wp\/v2\/comments?post=3227"}],"version-history":[{"count":1,"href":"https:\/\/www.nvssf.com\/forbundet\/wp-json\/wp\/v2\/pages\/3227\/revisions"}],"predecessor-version":[{"id":8429,"href":"https:\/\/www.nvssf.com\/forbundet\/wp-json\/wp\/v2\/pages\/3227\/revisions\/8429"}],"up":[{"embeddable":true,"href":"https:\/\/www.nvssf.com\/forbundet\/wp-json\/wp\/v2\/pages\/2407"}],"wp:attachment":[{"href":"https:\/\/www.nvssf.com\/forbundet\/wp-json\/wp\/v2\/media?parent=3227"}],"curies":[{"name":"wp","href":"https:\/\/api.w.org\/{rel}","templated":true}]}}