{"id":34,"date":"2014-03-20T10:25:33","date_gmt":"2014-03-20T09:25:33","guid":{"rendered":"http:\/\/www.nvssf.com\/forbundet\/?page_id=34"},"modified":"2026-03-14T16:22:08","modified_gmt":"2026-03-14T15:22:08","slug":"styrelsen","status":"publish","type":"page","link":"https:\/\/www.nvssf.com\/forbundet\/styrelsen\/","title":{"rendered":"Styrelsen &#038; Information"},"content":{"rendered":"<h2>Nordv\u00e4stra Sk\u00e5nes Schackf\u00f6rbund<\/h2>\n<p>Organisationsnummer: 843001-5167<\/p>\n<p>Postgiro: 112349-6<\/p>\n<h3>Styrelsen<\/h3>\n<table>\n<tbody>\n<tr>\n<td><strong>Ordf\u00f6rande<\/strong><\/td>\n<td>Stefan H\u00e5kansson<\/td>\n<td>stefan.nvssf@gmail.com<\/td>\n<\/tr>\n<tr>\n<td><strong>Viceordf\u00f6rande<\/strong><\/td>\n<td>\u00c5ke Westin<\/td>\n<td>ake.westin@gmail.com<\/td>\n<\/tr>\n<tr>\n<td><strong>Kass\u00f6r<\/strong><\/td>\n<td>Fredrik Sievert<\/td>\n<td>fredrik.sievert@chemo-invest.se<\/td>\n<\/tr>\n<tr>\n<td><strong>Sekreterare<\/strong><\/td>\n<td>Roland Johansson<\/td>\n<td>rojo57@hotmail.se<\/td>\n<\/tr>\n<tr>\n<td><strong>Ledamot<\/strong><\/td>\n<td>Haider Al-Sherufi<\/td>\n<td><\/td>\n<\/tr>\n<tr>\n<td><strong>Suppleant<\/strong><\/td>\n<td>Mikael Svensson<\/td>\n<td>mikael.swenson@gmail.com<\/td>\n<\/tr>\n<\/tbody>\n<\/table>\n<p><strong>Kontakta hela styrelsen:<\/strong> styrelsen@nvssf.com<\/p>\n<h3>\u00f6vriga Uppdrag<\/h3>\n<table style=\"width: 113.528%; height: 304px;\">\n<tbody>\n<tr style=\"height: 24px;\">\n<td style=\"height: 24px; width: 145.167px;\"><strong>Webmaster<\/strong><\/td>\n<td style=\"height: 24px; width: 182.85px;\">Eric Nordin<\/td>\n<td style=\"height: 24px; width: 305.983px;\">eric.nordin.hbg@hotmail.com<\/td>\n<\/tr>\n<tr style=\"height: 24px;\">\n<td style=\"height: 24px; width: 145.167px;\"><strong>Revisorer<\/strong><\/td>\n<td style=\"height: 24px; width: 182.85px;\">Ted Sandbech<\/td>\n<td style=\"height: 24px; width: 305.983px;\">tedsandbech@gmail.com<\/td>\n<\/tr>\n<tr style=\"height: 24px;\">\n<td style=\"width: 145.167px; height: 24px;\"><\/td>\n<td style=\"width: 182.85px; height: 24px;\">Daniel Johansson<\/td>\n<td style=\"width: 305.983px; height: 24px;\">djsson@hotmail.com<\/td>\n<\/tr>\n<tr style=\"height: 48px;\">\n<td style=\"width: 145.167px; height: 48px;\"><\/td>\n<td style=\"width: 182.85px; height: 48px;\">Suppleant: Fredric Olsson<\/td>\n<td style=\"width: 305.983px; height: 48px;\">fredric.olsson@gmail.com<\/td>\n<\/tr>\n<tr style=\"height: 24px;\">\n<td style=\"width: 145.167px; height: 24px;\"><strong>Valberedning<\/strong><\/td>\n<td style=\"width: 182.85px; height: 24px;\">Viktor Lundberg<\/td>\n<td style=\"width: 305.983px; height: 24px;\">viktorlundberg@yahoo.co.uk<\/td>\n<\/tr>\n<tr style=\"height: 24px;\">\n<td style=\"width: 145.167px; height: 24px;\"><\/td>\n<td style=\"width: 182.85px; height: 24px;\">Eric Nordin<\/td>\n<td style=\"width: 305.983px; height: 24px;\">eric.nordin.hbg@hotmail.com<\/td>\n<\/tr>\n<\/tbody>\n<\/table>\n","protected":false},"excerpt":{"rendered":"<p>Nordv\u00e4stra Sk\u00e5nes Schackf\u00f6rbund Organisationsnummer: 843001-5167 Postgiro: 112349-6 Styrelsen Ordf\u00f6rande Stefan H\u00e5kansson stefan.nvssf@gmail.com Viceordf\u00f6rande \u00c5ke Westin ake.westin@gmail.com Kass\u00f6r Fredrik Sievert fredrik.sievert@chemo-invest.se Sekreterare Roland Johansson rojo57@hotmail.se Ledamot Haider Al-Sherufi Suppleant Mikael Svensson mikael.swenson@gmail.com Kontakta hela styrelsen: styrelsen@nvssf.com \u00f6vriga Uppdrag Webmaster Eric Nordin &hellip; <a href=\"https:\/\/www.nvssf.com\/forbundet\/styrelsen\/\">Forts\u00e4tt l\u00e4sa <span class=\"meta-nav\">&rarr;<\/span><\/a><\/p>\n","protected":false},"author":2,"featured_media":0,"parent":0,"menu_order":0,"comment_status":"closed","ping_status":"closed","template":"sidebar-page.php","meta":{"_acf_changed":false,"footnotes":""},"acf":[],"_links":{"self":[{"href":"https:\/\/www.nvssf.com\/forbundet\/wp-json\/wp\/v2\/pages\/34"}],"collection":[{"href":"https:\/\/www.nvssf.com\/forbundet\/wp-json\/wp\/v2\/pages"}],"about":[{"href":"https:\/\/www.nvssf.com\/forbundet\/wp-json\/wp\/v2\/types\/page"}],"author":[{"embeddable":true,"href":"https:\/\/www.nvssf.com\/forbundet\/wp-json\/wp\/v2\/users\/2"}],"replies":[{"embeddable":true,"href":"https:\/\/www.nvssf.com\/forbundet\/wp-json\/wp\/v2\/comments?post=34"}],"version-history":[{"count":5,"href":"https:\/\/www.nvssf.com\/forbundet\/wp-json\/wp\/v2\/pages\/34\/revisions"}],"predecessor-version":[{"id":15360,"href":"https:\/\/www.nvssf.com\/forbundet\/wp-json\/wp\/v2\/pages\/34\/revisions\/15360"}],"wp:attachment":[{"href":"https:\/\/www.nvssf.com\/forbundet\/wp-json\/wp\/v2\/media?parent=34"}],"curies":[{"name":"wp","href":"https:\/\/api.w.org\/{rel}","templated":true}]}}