{"id":3556,"date":"2016-11-12T11:44:58","date_gmt":"2016-11-12T10:44:58","guid":{"rendered":"http:\/\/www.nvssf.com\/forbundet\/?page_id=3556"},"modified":"2016-11-14T10:27:21","modified_gmt":"2016-11-14T09:27:21","slug":"junior-dm-i-snabbschack-2016","status":"publish","type":"page","link":"https:\/\/www.nvssf.com\/forbundet\/resultat\/resultat-2016\/junior-dm-i-snabbschack-2016\/","title":{"rendered":"Junior-DM i snabbschack 2016"},"content":{"rendered":"<div class=\"su-tabs su-tabs-style-default su-tabs-mobile-stack\" data-active=\"2\" data-scroll-offset=\"0\" data-anchor-in-url=\"no\"><div class=\"su-tabs-nav\"><span class=\"\" data-url=\"\" data-target=\"blank\" tabindex=\"0\" role=\"button\"><strong>Startf\u00e4lt<\/strong><\/span><span class=\"\" data-url=\"\" data-target=\"blank\" tabindex=\"0\" role=\"button\"><strong>Slutst\u00e4llning<\/strong><\/span><span class=\"\" data-url=\"\" data-target=\"blank\" tabindex=\"0\" role=\"button\"><strong>Rond 1<\/strong><\/span><span class=\"\" data-url=\"\" data-target=\"blank\" tabindex=\"0\" role=\"button\"><strong>Rond 2<\/strong><\/span><span class=\"\" data-url=\"\" data-target=\"blank\" tabindex=\"0\" role=\"button\"><strong>Rond 3<\/strong><\/span><span class=\"\" data-url=\"\" data-target=\"blank\" tabindex=\"0\" role=\"button\"><strong>Rond 4<\/strong><\/span><span class=\"\" data-url=\"\" data-target=\"blank\" tabindex=\"0\" role=\"button\"><strong>Rond 5<\/strong><\/span><span class=\"\" data-url=\"\" data-target=\"blank\" tabindex=\"0\" role=\"button\"><strong>Rond 6<\/strong><\/span><\/div><div class=\"su-tabs-panes\"><div class=\"su-tabs-pane su-u-clearfix su-u-trim\" data-title=\"&lt;strong&gt;Startf\u00e4lt&lt;\/strong&gt;\">\n<h2>Startf\u00e4lt<\/h2>\n<h3>\u00c5rskurs 5 och \u00e4ldre<\/h3>\n<pre>No  Name                 Club            \r\n\r\n1.  Hampus Eriksson      Helsingborgs ASK\r\n2.  Majed Fakhr Eldin    Helsingborgs ASK\r\n3.  Tomasz Szczepanowski Helsingborgs ASK\r\n4.  Casper Helgesson     Landskrona SK   \r\n5.  Markus Mena          \u00c5storps SS      \r\n6.  Oskar Wu             Helsingborgs ASK\r\n7.  Mattias Bergdahl     Helsingborgs ASK\r\n8.  Filip Jonsson        Helsingborgs ASK\r\n9.  Haider Al-Sherufi    Helsingborgs ASK\r\n10. Samuel Larsson       Helsingborgs ASK\r\n11. Sebastian Ekstrand   Helsingborgs ASK\r\n12. Annie Dahlberg       Helsingborgs SS \r\n13. Tess Jussila         \u00c5storps SS<\/pre>\n<h3>\u00c5rskurs 4 och yngre<\/h3>\n<pre>No  Name               Club            \r\n\r\n1.  Anton Engkvist     Landskrona SK   \r\n2.  Vera Jussila       \u00c5storps SS      \r\n3.  Alvin Cheung       Helsingborgs ASK\r\n4.  Sixten Wallin      Helsingborgs SS \r\n5.  Viggo Wallin       Helsingborgs SS \r\n6.  Ylva Jussila       \u00c5storps SS      \r\n7.  Arvid M\u00e5nsson      Landskrona SK   \r\n8.  Rebecka Berndtsson Engelholms SK   \r\n9.  Isabella Mena      \u00c5storps SS      \r\n10. Sanvi Mirani       Helsingborgs ASK\r\n11. Kamar Abdul-Karim  Helsingborgs ASK<\/pre>\n<\/div>\n<div class=\"su-tabs-pane su-u-clearfix su-u-trim\" data-title=\"&lt;strong&gt;Slutst\u00e4llning&lt;\/strong&gt;\">\n<h2>Slutst\u00e4llning<\/h2>\n<h3>\u00c5rskurs 5 och \u00e4ldre<\/h3>\n<pre>Place Name                 Club             Score M-Buch.\r\n\r\n  1   Filip Jonsson        Helsingborgs ASK 5.5      20.0\r\n  2   Tomasz Szczepanowski Helsingborgs ASK 5.5      18.5\r\n  3   Hampus Eriksson      Helsingborgs ASK 4        20.5\r\n  4   Oskar Wu             Helsingborgs ASK 4        15.0\r\n  5   Majed Fakhr Eldin    Helsingborgs ASK 3.5      17.0\r\n  6   Haider Al-Sherufi    Helsingborgs ASK 3        19.0\r\n  7   Mattias Bergdahl     Helsingborgs ASK 3        12.0\r\n  8   Markus Mena          \u00c5storps SS       2.5      18.0\r\n      Samuel Larsson       Helsingborgs ASK 2.5      18.0\r\n 10   Tess Jussila         \u00c5storps SS       2.5      17.5\r\n 11   Annie Dahlberg       Helsingborgs SS  2        16.0\r\n 12   Casper Helgesson     Landskrona SK    2        14.5\r\n 13   Sebastian Ekstrand   Helsingborgs ASK 2        13.0<\/pre>\n<h3>\u00c5rskurs 4 och yngre<\/h3>\n<p>Sixten vann p\u00e5 inb\u00f6rdes m\u00f6te.<\/p>\n<pre>Place Name               Club             Score M-Buch.\r\n\r\n  1   Sixten Wallin      Helsingborgs SS  5        18.0\r\n      Arvid M\u00e5nsson      Landskrona SK    5        18.0\r\n  3   Viggo Wallin       Helsingborgs SS  4.5      18.5\r\n  4   Alvin Cheung       Helsingborgs ASK 3.5      14.5\r\n  5   Anton Engkvist     Landskrona SK    3        20.0\r\n  6   Sanvi Mirani       Helsingborgs ASK 3        18.0\r\n  7   Ylva Jussila       \u00c5storps SS       3        17.0\r\n  8   Vera Jussila       \u00c5storps SS       3        16.5\r\n  9   Rebecka Berndtsson Engelholms SK    2.5      16.5\r\n 10   Kamar Abdul-Karim  Helsingborgs ASK 2.5      15.5\r\n 11   Isabella Mena      \u00c5storps SS       1        16.5<\/pre>\n<\/div>\n<div class=\"su-tabs-pane su-u-clearfix su-u-trim\" data-title=\"&lt;strong&gt;Rond 1&lt;\/strong&gt;\">\n<h2>Resultat rond 1<\/h2>\n<h3>\u00c5rskurs 5 och \u00e4ldre<\/h3>\n<pre>No Name                  Result   Name                           \r\n1 Hampus Eriksson      HASK    1:0    Mattias Bergdahl   HASK\r\n2 Filip Jonsson        HASK    1:0    Majed Fakhr Eldin  HASK\r\n3 Tomasz Szczepanowski HASK    1:0    Haider Al-Sherufi  HASK\r\n4 Samuel Larsson       HASK    1:0    Casper Helgesson   LSK   \r\n5 Markus Mena          \u00c5SS     1:0    Sebastian Ekstrand HASK\r\n6 Annie Dahlberg       HSS     0:1    Oskar Wu           HASK\r\n7 Tess Jussila         \u00c5SS     1:0    BYE<\/pre>\n<h3>\u00c5rskurs 4 och yngre<\/h3>\n<pre>No Name               Result   Name                           \r\n1 Anton Engkvist    LSK     1:0    Ylva Jussila       \u00c5SS      \r\n2 Arvid M\u00e5nsson     LSK     1:0    Vera Jussila       \u00c5SS      \r\n3 Alvin Cheung      HASK   .5:.5   Rebecka Berndtsson ESK   \r\n4 Isabella Mena     \u00c5SS     0:1    Sixten Wallin      HSS \r\n5 Viggo Wallin      HSS     1:0    Sanvi Mirani       HASK\r\n6 Kamar Abdul-Karim HASK    1:0    BYE<\/pre>\n<\/div>\n<div class=\"su-tabs-pane su-u-clearfix su-u-trim\" data-title=\"&lt;strong&gt;Rond 2&lt;\/strong&gt;\">\n<h2>Resultat rond 2<\/h2>\n<h3>\u00c5rskurs 5 och \u00e4ldre<\/h3>\n<pre>No Name               Result   Name                             \r\n1 Oskar Wu          HASK    0:1    Hampus Eriksson      HASK\r\n2 Filip Jonsson     HASK   .5:.5   Tomasz Szczepanowski HASK\r\n3 Tess Jussila      \u00c5SS    .5:.5   Markus Mena          \u00c5SS      \r\n4 Majed Fakhr Eldin HASK   .5:.5   Samuel Larsson       HASK\r\n5 Casper Helgesson  LSK     0:1    Haider Al-Sherufi    HASK\r\n6 Mattias Bergdahl  HASK    0:1    Sebastian Ekstrand   HASK\r\n7 Annie Dahlberg    HSS     1:0    BYE<\/pre>\n<h3>\u00c5rskurs 4 och yngre<\/h3>\n<pre>No Name                 Result   Name                       \r\n\r\n 1 Kamar Abdul-Karim  HASK    0:1    Anton Engkvist LSK   \r\n 2 Sixten Wallin      HSS     0:1    Viggo Wallin   HSS \r\n 3 Rebecka Berndtsson ESK     0:1    Arvid M\u00e5nsson  LSK   \r\n 4 Vera Jussila       \u00c5SS     1:0    Alvin Cheung   HASK\r\n 5 Ylva Jussila       \u00c5SS     1:0    Isabella Mena  \u00c5SS      \r\n 6 Sanvi Mirani       HASK    1:0    BYE<\/pre>\n<\/div>\n<div class=\"su-tabs-pane su-u-clearfix su-u-trim\" data-title=\"&lt;strong&gt;Rond 3&lt;\/strong&gt;\">\n<h2>Resultat rond 3<\/h2>\n<h3>\u00c5rskurs 5 och \u00e4ldre<\/h3>\n<pre>No Name                Result   Name\r\n1 Hampus Eriksson    HASK    0:1   Tomasz Szczepanowski HASK\r\n2 Markus Mena        \u00c5SS     0:1   Filip Jonsson        HASK\r\n3 Samuel Larsson     HASK    1:0   Tess Jussila         \u00c5SS      \r\n4 Sebastian Ekstrand HASK    0:1   Oskar Wu             HASK\r\n5 Haider Al-Sherufi  HASK    1:0   Annie Dahlberg       HSS \r\n6 Casper Helgesson   LSK     0:1   Majed Fakhr Eldin    HASK\r\n7 Mattias Bergdahl   HASK    1:0   BYE<\/pre>\n<h3>\u00c5rskurs 4 och yngre<\/h3>\n<pre>No Name               Result   Name                          \r\n\r\n 1 Anton Engkvist     LSK     0:1    Arvid M\u00e5nsson     LSK   \r\n 2 Viggo Wallin       HSS    .5:.5   Kamar Abdul-Karim HASK\r\n 3 Sanvi Mirani       HASK    1:0    Vera Jussila      \u00c5SS      \r\n 4 Alvin Cheung       HASK    0:1    Sixten Wallin     HSS \r\n 5 Rebecka Berndtsson ESK     0:1    Ylva Jussila      \u00c5SS      \r\n 6 Isabella Mena      \u00c5SS     1:0    BYE<\/pre>\n<\/div>\n<div class=\"su-tabs-pane su-u-clearfix su-u-trim\" data-title=\"&lt;strong&gt;Rond 4&lt;\/strong&gt;\">\n<h2>Resultat rond 4<\/h2>\n<h3>\u00c5rskurs 5 och \u00e4ldre<\/h3>\n<pre>No Name                  Result   Name                         \r\n1 Tomasz Szczepanowski HASK    1:0    Samuel Larsson   HASK\r\n2 Oskar Wu             HASK    0:1    Filip Jonsson    HASK\r\n3 Haider Al-Sherufi    HASK    0:1    Hampus Eriksson  HASK\r\n4 Majed Fakhr Eldin    HASK    1:0    Markus Mena      \u00c5SS      \r\n5 Tess Jussila         \u00c5SS     1:0    Mattias Bergdahl HASK\r\n6 Sebastian Ekstrand   HASK    0:1    Annie Dahlberg   HSS \r\n7 Casper Helgesson     LSK     1:0    BYE<\/pre>\n<h3>\u00c5rskurs 4 och yngre<\/h3>\n<pre>No Name                 Result   Name                       \r\n\r\n 1 Arvid M\u00e5nsson      LSK     1:0    Viggo Wallin   HSS \r\n 2 Sixten Wallin      HSS     1:0    Anton Engkvist LSK   \r\n 3 Ylva Jussila       \u00c5SS     1:0    Sanvi Mirani   HASK\r\n 4 Kamar Abdul-Karim  HASK    0:1    Alvin Cheung   HASK\r\n 5 Vera Jussila       \u00c5SS     1:0    Isabella Mena  \u00c5SS      \r\n 6 Rebecka Berndtsson ESK     1:0    BYE<\/pre>\n<\/div>\n<div class=\"su-tabs-pane su-u-clearfix su-u-trim\" data-title=\"&lt;strong&gt;Rond 5&lt;\/strong&gt;\">\n<h2>Resultat rond 5<\/h2>\n<h3>\u00c5rskurs 5 och \u00e4ldre<\/h3>\n<pre>No Name                  Result   Name                          \r\n1 Filip Jonsson        HASK    1:0    Hampus Eriksson   HASK\r\n2 Tomasz Szczepanowski HASK    1:0    Tess Jussila      \u00c5SS      \r\n3 Annie Dahlberg       HSS     0:1    Majed Fakhr Eldin HASK\r\n4 Samuel Larsson       HASK    0:1    Haider Al-Sherufi HASK\r\n5 Markus Mena          \u00c5SS     0:1    Oskar Wu          HASK\r\n6 Mattias Bergdahl     HASK    1:0    Casper Helgesson  LSK   \r\n7 Sebastian Ekstrand   HASK    1:0    BYE<\/pre>\n<h3>\u00c5rskurs 4 och yngre<\/h3>\n<pre>No Name              Result   Name                           \r\n\r\n 1 Arvid M\u00e5nsson  LSK     0:1    Sixten Wallin      HSS \r\n 2 Viggo Wallin   HSS     1:0    Ylva Jussila       \u00c5SS      \r\n 3 Anton Engkvist LSK     1:0    Vera Jussila       \u00c5SS      \r\n 4 Sanvi Mirani   HASK    1:0    Rebecka Berndtsson ESK   \r\n 5 Isabella Mena  \u00c5SS     0:1    Kamar Abdul-Karim  HASK\r\n 6 Alvin Cheung   HASK    1:0    BYE<\/pre>\n<\/div>\n<div class=\"su-tabs-pane su-u-clearfix su-u-trim\" data-title=\"&lt;strong&gt;Rond 6&lt;\/strong&gt;\">\n<h2>Resultat rond 6<\/h2>\n<h3>\u00c5rskurs 5 och \u00e4ldre<\/h3>\n<pre>No Name               Result   Name                             \r\n1 Majed Fakhr Eldin HASK    0:1    Tomasz Szczepanowski HASK\r\n2 Haider Al-Sherufi HASK    0:1    Filip Jonsson        HASK\r\n3 Hampus Eriksson   HASK    1:0    Samuel Larsson       HASK\r\n4 Oskar Wu          HASK    1:0    Tess Jussila         \u00c5SS      \r\n5 Annie Dahlberg    HSS     0:1    Mattias Bergdahl     HASK\r\n6 Casper Helgesson  LSK     1:0    Sebastian Ekstrand   HASK\r\n7 Markus Mena       \u00c5SS     1:0    BYE<\/pre>\n<h3>\u00c5rskurs 4 och yngre<\/h3>\n<pre>No Name                Result   Name                           \r\n\r\n 1 Sixten Wallin     HSS     1:0    Sanvi Mirani       HASK\r\n 2 Ylva Jussila      \u00c5SS     0:1    Arvid M\u00e5nsson      LSK   \r\n 3 Anton Engkvist    LSK     0:1    Viggo Wallin       HSS \r\n 4 Kamar Abdul-Karim HASK    0:1    Rebecka Berndtsson ESK   \r\n 5 Alvin Cheung      HASK    1:0    Isabella Mena      \u00c5SS      \r\n 6 Vera Jussila      \u00c5SS     1:0    BYE<\/pre>\n<\/div><\/div><\/div>\n","protected":false},"excerpt":{"rendered":"","protected":false},"author":2,"featured_media":0,"parent":2407,"menu_order":0,"comment_status":"closed","ping_status":"closed","template":"sidebar-page.php","meta":{"_acf_changed":false,"footnotes":""},"acf":[],"_links":{"self":[{"href":"https:\/\/www.nvssf.com\/forbundet\/wp-json\/wp\/v2\/pages\/3556"}],"collection":[{"href":"https:\/\/www.nvssf.com\/forbundet\/wp-json\/wp\/v2\/pages"}],"about":[{"href":"https:\/\/www.nvssf.com\/forbundet\/wp-json\/wp\/v2\/types\/page"}],"author":[{"embeddable":true,"href":"https:\/\/www.nvssf.com\/forbundet\/wp-json\/wp\/v2\/users\/2"}],"replies":[{"embeddable":true,"href":"https:\/\/www.nvssf.com\/forbundet\/wp-json\/wp\/v2\/comments?post=3556"}],"version-history":[{"count":1,"href":"https:\/\/www.nvssf.com\/forbundet\/wp-json\/wp\/v2\/pages\/3556\/revisions"}],"predecessor-version":[{"id":3566,"href":"https:\/\/www.nvssf.com\/forbundet\/wp-json\/wp\/v2\/pages\/3556\/revisions\/3566"}],"up":[{"embeddable":true,"href":"https:\/\/www.nvssf.com\/forbundet\/wp-json\/wp\/v2\/pages\/2407"}],"wp:attachment":[{"href":"https:\/\/www.nvssf.com\/forbundet\/wp-json\/wp\/v2\/media?parent=3556"}],"curies":[{"name":"wp","href":"https:\/\/api.w.org\/{rel}","templated":true}]}}