{"id":3718,"date":"2016-12-10T15:00:45","date_gmt":"2016-12-10T14:00:45","guid":{"rendered":"http:\/\/www.nvssf.com\/forbundet\/?page_id=3718"},"modified":"2016-12-10T15:14:51","modified_gmt":"2016-12-10T14:14:51","slug":"junior-dm-i-blixt-2016","status":"publish","type":"page","link":"https:\/\/www.nvssf.com\/forbundet\/resultat\/resultat-2016\/junior-dm-i-blixt-2016\/","title":{"rendered":"Junior-DM i blixt 2016"},"content":{"rendered":"<h2>A-gruppen<\/h2>\n<p>I A-gruppen deltog 13 spelare. Spelformatet var alla-m\u00f6ter-alla (Berger) och bet\u00e4nketiden man anv\u00e4nde var 3 minuter + 2 sek i till\u00e4gg per drag. 12 ronder blixt var en riktig genomk\u00f6rare f\u00f6r dom flesta.B\u00e4st lyckades f\u00f6ljande trio:<\/p>\n<ol>\n<li><strong>Filip Jonsson,<\/strong> Helsingborgs ASK 12\u00bd po\u00e4ng<\/li>\n<li><strong>Tomasz Szczepanowski<\/strong>, Helsingborgs ASK 12 po\u00e4ng<\/li>\n<li><strong>Hampus Eriksson<\/strong>, Helsingborgs ASK 10 po\u00e4ng<\/li>\n<\/ol>\n<p><a href=\"https:\/\/www.nvssf.com\/forbundet\/wp-content\/uploads\/2016\/12\/JDMblixt2016older.pdf\">Bergertabell med samtliga resultat och placeringar f\u00f6r JDM A-gruppen<\/a><\/p>\n<h2>B-gruppen<\/h2>\n<p>I B-gruppen var det 8 deltagare. Man spelade en bergerturnering (alla m\u00f6ter alla) och man anv\u00e4nde bet\u00e4nktetiden 5 minuter, inget till\u00e4gg. Man fick 3 po\u00e4ng vid vinst, 2 po\u00e4ng om det blev remi och om man f\u00f6rlorade fick man en po\u00e4ng.<\/p>\n<h3>Platserna 1 &#8211; 3 i B-grupppen<\/h3>\n<ol>\n<li><strong>Jokubas Savklyvs<\/strong>, Helsingborgs ASK 19 po\u00e4ng.<\/li>\n<li><strong>Ylva Jussila<\/strong>, \u00c5storps SS 17 po\u00e4ng<\/li>\n<li><strong>Arvid M\u00e5nsson<\/strong>, Landskrona SK 17 po\u00e4ng<\/li>\n<\/ol>\n<p><a href=\"https:\/\/www.nvssf.com\/forbundet\/wp-content\/uploads\/2016\/12\/JDMblixt2016yngre.pdf\">Bergertabell med samtliga resultat och placeringar f\u00f6r JDM B-gruppen<\/a><\/p>\n","protected":false},"excerpt":{"rendered":"<p>A-gruppen I A-gruppen deltog 13 spelare. Spelformatet var alla-m\u00f6ter-alla (Berger) och bet\u00e4nketiden man anv\u00e4nde var 3 minuter + 2 sek i till\u00e4gg per drag. 12 ronder blixt var en riktig genomk\u00f6rare f\u00f6r dom flesta.B\u00e4st lyckades f\u00f6ljande trio: Filip Jonsson, Helsingborgs &hellip; <a href=\"https:\/\/www.nvssf.com\/forbundet\/resultat\/resultat-2016\/junior-dm-i-blixt-2016\/\">Forts\u00e4tt l\u00e4sa <span class=\"meta-nav\">&rarr;<\/span><\/a><\/p>\n","protected":false},"author":2,"featured_media":0,"parent":2407,"menu_order":0,"comment_status":"closed","ping_status":"closed","template":"sidebar-page.php","meta":{"_acf_changed":false,"footnotes":""},"acf":[],"_links":{"self":[{"href":"https:\/\/www.nvssf.com\/forbundet\/wp-json\/wp\/v2\/pages\/3718"}],"collection":[{"href":"https:\/\/www.nvssf.com\/forbundet\/wp-json\/wp\/v2\/pages"}],"about":[{"href":"https:\/\/www.nvssf.com\/forbundet\/wp-json\/wp\/v2\/types\/page"}],"author":[{"embeddable":true,"href":"https:\/\/www.nvssf.com\/forbundet\/wp-json\/wp\/v2\/users\/2"}],"replies":[{"embeddable":true,"href":"https:\/\/www.nvssf.com\/forbundet\/wp-json\/wp\/v2\/comments?post=3718"}],"version-history":[{"count":1,"href":"https:\/\/www.nvssf.com\/forbundet\/wp-json\/wp\/v2\/pages\/3718\/revisions"}],"predecessor-version":[{"id":3726,"href":"https:\/\/www.nvssf.com\/forbundet\/wp-json\/wp\/v2\/pages\/3718\/revisions\/3726"}],"up":[{"embeddable":true,"href":"https:\/\/www.nvssf.com\/forbundet\/wp-json\/wp\/v2\/pages\/2407"}],"wp:attachment":[{"href":"https:\/\/www.nvssf.com\/forbundet\/wp-json\/wp\/v2\/media?parent=3718"}],"curies":[{"name":"wp","href":"https:\/\/api.w.org\/{rel}","templated":true}]}}