{"id":403,"date":"2014-06-01T14:55:02","date_gmt":"2014-06-01T12:55:02","guid":{"rendered":"http:\/\/www.nvssf.com\/forbundet\/?page_id=403"},"modified":"2014-11-10T14:03:18","modified_gmt":"2014-11-10T13:03:18","slug":"deltalift-open-2014","status":"publish","type":"page","link":"https:\/\/www.nvssf.com\/forbundet\/deltalift-open-2014\/","title":{"rendered":"Deltalift Open 2014"},"content":{"rendered":"<div class=\"gallery\"><div class=\"galleria\"><a href=\"https:\/\/www.nvssf.com\/forbundet\/wp-content\/uploads\/2014\/06\/webbdscn38881.jpg\"><img decoding=\"async\" src=\"https:\/\/www.nvssf.com\/forbundet\/wp-content\/uploads\/2014\/06\/webbdscn38881-150x150.jpg\" data-description=\"\" data-title=\"Ett g\u00e4ng Nordv\u00e4stsk\u00e5ningar.\" data-big=\"https:\/\/www.nvssf.com\/forbundet\/wp-content\/uploads\/2014\/06\/webbdscn38881.jpg\" \/><\/a><a href=\"https:\/\/www.nvssf.com\/forbundet\/wp-content\/uploads\/2014\/06\/webbdscn38871-e1447144289850.jpg\"><img decoding=\"async\" src=\"https:\/\/www.nvssf.com\/forbundet\/wp-content\/uploads\/2014\/06\/webbdscn38871-e1447144289850-150x150.jpg\" data-description=\"\" data-title=\"Peter Rothman\" data-big=\"https:\/\/www.nvssf.com\/forbundet\/wp-content\/uploads\/2014\/06\/webbdscn38871-e1447144289850.jpg\" \/><\/a><a href=\"https:\/\/www.nvssf.com\/forbundet\/wp-content\/uploads\/2014\/06\/webbdscn38861.jpg\"><img decoding=\"async\" src=\"https:\/\/www.nvssf.com\/forbundet\/wp-content\/uploads\/2014\/06\/webbdscn38861-150x150.jpg\" data-description=\"\" data-title=\"Staffan Thomasson,\u00c5storps SS\" data-big=\"https:\/\/www.nvssf.com\/forbundet\/wp-content\/uploads\/2014\/06\/webbdscn38861.jpg\" \/><\/a><a href=\"https:\/\/www.nvssf.com\/forbundet\/wp-content\/uploads\/2014\/06\/webbdscn38841.jpg\"><img decoding=\"async\" src=\"https:\/\/www.nvssf.com\/forbundet\/wp-content\/uploads\/2014\/06\/webbdscn38841-150x150.jpg\" data-description=\"\" data-title=\"Stefan Myrenfors,Helsingborgs SS\" data-big=\"https:\/\/www.nvssf.com\/forbundet\/wp-content\/uploads\/2014\/06\/webbdscn38841.jpg\" \/><\/a><a href=\"https:\/\/www.nvssf.com\/forbundet\/wp-content\/uploads\/2014\/06\/webbdscn38801.jpg\"><img decoding=\"async\" src=\"https:\/\/www.nvssf.com\/forbundet\/wp-content\/uploads\/2014\/06\/webbdscn38801-150x150.jpg\" data-description=\"\" data-title=\"Patrik Nilsson,Helsingborgs ASK\" data-big=\"https:\/\/www.nvssf.com\/forbundet\/wp-content\/uploads\/2014\/06\/webbdscn38801.jpg\" \/><\/a><a href=\"https:\/\/www.nvssf.com\/forbundet\/wp-content\/uploads\/2014\/06\/webbdscn38791.jpg\"><img decoding=\"async\" src=\"https:\/\/www.nvssf.com\/forbundet\/wp-content\/uploads\/2014\/06\/webbdscn38791-150x150.jpg\" data-description=\"\" data-title=\"Tomas Rosell,Helsingborgs ASK\" data-big=\"https:\/\/www.nvssf.com\/forbundet\/wp-content\/uploads\/2014\/06\/webbdscn38791.jpg\" \/><\/a><\/div><\/div><script type='text\/javascript'>Galleria.loadTheme('https:\/\/www.nvssf.com\/forbundet\/wp-content\/plugins\/image-gallery-reloaded\/themes\/classic\/galleria.theme.min.js');<\/script><script type='text\/javascript'>Galleria.run('.galleria');<\/script>\n","protected":false},"excerpt":{"rendered":"","protected":false},"author":2,"featured_media":0,"parent":0,"menu_order":3,"comment_status":"open","ping_status":"closed","template":"sidebar-page.php","meta":{"_acf_changed":false,"footnotes":""},"acf":[],"_links":{"self":[{"href":"https:\/\/www.nvssf.com\/forbundet\/wp-json\/wp\/v2\/pages\/403"}],"collection":[{"href":"https:\/\/www.nvssf.com\/forbundet\/wp-json\/wp\/v2\/pages"}],"about":[{"href":"https:\/\/www.nvssf.com\/forbundet\/wp-json\/wp\/v2\/types\/page"}],"author":[{"embeddable":true,"href":"https:\/\/www.nvssf.com\/forbundet\/wp-json\/wp\/v2\/users\/2"}],"replies":[{"embeddable":true,"href":"https:\/\/www.nvssf.com\/forbundet\/wp-json\/wp\/v2\/comments?post=403"}],"version-history":[{"count":0,"href":"https:\/\/www.nvssf.com\/forbundet\/wp-json\/wp\/v2\/pages\/403\/revisions"}],"wp:attachment":[{"href":"https:\/\/www.nvssf.com\/forbundet\/wp-json\/wp\/v2\/media?parent=403"}],"curies":[{"name":"wp","href":"https:\/\/api.w.org\/{rel}","templated":true}]}}