{"id":4077,"date":"2017-04-10T12:15:23","date_gmt":"2017-04-10T10:15:23","guid":{"rendered":"http:\/\/www.nvssf.com\/forbundet\/?page_id=4077"},"modified":"2017-04-12T10:15:28","modified_gmt":"2017-04-12T08:15:28","slug":"distriktsfinalen-for-schackfyran-i-nordvastra-skane","status":"publish","type":"page","link":"https:\/\/www.nvssf.com\/forbundet\/resultat\/resultat-2017\/distriktsfinalen-for-schackfyran-i-nordvastra-skane\/","title":{"rendered":"Distriktsfinalen f\u00f6r Schackfyran i Nordv\u00e4stra Sk\u00e5ne"},"content":{"rendered":"<p>T\u00e4vlingen spelades p\u00e5 Idrottens Hus fredagen den 7 april. Cirka 530 fj\u00e4rdeklassare deltog. Totalsegraren Stora Hammars skola gick vidare f\u00f6r Sk\u00e5ne Schackf\u00f6rbunds r\u00e4kning till finalen i V\u00e4ster\u00e5s den 3 juni 2017. Tre klasser ifr\u00e5n Nordv\u00e4stra Sk\u00e5ne gick vidare: <strong>Slottv\u00e5ngsskolan<\/strong>, <strong>KUBIK<\/strong> och <strong>Slottsh\u00f6jden<\/strong>. Det vill s\u00e4ga platserna 2 &#8211; 4.<\/p>\n\n<table id=\"tablepress-53\" class=\"tablepress tablepress-id-53\">\n<thead>\n<tr class=\"row-1\">\n\t<th class=\"column-1\">Placering<\/th><th class=\"column-2\">Skola<\/th><th class=\"column-3\">Po\u00e4ng<\/th>\n<\/tr>\n<\/thead>\n<tbody class=\"row-striping row-hover\">\n<tr class=\"row-2\">\n\t<td class=\"column-1\">1<\/td><td class=\"column-2\">Stora Hammars Skolan (Sk\u00e5nes SF)<\/td><td class=\"column-3\">343<\/td>\n<\/tr>\n<tr class=\"row-3\">\n\t<td class=\"column-1\">2<\/td><td class=\"column-2\">Slottsv\u00e5ngsskolan 4<\/td><td class=\"column-3\">336<\/td>\n<\/tr>\n<tr class=\"row-4\">\n\t<td class=\"column-1\">3<\/td><td class=\"column-2\">KUBIK<\/td><td class=\"column-3\">333<\/td>\n<\/tr>\n<tr class=\"row-5\">\n\t<td class=\"column-1\">4<\/td><td class=\"column-2\">Slottsh\u00f6jden<\/td><td class=\"column-3\">326<\/td>\n<\/tr>\n<tr class=\"row-6\">\n\t<td class=\"column-1\">5<\/td><td class=\"column-2\">Sallerupskolan 4a (Sk\u00e5nes SF)<\/td><td class=\"column-3\">322<\/td>\n<\/tr>\n<tr class=\"row-7\">\n\t<td class=\"column-1\">6<\/td><td class=\"column-2\">V\u00e4stra Berga skola<\/td><td class=\"column-3\">317<\/td>\n<\/tr>\n<tr class=\"row-8\">\n\t<td class=\"column-1\">6<\/td><td class=\"column-2\">Sallerupskolan 4b (Sk\u00e5nes SF)<\/td><td class=\"column-3\">317<\/td>\n<\/tr>\n<tr class=\"row-9\">\n\t<td class=\"column-1\">8<\/td><td class=\"column-2\">Maria Montessori (Sk\u00e5nes SF)<\/td><td class=\"column-3\">314<\/td>\n<\/tr>\n<tr class=\"row-10\">\n\t<td class=\"column-1\">9<\/td><td class=\"column-2\">Nyhamnsskolan 4b<\/td><td class=\"column-3\">309<\/td>\n<\/tr>\n<tr class=\"row-11\">\n\t<td class=\"column-1\">10<\/td><td class=\"column-2\">Nyhamnsskolan 4a<\/td><td class=\"column-3\">307<\/td>\n<\/tr>\n<tr class=\"row-12\">\n\t<td class=\"column-1\">11<\/td><td class=\"column-2\">Dalhem 4b<\/td><td class=\"column-3\">302<\/td>\n<\/tr>\n<tr class=\"row-13\">\n\t<td class=\"column-1\">12<\/td><td class=\"column-2\">ISH Group A<\/td><td class=\"column-3\">299<\/td>\n<\/tr>\n<tr class=\"row-14\">\n\t<td class=\"column-1\">13<\/td><td class=\"column-2\">Dalhem 4a<\/td><td class=\"column-3\">297<\/td>\n<\/tr>\n<tr class=\"row-15\">\n\t<td class=\"column-1\">14<\/td><td class=\"column-2\">B\u00e5stad Montessori<\/td><td class=\"column-3\">293<\/td>\n<\/tr>\n<tr class=\"row-16\">\n\t<td class=\"column-1\">15<\/td><td class=\"column-2\">\u00c4ttekulla 4b<\/td><td class=\"column-3\">284<\/td>\n<\/tr>\n<tr class=\"row-17\">\n\t<td class=\"column-1\">16<\/td><td class=\"column-2\">\u00c4ttekulla 4a<\/td><td class=\"column-3\">270<\/td>\n<\/tr>\n<tr class=\"row-18\">\n\t<td class=\"column-1\">17<\/td><td class=\"column-2\">Elineberg 4b<\/td><td class=\"column-3\">268<\/td>\n<\/tr>\n<tr class=\"row-19\">\n\t<td class=\"column-1\">18<\/td><td class=\"column-2\">Elineberg 4a<\/td><td class=\"column-3\">266<\/td>\n<\/tr>\n<tr class=\"row-20\">\n\t<td class=\"column-1\">19<\/td><td class=\"column-2\">\u00c4ttekulla 4c<\/td><td class=\"column-3\">265<\/td>\n<\/tr>\n<tr class=\"row-21\">\n\t<td class=\"column-1\">20<\/td><td class=\"column-2\">Wieselgren<\/td><td class=\"column-3\">257<\/td>\n<\/tr>\n<tr class=\"row-22\">\n\t<td class=\"column-1\">21<\/td><td class=\"column-2\">Nyv\u00e5ng klass 4<\/td><td class=\"column-3\">255<\/td>\n<\/tr>\n<tr class=\"row-23\">\n\t<td class=\"column-1\">21<\/td><td class=\"column-2\">ISH Group B<\/td><td class=\"column-3\">255<\/td>\n<\/tr>\n<tr class=\"row-24\">\n\t<td class=\"column-1\">23<\/td><td class=\"column-2\">Ringstorp<\/td><td class=\"column-3\">253<\/td>\n<\/tr>\n<tr class=\"row-25\">\n\t<td class=\"column-1\">24<\/td><td class=\"column-2\">Tellus klass 4<\/td><td class=\"column-3\">252<\/td>\n<\/tr>\n<tr class=\"row-26\">\n\t<td class=\"column-1\">25<\/td><td class=\"column-2\">Ljungenskolan 4 (Sk\u00e5nes SF)<\/td><td class=\"column-3\">162<\/td>\n<\/tr>\n<\/tbody>\n<\/table>\n<!-- #tablepress-53 from cache -->\n","protected":false},"excerpt":{"rendered":"<p>T\u00e4vlingen spelades p\u00e5 Idrottens Hus fredagen den 7 april. Cirka 530 fj\u00e4rdeklassare deltog. Totalsegraren Stora Hammars skola gick vidare f\u00f6r Sk\u00e5ne Schackf\u00f6rbunds r\u00e4kning till finalen i V\u00e4ster\u00e5s den 3 juni 2017. Tre klasser ifr\u00e5n Nordv\u00e4stra Sk\u00e5ne gick vidare: Slottv\u00e5ngsskolan, KUBIK &hellip; <a href=\"https:\/\/www.nvssf.com\/forbundet\/resultat\/resultat-2017\/distriktsfinalen-for-schackfyran-i-nordvastra-skane\/\">Forts\u00e4tt l\u00e4sa <span class=\"meta-nav\">&rarr;<\/span><\/a><\/p>\n","protected":false},"author":2,"featured_media":0,"parent":3948,"menu_order":0,"comment_status":"closed","ping_status":"closed","template":"sidebar-page.php","meta":{"_acf_changed":false,"footnotes":""},"acf":[],"_links":{"self":[{"href":"https:\/\/www.nvssf.com\/forbundet\/wp-json\/wp\/v2\/pages\/4077"}],"collection":[{"href":"https:\/\/www.nvssf.com\/forbundet\/wp-json\/wp\/v2\/pages"}],"about":[{"href":"https:\/\/www.nvssf.com\/forbundet\/wp-json\/wp\/v2\/types\/page"}],"author":[{"embeddable":true,"href":"https:\/\/www.nvssf.com\/forbundet\/wp-json\/wp\/v2\/users\/2"}],"replies":[{"embeddable":true,"href":"https:\/\/www.nvssf.com\/forbundet\/wp-json\/wp\/v2\/comments?post=4077"}],"version-history":[{"count":1,"href":"https:\/\/www.nvssf.com\/forbundet\/wp-json\/wp\/v2\/pages\/4077\/revisions"}],"predecessor-version":[{"id":4092,"href":"https:\/\/www.nvssf.com\/forbundet\/wp-json\/wp\/v2\/pages\/4077\/revisions\/4092"}],"up":[{"embeddable":true,"href":"https:\/\/www.nvssf.com\/forbundet\/wp-json\/wp\/v2\/pages\/3948"}],"wp:attachment":[{"href":"https:\/\/www.nvssf.com\/forbundet\/wp-json\/wp\/v2\/media?parent=4077"}],"curies":[{"name":"wp","href":"https:\/\/api.w.org\/{rel}","templated":true}]}}