{"id":4140,"date":"2017-04-20T09:31:34","date_gmt":"2017-04-20T07:31:34","guid":{"rendered":"http:\/\/www.nvssf.com\/forbundet\/?page_id=4140"},"modified":"2017-04-22T15:41:30","modified_gmt":"2017-04-22T13:41:30","slug":"junior-dm-juniorerknattar-2017","status":"publish","type":"page","link":"https:\/\/www.nvssf.com\/forbundet\/resultat\/resultat-2017\/junior-dm-juniorerknattar-2017\/","title":{"rendered":"Junior-DM Juniorer\/Knattar 2017"},"content":{"rendered":"<h2>Juniorer (spelare f\u00f6dda 1997-2005)<\/h2>\n<p>Spelform: 4 spelare dubbelrondigt alla m\u00f6ter alla (Berger).<br \/>\nBet\u00e4nketid: 30 min.<\/p>\n<ol>\n<li><strong>Haider Al-Sherufi Helsingborgs ASK 5<\/strong> po\u00e4ng av 6<\/li>\n<li><strong>Casper Helgesson Landskrona SK<\/strong> 3 po\u00e4ng<\/li>\n<li><strong>Tess Jussila \u00c5storps SS<\/strong> 2\u00bd po\u00e4ng<\/li>\n<li><strong>George Bobocea \u00c5storps SS<\/strong> 1\u00bd po\u00e4ng<\/li>\n<\/ol>\n<p><a href=\"https:\/\/www.nvssf.com\/forbundet\/wp-content\/uploads\/2017\/04\/jdmJunior2017Bergertabell.pdf\" target=\"_blank\" rel=\"noopener noreferrer\">Utskriftsv\u00e4nlig Bergertabell (PDF)<\/a><\/p>\n<h2>Knattar (spelare f\u00f6dda 2006-)<\/h2>\n<p>Spelform: 7 ronder FIDE schweizer.<\/p>\n<p>Bet\u00e4nketid: 30 min.<\/p>\n<h3>Slutst\u00e4llning<\/h3>\n<pre>Place Name                Club         Score M-Buch.\r\n\r\n  1   Mattias Medelis     \u00c5storp       5.5      26.5\r\n  2   Arvid M\u00e5nsson       Landskrona   5.5      25.5\r\n  3   Vera Jussila        \u00c5storp       5        25.5\r\n  4   Ylva Jussila        \u00c5storp       4.5      26.0\r\n  5   Herman Nothhaft     HASK         4        19.5\r\n  6   Anton Engkvist      Landskrona   3.5      23.0\r\n  7   Adnan Alnasr        Norra Lyckan 3.5      18.5\r\n  8   Alvin Cheung        HASK         3        27.0\r\n  9   Isabella Mena       \u00c5storp       3        24.0\r\n 10   Kanak Uttamchandani HASK         3        21.0\r\n 11   Jokubas Sauklys     HASK         3        14.5\r\n 12   Freja Uhrberg       HASK         2        23.0\r\n 13   Mathew Lee          HASK         2        18.0\r\n 14   Charvi Jain         HASK         1.5      21.5\r\n<\/pre>\n<h3>Resultat rond 1<\/h3>\n<pre>No Name                 Result   Name           \r\n\r\n 1 Alvin Cheung           1:0    Adnan Alnasr   \r\n 2 Mattias Medelis        1:0    Ylva Jussila   \r\n 3 Anton Engkvist         1:0    Herman Nothhaft\r\n 4 Isabella Mena          1:0    Charvi Jain    \r\n 5 Jokubas Sauklys        1:0    Arvid M\u00e5nsson  \r\n 6 Kanak Uttamchandani    0:1    Vera Jussila   \r\n 7 Mathew Lee             1:0    Freja Uhrberg  \r\n<\/pre>\n<h3>Resultat rond 2<\/h3>\n<pre>No Name             Result   Name               \r\n\r\n 1 Vera Jussila       1:0    Alvin Cheung       \r\n 2 Mathew Lee         0:1    Anton Engkvist     \r\n 3 Mattias Medelis    1:0    Jokubas Sauklys    \r\n 4 Ylva Jussila       1:0    Isabella Mena      \r\n 5 Charvi Jain        0:1    Arvid M\u00e5nsson      \r\n 6 Adnan Alnasr      .5:.5   Kanak Uttamchandani\r\n 7 Herman Nothhaft    0:1    Freja Uhrberg      \r\n<\/pre>\n<h3>Resultat rond 3<\/h3>\n<pre>No Name                 Result   Name           \r\n\r\n 1 Anton Engkvist        .5:.5   Vera Jussila   \r\n 2 Alvin Cheung           0:1    Mattias Medelis\r\n 3 Arvid M\u00e5nsson          1:0    Ylva Jussila   \r\n 4 Freja Uhrberg          0:1    Jokubas Sauklys\r\n 5 Isabella Mena          1:0    Mathew Lee     \r\n 6 Charvi Jain            0:1    Adnan Alnasr   \r\n 7 Kanak Uttamchandani    0:1    Herman Nothhaft\r\n<\/pre>\n<h3>Resultat rond 4<\/h3>\n<pre>No Name                 Result   Name           \r\n\r\n 1 Vera Jussila          .5:.5   Mattias Medelis\r\n 2 Jokubas Sauklys        1:0    Anton Engkvist \r\n 3 Arvid M\u00e5nsson          1:0    Isabella Mena  \r\n 4 Adnan Alnasr           1:0    Mathew Lee     \r\n 5 Herman Nothhaft        1:0    Alvin Cheung   \r\n 6 Ylva Jussila           1:0    Freja Uhrberg  \r\n 7 Kanak Uttamchandani   .5:.5   Charvi Jain    \r\n<\/pre>\n<h3>Resultat rond 5<\/h3>\n<pre>No Name             Result   Name               \r\n\r\n 1 Mattias Medelis    0:1    Arvid M\u00e5nsson      \r\n 2 Adnan Alnasr       0:1    Vera Jussila       \r\n 3 Anton Engkvist     0:1    Ylva Jussila       \r\n 4 Isabella Mena      0:1    Herman Nothhaft    \r\n 5 Freja Uhrberg      0:1    Alvin Cheung       \r\n 6 Mathew Lee         0:1    Kanak Uttamchandani\r\n 7 Charvi Jain        1:0    BYE                \r\n<\/pre>\n<h3>Resultat rond 6<\/h3>\n<pre>No Name                 Result   Name           \r\n\r\n 1 Vera Jussila          .5:.5   Arvid M\u00e5nsson  \r\n 2 Herman Nothhaft        0:1    Mattias Medelis\r\n 3 Ylva Jussila           1:0    Adnan Alnasr   \r\n 4 Alvin Cheung           1:0    Anton Engkvist \r\n 5 Kanak Uttamchandani    0:1    Isabella Mena  \r\n 6 Charvi Jain            0:1    Mathew Lee     \r\n 7 Freja Uhrberg          1:0    BYE            \r\n<\/pre>\n<h3>Resultat rond 7<\/h3>\n<pre>No Name                 Result   Name           \r\n\r\n 1 Ylva Jussila          .5:.5   Vera Jussila   \r\n 2 Arvid M\u00e5nsson          1:0    Alvin Cheung   \r\n 3 Mattias Medelis        1:0    Isabella Mena  \r\n 4 Mathew Lee             0:1    Herman Nothhaft\r\n 5 Freja Uhrberg          0:1    Adnan Alnasr   \r\n 6 Anton Engkvist         1:0    Charvi Jain    \r\n 7 Kanak Uttamchandani    1:0    BYE            \r\n<\/pre>\n","protected":false},"excerpt":{"rendered":"<p>Juniorer (spelare f\u00f6dda 1997-2005) Spelform: 4 spelare dubbelrondigt alla m\u00f6ter alla (Berger). Bet\u00e4nketid: 30 min. Haider Al-Sherufi Helsingborgs ASK 5 po\u00e4ng av 6 Casper Helgesson Landskrona SK 3 po\u00e4ng Tess Jussila \u00c5storps SS 2\u00bd po\u00e4ng George Bobocea \u00c5storps SS 1\u00bd &hellip; <a href=\"https:\/\/www.nvssf.com\/forbundet\/resultat\/resultat-2017\/junior-dm-juniorerknattar-2017\/\">Forts\u00e4tt l\u00e4sa <span class=\"meta-nav\">&rarr;<\/span><\/a><\/p>\n","protected":false},"author":2,"featured_media":0,"parent":3948,"menu_order":0,"comment_status":"open","ping_status":"open","template":"sidebar-page.php","meta":{"_acf_changed":false,"footnotes":""},"acf":[],"_links":{"self":[{"href":"https:\/\/www.nvssf.com\/forbundet\/wp-json\/wp\/v2\/pages\/4140"}],"collection":[{"href":"https:\/\/www.nvssf.com\/forbundet\/wp-json\/wp\/v2\/pages"}],"about":[{"href":"https:\/\/www.nvssf.com\/forbundet\/wp-json\/wp\/v2\/types\/page"}],"author":[{"embeddable":true,"href":"https:\/\/www.nvssf.com\/forbundet\/wp-json\/wp\/v2\/users\/2"}],"replies":[{"embeddable":true,"href":"https:\/\/www.nvssf.com\/forbundet\/wp-json\/wp\/v2\/comments?post=4140"}],"version-history":[{"count":1,"href":"https:\/\/www.nvssf.com\/forbundet\/wp-json\/wp\/v2\/pages\/4140\/revisions"}],"predecessor-version":[{"id":4165,"href":"https:\/\/www.nvssf.com\/forbundet\/wp-json\/wp\/v2\/pages\/4140\/revisions\/4165"}],"up":[{"embeddable":true,"href":"https:\/\/www.nvssf.com\/forbundet\/wp-json\/wp\/v2\/pages\/3948"}],"wp:attachment":[{"href":"https:\/\/www.nvssf.com\/forbundet\/wp-json\/wp\/v2\/media?parent=4140"}],"curies":[{"name":"wp","href":"https:\/\/api.w.org\/{rel}","templated":true}]}}