{"id":4835,"date":"2017-09-16T14:35:57","date_gmt":"2017-09-16T12:35:57","guid":{"rendered":"http:\/\/www.nvssf.com\/forbundet\/?page_id=4835"},"modified":"2017-09-20T09:48:38","modified_gmt":"2017-09-20T07:48:38","slug":"oppna-skanska-skolmasterskapen","status":"publish","type":"page","link":"https:\/\/www.nvssf.com\/forbundet\/resultat\/resultat-2017\/oppna-skanska-skolmasterskapen\/","title":{"rendered":"\u00d6ppna Sk\u00e5nska skolm\u00e4sterskapen"},"content":{"rendered":"<h2>Spelat i Helsingborg p\u00e5 Olympiaskolan den 16:e september<\/h2>\n\n<!-- Page-list plugin v.5.9 wordpress.org\/plugins\/page-list\/ -->\n<ul class=\"page-list \">\n<li class=\"page_item page-item-4843\"><a href=\"https:\/\/www.nvssf.com\/forbundet\/resultat\/resultat-2017\/oppna-skanska-skolmasterskapen\/yngre-miniorer-2007\/\">Yngre Miniorer (2007-)<\/a><\/li>\n<li class=\"page_item page-item-4841\"><a href=\"https:\/\/www.nvssf.com\/forbundet\/resultat\/resultat-2017\/oppna-skanska-skolmasterskapen\/miniorer-2005-2006\/\">Miniorer (2005-2006)<\/a><\/li>\n<li class=\"page_item page-item-4839\"><a href=\"https:\/\/www.nvssf.com\/forbundet\/resultat\/resultat-2017\/oppna-skanska-skolmasterskapen\/kadetter-2001-2004\/\">Kadetter (2001-2004)<\/a><\/li>\n<li class=\"page_item page-item-4837\"><a href=\"https:\/\/www.nvssf.com\/forbundet\/resultat\/resultat-2017\/oppna-skanska-skolmasterskapen\/juniorer-1997-2000\/\">Juniorer (1997-2000)<\/a><\/li>\n\n<\/ul>\n","protected":false},"excerpt":{"rendered":"<p>Spelat i Helsingborg p\u00e5 Olympiaskolan den 16:e september<\/p>\n","protected":false},"author":2,"featured_media":0,"parent":3948,"menu_order":0,"comment_status":"open","ping_status":"open","template":"sidebar-page.php","meta":{"_acf_changed":false,"footnotes":""},"acf":[],"_links":{"self":[{"href":"https:\/\/www.nvssf.com\/forbundet\/wp-json\/wp\/v2\/pages\/4835"}],"collection":[{"href":"https:\/\/www.nvssf.com\/forbundet\/wp-json\/wp\/v2\/pages"}],"about":[{"href":"https:\/\/www.nvssf.com\/forbundet\/wp-json\/wp\/v2\/types\/page"}],"author":[{"embeddable":true,"href":"https:\/\/www.nvssf.com\/forbundet\/wp-json\/wp\/v2\/users\/2"}],"replies":[{"embeddable":true,"href":"https:\/\/www.nvssf.com\/forbundet\/wp-json\/wp\/v2\/comments?post=4835"}],"version-history":[{"count":1,"href":"https:\/\/www.nvssf.com\/forbundet\/wp-json\/wp\/v2\/pages\/4835\/revisions"}],"predecessor-version":[{"id":4893,"href":"https:\/\/www.nvssf.com\/forbundet\/wp-json\/wp\/v2\/pages\/4835\/revisions\/4893"}],"up":[{"embeddable":true,"href":"https:\/\/www.nvssf.com\/forbundet\/wp-json\/wp\/v2\/pages\/3948"}],"wp:attachment":[{"href":"https:\/\/www.nvssf.com\/forbundet\/wp-json\/wp\/v2\/media?parent=4835"}],"curies":[{"name":"wp","href":"https:\/\/api.w.org\/{rel}","templated":true}]}}