{"id":4839,"date":"2017-09-16T14:38:49","date_gmt":"2017-09-16T12:38:49","guid":{"rendered":"http:\/\/www.nvssf.com\/forbundet\/?page_id=4839"},"modified":"2017-10-11T11:42:10","modified_gmt":"2017-10-11T09:42:10","slug":"kadetter-2001-2004","status":"publish","type":"page","link":"https:\/\/www.nvssf.com\/forbundet\/resultat\/resultat-2017\/oppna-skanska-skolmasterskapen\/kadetter-2001-2004\/","title":{"rendered":"Kadetter (2001-2004)"},"content":{"rendered":"\n<!-- Page-list plugin v.5.9 wordpress.org\/plugins\/page-list\/ -->\n<ul class=\"page-list page-list-cols-3\">\n<li class=\"page_item page-item-4837\"><a href=\"https:\/\/www.nvssf.com\/forbundet\/resultat\/resultat-2017\/oppna-skanska-skolmasterskapen\/juniorer-1997-2000\/\">Juniorer (1997-2000)<\/a><\/li>\n<li class=\"page_item page-item-4841\"><a href=\"https:\/\/www.nvssf.com\/forbundet\/resultat\/resultat-2017\/oppna-skanska-skolmasterskapen\/miniorer-2005-2006\/\">Miniorer (2005-2006)<\/a><\/li>\n<li class=\"page_item page-item-4843\"><a href=\"https:\/\/www.nvssf.com\/forbundet\/resultat\/resultat-2017\/oppna-skanska-skolmasterskapen\/yngre-miniorer-2007\/\">Yngre Miniorer (2007-)<\/a><\/li>\n\n<\/ul>\n<h1>Startf\u00e4lt<\/h1>\n<pre>No  Name                      Club                          \r\n1.  Tess Jussila              Synkopen Helsingborg          \r\n2.  Oscar J\u00f6nsson             Killeb\u00e4ckskolan S\u00f6dra Sandby  \r\n3.  Viking Lind               Johannes Hedberggymnasiet Hels\r\n4.  Casper Helgesson          Engelska skolan Landskrona    \r\n5.  Tomasz Szczepanowski      H\u00f6gastens skolan Helsingborg  \r\n6.  Ruben H\u00f6glund             Procivitas gymnasium Helsingbo\r\n7.  Gabriel Jacobsen          Maria Parkskolan Helsingborg  \r\n8.  Nathalie Westin           Ljungenskolan H\u00f6llviken       \r\n9.  Markus Mena               Maria Parkskolan Helsingborg  \r\n10. Elias Glas                IES Lund                      \r\n11. Maja Jepson               Rutsborgskolan Lomma          \r\n12. Hampus Bensryd            Lerb\u00e4ckskolan Lund            \r\n13. Mikkel Mejlvang           R\u00c3\u00b8nne privatskole DK          \r\n14. Mikala H\u00f6yerup            Atheneskolan DK               \r\n15. William Tengstrand-Nugent IES H\u00e4ssleholm                \r\n16. Olof S\u00f6derquist           Killeb\u00e4ckskolan S\u00f6dra Sandby  \r\n17. Andy Voong                IES H\u00e4ssleholm                \r\n18. Alexander Nord            F\u00e4ladsg\u00e5rden Lund             \r\n19. Haider Al-Sherufi         Kunskapsskolan Helsingborg    \r\n20. Elizabeth Johansson       Spyken Lund                   \r\n21. Sabina Sefkovic           Tyringe skola                 \r\n22. Anton H\u00e5kansson Dik       Killeb\u00e4ckskolan S\u00f6dra Sandby  \r\n23. Casper Sode               Bornholms Fri Idr\u00c3\u00a6tsskole DK  \r\n24. Linnea Lauridsen          Lar\u00f6d skola Helsingborg       \r\n25. Sebastian Ekstrand        Vittra Adolfsberg             \r\n26. Morris Tegn\u00c3\u00a9r             Dammfriskolan Malm\u00f6           \r\n27. Emil Skovgaard            Nyelandsvejens skole DK       \r\n<\/pre>\n<h1>Slutst\u00e4llning<\/h1>\n<pre>Place Name                       Score M-Buch. Buch. Wins\r\n\r\n  1   Lind, Viking               4         9.0   9.0    4\r\n 2-3  Nord, Alexander            3.5       8.5   9.5    3\r\n      Szczepanowski, Tomasz      3.5       7.5   8.5    3\r\n 4-9  H\u00f6yerup, Mikala            3         8.0  10.0    3\r\n      J\u00f6nsson, Oscar             3         8.0   9.0    3\r\n      Bensryd, Hampus            3         8.0   9.0    3\r\n      Mejlvang, Mikkel           3         6.5   7.0    3\r\n      Johansson, Elizabeth       3         6.0   6.5    3\r\n      Skovgaard, Emil            3         5.0   6.0    2\r\n10-19 Jacobsen, Gabriel          2         9.5  10.0    2\r\n      Mena, Markus               2         8.5  10.5    2\r\n      Jussila, Tess              2         8.0   9.0    2\r\n      Westin, Nathalie           2         7.5   8.0    2\r\n      H\u00e5kansson Dik, Anton       2         7.0   8.0    2\r\n      Jepson, Maja               2         7.0   7.0    2\r\n      Glas, Elias                2         6.0   6.5    2\r\n      Ekstrand, Sebastian        2         6.0   6.0    2\r\n      H\u00f6glund, Ruben             2         5.0   5.5    2\r\n      Lauridsen, Linnea          2         5.0   5.5    2\r\n20-26 Sode, Casper               1         9.0  11.0    1\r\n      Helgesson, Casper          1         8.5   9.0    1\r\n      Tegn\u00c3\u00a9r, Morris             1         8.0  10.0    0\r\n      Tengstrand-Nugent, William 1         7.0   7.0    1\r\n      Al-Sherufi, Haider         1         6.5   8.5    1\r\n      Sefkovic, Sabina           1         6.0   8.0    0\r\n      Voong, Andy                1         6.0   7.0    0\r\n 27   S\u00f6derquist, Olof           0         8.0   9.0    0\r\n\r\n<\/pre>\n<h2>Resultat rond 1<\/h2>\n<pre>No Name                       Result   Name               \r\n\r\n 1 Tess Jussila                 0:1    Mikala H\u00f6yerup     \r\n 2 William Tengstrand-Nugent    0:1    Oscar J\u00f6nsson      \r\n 3 Viking Lind                  1:0    Olof S\u00f6derquist    \r\n 4 Andy Voong                   0:1    Casper Helgesson   \r\n 5 Tomasz Szczepanowski        .5:.5   Alexander Nord     \r\n 6 Haider Al-Sherufi            1:0    Ruben H\u00f6glund      \r\n 7 Gabriel Jacobsen             1:0    Elizabeth Johansson\r\n 8 Sabina Sefkovic              0:1    Nathalie Westin    \r\n 9 Markus Mena                  1:0    Anton H\u00e5kansson Dik\r\n10 Casper Sode                  1:0    Elias Glas         \r\n11 Maja Jepson                  1:0    Linnea Lauridsen   \r\n12 Sebastian Ekstrand           0:1    Hampus Bensryd     \r\n13 Mikkel Mejlvang              1:0    Morris Tegn\u00c3\u00a9r      \r\n14 Emil Skovgaard               1:0    BYE                \r\n\r\n<\/pre>\n<h2>Resultat rond 2<\/h2>\n<pre>No Name                 Result   Name                     \r\n\r\n 1 Oscar J\u00f6nsson          1:0    Maja Jepson              \r\n 2 Hampus Bensryd         0:1    Viking Lind              \r\n 3 Casper Helgesson       0:1    Mikkel Mejlvang          \r\n 4 Mikala H\u00f6yerup         1:0    Gabriel Jacobsen         \r\n 5 Nathalie Westin        1:0    Haider Al-Sherufi        \r\n 6 Emil Skovgaard         0:1    Markus Mena              \r\n 7 Alexander Nord         1:0    Casper Sode              \r\n 8 Ruben H\u00f6glund          0:1    Tomasz Szczepanowski     \r\n 9 Elizabeth Johansson    1:0    Tess Jussila             \r\n10 Elias Glas             1:0    Sabina Sefkovic          \r\n11 Anton H\u00e5kansson Dik    1:0    William Tengstrand-Nugent\r\n12 Olof S\u00f6derquist        0:1    Sebastian Ekstrand       \r\n13 Linnea Lauridsen       1:0    Andy Voong               \r\n14 Morris Tegn\u00c3\u00a9r          1:0    BYE                      \r\n\r\n<\/pre>\n<h2>Resultat rond 3<\/h2>\n<pre>No Name                       Result   Name               \r\n\r\n 1 Markus Mena                  0:1    Oscar J\u00f6nsson      \r\n 2 Viking Lind                  1:0    Mikala H\u00f6yerup     \r\n 3 Mikkel Mejlvang              1:0    Nathalie Westin    \r\n 4 Tomasz Szczepanowski         1:0    Casper Helgesson   \r\n 5 Gabriel Jacobsen             0:1    Alexander Nord     \r\n 6 Sebastian Ekstrand           0:1    Elias Glas         \r\n 7 Maja Jepson                  0:1    Anton H\u00e5kansson Dik\r\n 8 Casper Sode                  0:1    Hampus Bensryd     \r\n 9 Haider Al-Sherufi            0:1    Emil Skovgaard     \r\n10 Morris Tegn\u00c3\u00a9r                0:1    Elizabeth Johansson\r\n11 Tess Jussila                 1:0    Linnea Lauridsen   \r\n12 Andy Voong                   0:1    Ruben H\u00f6glund      \r\n13 William Tengstrand-Nugent    1:0    Olof S\u00f6derquist    \r\n14 Sabina Sefkovic              1:0    BYE                \r\n\r\n<\/pre>\n<h2>Resultat rond 4<\/h2>\n<pre>No Name               Result   Name                     \r\n\r\n 1 Oscar J\u00f6nsson        0:1    Viking Lind              \r\n 2 Alexander Nord       1:0    Mikkel Mejlvang          \r\n 3 Nathalie Westin      0:1    Tomasz Szczepanowski     \r\n 4 Mikala H\u00f6yerup       1:0    Markus Mena              \r\n 5 Elias Glas           0:1    Elizabeth Johansson      \r\n 6 Hampus Bensryd       1:0    Anton H\u00e5kansson Dik      \r\n 7 Emil Skovgaard       1:0    Casper Sode              \r\n 8 Haider Al-Sherufi    0:1    Tess Jussila             \r\n 9 Casper Helgesson     0:1    Sebastian Ekstrand       \r\n10 Ruben H\u00f6glund        1:0    Morris Tegn\u00c3\u00a9r            \r\n11 Sabina Sefkovic      0:1    Gabriel Jacobsen         \r\n12 Linnea Lauridsen     1:0    William Tengstrand-Nugent\r\n13 Olof S\u00f6derquist      0:1    Maja Jepson              \r\n14 Andy Voong           1:0    BYE                      \r\n\r\n<\/pre>\n\n<!-- Page-list plugin v.5.9 wordpress.org\/plugins\/page-list\/ -->\n<ul class=\"page-list page-list-cols-3\">\n<li class=\"page_item page-item-4837\"><a href=\"https:\/\/www.nvssf.com\/forbundet\/resultat\/resultat-2017\/oppna-skanska-skolmasterskapen\/juniorer-1997-2000\/\">Juniorer (1997-2000)<\/a><\/li>\n<li class=\"page_item page-item-4841\"><a href=\"https:\/\/www.nvssf.com\/forbundet\/resultat\/resultat-2017\/oppna-skanska-skolmasterskapen\/miniorer-2005-2006\/\">Miniorer (2005-2006)<\/a><\/li>\n<li class=\"page_item page-item-4843\"><a href=\"https:\/\/www.nvssf.com\/forbundet\/resultat\/resultat-2017\/oppna-skanska-skolmasterskapen\/yngre-miniorer-2007\/\">Yngre Miniorer (2007-)<\/a><\/li>\n\n<\/ul>\n","protected":false},"excerpt":{"rendered":"<p>Startf\u00e4lt No Name Club 1. Tess Jussila Synkopen Helsingborg 2. Oscar J\u00f6nsson Killeb\u00e4ckskolan S\u00f6dra Sandby 3. Viking Lind Johannes Hedberggymnasiet Hels 4. Casper Helgesson Engelska skolan Landskrona 5. Tomasz Szczepanowski H\u00f6gastens skolan Helsingborg 6. Ruben H\u00f6glund Procivitas gymnasium Helsingbo 7. &hellip; <a href=\"https:\/\/www.nvssf.com\/forbundet\/resultat\/resultat-2017\/oppna-skanska-skolmasterskapen\/kadetter-2001-2004\/\">Forts\u00e4tt l\u00e4sa <span class=\"meta-nav\">&rarr;<\/span><\/a><\/p>\n","protected":false},"author":2,"featured_media":0,"parent":4835,"menu_order":2,"comment_status":"open","ping_status":"open","template":"sidebar-page.php","meta":{"_acf_changed":false,"footnotes":""},"acf":[],"_links":{"self":[{"href":"https:\/\/www.nvssf.com\/forbundet\/wp-json\/wp\/v2\/pages\/4839"}],"collection":[{"href":"https:\/\/www.nvssf.com\/forbundet\/wp-json\/wp\/v2\/pages"}],"about":[{"href":"https:\/\/www.nvssf.com\/forbundet\/wp-json\/wp\/v2\/types\/page"}],"author":[{"embeddable":true,"href":"https:\/\/www.nvssf.com\/forbundet\/wp-json\/wp\/v2\/users\/2"}],"replies":[{"embeddable":true,"href":"https:\/\/www.nvssf.com\/forbundet\/wp-json\/wp\/v2\/comments?post=4839"}],"version-history":[{"count":1,"href":"https:\/\/www.nvssf.com\/forbundet\/wp-json\/wp\/v2\/pages\/4839\/revisions"}],"predecessor-version":[{"id":4998,"href":"https:\/\/www.nvssf.com\/forbundet\/wp-json\/wp\/v2\/pages\/4839\/revisions\/4998"}],"up":[{"embeddable":true,"href":"https:\/\/www.nvssf.com\/forbundet\/wp-json\/wp\/v2\/pages\/4835"}],"wp:attachment":[{"href":"https:\/\/www.nvssf.com\/forbundet\/wp-json\/wp\/v2\/media?parent=4839"}],"curies":[{"name":"wp","href":"https:\/\/api.w.org\/{rel}","templated":true}]}}