{"id":4841,"date":"2017-09-16T14:40:30","date_gmt":"2017-09-16T12:40:30","guid":{"rendered":"http:\/\/www.nvssf.com\/forbundet\/?page_id=4841"},"modified":"2017-10-11T11:43:15","modified_gmt":"2017-10-11T09:43:15","slug":"miniorer-2005-2006","status":"publish","type":"page","link":"https:\/\/www.nvssf.com\/forbundet\/resultat\/resultat-2017\/oppna-skanska-skolmasterskapen\/miniorer-2005-2006\/","title":{"rendered":"Miniorer (2005-2006)"},"content":{"rendered":"\n<!-- Page-list plugin v.5.9 wordpress.org\/plugins\/page-list\/ -->\n<ul class=\"page-list page-list-cols-3\">\n<li class=\"page_item page-item-4837\"><a href=\"https:\/\/www.nvssf.com\/forbundet\/resultat\/resultat-2017\/oppna-skanska-skolmasterskapen\/juniorer-1997-2000\/\">Juniorer (1997-2000)<\/a><\/li>\n<li class=\"page_item page-item-4839\"><a href=\"https:\/\/www.nvssf.com\/forbundet\/resultat\/resultat-2017\/oppna-skanska-skolmasterskapen\/kadetter-2001-2004\/\">Kadetter (2001-2004)<\/a><\/li>\n<li class=\"page_item page-item-4843\"><a href=\"https:\/\/www.nvssf.com\/forbundet\/resultat\/resultat-2017\/oppna-skanska-skolmasterskapen\/yngre-miniorer-2007\/\">Yngre Miniorer (2007-)<\/a><\/li>\n\n<\/ul>\n<h1>Startf\u00e4lt<\/h1>\n<pre>No  Name                     Club                         \r\n\r\n1.  Mikolaj Jasionek         Antilopens skola Klippan     \r\n2.  Elna Glas                                             \r\n3.  Rebecka Persson                                       \r\n4.  Karl Lindquist           Killeb\u00e4ckskolan S\u00f6dra Sandby \r\n5.  Kalle J Stjernstr\u00f6m      Sveaskolan Malm\u00f6             \r\n6.  Adam Westerling          Sallerupskolan Esl\u00f6v         \r\n7.  Hannibal V Jaques        DK                           \r\n8.  William Ekelius          Stora Hammars skola H\u00f6llviken\r\n9.  Erik Lindgren            Stora Hammars skola H\u00f6llviken\r\n10. Jakob Dalhammar          Lunds Montessorigrundskola   \r\n11. Lukas Iskos              DK                           \r\n12. Axel Thor\u00c3\u00a9n              Slottsstadens skola Malm\u00f6    \r\n13. George Bobocea           Nyv\u00e5ngs skola \u00c5storp         \r\n14. Emma Vastenberg          Stora Hammars skola H\u00f6llviken\r\n15. Isabelle Dahlquist       Stora Hammars skola H\u00f6llviken\r\n16. Asker Malmstr\u00f6m          R\u00f6nnenskolan Malm\u00f6           \r\n17. Daniel T H Jarlskov      Br\u00f6ndbyvester skole DK       \r\n18. Emil Duus                Rydeb\u00e4cksskolan Helsingborg  \r\n19. Viggo Wallin             Maria Parkskolan Helsingborg \r\n20. David Petersson          Lunds Montessorigrundskola   \r\n21. Anton Engqvist           H\u00e4rsl\u00f6vs skola Landskrona    \r\n22. Erik Medborg             Lund                         \r\n23. Marcus Andersson         Mellanhedsskolan Malm\u00f6       \r\n24. Jokubas Sauklys          Jonstorps skola Helsingborg  \r\n25. Olle Thell Midjema       Byskolan S\u00f6dra Sandby        \r\n26. Samuel Larsson           Ringstorpsskolan Helsingborg \r\n27. Edvin Janer              Nyv\u00e5ngsskolan \u00c5storp         \r\n28. Marcus Voong             IES H\u00e4ssleholm               \r\n29. Carl Frithiow            Geijerskolan Malm\u00f6           \r\n30. Max Brushammar           Stora Hammars skola H\u00f6llviken\r\n31. Oliver Holmquist         Kyrkskolan Svedala           \r\n32. William Steffert         IES H\u00e4ssleholm               \r\n33. Peja Persson             Lund                         \r\n34. Robert Gramkov Sveistrup DK                           \r\n35. Vera Jussila             Slottsv\u00e5ngsskolan Helsingborg\r\n36. Ylva Jussila             Slottsv\u00e5ngskolan Helsingborg \r\n37. Christian Zeman          R\u00f6nnenskolan Malm\u00f6           \r\n38. Elliot Visonj            Stora Hammars skola H\u00f6llviken\r\n\r\n<\/pre>\n<h1>Slutst\u00e4llning<\/h1>\n<pre>Place Name                      Score M-Buch. Buch. Wins\r\n\r\n  1   Jaques, Hannibal V        5.5      22.0  25.0    5\r\n 2-4  Iskos, Lukas              5        22.5  25.5    5\r\n      Ekelius, William          5        20.5  22.5    5\r\n      Petersson, David          5        18.5  19.0    5\r\n  5   Malmstr\u00f6m, Asker          4.5      20.0  22.0    4\r\n6-12  Zeman, Christian          4        20.5  22.5    4\r\n      Janer, Edvin              4        20.0  22.0    4\r\n      Brushammar, Max           4        18.0  19.0    4\r\n      Visonj, Elliot            4        18.0  19.0    4\r\n      Sveistrup, Robert Gramkov 4        17.5  18.5    4\r\n      Steffert, William         4        17.0  19.0    4\r\n      Jarlskov, Daniel T H      4        16.5  18.5    4\r\n13-15 Andersson, Marcus         3.5      16.5  18.0    3\r\n      Jussila, Ylva             3.5      16.5  18.0    2\r\n      Larsson, Samuel           3.5      16.0  17.0    3\r\n16-24 Lindgren, Erik            3        20.0  23.0    3\r\n      Persson, Peja             3        19.5  21.5    3\r\n      Holmquist, Oliver         3        17.0  19.0    2\r\n      Stjernstr\u00f6m, Kalle J      3        16.5  18.5    3\r\n      Dalhammar, Jakob          3        16.0  18.0    3\r\n      Voong, Marcus             3        16.0  18.0    3\r\n      Duus, Emil                3        15.0  17.0    3\r\n      Vastenberg, Emma          3        14.0  16.0    3\r\n      Medborg, Erik             3        12.5  13.0    3\r\n25-33 Persson, Rebecka          2        19.0  22.0    2\r\n      Lindquist, Karl           2        16.0  17.0    2\r\n      Jussila, Vera             2        15.5  16.5    2\r\n      Thor\u00c3\u00a9n, Axel              2        15.0  17.0    2\r\n      Sauklys, Jokubas          2        15.0  16.5    2\r\n      Thell Midjema, Olle       2        14.0  15.5    2\r\n      Westerling, Adam          2        14.0  15.0    2\r\n      Bobocea, George           2        14.0  14.5    2\r\n      Frithiow, Carl            2        12.5  13.0    2\r\n34-35 Glas, Elna                1.5      15.0  16.5    1\r\n      Engqvist, Anton           1.5       8.5   9.0    1\r\n36-37 Dahlquist, Isabelle       1        13.5  14.5    1\r\n      Wallin, Viggo             1        12.5  13.0    0\r\n 38   Jasionek, Mikolaj         0.5      13.5  14.5    0\r\n\r\n<\/pre>\n<h2>Resultat rond 1<\/h2>\n<pre>No Name                 Result   Name                    \r\n\r\n 1 Mikolaj Jasionek       0:1    David Petersson         \r\n 2 Anton Engqvist         0:1    Elna Glas               \r\n 3 Rebecka Persson        1:0    Erik Medborg            \r\n 4 Marcus Andersson       1:0    Karl Lindquist          \r\n 5 Kalle J Stjernstr\u00f6m    1:0    Jokubas Sauklys         \r\n 6 Olle Thell Midjema     1:0    Adam Westerling         \r\n 7 Hannibal V Jaques      1:0    Samuel Larsson          \r\n 8 Edvin Janer            0:1    William Ekelius         \r\n 9 Erik Lindgren          1:0    Marcus Voong            \r\n10 Carl Frithiow          0:1    Jakob Dalhammar         \r\n11 Lukas Iskos            1:0    Max Brushammar          \r\n12 Oliver Holmquist       1:0    Axel Thor\u00c3\u00a9n             \r\n13 George Bobocea         0:1    William Steffert        \r\n14 Peja Persson           1:0    Emma Vastenberg         \r\n15 Isabelle Dahlquist     0:1    Robert Gramkov Sveistrup\r\n16 Vera Jussila           0:1    Asker Malmstr\u00f6m         \r\n17 Daniel T H Jarlskov    0:1    Ylva Jussila            \r\n18 Christian Zeman        1:0    Emil Duus               \r\n19 Viggo Wallin           0:1    Elliot Visonj           \r\n\r\n<\/pre>\n<h2>Resultat rond 2<\/h2>\n<pre>No Name                      Result   Name               \r\n\r\n 1 Elna Glas                   0:1    Marcus Andersson   \r\n 2 David Petersson             1:0    Rebecka Persson    \r\n 3 William Steffert            1:0    Kalle J Stjernstr\u00f6m\r\n 4 Robert Gramkov Sveistrup    0:1    Hannibal V Jaques  \r\n 5 William Ekelius             1:0    Olle Thell Midjema \r\n 6 Ylva Jussila                0:1    Erik Lindgren      \r\n 7 Jakob Dalhammar             0:1    Oliver Holmquist   \r\n 8 Elliot Visonj               0:1    Lukas Iskos        \r\n 9 Asker Malmstr\u00f6m             1:0    Peja Persson       \r\n10 Karl Lindquist              0:1    Christian Zeman    \r\n11 Erik Medborg                1:0    Mikolaj Jasionek   \r\n12 Adam Westerling             1:0    Anton Engqvist     \r\n13 Axel Thor\u00c3\u00a9n                 0:1    Edvin Janer        \r\n14 Jokubas Sauklys             1:0    George Bobocea     \r\n15 Emma Vastenberg             1:0    Carl Frithiow      \r\n16 Samuel Larsson              1:0    Isabelle Dahlquist \r\n17 Marcus Voong                0:1    Daniel T H Jarlskov\r\n18 Emil Duus                   1:0    Vera Jussila       \r\n19 Max Brushammar              1:0    Viggo Wallin       \r\n\r\n<\/pre>\n<h2>Resultat rond 3<\/h2>\n<pre>No Name                      Result   Name            \r\n\r\n 1 Hannibal V Jaques           1:0    David Petersson \r\n 2 Marcus Andersson            0:1    William Ekelius \r\n 3 Erik Lindgren               1:0    Oliver Holmquist\r\n 4 Lukas Iskos                 1:0    William Steffert\r\n 5 Christian Zeman             1:0    Asker Malmstr\u00f6m \r\n 6 Jokubas Sauklys             1:0    Elna Glas       \r\n 7 Rebecka Persson             1:0    Samuel Larsson  \r\n 8 Kalle J Stjernstr\u00f6m         0:1    Max Brushammar  \r\n 9 Edvin Janer                 1:0    Adam Westerling \r\n10 Olle Thell Midjema          0:1    Jakob Dalhammar \r\n11 Robert Gramkov Sveistrup    1:0    Emma Vastenberg \r\n12 Daniel T H Jarlskov         0:1    Elliot Visonj   \r\n13 Peja Persson                1:0    Emil Duus       \r\n14 Ylva Jussila                1:0    Erik Medborg    \r\n15 Mikolaj Jasionek           .5:.5   Viggo Wallin    \r\n16 Anton Engqvist              0:1    Karl Lindquist  \r\n17 Carl Frithiow               0:1    Axel Thor\u00c3\u00a9n     \r\n18 George Bobocea              0:1    Marcus Voong    \r\n19 Isabelle Dahlquist          0:1    Vera Jussila    \r\n\r\n<\/pre>\n<h2>Resultat rond 4<\/h2>\n<pre>No Name              Result   Name                    \r\n\r\n 1 Erik Lindgren       0:1    Hannibal V Jaques       \r\n 2 William Ekelius     1:0    Christian Zeman         \r\n 3 Jakob Dalhammar     0:1    Lukas Iskos             \r\n 4 Max Brushammar      1:0    Rebecka Persson         \r\n 5 Asker Malmstr\u00f6m     1:0    Robert Gramkov Sveistrup\r\n 6 David Petersson     1:0    Peja Persson            \r\n 7 Oliver Holmquist   .5:.5   Marcus Andersson        \r\n 8 William Steffert    1:0    Jokubas Sauklys         \r\n 9 Elliot Visonj       0:1    Edvin Janer             \r\n10 Elna Glas          .5:.5   Ylva Jussila            \r\n11 Karl Lindquist      0:1    Emil Duus               \r\n12 Erik Medborg        0:1    Kalle J Stjernstr\u00f6m     \r\n13 Adam Westerling     0:1    Samuel Larsson          \r\n14 Axel Thor\u00c3\u00a9n         1:0    Olle Thell Midjema      \r\n15 Emma Vastenberg     0:1    Marcus Voong            \r\n16 Vera Jussila        0:1    Daniel T H Jarlskov     \r\n17 George Bobocea      1:0    Mikolaj Jasionek        \r\n18 Viggo Wallin        0:1    Isabelle Dahlquist      \r\n19 Carl Frithiow       1:0    Anton Engqvist          \r\n\r\n<\/pre>\n<h2>Resultat rond 5<\/h2>\n<pre>No Name                      Result   Name               \r\n\r\n 1 Lukas Iskos                 1:0    William Ekelius    \r\n 2 Hannibal V Jaques          .5:.5   Asker Malmstr\u00f6m    \r\n 3 Max Brushammar              1:0    Erik Lindgren      \r\n 4 Christian Zeman             0:1    David Petersson    \r\n 5 Edvin Janer                 1:0    William Steffert   \r\n 6 Ylva Jussila               .5:.5   Oliver Holmquist   \r\n 7 Marcus Andersson            1:0    Rebecka Persson    \r\n 8 Samuel Larsson              1:0    Kalle J Stjernstr\u00f6m\r\n 9 Jokubas Sauklys             0:1    Jakob Dalhammar    \r\n10 Marcus Voong                1:0    Axel Thor\u00c3\u00a9n        \r\n11 Daniel T H Jarlskov         1:0    Peja Persson       \r\n12 Emil Duus                   0:1    Elliot Visonj      \r\n13 Robert Gramkov Sveistrup    1:0    Elna Glas          \r\n14 Isabelle Dahlquist          0:1    Karl Lindquist     \r\n15 Erik Medborg                1:0    Adam Westerling    \r\n16 Olle Thell Midjema          0:1    George Bobocea     \r\n17 Vera Jussila                0:1    Emma Vastenberg    \r\n18 Mikolaj Jasionek            0:1    Carl Frithiow      \r\n19 Anton Engqvist             .5:.5   Viggo Wallin       \r\n\r\n<\/pre>\n<h2>Resultat rond 6<\/h2>\n<pre>No Name                 Result   Name                    \r\n\r\n 1 Hannibal V Jaques      1:0    Lukas Iskos             \r\n 2 William Ekelius        1:0    Max Brushammar          \r\n 3 David Petersson        1:0    Edvin Janer             \r\n 4 Asker Malmstr\u00f6m        1:0    Marcus Andersson        \r\n 5 William Steffert       1:0    Erik Lindgren           \r\n 6 Jakob Dalhammar        0:1    Robert Gramkov Sveistrup\r\n 7 Oliver Holmquist       0:1    Daniel T H Jarlskov     \r\n 8 Samuel Larsson        .5:.5   Ylva Jussila            \r\n 9 Marcus Voong           0:1    Christian Zeman         \r\n10 Elliot Visonj          1:0    Karl Lindquist          \r\n11 Rebecka Persson        0:1    Emil Duus               \r\n12 Kalle J Stjernstr\u00f6m    1:0    Carl Frithiow           \r\n13 Axel Thor\u00c3\u00a9n            0:1    Erik Medborg            \r\n14 Peja Persson           1:0    George Bobocea          \r\n15 Emma Vastenberg        1:0    Jokubas Sauklys         \r\n16 Elna Glas              0:1    Olle Thell Midjema      \r\n17 Adam Westerling        1:0    Isabelle Dahlquist      \r\n18 Viggo Wallin           0:1    Vera Jussila            \r\n19 Anton Engqvist         1:0    Mikolaj Jasionek        \r\n\r\n<\/pre>\n\n<!-- Page-list plugin v.5.9 wordpress.org\/plugins\/page-list\/ -->\n<ul class=\"page-list page-list-cols-3\">\n<li class=\"page_item page-item-4837\"><a href=\"https:\/\/www.nvssf.com\/forbundet\/resultat\/resultat-2017\/oppna-skanska-skolmasterskapen\/juniorer-1997-2000\/\">Juniorer (1997-2000)<\/a><\/li>\n<li class=\"page_item page-item-4839\"><a href=\"https:\/\/www.nvssf.com\/forbundet\/resultat\/resultat-2017\/oppna-skanska-skolmasterskapen\/kadetter-2001-2004\/\">Kadetter (2001-2004)<\/a><\/li>\n<li class=\"page_item page-item-4843\"><a href=\"https:\/\/www.nvssf.com\/forbundet\/resultat\/resultat-2017\/oppna-skanska-skolmasterskapen\/yngre-miniorer-2007\/\">Yngre Miniorer (2007-)<\/a><\/li>\n\n<\/ul>\n","protected":false},"excerpt":{"rendered":"<p>Startf\u00e4lt No Name Club 1. Mikolaj Jasionek Antilopens skola Klippan 2. Elna Glas 3. Rebecka Persson 4. Karl Lindquist Killeb\u00e4ckskolan S\u00f6dra Sandby 5. Kalle J Stjernstr\u00f6m Sveaskolan Malm\u00f6 6. Adam Westerling Sallerupskolan Esl\u00f6v 7. Hannibal V Jaques DK 8. William &hellip; <a href=\"https:\/\/www.nvssf.com\/forbundet\/resultat\/resultat-2017\/oppna-skanska-skolmasterskapen\/miniorer-2005-2006\/\">Forts\u00e4tt l\u00e4sa <span class=\"meta-nav\">&rarr;<\/span><\/a><\/p>\n","protected":false},"author":2,"featured_media":0,"parent":4835,"menu_order":3,"comment_status":"open","ping_status":"open","template":"sidebar-page.php","meta":{"_acf_changed":false,"footnotes":""},"acf":[],"_links":{"self":[{"href":"https:\/\/www.nvssf.com\/forbundet\/wp-json\/wp\/v2\/pages\/4841"}],"collection":[{"href":"https:\/\/www.nvssf.com\/forbundet\/wp-json\/wp\/v2\/pages"}],"about":[{"href":"https:\/\/www.nvssf.com\/forbundet\/wp-json\/wp\/v2\/types\/page"}],"author":[{"embeddable":true,"href":"https:\/\/www.nvssf.com\/forbundet\/wp-json\/wp\/v2\/users\/2"}],"replies":[{"embeddable":true,"href":"https:\/\/www.nvssf.com\/forbundet\/wp-json\/wp\/v2\/comments?post=4841"}],"version-history":[{"count":1,"href":"https:\/\/www.nvssf.com\/forbundet\/wp-json\/wp\/v2\/pages\/4841\/revisions"}],"predecessor-version":[{"id":4999,"href":"https:\/\/www.nvssf.com\/forbundet\/wp-json\/wp\/v2\/pages\/4841\/revisions\/4999"}],"up":[{"embeddable":true,"href":"https:\/\/www.nvssf.com\/forbundet\/wp-json\/wp\/v2\/pages\/4835"}],"wp:attachment":[{"href":"https:\/\/www.nvssf.com\/forbundet\/wp-json\/wp\/v2\/media?parent=4841"}],"curies":[{"name":"wp","href":"https:\/\/api.w.org\/{rel}","templated":true}]}}