{"id":4865,"date":"2017-09-18T11:46:55","date_gmt":"2017-09-18T09:46:55","guid":{"rendered":"http:\/\/www.nvssf.com\/forbundet\/?page_id=4865"},"modified":"2018-10-08T16:58:08","modified_gmt":"2018-10-08T14:58:08","slug":"6-klubbsmatchen-2017","status":"publish","type":"page","link":"https:\/\/www.nvssf.com\/forbundet\/resultat\/resultat-2017\/6-klubbsmatchen-2017\/","title":{"rendered":"6-klubbsmatchen 2017"},"content":{"rendered":"<h2>Spelat i Helsinborg p\u00e5 Olympiaskolan den 17:e september<\/h2>\n<p><a href=\"https:\/\/www.nvssf.com\/forbundet\/wp-content\/uploads\/2018\/10\/reglement_6_kant_matchen.pdf\" target=\"_blank\" rel=\"noopener\">Regler som antogs 2013 n\u00e4r denna cykel startade.<\/a><\/p>\n<h2>Resultat omg\u00e5ng 4<\/h2>\n<ol>\n<li><strong>Helsingborgs Schackallians <\/strong>8 partipo\u00e4ng<\/li>\n<li><strong>\u00c5storps SS <\/strong>5\u00bd<\/li>\n<li><strong>Helsing\u00c3\u00b8r Skakklub <\/strong>5<\/li>\n<li><strong>Hiller\u00c3\u00b8d Skakklub <\/strong>5<\/li>\n<li><strong>Skakklubben Nordkalotten <\/strong>3\u00bd<\/li>\n<li><strong>Engelholms SK <\/strong>3<\/li>\n<\/ol>\n<h2>St\u00e4llningen totalt efter 4:e omg\u00e5ngen<\/h2>\n<table>\n<thead>\n<tr>\n<td><\/td>\n<td><strong>PP<\/strong><\/td>\n<td><strong>MP<\/strong><\/td>\n<td><\/td>\n<\/tr>\n<\/thead>\n<tbody>\n<tr>\n<td><strong>Helsingborgs Schackallians<\/strong><\/td>\n<td>27\u00bd<\/td>\n<td>15<\/td>\n<td><\/td>\n<\/tr>\n<tr>\n<td><strong>Helsing\u00c3\u00b8r Skakklub<\/strong><\/td>\n<td>25\u00bd<\/td>\n<td>14<\/td>\n<td><\/td>\n<\/tr>\n<tr>\n<td><strong>\u00c5storps SS<\/strong><\/td>\n<td>23<\/td>\n<td>13<\/td>\n<td><\/td>\n<\/tr>\n<tr>\n<td><strong>Hiller\u00c3\u00b8d Skakklub<\/strong><\/td>\n<td>20\u00bd<\/td>\n<td>11<\/td>\n<td><\/td>\n<\/tr>\n<tr>\n<td><strong>Skakklubben Nordkalotten<\/strong><\/td>\n<td>13\u00bd<\/td>\n<td>5<\/td>\n<td><\/td>\n<\/tr>\n<tr>\n<td><strong>Engelholms SK<\/strong><\/td>\n<td>10<\/td>\n<td>2<\/td>\n<td><\/td>\n<\/tr>\n<\/tbody>\n<\/table>\n<p><strong>\u00c2\u00a0<\/strong><\/p>\n<table>\n<thead>\n<tr style=\"background-color: #7f92eb;\">\n<td>\u00c2\u00a0<strong>A<\/strong><\/td>\n<td style=\"text-align: center;\"><strong>Engelholms SK<\/strong><\/td>\n<td><\/td>\n<td><\/td>\n<td><\/td>\n<\/tr>\n<\/thead>\n<tbody>\n<tr>\n<td><\/td>\n<td>Spelare<\/td>\n<td>Motst\u00e5ndare<\/td>\n<td>Resultat<\/td>\n<td><\/td>\n<\/tr>\n<tr>\n<td>\u00c2\u00a0A1<\/td>\n<td>\u00c2\u00a0Peter Dalling<\/td>\n<td>B1<\/td>\n<td>\u00bd<\/td>\n<td><\/td>\n<\/tr>\n<tr>\n<td>\u00c2\u00a0A2<\/td>\n<td>\u00c2\u00a0Jonas Wiberg<\/td>\n<td>C2<\/td>\n<td>0<\/td>\n<td><\/td>\n<\/tr>\n<tr>\n<td>\u00c2\u00a0A3<\/td>\n<td>\u00c2\u00a0Magnus Ljunggren<\/td>\n<td>D3<\/td>\n<td>\u00bd<\/td>\n<td><\/td>\n<\/tr>\n<tr>\n<td>\u00c2\u00a0A4<\/td>\n<td>\u00c2\u00a0Hani Islambouli<\/td>\n<td>E4<\/td>\n<td>1<\/td>\n<td><\/td>\n<\/tr>\n<tr>\n<td>\u00c2\u00a0A5<\/td>\n<td>\u00c2\u00a0Viktor Lundberg<\/td>\n<td>F5<\/td>\n<td>0<\/td>\n<td><\/td>\n<\/tr>\n<tr>\n<td>\u00c2\u00a0A6<\/td>\n<td>\u00c2\u00a0Ulf Ringdahl<\/td>\n<td>F6<\/td>\n<td>0<\/td>\n<td><\/td>\n<\/tr>\n<tr>\n<td>\u00c2\u00a0A7<\/td>\n<td>\u00c2\u00a0Susanne Ellerstrand<\/td>\n<td>E7<\/td>\n<td>0<\/td>\n<td><\/td>\n<\/tr>\n<tr>\n<td>\u00c2\u00a0A8<\/td>\n<td>Frank Ravn<\/td>\n<td>D8<\/td>\n<td>0<\/td>\n<td><\/td>\n<\/tr>\n<tr>\n<td>\u00c2\u00a0A9<\/td>\n<td>\u00c2\u00a0Christian Vrennstad<\/td>\n<td>C9<\/td>\n<td>0<\/td>\n<td><\/td>\n<\/tr>\n<tr>\n<td>\u00c2\u00a0A10<\/td>\n<td>Jonas Aulin<\/td>\n<td>B10<\/td>\n<td>1<\/td>\n<td><\/td>\n<\/tr>\n<tr>\n<td><\/td>\n<td><\/td>\n<td><\/td>\n<td style=\"text-align: right;\"><strong>Summa:<\/strong><\/td>\n<td><strong>3<\/strong><\/td>\n<\/tr>\n<\/tbody>\n<\/table>\n<table>\n<thead>\n<tr style=\"background-color: #7f92eb;\">\n<td>\u00c2\u00a0<strong>B<\/strong><\/td>\n<td style=\"text-align: center;\">\u00c2\u00a0<strong>Hiller\u00c3\u00b8d Skakklub<br \/>\n<\/strong><\/td>\n<td><\/td>\n<td><\/td>\n<td><\/td>\n<\/tr>\n<\/thead>\n<tbody>\n<tr>\n<td><\/td>\n<td>Spelare<\/td>\n<td>Motst\u00e5ndare<\/td>\n<td>Resultat<\/td>\n<td><\/td>\n<\/tr>\n<tr>\n<td>B1<\/td>\n<td>\u00c2\u00a0Martin Rosenkilde<\/td>\n<td>A1<\/td>\n<td>\u00bd<\/td>\n<td><\/td>\n<\/tr>\n<tr>\n<td>B2<\/td>\n<td>\u00c2\u00a0Thomas Svenninggaard<\/td>\n<td>F2<\/td>\n<td>1<\/td>\n<td><\/td>\n<\/tr>\n<tr>\n<td>B3<\/td>\n<td>\u00c2\u00a0Niels-Peter Nielsen<\/td>\n<td>C3<\/td>\n<td>0<\/td>\n<td><\/td>\n<\/tr>\n<tr>\n<td>B4<\/td>\n<td>\u00c2\u00a0Hans E Jacobsen<\/td>\n<td>D4<\/td>\n<td>\u00bd<\/td>\n<td><\/td>\n<\/tr>\n<tr>\n<td>B5<\/td>\n<td>\u00c2\u00a0Palle Skov<\/td>\n<td>E5<\/td>\n<td>1<\/td>\n<td><\/td>\n<\/tr>\n<tr>\n<td>B6<\/td>\n<td>\u00c2\u00a0Mikael Ramkilde<\/td>\n<td>E6<\/td>\n<td>1<\/td>\n<td><\/td>\n<\/tr>\n<tr>\n<td>B7<\/td>\n<td>\u00c2\u00a0Henrik Holm<\/td>\n<td>D7<\/td>\n<td>1<\/td>\n<td><\/td>\n<\/tr>\n<tr>\n<td>B8<\/td>\n<td>\u00c2\u00a0Micki Christoffersen<\/td>\n<td>C8<\/td>\n<td>0<\/td>\n<td><\/td>\n<\/tr>\n<tr>\n<td>B9<\/td>\n<td>\u00c2\u00a0Afan Jahic<\/td>\n<td>F9<\/td>\n<td>0<\/td>\n<td><\/td>\n<\/tr>\n<tr>\n<td>B10<\/td>\n<td>Finn Eldor<\/td>\n<td>A10<\/td>\n<td>0<\/td>\n<td><\/td>\n<\/tr>\n<tr>\n<td><\/td>\n<td><\/td>\n<td><\/td>\n<td style=\"text-align: right;\">\u00c2\u00a0<strong>Summa:<\/strong><\/td>\n<td><strong>5<\/strong><\/td>\n<\/tr>\n<\/tbody>\n<\/table>\n<table>\n<thead>\n<tr style=\"background-color: #7f92eb;\">\n<td>\u00c2\u00a0<strong>C<\/strong><\/td>\n<td style=\"text-align: center;\"><strong>Helsing\u00c3\u00b8r Skakklub<br \/>\n<\/strong><\/td>\n<td><\/td>\n<td><\/td>\n<td><\/td>\n<\/tr>\n<\/thead>\n<tbody>\n<tr>\n<td><\/td>\n<td>Spelare<\/td>\n<td>Motst\u00e5ndare<\/td>\n<td>Resultat<\/td>\n<td><\/td>\n<\/tr>\n<tr>\n<td>\u00c2\u00a0C1<\/td>\n<td>\u00c2\u00a0Ole B Larsen<\/td>\n<td>E1<\/td>\n<td>0<\/td>\n<td><\/td>\n<\/tr>\n<tr>\n<td>\u00c2\u00a0C2<\/td>\n<td>\u00c2\u00a0Gerner Carlsen<\/td>\n<td>A2<\/td>\n<td>1<\/td>\n<td><\/td>\n<\/tr>\n<tr>\n<td>\u00c2\u00a0C3<\/td>\n<td>\u00c2\u00a0Nicholas Nielsen<\/td>\n<td>B3<\/td>\n<td>1<\/td>\n<td><\/td>\n<\/tr>\n<tr>\n<td>\u00c2\u00a0C4<\/td>\n<td>\u00c2\u00a0Claus Molin<\/td>\n<td>F4<\/td>\n<td>0<\/td>\n<td><\/td>\n<\/tr>\n<tr>\n<td>\u00c2\u00a0C5<\/td>\n<td>\u00c2\u00a0Michael Maechel<\/td>\n<td>D5<\/td>\n<td>0<\/td>\n<td><\/td>\n<\/tr>\n<tr>\n<td>\u00c2\u00a0C6<\/td>\n<td>\u00c2\u00a0Casper St\u00c3\u00b8chel<\/td>\n<td>D6<\/td>\n<td>0<\/td>\n<td><\/td>\n<\/tr>\n<tr>\n<td>\u00c2\u00a0C7<\/td>\n<td>\u00c2\u00a0Erik Hedegaard<\/td>\n<td>F7<\/td>\n<td>0<\/td>\n<td><\/td>\n<\/tr>\n<tr>\n<td>\u00c2\u00a0C8<\/td>\n<td>\u00c2\u00a0Dennis Madsen<\/td>\n<td>B8<\/td>\n<td>1<\/td>\n<td><\/td>\n<\/tr>\n<tr>\n<td>\u00c2\u00a0C9<\/td>\n<td>\u00c2\u00a0Leo Nielsen<\/td>\n<td>A9<\/td>\n<td>1<\/td>\n<td><\/td>\n<\/tr>\n<tr>\n<td>\u00c2\u00a0C10<\/td>\n<td>\u00c2\u00a0Jan Petersen<\/td>\n<td>E10<\/td>\n<td>1<\/td>\n<td><\/td>\n<\/tr>\n<tr>\n<td><\/td>\n<td><\/td>\n<td><\/td>\n<td style=\"text-align: right;\"><strong>Summa:<\/strong><\/td>\n<td><strong>5<\/strong><\/td>\n<\/tr>\n<\/tbody>\n<\/table>\n<table>\n<thead>\n<tr style=\"background-color: #7f92eb;\">\n<td>\u00c2\u00a0<strong>D<\/strong><\/td>\n<td style=\"text-align: center;\"><strong>\u00c5storps SS<\/strong><\/td>\n<td><\/td>\n<td><\/td>\n<td><\/td>\n<\/tr>\n<\/thead>\n<tbody>\n<tr>\n<td><\/td>\n<td>\u00c2\u00a0Spelare<\/td>\n<td>Motst\u00e5ndare<\/td>\n<td>Resultat<\/td>\n<td><\/td>\n<\/tr>\n<tr>\n<td>\u00c2\u00a0D1<\/td>\n<td>\u00c2\u00a0Mende Dimovski<\/td>\n<td>\u00c2\u00a0F1<\/td>\n<td>\u00bd<\/td>\n<td><\/td>\n<\/tr>\n<tr>\n<td>\u00c2\u00a0D2<\/td>\n<td>\u00c2\u00a0Jan Bengtsson<\/td>\n<td>E2<\/td>\n<td>0<\/td>\n<td><\/td>\n<\/tr>\n<tr>\n<td>\u00c2\u00a0D3<\/td>\n<td>\u00c2\u00a0G\u00f6sta Petersson<\/td>\n<td>A3<\/td>\n<td>\u00bd<\/td>\n<td><\/td>\n<\/tr>\n<tr>\n<td>\u00c2\u00a0D4<\/td>\n<td>Lars F Olsson<\/td>\n<td>B4<\/td>\n<td>\u00bd<\/td>\n<td><\/td>\n<\/tr>\n<tr>\n<td>\u00c2\u00a0D5<\/td>\n<td>\u00c2\u00a0Staffan Thomasson<\/td>\n<td>C5<\/td>\n<td>1<\/td>\n<td><\/td>\n<\/tr>\n<tr>\n<td>\u00c2\u00a0D6<\/td>\n<td>\u00c2\u00a0Daniel Mena<\/td>\n<td>C6<\/td>\n<td>1<\/td>\n<td><\/td>\n<\/tr>\n<tr>\n<td>\u00c2\u00a0D7<\/td>\n<td>\u00c2\u00a0Ted Sandbech<\/td>\n<td>B7<\/td>\n<td>0<\/td>\n<td><\/td>\n<\/tr>\n<tr>\n<td>\u00c2\u00a0D8<\/td>\n<td>\u00c2\u00a0Leif Bohman<\/td>\n<td>A8<\/td>\n<td>1<\/td>\n<td><\/td>\n<\/tr>\n<tr>\n<td>\u00c2\u00a0D9<\/td>\n<td>\u00c2\u00a0Alex Randau<\/td>\n<td>E9<\/td>\n<td>1<\/td>\n<td><\/td>\n<\/tr>\n<tr>\n<td>\u00c2\u00a0D10<\/td>\n<td>\u00c2\u00a0Markus Mena<\/td>\n<td>F10<\/td>\n<td>0<\/td>\n<td><\/td>\n<\/tr>\n<tr>\n<td><\/td>\n<td><\/td>\n<td><\/td>\n<td style=\"text-align: right;\"><strong>Summa:<\/strong><\/td>\n<td>\u00c2\u00a0<strong>5\u00bd<\/strong><\/td>\n<\/tr>\n<\/tbody>\n<\/table>\n<table>\n<thead>\n<tr style=\"background-color: #7f92eb;\">\n<td>\u00c2\u00a0<strong>E<\/strong><\/td>\n<td style=\"text-align: center;\"><strong>Skakklubben Nordkalotten<br \/>\n<\/strong><\/td>\n<td><\/td>\n<td><\/td>\n<td><\/td>\n<\/tr>\n<\/thead>\n<tbody>\n<tr>\n<td><\/td>\n<td>Spelare<\/td>\n<td>Motst\u00e5ndare<\/td>\n<td>Resultat<\/td>\n<td><\/td>\n<\/tr>\n<tr>\n<td>\u00c2\u00a0E1<\/td>\n<td>\u00c2\u00a0Christian Jepson<\/td>\n<td>C1<\/td>\n<td>1<\/td>\n<td><\/td>\n<\/tr>\n<tr>\n<td>\u00c2\u00a0E2<\/td>\n<td>\u00c2\u00a0Mads Pasztor<\/td>\n<td>D2<\/td>\n<td>1<\/td>\n<td><\/td>\n<\/tr>\n<tr>\n<td>\u00c2\u00a0E3<\/td>\n<td>\u00c2\u00a0Steen Andersen<\/td>\n<td>F3<\/td>\n<td>\u00bd<\/td>\n<td><\/td>\n<\/tr>\n<tr>\n<td>\u00c2\u00a0E4<\/td>\n<td>\u00c2\u00a0Rasmus Petersen<\/td>\n<td>A4<\/td>\n<td>0<\/td>\n<td><\/td>\n<\/tr>\n<tr>\n<td>\u00c2\u00a0E5<\/td>\n<td>\u00c2\u00a0J\u00c3\u00b8rn Vestergaard<\/td>\n<td>B5<\/td>\n<td>0<\/td>\n<td><\/td>\n<\/tr>\n<tr>\n<td>\u00c2\u00a0E6<\/td>\n<td>\u00c2\u00a0Anders Kronborg<\/td>\n<td>B6<\/td>\n<td>0<\/td>\n<td><\/td>\n<\/tr>\n<tr>\n<td>\u00c2\u00a0E7<\/td>\n<td>Viggo S\u00c3\u00b8rensen<\/td>\n<td>A7<\/td>\n<td>1<\/td>\n<td><\/td>\n<\/tr>\n<tr>\n<td>\u00c2\u00a0E8<\/td>\n<td>\u00c2\u00a0John Schjalin<\/td>\n<td>F8<\/td>\n<td>0<\/td>\n<td><\/td>\n<\/tr>\n<tr>\n<td>\u00c2\u00a0E9<\/td>\n<td>\u00c2\u00a0Leif S\u00c3\u00b8rensen<\/td>\n<td>D9<\/td>\n<td>0<\/td>\n<td><\/td>\n<\/tr>\n<tr>\n<td>\u00c2\u00a0E10<\/td>\n<td>\u00c2\u00a0W.O<\/td>\n<td>\u00c2\u00a0C10<\/td>\n<td>\u00c2\u00a00<\/td>\n<td><\/td>\n<\/tr>\n<tr>\n<td><\/td>\n<td><\/td>\n<td><\/td>\n<td style=\"text-align: right;\">\u00c2\u00a0<strong>Summa:<\/strong><\/td>\n<td><strong>3\u00bd<\/strong><\/td>\n<\/tr>\n<\/tbody>\n<\/table>\n<table>\n<thead>\n<tr style=\"background-color: #7f92eb;\">\n<td>\u00c2\u00a0<strong>F<\/strong><\/td>\n<td style=\"text-align: center;\"><strong>Helsingborgs Schackallians<br \/>\n<\/strong><\/td>\n<td><\/td>\n<td><\/td>\n<td><\/td>\n<\/tr>\n<\/thead>\n<tbody>\n<tr>\n<td><\/td>\n<td>\u00c2\u00a0Spelare<\/td>\n<td>Motst\u00e5ndare<\/td>\n<td>Resultat<\/td>\n<td><\/td>\n<\/tr>\n<tr>\n<td>\u00c2\u00a0F1<\/td>\n<td>\u00c2\u00a0Patrik Nilsson<\/td>\n<td>D1<\/td>\n<td>\u00bd<\/td>\n<td><\/td>\n<\/tr>\n<tr>\n<td>\u00c2\u00a0F2<\/td>\n<td>\u00c2\u00a0Dam Binh Quang<\/td>\n<td>B2<\/td>\n<td>0<\/td>\n<td><\/td>\n<\/tr>\n<tr>\n<td>\u00c2\u00a0F3<\/td>\n<td>\u00c2\u00a0\u00c5ke Westin<\/td>\n<td>E3<\/td>\n<td>\u00bd<\/td>\n<td><\/td>\n<\/tr>\n<tr>\n<td>\u00c2\u00a0F4<\/td>\n<td>\u00c2\u00a0Gayth Taaba<\/td>\n<td>C4<\/td>\n<td>1<\/td>\n<td><\/td>\n<\/tr>\n<tr>\n<td>\u00c2\u00a0F5<\/td>\n<td>\u00c2\u00a0Birger Persson<\/td>\n<td>A5<\/td>\n<td>1<\/td>\n<td><\/td>\n<\/tr>\n<tr>\n<td>\u00c2\u00a0F6<\/td>\n<td>\u00c2\u00a0Anders Hansen<\/td>\n<td>A6<\/td>\n<td>1<\/td>\n<td><\/td>\n<\/tr>\n<tr>\n<td>\u00c2\u00a0F7<\/td>\n<td>\u00c2\u00a0Stefan H\u00e5kansson<\/td>\n<td>C7<\/td>\n<td>1<\/td>\n<td><\/td>\n<\/tr>\n<tr>\n<td>\u00c2\u00a0F8<\/td>\n<td>\u00c2\u00a0Tomasz Szczepanowski<\/td>\n<td>\u00c2\u00a0E8<\/td>\n<td>1<\/td>\n<td><\/td>\n<\/tr>\n<tr>\n<td>\u00c2\u00a0F9<\/td>\n<td>\u00c2\u00a0Idris Amin<\/td>\n<td>B9<\/td>\n<td>1<\/td>\n<td><\/td>\n<\/tr>\n<tr>\n<td>\u00c2\u00a0F10<\/td>\n<td>\u00c2\u00a0Steffen Juul<\/td>\n<td>D10<\/td>\n<td>1<\/td>\n<td><\/td>\n<\/tr>\n<tr>\n<td><\/td>\n<td><\/td>\n<td><\/td>\n<td style=\"text-align: right;\">\u00c2\u00a0<strong>Summa:<\/strong><\/td>\n<td><strong>8<\/strong><\/td>\n<\/tr>\n<\/tbody>\n<\/table>\n","protected":false},"excerpt":{"rendered":"<p>Spelat i Helsinborg p\u00e5 Olympiaskolan den 17:e september Regler som antogs 2013 n\u00e4r denna cykel startade. Resultat omg\u00e5ng 4 Helsingborgs Schackallians 8 partipo\u00e4ng \u00c5storps SS 5\u00bd Helsing\u00c3\u00b8r Skakklub 5 Hiller\u00c3\u00b8d Skakklub 5 Skakklubben Nordkalotten 3\u00bd Engelholms SK 3 St\u00e4llningen totalt &hellip; <a href=\"https:\/\/www.nvssf.com\/forbundet\/resultat\/resultat-2017\/6-klubbsmatchen-2017\/\">Forts\u00e4tt l\u00e4sa <span class=\"meta-nav\">&rarr;<\/span><\/a><\/p>\n","protected":false},"author":2,"featured_media":0,"parent":3948,"menu_order":0,"comment_status":"open","ping_status":"open","template":"sidebar-page.php","meta":{"_acf_changed":false,"footnotes":""},"acf":[],"_links":{"self":[{"href":"https:\/\/www.nvssf.com\/forbundet\/wp-json\/wp\/v2\/pages\/4865"}],"collection":[{"href":"https:\/\/www.nvssf.com\/forbundet\/wp-json\/wp\/v2\/pages"}],"about":[{"href":"https:\/\/www.nvssf.com\/forbundet\/wp-json\/wp\/v2\/types\/page"}],"author":[{"embeddable":true,"href":"https:\/\/www.nvssf.com\/forbundet\/wp-json\/wp\/v2\/users\/2"}],"replies":[{"embeddable":true,"href":"https:\/\/www.nvssf.com\/forbundet\/wp-json\/wp\/v2\/comments?post=4865"}],"version-history":[{"count":1,"href":"https:\/\/www.nvssf.com\/forbundet\/wp-json\/wp\/v2\/pages\/4865\/revisions"}],"predecessor-version":[{"id":6786,"href":"https:\/\/www.nvssf.com\/forbundet\/wp-json\/wp\/v2\/pages\/4865\/revisions\/6786"}],"up":[{"embeddable":true,"href":"https:\/\/www.nvssf.com\/forbundet\/wp-json\/wp\/v2\/pages\/3948"}],"wp:attachment":[{"href":"https:\/\/www.nvssf.com\/forbundet\/wp-json\/wp\/v2\/media?parent=4865"}],"curies":[{"name":"wp","href":"https:\/\/api.w.org\/{rel}","templated":true}]}}