{"id":5164,"date":"2017-11-04T11:19:26","date_gmt":"2017-11-04T10:19:26","guid":{"rendered":"http:\/\/www.nvssf.com\/forbundet\/?page_id=5164"},"modified":"2017-11-14T11:35:48","modified_gmt":"2017-11-14T10:35:48","slug":"elitgruppen","status":"publish","type":"page","link":"https:\/\/www.nvssf.com\/forbundet\/resultat\/resultat-2017\/junior-dm-snabbschack-2017\/elitgruppen\/","title":{"rendered":"Snabbschacks-DM Elitgruppen"},"content":{"rendered":"<p><strong>Spelform:<\/strong> 7 ronders Berger-turnering (alla m\u00f6ter alla).<\/p>\n<p><strong>Bet\u00e4nketid: <\/strong>15 minuter med 5 sekunders bonus per drag ifr\u00e5n drag 1.<\/p>\n<p><a href=\"https:\/\/www.nvssf.com\/forbundet\/wp-content\/uploads\/2017\/11\/tabellNvssfJDMsnabbElit2017.png\"><img loading=\"lazy\" decoding=\"async\" class=\"aligncenter size-full wp-image-5177\" src=\"https:\/\/www.nvssf.com\/forbundet\/wp-content\/uploads\/2017\/11\/tabellNvssfJDMsnabbElit2017.png\" alt=\"\" width=\"780\" height=\"240\" srcset=\"https:\/\/www.nvssf.com\/forbundet\/wp-content\/uploads\/2017\/11\/tabellNvssfJDMsnabbElit2017.png 780w, https:\/\/www.nvssf.com\/forbundet\/wp-content\/uploads\/2017\/11\/tabellNvssfJDMsnabbElit2017-300x92.png 300w, https:\/\/www.nvssf.com\/forbundet\/wp-content\/uploads\/2017\/11\/tabellNvssfJDMsnabbElit2017-768x236.png 768w, https:\/\/www.nvssf.com\/forbundet\/wp-content\/uploads\/2017\/11\/tabellNvssfJDMsnabbElit2017-500x154.png 500w\" sizes=\"(max-width: 780px) 100vw, 780px\" \/><\/a><strong>OBS! Frironden har gett 1 po\u00e4ng.<\/strong><\/p>\n<p><strong>Resultatsida SSF-turneringssystem:<\/strong><a href=\"https:\/\/member.schack.se\/ShowTournamentServlet?id=5237\" target=\"_blank\" rel=\"noopener\">https:\/\/member.schack.se\/ShowTournamentServlet?id=5237<\/a><\/p>\n\n<!-- Page-list plugin v.5.9 wordpress.org\/plugins\/page-list\/ -->\n<ul class=\"page-list page-list-cols-3\">\n<li class=\"page_item page-item-5212\"><a href=\"https:\/\/www.nvssf.com\/forbundet\/resultat\/resultat-2017\/junior-dm-snabbschack-2017\/knattar-miniorer\/\">Snabbschacks-DM Knattar &#038; Miniorer<\/a><\/li>\n<li class=\"page_item page-item-5162\"><a href=\"https:\/\/www.nvssf.com\/forbundet\/resultat\/resultat-2017\/junior-dm-snabbschack-2017\/chess-kids\/\">Snabbschacks-DM Chess Kids<\/a><\/li>\n\n<\/ul>\n","protected":false},"excerpt":{"rendered":"<p>Spelform: 7 ronders Berger-turnering (alla m\u00f6ter alla). Bet\u00e4nketid: 15 minuter med 5 sekunders bonus per drag ifr\u00e5n drag 1. OBS! Frironden har gett 1 po\u00e4ng. Resultatsida SSF-turneringssystem:https:\/\/member.schack.se\/ShowTournamentServlet?id=5237<\/p>\n","protected":false},"author":2,"featured_media":0,"parent":5159,"menu_order":2,"comment_status":"open","ping_status":"open","template":"sidebar-page.php","meta":{"_acf_changed":false,"footnotes":""},"acf":[],"_links":{"self":[{"href":"https:\/\/www.nvssf.com\/forbundet\/wp-json\/wp\/v2\/pages\/5164"}],"collection":[{"href":"https:\/\/www.nvssf.com\/forbundet\/wp-json\/wp\/v2\/pages"}],"about":[{"href":"https:\/\/www.nvssf.com\/forbundet\/wp-json\/wp\/v2\/types\/page"}],"author":[{"embeddable":true,"href":"https:\/\/www.nvssf.com\/forbundet\/wp-json\/wp\/v2\/users\/2"}],"replies":[{"embeddable":true,"href":"https:\/\/www.nvssf.com\/forbundet\/wp-json\/wp\/v2\/comments?post=5164"}],"version-history":[{"count":1,"href":"https:\/\/www.nvssf.com\/forbundet\/wp-json\/wp\/v2\/pages\/5164\/revisions"}],"predecessor-version":[{"id":5243,"href":"https:\/\/www.nvssf.com\/forbundet\/wp-json\/wp\/v2\/pages\/5164\/revisions\/5243"}],"up":[{"embeddable":true,"href":"https:\/\/www.nvssf.com\/forbundet\/wp-json\/wp\/v2\/pages\/5159"}],"wp:attachment":[{"href":"https:\/\/www.nvssf.com\/forbundet\/wp-json\/wp\/v2\/media?parent=5164"}],"curies":[{"name":"wp","href":"https:\/\/api.w.org\/{rel}","templated":true}]}}