{"id":5212,"date":"2017-11-11T13:44:22","date_gmt":"2017-11-11T12:44:22","guid":{"rendered":"http:\/\/www.nvssf.com\/forbundet\/?page_id=5212"},"modified":"2017-11-14T11:34:21","modified_gmt":"2017-11-14T10:34:21","slug":"knattar-miniorer","status":"publish","type":"page","link":"https:\/\/www.nvssf.com\/forbundet\/resultat\/resultat-2017\/junior-dm-snabbschack-2017\/knattar-miniorer\/","title":{"rendered":"Snabbschacks-DM Knattar &#038; Miniorer"},"content":{"rendered":"<p>Knatte (f\u00f6dda 2007-) och miniorklassen (2005-2006) slogs samman till en grupp. 6 ronder spelades. Spelare ifr\u00e5n tre klubbar deltog:<strong>Helsingborgs ASK<\/strong> (HASK), <strong>Landskrona SK<\/strong> (LSK) och <strong>Helsingborgs SS<\/strong> (HSS).<\/p>\n<h2>Startf\u00e4lt<\/h2>\n<pre>1.  Rishit Bhargava\tHASK\tKnatte        \r\n2.  Alvin Cheung\tHASK\tKnatte            \r\n3.  Samuel Larsson\tHASK\tMinior          \r\n4.  Jokubas Sauklys\tHASK\tMinior         \r\n5.  Marseille Magnusson\tLSK\tKnatte     \r\n6.  Casper Helgesson\tLSK\tMinior        \r\n7.  Arvid M\u00e5nsson\tLSK\tMinior           \r\n8.  Sixten Wallin\tHSS\tKnatte          \r\n9.  Anton Engkvist\tLSK\tMinior          \r\n10. Vera Jussila\tHASK\tMinior            \r\n11. Ylva Jussila\tHASK\tMinior            \r\n<\/pre>\n<h2>Slutst\u00e4llning Miniorer<\/h2>\n<pre>1   Samuel Larsson   \t5.5      17.5  \r\n2   Jokubas Sauklys  \t4.5      18.0\r\n3   Vera Jussila     \t3.5      18.0\r\n4   Ylva Jussila     \t3.5      17.5\r\n5   Casper Helgesson \t3        17.0\r\n6-7 Arvid M\u00e5nsson       2.5      18.5\r\n6-7 Anton Engkvist   \t2.5      18.5<\/pre>\n<h2>Slutst\u00e4llning Knattar<\/h2>\n<pre>1. Sixten Wallin    \t5        19.0   \r\n2. Rishit Bhargava  \t3        15.5\r\n3. Alvin Cheung     \t2        16.0\r\n4. Marseille Magnusson  1        15.5<\/pre>\n<h2>Resultat<\/h2>\n<h3>Rond 1<\/h3>\n<pre> 1 Rishit Bhargava             0:1    Casper Helgesson     \r\n 2 Arvid M\u00e5nsson               1:0    Alvin Cheung         \r\n 3 Samuel Larsson              1:0    Sixten Wallin        \r\n 4 Anton Engkvist              0:1    Jokubas Sauklys      \r\n 5 Marseille Magnusson         0:1    Vera Jussila         \r\n 6 Ylva Jussila                1:0    BYE                  \r\n<\/pre>\n<h3>Rond 2<\/h3>\n<pre> 1 Vera Jussila             0:1    Samuel Larsson          \r\n 2 Jokubas Sauklys          1:0    Arvid M\u00e5nsson           \r\n 3 Casper Helgesson         0:1    Ylva Jussila            \r\n 4 Sixten Wallin            1:0    Rishit Bhargava         \r\n 5 Alvin Cheung             1:0    Marseille Magnusson     \r\n 6 Anton Engkvist           1:0    BYE                     \r\n<\/pre>\n<h3>Rond 3<\/h3>\n<pre> 1 Ylva Jussila                0:1    Jokubas Sauklys      \r\n 2 Samuel Larsson              1:0    Alvin Cheung         \r\n 3 Sixten Wallin               1:0    Casper Helgesson     \r\n 4 Arvid M\u00e5nsson               1:0    Anton Engkvist       \r\n 5 Rishit Bhargava             0:1    Vera Jussila         \r\n 6 Marseille Magnusson         1:0    BYE                  \r\n<\/pre>\n<h3>Rond 4<\/h3>\n<pre> 1 Jokubas Sauklys             \u00bd:\u00bd    Samuel Larsson       \r\n 2 Vera Jussila                \u00bd:\u00bd    Arvid M\u00e5nsson        \r\n 3 Ylva Jussila                0:1    Sixten Wallin        \r\n 4 Alvin Cheung                0:1    Casper Helgesson     \r\n 5 Marseille Magnusson         0:1    Anton Engkvist       \r\n 6 Rishit Bhargava             1:0    BYE                  \r\n<\/pre>\n<h3>Rond 5<\/h3>\n<pre> 1 Sixten Wallin               1:0    Jokubas Sauklys     \r\n 2 Samuel Larsson              1:0    Arvid M\u00e5nsson       \r\n 3 Casper Helgesson            0:1    Vera Jussila        \r\n 4 Anton Engkvist              \u00bd:\u00bd    Ylva Jussila        \r\n 5 Marseille Magnusson         0:1    Rishit Bhargava     \r\n 6 Alvin Cheung                1:0    BYE                 \r\n<\/pre>\n<h3>Rond 6<\/h3>\n<pre> 1 Anton Engkvist           0:1    Samuel Larsson          \r\n 2 Vera Jussila             0:1    Sixten Wallin           \r\n 3 Jokubas Sauklys          1:0    Marseille Magnusson     \r\n 4 Arvid M\u00e5nsson            0:1    Ylva Jussila            \r\n 5 Rishit Bhargava          1:0    Alvin Cheung            \r\n 6 Casper Helgesson         1:0    BYE                     \r\n<\/pre>\n<h2>Totala slutst\u00e4llningen<\/h2>\n<pre>1   Samuel Larsson   \tM   5.5      17.5\r\n2   Sixten Wallin    \tK   5        19.0\r\n3   Jokubas Sauklys  \tM   4.5      18.0\r\n4   Vera Jussila     \tM   3.5      18.0\r\n5   Ylva Jussila     \tM   3.5      17.5\r\n6   Casper Helgesson \tM   3        17.0\r\n7   Rishit Bhargava  \tK   3        15.5\r\n8   Arvid M\u00e5nsson    \tM   2.5      18.5\r\n    Anton Engkvist   \tM   2.5      18.5\r\n10  Alvin Cheung     \tK   2        16.0\r\n11  Marseille Magnusson K   1        15.5<\/pre>\n\n<!-- Page-list plugin v.5.9 wordpress.org\/plugins\/page-list\/ -->\n<ul class=\"page-list page-list-cols-3\">\n<li class=\"page_item page-item-5162\"><a href=\"https:\/\/www.nvssf.com\/forbundet\/resultat\/resultat-2017\/junior-dm-snabbschack-2017\/chess-kids\/\">Snabbschacks-DM Chess Kids<\/a><\/li>\n<li class=\"page_item page-item-5164\"><a href=\"https:\/\/www.nvssf.com\/forbundet\/resultat\/resultat-2017\/junior-dm-snabbschack-2017\/elitgruppen\/\">Snabbschacks-DM Elitgruppen<\/a><\/li>\n\n<\/ul>\n","protected":false},"excerpt":{"rendered":"<p>Knatte (f\u00f6dda 2007-) och miniorklassen (2005-2006) slogs samman till en grupp. 6 ronder spelades. Spelare ifr\u00e5n tre klubbar deltog:Helsingborgs ASK (HASK), Landskrona SK (LSK) och Helsingborgs SS (HSS). Startf\u00e4lt 1. Rishit Bhargava HASK Knatte 2. Alvin Cheung HASK Knatte 3. &hellip; <a href=\"https:\/\/www.nvssf.com\/forbundet\/resultat\/resultat-2017\/junior-dm-snabbschack-2017\/knattar-miniorer\/\">Forts\u00e4tt l\u00e4sa <span class=\"meta-nav\">&rarr;<\/span><\/a><\/p>\n","protected":false},"author":2,"featured_media":0,"parent":5159,"menu_order":0,"comment_status":"closed","ping_status":"closed","template":"sidebar-page.php","meta":{"_acf_changed":false,"footnotes":""},"acf":[],"_links":{"self":[{"href":"https:\/\/www.nvssf.com\/forbundet\/wp-json\/wp\/v2\/pages\/5212"}],"collection":[{"href":"https:\/\/www.nvssf.com\/forbundet\/wp-json\/wp\/v2\/pages"}],"about":[{"href":"https:\/\/www.nvssf.com\/forbundet\/wp-json\/wp\/v2\/types\/page"}],"author":[{"embeddable":true,"href":"https:\/\/www.nvssf.com\/forbundet\/wp-json\/wp\/v2\/users\/2"}],"replies":[{"embeddable":true,"href":"https:\/\/www.nvssf.com\/forbundet\/wp-json\/wp\/v2\/comments?post=5212"}],"version-history":[{"count":1,"href":"https:\/\/www.nvssf.com\/forbundet\/wp-json\/wp\/v2\/pages\/5212\/revisions"}],"predecessor-version":[{"id":5241,"href":"https:\/\/www.nvssf.com\/forbundet\/wp-json\/wp\/v2\/pages\/5212\/revisions\/5241"}],"up":[{"embeddable":true,"href":"https:\/\/www.nvssf.com\/forbundet\/wp-json\/wp\/v2\/pages\/5159"}],"wp:attachment":[{"href":"https:\/\/www.nvssf.com\/forbundet\/wp-json\/wp\/v2\/media?parent=5212"}],"curies":[{"name":"wp","href":"https:\/\/api.w.org\/{rel}","templated":true}]}}