{"id":55,"date":"2014-03-20T14:04:15","date_gmt":"2014-03-20T13:04:15","guid":{"rendered":"http:\/\/www.nvssf.com\/forbundet\/?page_id=55"},"modified":"2023-08-20T13:25:18","modified_gmt":"2023-08-20T11:25:18","slug":"motesprotokoll","status":"publish","type":"page","link":"https:\/\/www.nvssf.com\/forbundet\/motesprotokoll\/","title":{"rendered":"M\u00f6tesprotokoll &#038; Dokument"},"content":{"rendered":"<h2>\u00c5rsm\u00f6ten<\/h2>\n<style type='text\/css'>\r\n\t#mla_gallery-1 {\r\n\t\tmargin: auto;\r\n\t\twidth: 100%;\r\n\t}\r\n\t#mla_gallery-1 .gallery-item {\r\n\t\tfloat: none;\r\n\t\tmargin: 1.5%;\r\n\t\tdisplay: inline-block;\r\n\t\ttext-align: center;\r\n\t\twidth: 30.3%;\r\n\t}\r\n\t#mla_gallery-1 .gallery-item .gallery-icon img {\r\n\t\tborder: 2px solid #cfcfcf;\r\n\t}\r\n\t#mla_gallery-1 .gallery-caption {\r\n\t\tmargin-left: 0;\r\n\t\tvertical-align: top;\r\n\t}\r\n<\/style>\r\n<div id='mla_gallery-1' class='gallery galleryid-55 gallery-columns-3 gallery-size-icon'>\r\n<!-- row-open -->\r\n<dl class='gallery-item '>\r\n\t<dt class='gallery-icon '>\r\n\t\t<a href='https:\/\/www.nvssf.com\/forbundet\/wp-content\/uploads\/2025\/04\/Protokoll-NvSSF-arsmote-2025-03-22.pdf'><img loading=\"lazy\" decoding=\"async\" aria-describedby=\"mla_gallery-1-14709\" width=\"64\" height=\"64\" src=\"https:\/\/www.nvssf.com\/forbundet\/wp-content\/plugins\/media-library-assistant\/images\/crystal\/pdf.png\" class=\"attachment-64x64 size-64x64\" alt=\"\" \/><\/a>\r\n\t<\/dt>\r\n\t<dd class='wp-caption-text gallery-caption' id='mla_gallery-1-14709'>\n\t\u00c5rsm\u00f6tesprotokoll 2025\n\t<\/dd><\/dl><dl class='gallery-item '>\r\n\t<dt class='gallery-icon '>\r\n\t\t<a href='https:\/\/www.nvssf.com\/forbundet\/wp-content\/uploads\/2025\/02\/Protokoll-NvSSF-arsmote-2024-03-23.pdf'><img loading=\"lazy\" decoding=\"async\" aria-describedby=\"mla_gallery-1-14576\" width=\"64\" height=\"64\" src=\"https:\/\/www.nvssf.com\/forbundet\/wp-content\/plugins\/media-library-assistant\/images\/crystal\/pdf.png\" class=\"attachment-64x64 size-64x64\" alt=\"\" \/><\/a>\r\n\t<\/dt>\r\n\t<dd class='wp-caption-text gallery-caption' id='mla_gallery-1-14576'>\n\t\u00c5rsm\u00f6tesprotokoll 2024\n\t<\/dd><\/dl><dl class='gallery-item last_in_row'>\r\n\t<dt class='gallery-icon '>\r\n\t\t<a href='https:\/\/www.nvssf.com\/forbundet\/wp-content\/uploads\/2023\/04\/NvssfArsmote2023_03_25.pdf'><img loading=\"lazy\" decoding=\"async\" aria-describedby=\"mla_gallery-1-13006\" width=\"64\" height=\"64\" src=\"https:\/\/www.nvssf.com\/forbundet\/wp-content\/plugins\/media-library-assistant\/images\/crystal\/pdf.png\" class=\"attachment-64x64 size-64x64\" alt=\"\" \/><\/a>\r\n\t<\/dt>\r\n\t<dd class='wp-caption-text gallery-caption' id='mla_gallery-1-13006'>\n\t2023\n\t<\/dd><\/dl><br style=\"clear: both\" \/>\r\n<!-- row-open -->\r\n<dl class='gallery-item '>\r\n\t<dt class='gallery-icon '>\r\n\t\t<a href='https:\/\/www.nvssf.com\/forbundet\/wp-content\/uploads\/2022\/04\/arsmote2022.pdf'><img loading=\"lazy\" decoding=\"async\" aria-describedby=\"mla_gallery-1-11520\" width=\"64\" height=\"64\" src=\"https:\/\/www.nvssf.com\/forbundet\/wp-content\/plugins\/media-library-assistant\/images\/crystal\/pdf.png\" class=\"attachment-64x64 size-64x64\" alt=\"\" \/><\/a>\r\n\t<\/dt>\r\n\t<dd class='wp-caption-text gallery-caption' id='mla_gallery-1-11520'>\n\t2022\n\t<\/dd><\/dl><dl class='gallery-item '>\r\n\t<dt class='gallery-icon '>\r\n\t\t<a href='https:\/\/www.nvssf.com\/forbundet\/wp-content\/uploads\/2021\/05\/arsmote2021.pdf'><img loading=\"lazy\" decoding=\"async\" aria-describedby=\"mla_gallery-1-10069\" width=\"64\" height=\"64\" src=\"https:\/\/www.nvssf.com\/forbundet\/wp-content\/plugins\/media-library-assistant\/images\/crystal\/pdf.png\" class=\"attachment-64x64 size-64x64\" alt=\"\" \/><\/a>\r\n\t<\/dt>\r\n\t<dd class='wp-caption-text gallery-caption' id='mla_gallery-1-10069'>\n\t2021\n\t<\/dd><\/dl><dl class='gallery-item last_in_row'>\r\n\t<dt class='gallery-icon '>\r\n\t\t<a href='https:\/\/www.nvssf.com\/forbundet\/wp-content\/uploads\/2020\/04\/arsmote2020.pdf'><img loading=\"lazy\" decoding=\"async\" aria-describedby=\"mla_gallery-1-8736\" width=\"64\" height=\"64\" src=\"https:\/\/www.nvssf.com\/forbundet\/wp-content\/plugins\/media-library-assistant\/images\/crystal\/pdf.png\" class=\"attachment-64x64 size-64x64\" alt=\"\" \/><\/a>\r\n\t<\/dt>\r\n\t<dd class='wp-caption-text gallery-caption' id='mla_gallery-1-8736'>\n\t2020\n\t<\/dd><\/dl><br style=\"clear: both\" \/>\r\n<!-- row-open -->\r\n<dl class='gallery-item '>\r\n\t<dt class='gallery-icon '>\r\n\t\t<a href='https:\/\/www.nvssf.com\/forbundet\/wp-content\/uploads\/2019\/06\/nvssfarsmote2019.pdf'><img loading=\"lazy\" decoding=\"async\" aria-describedby=\"mla_gallery-1-7634\" width=\"64\" height=\"64\" src=\"https:\/\/www.nvssf.com\/forbundet\/wp-content\/plugins\/media-library-assistant\/images\/crystal\/pdf.png\" class=\"attachment-64x64 size-64x64\" alt=\"\" \/><\/a>\r\n\t<\/dt>\r\n\t<dd class='wp-caption-text gallery-caption' id='mla_gallery-1-7634'>\n\t2019\n\t<\/dd><\/dl><dl class='gallery-item '>\r\n\t<dt class='gallery-icon '>\r\n\t\t<a href='https:\/\/www.nvssf.com\/forbundet\/wp-content\/uploads\/2018\/06\/nvssfarsmote2018.pdf'><img loading=\"lazy\" decoding=\"async\" aria-describedby=\"mla_gallery-1-6366\" width=\"64\" height=\"64\" src=\"https:\/\/www.nvssf.com\/forbundet\/wp-content\/plugins\/media-library-assistant\/images\/crystal\/pdf.png\" class=\"attachment-64x64 size-64x64\" alt=\"\" \/><\/a>\r\n\t<\/dt>\r\n\t<dd class='wp-caption-text gallery-caption' id='mla_gallery-1-6366'>\n\t2018\n\t<\/dd><\/dl><dl class='gallery-item last_in_row'>\r\n\t<dt class='gallery-icon '>\r\n\t\t<a href='https:\/\/www.nvssf.com\/forbundet\/wp-content\/uploads\/2017\/04\/nvssfarsmote2017.pdf'><img loading=\"lazy\" decoding=\"async\" aria-describedby=\"mla_gallery-1-4033\" width=\"64\" height=\"64\" src=\"https:\/\/www.nvssf.com\/forbundet\/wp-content\/plugins\/media-library-assistant\/images\/crystal\/pdf.png\" class=\"attachment-64x64 size-64x64\" alt=\"\" \/><\/a>\r\n\t<\/dt>\r\n\t<dd class='wp-caption-text gallery-caption' id='mla_gallery-1-4033'>\n\t2017\n\t<\/dd><\/dl><br style=\"clear: both\" \/>\r\n<!-- row-open -->\r\n<dl class='gallery-item '>\r\n\t<dt class='gallery-icon '>\r\n\t\t<a href='https:\/\/www.nvssf.com\/forbundet\/wp-content\/uploads\/2016\/08\/nvssfarsmote2016.pdf'><img loading=\"lazy\" decoding=\"async\" aria-describedby=\"mla_gallery-1-3235\" width=\"64\" height=\"64\" src=\"https:\/\/www.nvssf.com\/forbundet\/wp-content\/plugins\/media-library-assistant\/images\/crystal\/pdf.png\" class=\"attachment-64x64 size-64x64\" alt=\"\" \/><\/a>\r\n\t<\/dt>\r\n\t<dd class='wp-caption-text gallery-caption' id='mla_gallery-1-3235'>\n\t2016\n\t<\/dd><\/dl><dl class='gallery-item '>\r\n\t<dt class='gallery-icon '>\r\n\t\t<a href='https:\/\/www.nvssf.com\/forbundet\/wp-content\/uploads\/2015\/06\/arsmote2015.pdf'><img loading=\"lazy\" decoding=\"async\" aria-describedby=\"mla_gallery-1-1631\" width=\"64\" height=\"64\" src=\"https:\/\/www.nvssf.com\/forbundet\/wp-content\/plugins\/media-library-assistant\/images\/crystal\/pdf.png\" class=\"attachment-64x64 size-64x64\" alt=\"\" \/><\/a>\r\n\t<\/dt>\r\n\t<dd class='wp-caption-text gallery-caption' id='mla_gallery-1-1631'>\n\t2015\n\t<\/dd><\/dl><dl class='gallery-item last_in_row'>\r\n\t<dt class='gallery-icon '>\r\n\t\t<a href='https:\/\/www.nvssf.com\/forbundet\/wp-content\/uploads\/2014\/04\/arsmotenvssf2014.pdf'><img loading=\"lazy\" decoding=\"async\" aria-describedby=\"mla_gallery-1-306\" width=\"64\" height=\"64\" src=\"https:\/\/www.nvssf.com\/forbundet\/wp-content\/plugins\/media-library-assistant\/images\/crystal\/pdf.png\" class=\"attachment-64x64 size-64x64\" alt=\"\" \/><\/a>\r\n\t<\/dt>\r\n\t<dd class='wp-caption-text gallery-caption' id='mla_gallery-1-306'>\n\t2014\n\t<\/dd><\/dl><br style=\"clear: both\" \/>\r\n<!-- row-open -->\r\n<dl class='gallery-item '>\r\n\t<dt class='gallery-icon '>\r\n\t\t<a href='https:\/\/www.nvssf.com\/forbundet\/wp-content\/uploads\/2014\/03\/arsmotenvssf2013.pdf'><img loading=\"lazy\" decoding=\"async\" aria-describedby=\"mla_gallery-1-44\" width=\"64\" height=\"64\" src=\"https:\/\/www.nvssf.com\/forbundet\/wp-content\/plugins\/media-library-assistant\/images\/crystal\/pdf.png\" class=\"attachment-64x64 size-64x64\" alt=\"\" \/><\/a>\r\n\t<\/dt>\r\n\t<dd class='wp-caption-text gallery-caption' id='mla_gallery-1-44'>\n\t2013\n\t<\/dd><\/dl><dl class='gallery-item '>\r\n\t<dt class='gallery-icon '>\r\n\t\t<a href='https:\/\/www.nvssf.com\/forbundet\/wp-content\/uploads\/2014\/03\/arsmotenvssf2012.pdf'><img loading=\"lazy\" decoding=\"async\" aria-describedby=\"mla_gallery-1-43\" width=\"64\" height=\"64\" src=\"https:\/\/www.nvssf.com\/forbundet\/wp-content\/plugins\/media-library-assistant\/images\/crystal\/pdf.png\" class=\"attachment-64x64 size-64x64\" alt=\"\" \/><\/a>\r\n\t<\/dt>\r\n\t<dd class='wp-caption-text gallery-caption' id='mla_gallery-1-43'>\n\t2012\n\t<\/dd><\/dl><dl class='gallery-item last_in_row'>\r\n\t<dt class='gallery-icon '>\r\n\t\t<a href='https:\/\/www.nvssf.com\/forbundet\/wp-content\/uploads\/2014\/03\/arsmotenvssf2011.pdf'><img loading=\"lazy\" decoding=\"async\" aria-describedby=\"mla_gallery-1-42\" width=\"64\" height=\"64\" src=\"https:\/\/www.nvssf.com\/forbundet\/wp-content\/plugins\/media-library-assistant\/images\/crystal\/pdf.png\" class=\"attachment-64x64 size-64x64\" alt=\"\" \/><\/a>\r\n\t<\/dt>\r\n\t<dd class='wp-caption-text gallery-caption' id='mla_gallery-1-42'>\n\t2011\n\t<\/dd><\/dl><br style=\"clear: both\" \/>\r\n<\/div>\r\n\n<h2>Verksamhetsber\u00e4ttelser<\/h2>\n<style type='text\/css'>\r\n\t#mla_gallery-2 {\r\n\t\tmargin: auto;\r\n\t\twidth: 100%;\r\n\t}\r\n\t#mla_gallery-2 .gallery-item {\r\n\t\tfloat: none;\r\n\t\tmargin: 1.5%;\r\n\t\tdisplay: inline-block;\r\n\t\ttext-align: center;\r\n\t\twidth: 30.3%;\r\n\t}\r\n\t#mla_gallery-2 .gallery-item .gallery-icon img {\r\n\t\tborder: 2px solid #cfcfcf;\r\n\t}\r\n\t#mla_gallery-2 .gallery-caption {\r\n\t\tmargin-left: 0;\r\n\t\tvertical-align: top;\r\n\t}\r\n<\/style>\r\n<div id='mla_gallery-2' class='gallery galleryid-55 gallery-columns-3 gallery-size-icon'>\r\n<!-- row-open -->\r\n<dl class='gallery-item '>\r\n\t<dt class='gallery-icon '>\r\n\t\t<a href='https:\/\/www.nvssf.com\/forbundet\/wp-content\/uploads\/2026\/03\/Verksamhetsberattelse-NvSSF-2025.pdf'><img loading=\"lazy\" decoding=\"async\" aria-describedby=\"mla_gallery-2-15368\" width=\"64\" height=\"64\" src=\"https:\/\/www.nvssf.com\/forbundet\/wp-content\/plugins\/media-library-assistant\/images\/crystal\/pdf.png\" class=\"attachment-64x64 size-64x64\" alt=\"\" \/><\/a>\r\n\t<\/dt>\r\n\t<dd class='wp-caption-text gallery-caption' id='mla_gallery-2-15368'>\n\tVerksamhetsber\u00e4ttelse 2025  NvSSF\n\t<\/dd><\/dl><dl class='gallery-item '>\r\n\t<dt class='gallery-icon '>\r\n\t\t<a href='https:\/\/www.nvssf.com\/forbundet\/wp-content\/uploads\/2025\/03\/Verksamhetsberattelse-2024-NvSSF.pdf'><img loading=\"lazy\" decoding=\"async\" aria-describedby=\"mla_gallery-2-14665\" width=\"64\" height=\"64\" src=\"https:\/\/www.nvssf.com\/forbundet\/wp-content\/plugins\/media-library-assistant\/images\/crystal\/pdf.png\" class=\"attachment-64x64 size-64x64\" alt=\"\" \/><\/a>\r\n\t<\/dt>\r\n\t<dd class='wp-caption-text gallery-caption' id='mla_gallery-2-14665'>\n\tVerksamhetsber\u00e4ttelse 2024 NvSSF\n\t<\/dd><\/dl><dl class='gallery-item last_in_row'>\r\n\t<dt class='gallery-icon '>\r\n\t\t<a href='https:\/\/www.nvssf.com\/forbundet\/wp-content\/uploads\/2023\/03\/VerksamhetsberattelseNvSSF2022ver1.pdf'><img loading=\"lazy\" decoding=\"async\" aria-describedby=\"mla_gallery-2-12820\" width=\"64\" height=\"64\" src=\"https:\/\/www.nvssf.com\/forbundet\/wp-content\/plugins\/media-library-assistant\/images\/crystal\/pdf.png\" class=\"attachment-64x64 size-64x64\" alt=\"\" \/><\/a>\r\n\t<\/dt>\r\n\t<dd class='wp-caption-text gallery-caption' id='mla_gallery-2-12820'>\n\t2022\n\t<\/dd><\/dl><br style=\"clear: both\" \/>\r\n<!-- row-open -->\r\n<dl class='gallery-item '>\r\n\t<dt class='gallery-icon '>\r\n\t\t<a href='https:\/\/www.nvssf.com\/forbundet\/wp-content\/uploads\/2022\/04\/verksamhetsbNvSSF2021.pdf'><img loading=\"lazy\" decoding=\"async\" aria-describedby=\"mla_gallery-2-11471\" width=\"64\" height=\"64\" src=\"https:\/\/www.nvssf.com\/forbundet\/wp-content\/plugins\/media-library-assistant\/images\/crystal\/pdf.png\" class=\"attachment-64x64 size-64x64\" alt=\"\" \/><\/a>\r\n\t<\/dt>\r\n\t<dd class='wp-caption-text gallery-caption' id='mla_gallery-2-11471'>\n\t2021\n\t<\/dd><\/dl><dl class='gallery-item '>\r\n\t<dt class='gallery-icon '>\r\n\t\t<a href='https:\/\/www.nvssf.com\/forbundet\/wp-content\/uploads\/2021\/03\/verksamhetsbnvssf2020.pdf'><img loading=\"lazy\" decoding=\"async\" aria-describedby=\"mla_gallery-2-9858\" width=\"64\" height=\"64\" src=\"https:\/\/www.nvssf.com\/forbundet\/wp-content\/plugins\/media-library-assistant\/images\/crystal\/pdf.png\" class=\"attachment-64x64 size-64x64\" alt=\"\" \/><\/a>\r\n\t<\/dt>\r\n\t<dd class='wp-caption-text gallery-caption' id='mla_gallery-2-9858'>\n\t2020\n\t<\/dd><\/dl><dl class='gallery-item last_in_row'>\r\n\t<dt class='gallery-icon '>\r\n\t\t<a href='https:\/\/www.nvssf.com\/forbundet\/wp-content\/uploads\/2020\/03\/verksamhetsbnvssf2019.pdf'><img loading=\"lazy\" decoding=\"async\" aria-describedby=\"mla_gallery-2-8668\" width=\"64\" height=\"64\" src=\"https:\/\/www.nvssf.com\/forbundet\/wp-content\/plugins\/media-library-assistant\/images\/crystal\/pdf.png\" class=\"attachment-64x64 size-64x64\" alt=\"\" \/><\/a>\r\n\t<\/dt>\r\n\t<dd class='wp-caption-text gallery-caption' id='mla_gallery-2-8668'>\n\t2019\n\t<\/dd><\/dl><br style=\"clear: both\" \/>\r\n<!-- row-open -->\r\n<dl class='gallery-item '>\r\n\t<dt class='gallery-icon '>\r\n\t\t<a href='https:\/\/www.nvssf.com\/forbundet\/wp-content\/uploads\/2019\/03\/verksamhetsbnvssf2018.pdf'><img loading=\"lazy\" decoding=\"async\" aria-describedby=\"mla_gallery-2-7208\" width=\"64\" height=\"64\" src=\"https:\/\/www.nvssf.com\/forbundet\/wp-content\/plugins\/media-library-assistant\/images\/crystal\/pdf.png\" class=\"attachment-64x64 size-64x64\" alt=\"\" \/><\/a>\r\n\t<\/dt>\r\n\t<dd class='wp-caption-text gallery-caption' id='mla_gallery-2-7208'>\n\t2018\n\t<\/dd><\/dl><dl class='gallery-item '>\r\n\t<dt class='gallery-icon '>\r\n\t\t<a href='https:\/\/www.nvssf.com\/forbundet\/wp-content\/uploads\/2018\/06\/VB2017.pdf'><img loading=\"lazy\" decoding=\"async\" aria-describedby=\"mla_gallery-2-6360\" width=\"64\" height=\"64\" src=\"https:\/\/www.nvssf.com\/forbundet\/wp-content\/plugins\/media-library-assistant\/images\/crystal\/pdf.png\" class=\"attachment-64x64 size-64x64\" alt=\"\" \/><\/a>\r\n\t<\/dt>\r\n\t<dd class='wp-caption-text gallery-caption' id='mla_gallery-2-6360'>\n\t2017\n\t<\/dd><\/dl><dl class='gallery-item last_in_row'>\r\n\t<dt class='gallery-icon '>\r\n\t\t<a href='https:\/\/www.nvssf.com\/forbundet\/wp-content\/uploads\/2017\/04\/VB2016.pdf'><img loading=\"lazy\" decoding=\"async\" aria-describedby=\"mla_gallery-2-4043\" width=\"64\" height=\"64\" src=\"https:\/\/www.nvssf.com\/forbundet\/wp-content\/plugins\/media-library-assistant\/images\/crystal\/pdf.png\" class=\"attachment-64x64 size-64x64\" alt=\"\" \/><\/a>\r\n\t<\/dt>\r\n\t<dd class='wp-caption-text gallery-caption' id='mla_gallery-2-4043'>\n\t2016\n\t<\/dd><\/dl><br style=\"clear: both\" \/>\r\n<!-- row-open -->\r\n<dl class='gallery-item '>\r\n\t<dt class='gallery-icon '>\r\n\t\t<a href='https:\/\/www.nvssf.com\/forbundet\/wp-content\/uploads\/2017\/04\/VB2013.pdf'><img loading=\"lazy\" decoding=\"async\" aria-describedby=\"mla_gallery-2-4012\" width=\"64\" height=\"64\" src=\"https:\/\/www.nvssf.com\/forbundet\/wp-content\/plugins\/media-library-assistant\/images\/crystal\/pdf.png\" class=\"attachment-64x64 size-64x64\" alt=\"\" \/><\/a>\r\n\t<\/dt>\r\n\t<dd class='wp-caption-text gallery-caption' id='mla_gallery-2-4012'>\n\t2013\n\t<\/dd><\/dl><dl class='gallery-item '>\r\n\t<dt class='gallery-icon '>\r\n\t\t<a href='https:\/\/www.nvssf.com\/forbundet\/wp-content\/uploads\/2017\/04\/VB2014.pdf'><img loading=\"lazy\" decoding=\"async\" aria-describedby=\"mla_gallery-2-4011\" width=\"64\" height=\"64\" src=\"https:\/\/www.nvssf.com\/forbundet\/wp-content\/plugins\/media-library-assistant\/images\/crystal\/pdf.png\" class=\"attachment-64x64 size-64x64\" alt=\"\" \/><\/a>\r\n\t<\/dt>\r\n\t<dd class='wp-caption-text gallery-caption' id='mla_gallery-2-4011'>\n\t2014\n\t<\/dd><\/dl><dl class='gallery-item last_in_row'>\r\n\t<dt class='gallery-icon '>\r\n\t\t<a href='https:\/\/www.nvssf.com\/forbundet\/wp-content\/uploads\/2017\/04\/VB2015.pdf'><img loading=\"lazy\" decoding=\"async\" aria-describedby=\"mla_gallery-2-4010\" width=\"64\" height=\"64\" src=\"https:\/\/www.nvssf.com\/forbundet\/wp-content\/plugins\/media-library-assistant\/images\/crystal\/pdf.png\" class=\"attachment-64x64 size-64x64\" alt=\"\" \/><\/a>\r\n\t<\/dt>\r\n\t<dd class='wp-caption-text gallery-caption' id='mla_gallery-2-4010'>\n\t2015\n\t<\/dd><\/dl><br style=\"clear: both\" \/>\r\n<\/div>\r\n\n<h2>Ekonomi dokument<\/h2>\n<style type='text\/css'>\r\n\t#mla_gallery-3 {\r\n\t\tmargin: auto;\r\n\t\twidth: 100%;\r\n\t}\r\n\t#mla_gallery-3 .gallery-item {\r\n\t\tfloat: none;\r\n\t\tmargin: 1.5%;\r\n\t\tdisplay: inline-block;\r\n\t\ttext-align: center;\r\n\t\twidth: 30.3%;\r\n\t}\r\n\t#mla_gallery-3 .gallery-item .gallery-icon img {\r\n\t\tborder: 2px solid #cfcfcf;\r\n\t}\r\n\t#mla_gallery-3 .gallery-caption {\r\n\t\tmargin-left: 0;\r\n\t\tvertical-align: top;\r\n\t}\r\n<\/style>\r\n<div id='mla_gallery-3' class='gallery galleryid-55 gallery-columns-3 gallery-size-icon'>\r\n<!-- row-open -->\r\n<dl class='gallery-item '>\r\n\t<dt class='gallery-icon '>\r\n\t\t<a href='https:\/\/www.nvssf.com\/forbundet\/wp-content\/uploads\/2021\/03\/Resultatrapport2020nvssf.pdf'><img loading=\"lazy\" decoding=\"async\" aria-describedby=\"mla_gallery-3-9846\" width=\"64\" height=\"64\" src=\"https:\/\/www.nvssf.com\/forbundet\/wp-content\/plugins\/media-library-assistant\/images\/crystal\/pdf.png\" class=\"attachment-64x64 size-64x64\" alt=\"\" \/><\/a>\r\n\t<\/dt>\r\n\t<dd class='wp-caption-text gallery-caption' id='mla_gallery-3-9846'>\n\tResultatrapport 2020 NvSSF\n\t<\/dd><\/dl><dl class='gallery-item '>\r\n\t<dt class='gallery-icon '>\r\n\t\t<a href='https:\/\/www.nvssf.com\/forbundet\/wp-content\/uploads\/2021\/03\/Balansrapport2020nvssf.pdf'><img loading=\"lazy\" decoding=\"async\" aria-describedby=\"mla_gallery-3-9845\" width=\"64\" height=\"64\" src=\"https:\/\/www.nvssf.com\/forbundet\/wp-content\/plugins\/media-library-assistant\/images\/crystal\/pdf.png\" class=\"attachment-64x64 size-64x64\" alt=\"\" \/><\/a>\r\n\t<\/dt>\r\n\t<dd class='wp-caption-text gallery-caption' id='mla_gallery-3-9845'>\n\tBalansrapport 2020 NvSSF\n\t<\/dd><\/dl><br style=\"clear: both\" \/>\r\n<\/div>\r\n\n<h2>Diverse dokument<\/h2>\n<style type='text\/css'>\r\n\t#mla_gallery-4 {\r\n\t\tmargin: auto;\r\n\t\twidth: 100%;\r\n\t}\r\n\t#mla_gallery-4 .gallery-item {\r\n\t\tfloat: none;\r\n\t\tmargin: 1.5%;\r\n\t\tdisplay: inline-block;\r\n\t\ttext-align: center;\r\n\t\twidth: 30.3%;\r\n\t}\r\n\t#mla_gallery-4 .gallery-item .gallery-icon img {\r\n\t\tborder: 2px solid #cfcfcf;\r\n\t}\r\n\t#mla_gallery-4 .gallery-caption {\r\n\t\tmargin-left: 0;\r\n\t\tvertical-align: top;\r\n\t}\r\n<\/style>\r\n<div id='mla_gallery-4' class='gallery galleryid-55 gallery-columns-3 gallery-size-icon'>\r\n<!-- row-open -->\r\n<dl class='gallery-item '>\r\n\t<dt class='gallery-icon '>\r\n\t\t<a href='https:\/\/www.nvssf.com\/forbundet\/wp-content\/uploads\/2023\/03\/Dagordning_arsmoteNvSSF2023.pdf'><img loading=\"lazy\" decoding=\"async\" aria-describedby=\"mla_gallery-4-12751\" width=\"64\" height=\"64\" src=\"https:\/\/www.nvssf.com\/forbundet\/wp-content\/plugins\/media-library-assistant\/images\/crystal\/pdf.png\" class=\"attachment-64x64 size-64x64\" alt=\"\" \/><\/a>\r\n\t<\/dt>\r\n\t<dd class='wp-caption-text gallery-caption' id='mla_gallery-4-12751'>\n\tDagordning f\u00f6r \u00e5rsm\u00f6tet 25 mars 2023\n\t<\/dd><\/dl><dl class='gallery-item '>\r\n\t<dt class='gallery-icon '>\r\n\t\t<a href='https:\/\/www.nvssf.com\/forbundet\/wp-content\/uploads\/2021\/08\/DistriktledarutbildningochSchackfyranlicens.pdf'><img loading=\"lazy\" decoding=\"async\" aria-describedby=\"mla_gallery-4-10381\" width=\"64\" height=\"64\" src=\"https:\/\/www.nvssf.com\/forbundet\/wp-content\/plugins\/media-library-assistant\/images\/crystal\/pdf.png\" class=\"attachment-64x64 size-64x64\" alt=\"\" \/><\/a>\r\n\t<\/dt>\r\n\t<dd class='wp-caption-text gallery-caption' id='mla_gallery-4-10381'>\n\tInfo om Distriktledarutbildning och Schackfyranlicens 2021-2022\n\t<\/dd><\/dl><dl class='gallery-item last_in_row'>\r\n\t<dt class='gallery-icon '>\r\n\t\t<a href='https:\/\/www.nvssf.com\/forbundet\/wp-content\/uploads\/2021\/08\/InfoSSFSkolschack2021.pdf'><img loading=\"lazy\" decoding=\"async\" aria-describedby=\"mla_gallery-4-10380\" width=\"64\" height=\"64\" src=\"https:\/\/www.nvssf.com\/forbundet\/wp-content\/plugins\/media-library-assistant\/images\/crystal\/pdf.png\" class=\"attachment-64x64 size-64x64\" alt=\"\" \/><\/a>\r\n\t<\/dt>\r\n\t<dd class='wp-caption-text gallery-caption' id='mla_gallery-4-10380'>\n\tInfo ifr\u00e5n SSF om Skolschack 2021-2022\n\t<\/dd><\/dl><br style=\"clear: both\" \/>\r\n<!-- row-open -->\r\n<dl class='gallery-item '>\r\n\t<dt class='gallery-icon '>\r\n\t\t<a href='https:\/\/www.nvssf.com\/forbundet\/wp-content\/uploads\/2021\/04\/NVSSF_Stadgar_2021.pdf'><img loading=\"lazy\" decoding=\"async\" aria-describedby=\"mla_gallery-4-9914\" width=\"64\" height=\"64\" src=\"https:\/\/www.nvssf.com\/forbundet\/wp-content\/plugins\/media-library-assistant\/images\/crystal\/pdf.png\" class=\"attachment-64x64 size-64x64\" alt=\"\" \/><\/a>\r\n\t<\/dt>\r\n\t<dd class='wp-caption-text gallery-caption' id='mla_gallery-4-9914'>\n\tNvSSF reviderade stadgar 2021\n\t<\/dd><\/dl><dl class='gallery-item '>\r\n\t<dt class='gallery-icon '>\r\n\t\t<a href='https:\/\/www.nvssf.com\/forbundet\/wp-content\/uploads\/2018\/10\/reglement_6_kant_matchen.pdf'><img loading=\"lazy\" decoding=\"async\" aria-describedby=\"mla_gallery-4-6785\" width=\"64\" height=\"64\" src=\"https:\/\/www.nvssf.com\/forbundet\/wp-content\/plugins\/media-library-assistant\/images\/crystal\/pdf.png\" class=\"attachment-64x64 size-64x64\" alt=\"\" \/><\/a>\r\n\t<\/dt>\r\n\t<dd class='wp-caption-text gallery-caption' id='mla_gallery-4-6785'>\n\tRegler f\u00f6r 6-klubbsmatchen &#8211; 2013 \u00e5rs version\n\t<\/dd><\/dl><dl class='gallery-item last_in_row'>\r\n\t<dt class='gallery-icon '>\r\n\t\t<a href='https:\/\/www.nvssf.com\/forbundet\/wp-content\/uploads\/2016\/04\/forbundsmallenv2_policynvssf.pdf'><img loading=\"lazy\" decoding=\"async\" aria-describedby=\"mla_gallery-4-2846\" width=\"64\" height=\"64\" src=\"https:\/\/www.nvssf.com\/forbundet\/wp-content\/plugins\/media-library-assistant\/images\/crystal\/pdf.png\" class=\"attachment-64x64 size-64x64\" alt=\"\" \/><\/a>\r\n\t<\/dt>\r\n\t<dd class='wp-caption-text gallery-caption' id='mla_gallery-4-2846'>\n\tNvSSF policy dokument\n\t<\/dd><\/dl><br style=\"clear: both\" \/>\r\n<!-- row-open -->\r\n<dl class='gallery-item '>\r\n\t<dt class='gallery-icon '>\r\n\t\t<a href='https:\/\/www.nvssf.com\/forbundet\/wp-content\/uploads\/2015\/03\/stadgarNVSSF2015.pdf'><img loading=\"lazy\" decoding=\"async\" aria-describedby=\"mla_gallery-4-1400\" width=\"64\" height=\"64\" src=\"https:\/\/www.nvssf.com\/forbundet\/wp-content\/plugins\/media-library-assistant\/images\/crystal\/pdf.png\" class=\"attachment-64x64 size-64x64\" alt=\"\" \/><\/a>\r\n\t<\/dt>\r\n\t<dd class='wp-caption-text gallery-caption' id='mla_gallery-4-1400'>\n\tStadgar NvSSF 2015 (har ersatts av nya 2021)\n\t<\/dd><\/dl><br style=\"clear: both\" \/>\r\n<\/div>\r\n\n","protected":false},"excerpt":{"rendered":"<p>\u00c5rsm\u00f6ten Verksamhetsber\u00e4ttelser Ekonomi dokument Diverse dokument<\/p>\n","protected":false},"author":2,"featured_media":0,"parent":0,"menu_order":0,"comment_status":"closed","ping_status":"closed","template":"sidebar-page.php","meta":{"_acf_changed":false,"footnotes":""},"acf":[],"_links":{"self":[{"href":"https:\/\/www.nvssf.com\/forbundet\/wp-json\/wp\/v2\/pages\/55"}],"collection":[{"href":"https:\/\/www.nvssf.com\/forbundet\/wp-json\/wp\/v2\/pages"}],"about":[{"href":"https:\/\/www.nvssf.com\/forbundet\/wp-json\/wp\/v2\/types\/page"}],"author":[{"embeddable":true,"href":"https:\/\/www.nvssf.com\/forbundet\/wp-json\/wp\/v2\/users\/2"}],"replies":[{"embeddable":true,"href":"https:\/\/www.nvssf.com\/forbundet\/wp-json\/wp\/v2\/comments?post=55"}],"version-history":[{"count":2,"href":"https:\/\/www.nvssf.com\/forbundet\/wp-json\/wp\/v2\/pages\/55\/revisions"}],"predecessor-version":[{"id":13256,"href":"https:\/\/www.nvssf.com\/forbundet\/wp-json\/wp\/v2\/pages\/55\/revisions\/13256"}],"wp:attachment":[{"href":"https:\/\/www.nvssf.com\/forbundet\/wp-json\/wp\/v2\/media?parent=55"}],"curies":[{"name":"wp","href":"https:\/\/api.w.org\/{rel}","templated":true}]}}