{"id":5612,"date":"2018-02-03T20:32:27","date_gmt":"2018-02-03T19:32:27","guid":{"rendered":"http:\/\/www.nvssf.com\/forbundet\/?page_id=5612"},"modified":"2019-02-01T11:53:16","modified_gmt":"2019-02-01T10:53:16","slug":"resultat-2018","status":"publish","type":"page","link":"https:\/\/www.nvssf.com\/forbundet\/resultat\/resultat-2018\/","title":{"rendered":"Resultat 2018"},"content":{"rendered":"\n<!-- Page-list plugin v.5.9 wordpress.org\/plugins\/page-list\/ -->\n<ul class=\"page-list \">\n<li class=\"page_item page-item-6950\"><a href=\"https:\/\/www.nvssf.com\/forbundet\/resultat\/resultat-2018\/senior-dm-2018\/\">Senior-DM 2018<\/a><\/li>\n<li class=\"page_item page-item-6868\"><a href=\"https:\/\/www.nvssf.com\/forbundet\/resultat\/resultat-2018\/junior-dm-i-blixt-host-2018\/\">Junior-DM i Blixt H\u00f6st 2018<\/a><\/li>\n<li class=\"page_item page-item-6750\"><a href=\"https:\/\/www.nvssf.com\/forbundet\/resultat\/resultat-2018\/6-klubbsmatchen-2018\/\">6-klubbsmatchen 2018<\/a><\/li>\n<li class=\"page_item page-item-6728\"><a href=\"https:\/\/www.nvssf.com\/forbundet\/resultat\/resultat-2018\/junior-dm-i-snabbschack-2018\/\">Junior-DM i snabbschack 2018<\/a><\/li>\n<li class=\"page_item page-item-6626 page_item_has_children\"><a href=\"https:\/\/www.nvssf.com\/forbundet\/resultat\/resultat-2018\/oppna-skanska-skolmasterskapet-2018\/\">\u00d6ppna Sk\u00e5nska Skolm\u00e4sterskapet 2018<\/a>\n<ul class='children'>\n\t<li class=\"page_item page-item-6634\"><a href=\"https:\/\/www.nvssf.com\/forbundet\/resultat\/resultat-2018\/oppna-skanska-skolmasterskapet-2018\/yngre-miniorer\/\">Yngre Miniorer (2008-)<\/a><\/li>\n\t<li class=\"page_item page-item-6632\"><a href=\"https:\/\/www.nvssf.com\/forbundet\/resultat\/resultat-2018\/oppna-skanska-skolmasterskapet-2018\/miniorer-2006-2007\/\">Miniorer (2006-2007)<\/a><\/li>\n\t<li class=\"page_item page-item-6630\"><a href=\"https:\/\/www.nvssf.com\/forbundet\/resultat\/resultat-2018\/oppna-skanska-skolmasterskapet-2018\/kadetter-2002-2005\/\">Kadetter (2002-2005)<\/a><\/li>\n\t<li class=\"page_item page-item-6628\"><a href=\"https:\/\/www.nvssf.com\/forbundet\/resultat\/resultat-2018\/oppna-skanska-skolmasterskapet-2018\/juniorer-1998-2001\/\">Juniorer (1998-2001)<\/a><\/li>\n<\/ul>\n<\/li>\n<li class=\"page_item page-item-6302\"><a href=\"https:\/\/www.nvssf.com\/forbundet\/resultat\/resultat-2018\/forbundets-blixtavslutning-2018\/\">F\u00f6rbundets blixtavslutning 2018<\/a><\/li>\n<li class=\"page_item page-item-6251\"><a href=\"https:\/\/www.nvssf.com\/forbundet\/resultat\/resultat-2018\/langparti-dm-for-juniorer-2018\/\">L\u00e5ngparti-DM f\u00f6r Juniorer 2018<\/a><\/li>\n<li class=\"page_item page-item-5950 page_item_has_children\"><a href=\"https:\/\/www.nvssf.com\/forbundet\/resultat\/resultat-2018\/schackfyrans-regionkval-2018\/\">Schackfyrans regionkval 2018<\/a>\n<ul class='children'>\n\t<li class=\"page_item page-item-5983\"><a href=\"https:\/\/www.nvssf.com\/forbundet\/resultat\/resultat-2018\/schackfyrans-regionkval-2018\/individuella-resultat-slottsvangsskolan\/\">Individuella resultat Slottsv\u00e5ngsskolan<\/a><\/li>\n\t<li class=\"page_item page-item-5981\"><a href=\"https:\/\/www.nvssf.com\/forbundet\/resultat\/resultat-2018\/schackfyrans-regionkval-2018\/individuella-resultat-rydebacks-montessori\/\">Individuella resultat Rydeb\u00e4cks Montessori<\/a><\/li>\n\t<li class=\"page_item page-item-5979\"><a href=\"https:\/\/www.nvssf.com\/forbundet\/resultat\/resultat-2018\/schackfyrans-regionkval-2018\/individuella-resultat-kubikskolan\/\">Individuella resultat Kubikskolan<\/a><\/li>\n\t<li class=\"page_item page-item-5977\"><a href=\"https:\/\/www.nvssf.com\/forbundet\/resultat\/resultat-2018\/schackfyrans-regionkval-2018\/individuella-resultat-vikens-montessori\/\">Individuella resultat Vikens Montessori<\/a><\/li>\n\t<li class=\"page_item page-item-5975\"><a href=\"https:\/\/www.nvssf.com\/forbundet\/resultat\/resultat-2018\/schackfyrans-regionkval-2018\/individuella-resultat-synkopen\/\">Individuella resultat Synkopen<\/a><\/li>\n\t<li class=\"page_item page-item-5973\"><a href=\"https:\/\/www.nvssf.com\/forbundet\/resultat\/resultat-2018\/schackfyrans-regionkval-2018\/individuella-resultat-slottshojden\/\">Individuella resultat Slottsh\u00f6jden<\/a><\/li>\n\t<li class=\"page_item page-item-5971\"><a href=\"https:\/\/www.nvssf.com\/forbundet\/resultat\/resultat-2018\/schackfyrans-regionkval-2018\/individuella-resultat-vejbystrands-skola\/\">Individuella resultat Vejbystrands Skola<\/a><\/li>\n\t<li class=\"page_item page-item-5969\"><a href=\"https:\/\/www.nvssf.com\/forbundet\/resultat\/resultat-2018\/schackfyrans-regionkval-2018\/individuella-resultat-langvinkelns-montessori\/\">Individuella resultat L\u00e5ngvinkelns Montessori<\/a><\/li>\n\t<li class=\"page_item page-item-5967\"><a href=\"https:\/\/www.nvssf.com\/forbundet\/resultat\/resultat-2018\/schackfyrans-regionkval-2018\/individuella-resultat-svalov-bas-1\/\">Individuella resultat Sval\u00f6v Bas 1<\/a><\/li>\n\t<li class=\"page_item page-item-5965\"><a href=\"https:\/\/www.nvssf.com\/forbundet\/resultat\/resultat-2018\/schackfyrans-regionkval-2018\/individuella-resultat-dalhemsskolan-4a\/\">Individuella resultat Dalhemsskolan 4A<\/a><\/li>\n\t<li class=\"page_item page-item-5963\"><a href=\"https:\/\/www.nvssf.com\/forbundet\/resultat\/resultat-2018\/schackfyrans-regionkval-2018\/individuella-resultat-svalov-bas-2\/\">Individuella resultat Sval\u00f6v Bas 2<\/a><\/li>\n\t<li class=\"page_item page-item-5961\"><a href=\"https:\/\/www.nvssf.com\/forbundet\/resultat\/resultat-2018\/schackfyrans-regionkval-2018\/individuella-resultat-nyvang\/\">Individuella resultat Nyv\u00e5ng<\/a><\/li>\n\t<li class=\"page_item page-item-5959\"><a href=\"https:\/\/www.nvssf.com\/forbundet\/resultat\/resultat-2018\/schackfyrans-regionkval-2018\/individuella-resultat-bastad-asken\/\">Individuella resultat B\u00e5stad Asken<\/a><\/li>\n\t<li class=\"page_item page-item-5957\"><a href=\"https:\/\/www.nvssf.com\/forbundet\/resultat\/resultat-2018\/schackfyrans-regionkval-2018\/individuella-resultat-dalhemsskolan-4b\/\">Individuella resultat Dalhemsskolan 4B<\/a><\/li>\n\t<li class=\"page_item page-item-5955\"><a href=\"https:\/\/www.nvssf.com\/forbundet\/resultat\/resultat-2018\/schackfyrans-regionkval-2018\/individuella-resultat-vikenskolan\/\">Individuella resultat Vikenskolan<\/a><\/li>\n<\/ul>\n<\/li>\n<li class=\"page_item page-item-5742\"><a href=\"https:\/\/www.nvssf.com\/forbundet\/resultat\/resultat-2018\/schack4an-2018-kommunkval-helsingborg\/\">Schack4an 2018: Kommunkval Helsingborg<\/a><\/li>\n<li class=\"page_item page-item-5675 page_item_has_children\"><a href=\"https:\/\/www.nvssf.com\/forbundet\/resultat\/resultat-2018\/junior-dm-i-blixtschack-2018\/\">Junior-DM i blixtschack 2018<\/a>\n<ul class='children'>\n\t<li class=\"page_item page-item-5681\"><a href=\"https:\/\/www.nvssf.com\/forbundet\/resultat\/resultat-2018\/junior-dm-i-blixtschack-2018\/elitgruppen\/\">Elitgruppen<\/a><\/li>\n\t<li class=\"page_item page-item-5677\"><a href=\"https:\/\/www.nvssf.com\/forbundet\/resultat\/resultat-2018\/junior-dm-i-blixtschack-2018\/knattar-miniorer\/\">Knattar &#038; Miniorer<\/a><\/li>\n<\/ul>\n<\/li>\n<li class=\"page_item page-item-5610\"><a href=\"https:\/\/www.nvssf.com\/forbundet\/resultat\/resultat-2018\/masken-alen-2018\/\">Masken\/\u00c5len 2018<\/a><\/li>\n\n<\/ul>\n","protected":false},"excerpt":{"rendered":"","protected":false},"author":2,"featured_media":0,"parent":4497,"menu_order":0,"comment_status":"closed","ping_status":"open","template":"sidebar-page.php","meta":{"_acf_changed":false,"footnotes":""},"acf":[],"_links":{"self":[{"href":"https:\/\/www.nvssf.com\/forbundet\/wp-json\/wp\/v2\/pages\/5612"}],"collection":[{"href":"https:\/\/www.nvssf.com\/forbundet\/wp-json\/wp\/v2\/pages"}],"about":[{"href":"https:\/\/www.nvssf.com\/forbundet\/wp-json\/wp\/v2\/types\/page"}],"author":[{"embeddable":true,"href":"https:\/\/www.nvssf.com\/forbundet\/wp-json\/wp\/v2\/users\/2"}],"replies":[{"embeddable":true,"href":"https:\/\/www.nvssf.com\/forbundet\/wp-json\/wp\/v2\/comments?post=5612"}],"version-history":[{"count":1,"href":"https:\/\/www.nvssf.com\/forbundet\/wp-json\/wp\/v2\/pages\/5612\/revisions"}],"predecessor-version":[{"id":5613,"href":"https:\/\/www.nvssf.com\/forbundet\/wp-json\/wp\/v2\/pages\/5612\/revisions\/5613"}],"up":[{"embeddable":true,"href":"https:\/\/www.nvssf.com\/forbundet\/wp-json\/wp\/v2\/pages\/4497"}],"wp:attachment":[{"href":"https:\/\/www.nvssf.com\/forbundet\/wp-json\/wp\/v2\/media?parent=5612"}],"curies":[{"name":"wp","href":"https:\/\/api.w.org\/{rel}","templated":true}]}}