{"id":5677,"date":"2018-03-03T10:10:40","date_gmt":"2018-03-03T09:10:40","guid":{"rendered":"http:\/\/www.nvssf.com\/forbundet\/?page_id=5677"},"modified":"2018-03-21T09:11:35","modified_gmt":"2018-03-21T08:11:35","slug":"knattar-miniorer","status":"publish","type":"page","link":"https:\/\/www.nvssf.com\/forbundet\/resultat\/resultat-2018\/junior-dm-i-blixtschack-2018\/knattar-miniorer\/","title":{"rendered":"Knattar &#038; Miniorer"},"content":{"rendered":"<p>Bet\u00e4nketid: 5 minuter + 3 sekunders till\u00e4gg per drag.<\/p>\n<p>Spelform: 8 ronder Schweizer. Knattar och miniorer spelade i samma grupp.<\/p>\n<h2>Startf\u00e4lt<\/h2>\n<pre>1.  Sixten Wallin\tHelsingborgs SS               \r\n2.  Matthew Lee \tHelsingborgs ASK                 \r\n3.  Rishit Bhargava\tHelsingborgs ASK              \r\n4.  Dario Nydius\tLandskrona SK                 \r\n5.  Nova Bengtsson\tHelsingborgs ASK               \r\n6.  Arvid M\u00e5nsson\tLandskrona SK                \r\n7.  Samuel Larsson\tHelsingborgs ASK              \r\n8.  Anton Engkvist\tLandskrona SK               \r\n9.  Marseille Magnusson\tLandskrona SK          \r\n10. Saanika Dodagatta\tHelsingborgs ASK            \r\n11. Casper Helgesson\tHelsingborgs ASK             \r\n12. Vera Jussila\tHelsingborgs ASK                 \r\n13. Mattias Bergdahl\tHelsingborgs ASK             \r\n14. Jokubas Sauklys \tHelsingborgs ASK             \r\n15. Ylva Jussila\tHelsingborgs ASK<\/pre>\n<h2>Total slutst\u00e4llning<\/h2>\n<pre>\t\t     Po\u00e4ng  Kvalitet\r\n1 Samuel Larsson\t6   35.0\r\n2 Sixten Wallin \t6   34.5\r\n3 Casper Helgesson \t6   34.5\r\n4 Mattias Bergdahl \t5   36.0\r\n5 Vera Jussila \t\t5   35.5\r\n6 Ylva Jussila \t\t5   34.0\r\n7 Jokubas Sauklys \t5   33.5\r\n8 Matthew Lee \t\t4   31.0\r\n9 Arvid M\u00e5nsson \t4   30.0\r\n10 Rishit Bhargava \t4   28.0\r\n11 Nova Bengtsson \t4   26.5\r\n12 Anton Engkvist \t4   25.0\r\n13 Saanika Dodagatta \t2.5 25.0\r\n14 Marseille Magnusson \t2   24.5\r\n15 Dario Nydius \t1.5 27.5\r\n<\/pre>\n<h2>Slutst\u00e4llning Knattar (f\u00f6dda 2007-)<\/h2>\n<pre>                Po\u00e4ng  Kvalitet\r\n1 Sixten Wallin \t6   34.5\r\n2 Matthew Lee \t\t4   31.0\r\n3 Rishit Bhargava \t4   28.0\r\n4 Marseille Magnusson \t2   24.5\r\n5 Dario Nydius \t\t1.5 27.5\r\n<\/pre>\n<h2>Slutst\u00e4llning Miniorer (f\u00f6dda 2005-2006)<\/h2>\n<pre>\t\t     Po\u00e4ng  Kvalitet\r\n1 Samuel Larsson \t6   35.0\r\n2 Casper Helgesson \t6   34.5\r\n3 Mattias Bergdahl \t5   36.0\r\n4 Vera Jussila \t\t5   35.5\r\n5 Ylva Jussila \t\t5   34.0\r\n6 Jokubas Sauklys \t5   33.5\r\n7 Arvid M\u00e5nsson \t4   30.0\r\n8 Nova Bengtsson \t4   26.5\r\n9 Anton Engkvist \t4   25.0\r\n10 Saanika Dodagatta \t2.5 25.0\r\n<\/pre>\n<h2>Rond resultat<\/h2>\n<h3>Rond 1<\/h3>\n<pre>No Name                 Result   Name             \r\n\r\n 1 Sixten Wallin          1:0    Anton Engkvist   \r\n 2 Marseille Magnusson    0:1    Matthew Lee      \r\n 3 Rishit Bhargava        1:0    Saanika Dodagatta\r\n 4 Casper Helgesson       1:0    Dario Nydius     \r\n 5 Nova Bengtsson         0:1    Vera Jussila     \r\n 6 Mattias Bergdahl       1:0    Arvid M\u00e5nsson    \r\n 7 Samuel Larsson         1:0    Jokubas Sauklys  \r\n 8 Ylva Jussila           1:0    BYE              \r\n<\/pre>\n<h3>Rond 2<\/h3>\n<pre>No Name               Result   Name               \r\n\r\n 1 Casper Helgesson     0:1    Sixten Wallin      \r\n 2 Matthew Lee          0:1    Mattias Bergdahl   \r\n 3 Vera Jussila         1:0    Rishit Bhargava    \r\n 4 Ylva Jussila         0:1    Samuel Larsson     \r\n 5 Dario Nydius         0:1    Anton Engkvist     \r\n 6 Saanika Dodagatta    0:1    Nova Bengtsson     \r\n 7 Arvid M\u00e5nsson        1:0    Marseille Magnusson\r\n 8 Jokubas Sauklys      1:0    BYE                \r\n\r\n<\/pre>\n<h3>Rond 3<\/h3>\n<pre>No Name                 Result   Name            \r\n\r\n 1 Sixten Wallin          0:1    Vera Jussila    \r\n 2 Samuel Larsson         1:0    Mattias Bergdahl\r\n 3 Anton Engkvist         0:1    Matthew Lee     \r\n 4 Rishit Bhargava        0:1    Casper Helgesson\r\n 5 Nova Bengtsson         0:1    Ylva Jussila    \r\n 6 Jokubas Sauklys        1:0    Arvid M\u00e5nsson   \r\n 7 Marseille Magnusson    1:0    Dario Nydius    \r\n 8 Saanika Dodagatta      1:0    BYE             \r\n\r\n<\/pre>\n<h3>Rond 4<\/h3>\n<pre>No Name                 Result   Name             \r\n\r\n 1 Vera Jussila           1:0    Samuel Larsson   \r\n 2 Mattias Bergdahl       0:1    Sixten Wallin    \r\n 3 Matthew Lee            0:1    Jokubas Sauklys  \r\n 4 Ylva Jussila           0:1    Casper Helgesson \r\n 5 Anton Engkvist         0:1    Rishit Bhargava  \r\n 6 Marseille Magnusson    0:1    Nova Bengtsson   \r\n 7 Arvid M\u00e5nsson          1:0    Saanika Dodagatta\r\n 8 Dario Nydius           1:0    BYE              \r\n\r\n<\/pre>\n<h3>Rond 5<\/h3>\n<pre>No Name                 Result   Name            \r\n\r\n 1 Casper Helgesson       1:0    Vera Jussila    \r\n 2 Sixten Wallin          1:0    Samuel Larsson  \r\n 3 Jokubas Sauklys        0:1    Mattias Bergdahl\r\n 4 Nova Bengtsson         0:1    Matthew Lee     \r\n 5 Rishit Bhargava        0:1    Arvid M\u00e5nsson   \r\n 6 Dario Nydius           0:1    Ylva Jussila    \r\n 7 Saanika Dodagatta      0:1    Anton Engkvist  \r\n 8 Marseille Magnusson    1:0    BYE             \r\n\r\n<\/pre>\n<h3>Rond 6<\/h3>\n<pre>No Name               Result   Name               \r\n\r\n 1 Matthew Lee          0:1    Sixten Wallin      \r\n 2 Arvid M\u00e5nsson        0:1    Casper Helgesson   \r\n 3 Vera Jussila         0:1    Jokubas Sauklys    \r\n 4 Mattias Bergdahl     1:0    Ylva Jussila       \r\n 5 Samuel Larsson       1:0    Nova Bengtsson     \r\n 6 Rishit Bhargava      1:0    Marseille Magnusson\r\n 7 Saanika Dodagatta   .5:.5   Dario Nydius       \r\n 8 Anton Engkvist       1:0    BYE                \r\n\r\n<\/pre>\n<h3>Rond 7<\/h3>\n<pre>No Name                 Result   Name             \r\n\r\n 1 Jokubas Sauklys        0:1    Sixten Wallin    \r\n 2 Casper Helgesson       0:1    Samuel Larsson   \r\n 3 Mattias Bergdahl       1:0    Vera Jussila     \r\n 4 Ylva Jussila           1:0    Matthew Lee      \r\n 5 Anton Engkvist         0:1    Arvid M\u00e5nsson    \r\n 6 Dario Nydius           0:1    Rishit Bhargava  \r\n 7 Marseille Magnusson    0:1    Saanika Dodagatta\r\n 8 Nova Bengtsson         1:0    BYE              \r\n\r\n<\/pre>\n<h3>Rond 8<\/h3>\n<pre>No Name               Result   Name               \r\n\r\n 1 Sixten Wallin        0:1    Ylva Jussila       \r\n 2 Casper Helgesson     1:0    Mattias Bergdahl   \r\n 3 Samuel Larsson       1:0    Rishit Bhargava    \r\n 4 Arvid M\u00e5nsson        0:1    Vera Jussila       \r\n 5 Saanika Dodagatta    0:1    Jokubas Sauklys    \r\n 6 Anton Engkvist       1:0    Marseille Magnusson\r\n 7 Nova Bengtsson       1:0    Dario Nydius       \r\n 8 Matthew Lee          1:0    BYE                \r\n\r\n<\/pre>\n\n<!-- Page-list plugin v.5.9 wordpress.org\/plugins\/page-list\/ -->\n<ul class=\"page-list page-list-cols-3\">\n<li class=\"page_item page-item-5681\"><a href=\"https:\/\/www.nvssf.com\/forbundet\/resultat\/resultat-2018\/junior-dm-i-blixtschack-2018\/elitgruppen\/\">Elitgruppen<\/a><\/li>\n\n<\/ul>\n","protected":false},"excerpt":{"rendered":"<p>Bet\u00e4nketid: 5 minuter + 3 sekunders till\u00e4gg per drag. Spelform: 8 ronder Schweizer. Knattar och miniorer spelade i samma grupp. Startf\u00e4lt 1. Sixten Wallin Helsingborgs SS 2. Matthew Lee Helsingborgs ASK 3. Rishit Bhargava Helsingborgs ASK 4. Dario Nydius Landskrona &hellip; <a href=\"https:\/\/www.nvssf.com\/forbundet\/resultat\/resultat-2018\/junior-dm-i-blixtschack-2018\/knattar-miniorer\/\">Forts\u00e4tt l\u00e4sa <span class=\"meta-nav\">&rarr;<\/span><\/a><\/p>\n","protected":false},"author":2,"featured_media":0,"parent":5675,"menu_order":0,"comment_status":"open","ping_status":"open","template":"sidebar-page.php","meta":{"_acf_changed":false,"footnotes":""},"acf":[],"_links":{"self":[{"href":"https:\/\/www.nvssf.com\/forbundet\/wp-json\/wp\/v2\/pages\/5677"}],"collection":[{"href":"https:\/\/www.nvssf.com\/forbundet\/wp-json\/wp\/v2\/pages"}],"about":[{"href":"https:\/\/www.nvssf.com\/forbundet\/wp-json\/wp\/v2\/types\/page"}],"author":[{"embeddable":true,"href":"https:\/\/www.nvssf.com\/forbundet\/wp-json\/wp\/v2\/users\/2"}],"replies":[{"embeddable":true,"href":"https:\/\/www.nvssf.com\/forbundet\/wp-json\/wp\/v2\/comments?post=5677"}],"version-history":[{"count":1,"href":"https:\/\/www.nvssf.com\/forbundet\/wp-json\/wp\/v2\/pages\/5677\/revisions"}],"predecessor-version":[{"id":5782,"href":"https:\/\/www.nvssf.com\/forbundet\/wp-json\/wp\/v2\/pages\/5677\/revisions\/5782"}],"up":[{"embeddable":true,"href":"https:\/\/www.nvssf.com\/forbundet\/wp-json\/wp\/v2\/pages\/5675"}],"wp:attachment":[{"href":"https:\/\/www.nvssf.com\/forbundet\/wp-json\/wp\/v2\/media?parent=5677"}],"curies":[{"name":"wp","href":"https:\/\/api.w.org\/{rel}","templated":true}]}}