{"id":5681,"date":"2018-03-03T10:17:06","date_gmt":"2018-03-03T09:17:06","guid":{"rendered":"http:\/\/www.nvssf.com\/forbundet\/?page_id=5681"},"modified":"2018-03-04T10:36:45","modified_gmt":"2018-03-04T09:36:45","slug":"elitgruppen","status":"publish","type":"page","link":"https:\/\/www.nvssf.com\/forbundet\/resultat\/resultat-2018\/junior-dm-i-blixtschack-2018\/elitgruppen\/","title":{"rendered":"Elitgruppen"},"content":{"rendered":"<h2>Slutst\u00e4llning (efter s\u00e4rspel).<\/h2>\n<ol>\n<li>Filip Jonsson Helsingborgs ASK<\/li>\n<li>Tomasz Szczepanowski Helsingborgs ASK<\/li>\n<li>Sakarias Jussila Helsingborgs ASK<\/li>\n<\/ol>\n<p>Bet\u00e4nketid: 5 minuter + 3 sekunders till\u00e4gg. I s\u00e4rspelet anv\u00e4ndes bet\u00e4nketiden 3 minuter + 2 sekunders till\u00e4gg.<\/p>\n<p>Spelform: 7 ronder berger (alla mot alla)<\/p>\n<p><a href=\"https:\/\/www.nvssf.com\/forbundet\/wp-content\/uploads\/2018\/03\/TournamentTableJDMblitz2018.png\"><img loading=\"lazy\" decoding=\"async\" class=\"alignleft size-full wp-image-5697\" src=\"https:\/\/www.nvssf.com\/forbundet\/wp-content\/uploads\/2018\/03\/TournamentTableJDMblitz2018.png\" alt=\"\" width=\"600\" height=\"262\" srcset=\"https:\/\/www.nvssf.com\/forbundet\/wp-content\/uploads\/2018\/03\/TournamentTableJDMblitz2018.png 600w, https:\/\/www.nvssf.com\/forbundet\/wp-content\/uploads\/2018\/03\/TournamentTableJDMblitz2018-150x66.png 150w, https:\/\/www.nvssf.com\/forbundet\/wp-content\/uploads\/2018\/03\/TournamentTableJDMblitz2018-300x131.png 300w, https:\/\/www.nvssf.com\/forbundet\/wp-content\/uploads\/2018\/03\/TournamentTableJDMblitz2018-500x218.png 500w\" sizes=\"(max-width: 600px) 100vw, 600px\" \/><\/a><\/p>\n<p>&nbsp;<\/p>\n<p><a href=\"https:\/\/member.schack.se\/ShowTournamentServlet?id=5640\" target=\"_blank\" rel=\"noopener\">Resultat.<\/a><br \/>\n| <a href=\"https:\/\/www.nvssf.com\/forbundet\/wp-content\/uploads\/2018\/03\/jdmBlixt2018ElitTabell.pdf\" target=\"_blank\" rel=\"noopener\">Bergertabell (PDF)<\/a> |<\/p>\n<h2>S\u00e4rspelet<\/h2>\n<p><a href=\"https:\/\/www.nvssf.com\/forbundet\/wp-content\/uploads\/2018\/03\/playoffTableJDMblitz2018.png\"><img loading=\"lazy\" decoding=\"async\" class=\"alignleft size-full wp-image-5702\" src=\"https:\/\/www.nvssf.com\/forbundet\/wp-content\/uploads\/2018\/03\/playoffTableJDMblitz2018.png\" alt=\"\" width=\"600\" height=\"164\" srcset=\"https:\/\/www.nvssf.com\/forbundet\/wp-content\/uploads\/2018\/03\/playoffTableJDMblitz2018.png 600w, https:\/\/www.nvssf.com\/forbundet\/wp-content\/uploads\/2018\/03\/playoffTableJDMblitz2018-150x41.png 150w, https:\/\/www.nvssf.com\/forbundet\/wp-content\/uploads\/2018\/03\/playoffTableJDMblitz2018-300x82.png 300w, https:\/\/www.nvssf.com\/forbundet\/wp-content\/uploads\/2018\/03\/playoffTableJDMblitz2018-500x137.png 500w\" sizes=\"(max-width: 600px) 100vw, 600px\" \/><\/a><\/p>\n<p><a href=\"https:\/\/member.schack.se\/ShowTournamentServlet?id=5641\" target=\"_blank\" rel=\"noopener\">Resultat s\u00e4rspel.<\/a><\/p>\n<p>| <a href=\"https:\/\/www.nvssf.com\/forbundet\/wp-content\/uploads\/2018\/03\/jdmBlixt2018playoff.pdf\" target=\"_blank\" rel=\"noopener\">Bergertabell (PDF)<\/a> |<\/p>\n\n<!-- Page-list plugin v.5.9 wordpress.org\/plugins\/page-list\/ -->\n<ul class=\"page-list page-list-cols-3\">\n<li class=\"page_item page-item-5677\"><a href=\"https:\/\/www.nvssf.com\/forbundet\/resultat\/resultat-2018\/junior-dm-i-blixtschack-2018\/knattar-miniorer\/\">Knattar &#038; Miniorer<\/a><\/li>\n\n<\/ul>\n","protected":false},"excerpt":{"rendered":"<p>Slutst\u00e4llning (efter s\u00e4rspel). Filip Jonsson Helsingborgs ASK Tomasz Szczepanowski Helsingborgs ASK Sakarias Jussila Helsingborgs ASK Bet\u00e4nketid: 5 minuter + 3 sekunders till\u00e4gg. I s\u00e4rspelet anv\u00e4ndes bet\u00e4nketiden 3 minuter + 2 sekunders till\u00e4gg. Spelform: 7 ronder berger (alla mot alla) &nbsp; &hellip; <a href=\"https:\/\/www.nvssf.com\/forbundet\/resultat\/resultat-2018\/junior-dm-i-blixtschack-2018\/elitgruppen\/\">Forts\u00e4tt l\u00e4sa <span class=\"meta-nav\">&rarr;<\/span><\/a><\/p>\n","protected":false},"author":2,"featured_media":0,"parent":5675,"menu_order":0,"comment_status":"open","ping_status":"open","template":"sidebar-page.php","meta":{"_acf_changed":false,"footnotes":""},"acf":[],"_links":{"self":[{"href":"https:\/\/www.nvssf.com\/forbundet\/wp-json\/wp\/v2\/pages\/5681"}],"collection":[{"href":"https:\/\/www.nvssf.com\/forbundet\/wp-json\/wp\/v2\/pages"}],"about":[{"href":"https:\/\/www.nvssf.com\/forbundet\/wp-json\/wp\/v2\/types\/page"}],"author":[{"embeddable":true,"href":"https:\/\/www.nvssf.com\/forbundet\/wp-json\/wp\/v2\/users\/2"}],"replies":[{"embeddable":true,"href":"https:\/\/www.nvssf.com\/forbundet\/wp-json\/wp\/v2\/comments?post=5681"}],"version-history":[{"count":1,"href":"https:\/\/www.nvssf.com\/forbundet\/wp-json\/wp\/v2\/pages\/5681\/revisions"}],"predecessor-version":[{"id":5707,"href":"https:\/\/www.nvssf.com\/forbundet\/wp-json\/wp\/v2\/pages\/5681\/revisions\/5707"}],"up":[{"embeddable":true,"href":"https:\/\/www.nvssf.com\/forbundet\/wp-json\/wp\/v2\/pages\/5675"}],"wp:attachment":[{"href":"https:\/\/www.nvssf.com\/forbundet\/wp-json\/wp\/v2\/media?parent=5681"}],"curies":[{"name":"wp","href":"https:\/\/api.w.org\/{rel}","templated":true}]}}