{"id":5742,"date":"2018-03-16T14:10:09","date_gmt":"2018-03-16T13:10:09","guid":{"rendered":"http:\/\/www.nvssf.com\/forbundet\/?page_id=5742"},"modified":"2018-03-16T14:10:09","modified_gmt":"2018-03-16T13:10:09","slug":"schack4an-2018-kommunkval-helsingborg","status":"publish","type":"page","link":"https:\/\/www.nvssf.com\/forbundet\/resultat\/resultat-2018\/schack4an-2018-kommunkval-helsingborg\/","title":{"rendered":"Schack4an 2018: Kommunkval Helsingborg"},"content":{"rendered":"<p>Spelform: 4 ronder spelades. Vinst 3, remi 2 och f\u00f6rlust 1 po\u00e4ng. Platserna 1 &#8211; 11 kvalificerade klassen till regionkvalet.<\/p>\n<table>\n<tbody>\n<tr>\n<td>1<\/td>\n<td style=\"background-color: #4ed12a;\">Slottsv\u00e5ngsskolan<\/td>\n<td>386<\/td>\n<td><\/td>\n<\/tr>\n<tr>\n<td>2<\/td>\n<td style=\"background-color: #4ed12a;\">Rydeb\u00e4cks Montessori<\/td>\n<td>316<\/td>\n<td><\/td>\n<\/tr>\n<tr>\n<td>3<\/td>\n<td style=\"background-color: #4ed12a;\">Kubikskolan<\/td>\n<td>312<\/td>\n<td><\/td>\n<\/tr>\n<tr>\n<td>3<\/td>\n<td style=\"background-color: #4ed12a;\">Dalhemsskolan 4A<\/td>\n<td>312<\/td>\n<td><\/td>\n<\/tr>\n<tr>\n<td>5<\/td>\n<td style=\"background-color: #4ed12a;\">T\u00e5gaborgsskolan R\u00f6d<\/td>\n<td>308<\/td>\n<td><\/td>\n<\/tr>\n<tr>\n<td>6<\/td>\n<td style=\"background-color: #4ed12a;\">Slottsh\u00f6jden<\/td>\n<td>307<\/td>\n<td><\/td>\n<\/tr>\n<tr>\n<td>7<\/td>\n<td style=\"background-color: #4ed12a;\">International School<\/td>\n<td>302<\/td>\n<td><\/td>\n<\/tr>\n<tr>\n<td>8<\/td>\n<td style=\"background-color: #4ed12a;\">Synkopen<\/td>\n<td>290<\/td>\n<td><\/td>\n<\/tr>\n<tr>\n<td>9<\/td>\n<td style=\"background-color: #4ed12a;\">T\u00e5gaborgsskolan Gr\u00f6n<\/td>\n<td>289<\/td>\n<td><\/td>\n<\/tr>\n<tr>\n<td>10<\/td>\n<td style=\"background-color: #4ed12a;\">L\u00e5ngvinkelns Montessori<\/td>\n<td>284<\/td>\n<td><\/td>\n<\/tr>\n<tr>\n<td>11<\/td>\n<td style=\"background-color: #4ed12a;\">Dalhemsskolan 4B<\/td>\n<td>276<\/td>\n<td><\/td>\n<\/tr>\n<tr>\n<td>12<\/td>\n<td>Elinebergsskolan<\/td>\n<td>256<\/td>\n<td><\/td>\n<\/tr>\n<tr>\n<td>12<\/td>\n<td>\u00c4ttekullaskolan<\/td>\n<td>256<\/td>\n<td><\/td>\n<\/tr>\n<tr>\n<td>14<\/td>\n<td>Wieselgrenskolan<\/td>\n<td>252<\/td>\n<td><\/td>\n<\/tr>\n<tr>\n<td>15<\/td>\n<td>B\u00e5rsl\u00f6vsskolan<\/td>\n<td>197<\/td>\n<td><\/td>\n<\/tr>\n<\/tbody>\n<\/table>\n","protected":false},"excerpt":{"rendered":"<p>Spelform: 4 ronder spelades. Vinst 3, remi 2 och f\u00f6rlust 1 po\u00e4ng. Platserna 1 &#8211; 11 kvalificerade klassen till regionkvalet. 1 Slottsv\u00e5ngsskolan 386 2 Rydeb\u00e4cks Montessori 316 3 Kubikskolan 312 3 Dalhemsskolan 4A 312 5 T\u00e5gaborgsskolan R\u00f6d 308 6 Slottsh\u00f6jden &hellip; <a href=\"https:\/\/www.nvssf.com\/forbundet\/resultat\/resultat-2018\/schack4an-2018-kommunkval-helsingborg\/\">Forts\u00e4tt l\u00e4sa <span class=\"meta-nav\">&rarr;<\/span><\/a><\/p>\n","protected":false},"author":2,"featured_media":0,"parent":5612,"menu_order":0,"comment_status":"open","ping_status":"open","template":"sidebar-page.php","meta":{"_acf_changed":false,"footnotes":""},"acf":[],"_links":{"self":[{"href":"https:\/\/www.nvssf.com\/forbundet\/wp-json\/wp\/v2\/pages\/5742"}],"collection":[{"href":"https:\/\/www.nvssf.com\/forbundet\/wp-json\/wp\/v2\/pages"}],"about":[{"href":"https:\/\/www.nvssf.com\/forbundet\/wp-json\/wp\/v2\/types\/page"}],"author":[{"embeddable":true,"href":"https:\/\/www.nvssf.com\/forbundet\/wp-json\/wp\/v2\/users\/2"}],"replies":[{"embeddable":true,"href":"https:\/\/www.nvssf.com\/forbundet\/wp-json\/wp\/v2\/comments?post=5742"}],"version-history":[{"count":1,"href":"https:\/\/www.nvssf.com\/forbundet\/wp-json\/wp\/v2\/pages\/5742\/revisions"}],"predecessor-version":[{"id":5744,"href":"https:\/\/www.nvssf.com\/forbundet\/wp-json\/wp\/v2\/pages\/5742\/revisions\/5744"}],"up":[{"embeddable":true,"href":"https:\/\/www.nvssf.com\/forbundet\/wp-json\/wp\/v2\/pages\/5612"}],"wp:attachment":[{"href":"https:\/\/www.nvssf.com\/forbundet\/wp-json\/wp\/v2\/media?parent=5742"}],"curies":[{"name":"wp","href":"https:\/\/api.w.org\/{rel}","templated":true}]}}