{"id":6251,"date":"2018-05-28T11:10:02","date_gmt":"2018-05-28T09:10:02","guid":{"rendered":"http:\/\/www.nvssf.com\/forbundet\/?page_id=6251"},"modified":"2018-05-28T11:24:17","modified_gmt":"2018-05-28T09:24:17","slug":"langparti-dm-for-juniorer-2018","status":"publish","type":"page","link":"https:\/\/www.nvssf.com\/forbundet\/resultat\/resultat-2018\/langparti-dm-for-juniorer-2018\/","title":{"rendered":"L\u00e5ngparti-DM f\u00f6r Juniorer 2018"},"content":{"rendered":"<p><strong>Spelformat:<\/strong> 7 ronder Berger (en frirond). Tv\u00e5 klasser spelade i samma grupp men priser delades ut f\u00f6r dom b\u00e4gge klasserna:<br \/>\n\u00c4ldre klassen 13 \u00e5r och \u00e4ldre.<br \/>\nYngre klassen 12 \u00e5r och yngre.<\/p>\n<p><strong>Bet\u00e4nketid: <\/strong>30 minuter per parti och spelare.<\/p>\n<h2>Total slutst\u00e4llning<\/h2>\n<p><a href=\"https:\/\/member.schack.se\/ShowTournamentServlet?id=5848\"><img loading=\"lazy\" decoding=\"async\" class=\"alignleft size-full wp-image-6255\" src=\"https:\/\/www.nvssf.com\/forbundet\/wp-content\/uploads\/2018\/05\/totalSlutstallningJDM2018langparti.png\" alt=\"\" width=\"551\" height=\"200\" srcset=\"https:\/\/www.nvssf.com\/forbundet\/wp-content\/uploads\/2018\/05\/totalSlutstallningJDM2018langparti.png 551w, https:\/\/www.nvssf.com\/forbundet\/wp-content\/uploads\/2018\/05\/totalSlutstallningJDM2018langparti-150x54.png 150w, https:\/\/www.nvssf.com\/forbundet\/wp-content\/uploads\/2018\/05\/totalSlutstallningJDM2018langparti-300x109.png 300w, https:\/\/www.nvssf.com\/forbundet\/wp-content\/uploads\/2018\/05\/totalSlutstallningJDM2018langparti-500x181.png 500w\" sizes=\"(max-width: 551px) 100vw, 551px\" \/><\/a><\/p>\n<h3>Slutst\u00e4llning \u00c4ldre gruppen<\/h3>\n<ol>\n<li><strong>Mohamed Hamid<\/strong> \u00c5storps SS <strong>7 p<\/strong><\/li>\n<li><strong>Samuel Larsson<\/strong> Helsingborgs ASK <strong>5 p<\/strong><\/li>\n<li><strong>Haider Al-Sherufi<\/strong> Helsingborgs ASK <strong>5 p<\/strong><\/li>\n<\/ol>\n<h3>Slutst\u00e4llning Yngre gruppen<\/h3>\n<ol>\n<li><strong>Emil Duus<\/strong> Helsingborgs ASK <strong>4 p<\/strong><\/li>\n<li><strong>Jokubas Sauklys<\/strong> Helsingborgs ASK <strong>4 p<\/strong><\/li>\n<li><strong>Rishit Bhargava<\/strong> Helsingborgs ASK <strong>2 p<\/strong><\/li>\n<li><strong>Anton Engkvist <\/strong>Landskrona SK <strong>1 p<\/strong><\/li>\n<\/ol>\n<p>| <a href=\"https:\/\/member.schack.se\/ShowTournamentServlet?id=5848\" target=\"_blank\" rel=\"noopener\">Lottning &amp; resultat<\/a> |<\/p>\n","protected":false},"excerpt":{"rendered":"<p>Spelformat: 7 ronder Berger (en frirond). Tv\u00e5 klasser spelade i samma grupp men priser delades ut f\u00f6r dom b\u00e4gge klasserna: \u00c4ldre klassen 13 \u00e5r och \u00e4ldre. Yngre klassen 12 \u00e5r och yngre. Bet\u00e4nketid: 30 minuter per parti och spelare. Total &hellip; <a href=\"https:\/\/www.nvssf.com\/forbundet\/resultat\/resultat-2018\/langparti-dm-for-juniorer-2018\/\">Forts\u00e4tt l\u00e4sa <span class=\"meta-nav\">&rarr;<\/span><\/a><\/p>\n","protected":false},"author":2,"featured_media":0,"parent":5612,"menu_order":0,"comment_status":"closed","ping_status":"closed","template":"","meta":{"_acf_changed":false,"footnotes":""},"acf":[],"_links":{"self":[{"href":"https:\/\/www.nvssf.com\/forbundet\/wp-json\/wp\/v2\/pages\/6251"}],"collection":[{"href":"https:\/\/www.nvssf.com\/forbundet\/wp-json\/wp\/v2\/pages"}],"about":[{"href":"https:\/\/www.nvssf.com\/forbundet\/wp-json\/wp\/v2\/types\/page"}],"author":[{"embeddable":true,"href":"https:\/\/www.nvssf.com\/forbundet\/wp-json\/wp\/v2\/users\/2"}],"replies":[{"embeddable":true,"href":"https:\/\/www.nvssf.com\/forbundet\/wp-json\/wp\/v2\/comments?post=6251"}],"version-history":[{"count":1,"href":"https:\/\/www.nvssf.com\/forbundet\/wp-json\/wp\/v2\/pages\/6251\/revisions"}],"predecessor-version":[{"id":6256,"href":"https:\/\/www.nvssf.com\/forbundet\/wp-json\/wp\/v2\/pages\/6251\/revisions\/6256"}],"up":[{"embeddable":true,"href":"https:\/\/www.nvssf.com\/forbundet\/wp-json\/wp\/v2\/pages\/5612"}],"wp:attachment":[{"href":"https:\/\/www.nvssf.com\/forbundet\/wp-json\/wp\/v2\/media?parent=6251"}],"curies":[{"name":"wp","href":"https:\/\/api.w.org\/{rel}","templated":true}]}}