{"id":6302,"date":"2018-06-03T18:54:10","date_gmt":"2018-06-03T16:54:10","guid":{"rendered":"http:\/\/www.nvssf.com\/forbundet\/?page_id=6302"},"modified":"2018-06-03T18:54:10","modified_gmt":"2018-06-03T16:54:10","slug":"forbundets-blixtavslutning-2018","status":"publish","type":"page","link":"https:\/\/www.nvssf.com\/forbundet\/resultat\/resultat-2018\/forbundets-blixtavslutning-2018\/","title":{"rendered":"F\u00f6rbundets blixtavslutning 2018"},"content":{"rendered":"<p><strong>Speldatum<\/strong>: 3 juni<\/p>\n<p><strong>Spellokal<\/strong>: \u00c5storps SS klubblokal Ormastorpsgatan,\u00c5storp<\/p>\n<p><strong>Spelformat<\/strong>: 11 ronders bergerturnering.<\/p>\n<p><strong>Bet\u00e4nketid<\/strong>: Blixt med tidshandikapp enligt f\u00f6ljande system:<\/p>\n<p><strong>\u00d6ver 1900<\/strong>\u00c2\u00a0klass\u00c2\u00a0A<br \/>\n<strong>1650-1899<\/strong>\u00c2\u00a0klass\u00c2\u00a0B<br \/>\n<strong>1350-1649<\/strong>\u00c2\u00a0klass C<br \/>\n<strong>under 1349<\/strong>\u00c2\u00a0klass D<\/p>\n<p>En klass 6 min \u00e2\u20ac\u201c 4 min<br \/>\nTv\u00e5 klasser 7-3<br \/>\nTre klasser 8-2<\/p>\n<h2>Slutst\u00e4llning<\/h2>\n\n<table id=\"tablepress-95\" class=\"tablepress tablepress-id-95\">\n<thead>\n<tr class=\"row-1\">\n\t<th class=\"column-1\">Plac<\/th><th class=\"column-2\">Namn<\/th><th class=\"column-3\">Klubb<\/th><th class=\"column-4\">Elo<\/th><th class=\"column-5\">Po\u00e4ng<\/th><th class=\"column-6\">Kvp<\/th>\n<\/tr>\n<\/thead>\n<tbody class=\"row-striping row-hover\">\n<tr class=\"row-2\">\n\t<td class=\"column-1\">1<\/td><td class=\"column-2\">Patrik Nilsson<\/td><td class=\"column-3\">Helsingborgs ASK<\/td><td class=\"column-4\">2204E<\/td><td class=\"column-5\">9.5<\/td><td class=\"column-6\">52.00<\/td>\n<\/tr>\n<tr class=\"row-3\">\n\t<td class=\"column-1\">2<\/td><td class=\"column-2\">Tomas Rosell<\/td><td class=\"column-3\">Helsingborgs ASK<\/td><td class=\"column-4\">2148E<\/td><td class=\"column-5\">9.0<\/td><td class=\"column-6\">42.50<\/td>\n<\/tr>\n<tr class=\"row-4\">\n\t<td class=\"column-1\">3<\/td><td class=\"column-2\">Stefan H\u00e5kansson<\/td><td class=\"column-3\">Helsingborgs ASK<\/td><td class=\"column-4\">2010E<\/td><td class=\"column-5\">9.0<\/td><td class=\"column-6\">38.50<\/td>\n<\/tr>\n<tr class=\"row-5\">\n\t<td class=\"column-1\">4<\/td><td class=\"column-2\">Anders Hansen<\/td><td class=\"column-3\">Helsingborgs ASK<\/td><td class=\"column-4\">1991E<\/td><td class=\"column-5\">7.0<\/td><td class=\"column-6\">26.50<\/td>\n<\/tr>\n<tr class=\"row-6\">\n\t<td class=\"column-1\">5<\/td><td class=\"column-2\">Jan Bengtsson<\/td><td class=\"column-3\">\u00c5storps SS<\/td><td class=\"column-4\">2007E<\/td><td class=\"column-5\">7.0<\/td><td class=\"column-6\">24.50<\/td>\n<\/tr>\n<tr class=\"row-7\">\n\t<td class=\"column-1\">6<\/td><td class=\"column-2\">Tomas Truedsson<\/td><td class=\"column-3\">\u00c5storps SS<\/td><td class=\"column-4\">1589E<\/td><td class=\"column-5\">5.0<\/td><td class=\"column-6\">17.50<\/td>\n<\/tr>\n<tr class=\"row-8\">\n\t<td class=\"column-1\">7<\/td><td class=\"column-2\">Daniel Mena<\/td><td class=\"column-3\">Helsingborgs ASK<\/td><td class=\"column-4\">1744E<\/td><td class=\"column-5\">5.0<\/td><td class=\"column-6\">20.00<\/td>\n<\/tr>\n<tr class=\"row-9\">\n\t<td class=\"column-1\">8<\/td><td class=\"column-2\">Ted Sandbech<\/td><td class=\"column-3\">\u00c5storps SS<\/td><td class=\"column-4\">1775E<\/td><td class=\"column-5\">5.0<\/td><td class=\"column-6\">18.50<\/td>\n<\/tr>\n<tr class=\"row-10\">\n\t<td class=\"column-1\">9<\/td><td class=\"column-2\">Clas-Erik Nilsson<\/td><td class=\"column-3\">\u00c5storps SS<\/td><td class=\"column-4\">1720E<\/td><td class=\"column-5\">3.0<\/td><td class=\"column-6\">10.50<\/td>\n<\/tr>\n<tr class=\"row-11\">\n\t<td class=\"column-1\">10<\/td><td class=\"column-2\">Mohamed Hamid<\/td><td class=\"column-3\">\u00c5storps SS<\/td><td class=\"column-4\">0<\/td><td class=\"column-5\">3.0<\/td><td class=\"column-6\">13.00<\/td>\n<\/tr>\n<tr class=\"row-12\">\n\t<td class=\"column-1\">11<\/td><td class=\"column-2\">Leif Bohman<\/td><td class=\"column-3\">\u00c5storps SS<\/td><td class=\"column-4\">1802E<\/td><td class=\"column-5\">2.0<\/td><td class=\"column-6\">6.50<\/td>\n<\/tr>\n<tr class=\"row-13\">\n\t<td class=\"column-1\">12<\/td><td class=\"column-2\">Markus Mena<\/td><td class=\"column-3\">Helsingborgs ASK<\/td><td class=\"column-4\">1361E<\/td><td class=\"column-5\">1.5<\/td><td class=\"column-6\">6.50<\/td>\n<\/tr>\n<\/tbody>\n<\/table>\n<!-- #tablepress-95 from cache -->\n<p><a href=\"https:\/\/www.nvssf.com\/forbundet\/wp-content\/uploads\/2018\/06\/SlutstallningNvSSFavsl2018.png\"><img loading=\"lazy\" decoding=\"async\" class=\"aligncenter size-medium wp-image-6298\" src=\"https:\/\/www.nvssf.com\/forbundet\/wp-content\/uploads\/2018\/06\/SlutstallningNvSSFavsl2018-300x127.png\" alt=\"\" width=\"300\" height=\"127\" srcset=\"https:\/\/www.nvssf.com\/forbundet\/wp-content\/uploads\/2018\/06\/SlutstallningNvSSFavsl2018-300x127.png 300w, https:\/\/www.nvssf.com\/forbundet\/wp-content\/uploads\/2018\/06\/SlutstallningNvSSFavsl2018-150x63.png 150w, https:\/\/www.nvssf.com\/forbundet\/wp-content\/uploads\/2018\/06\/SlutstallningNvSSFavsl2018-768x324.png 768w, https:\/\/www.nvssf.com\/forbundet\/wp-content\/uploads\/2018\/06\/SlutstallningNvSSFavsl2018-500x211.png 500w, https:\/\/www.nvssf.com\/forbundet\/wp-content\/uploads\/2018\/06\/SlutstallningNvSSFavsl2018.png 891w\" sizes=\"(max-width: 300px) 100vw, 300px\" \/><\/a><\/p>\n<p>| <a href=\"https:\/\/www.nvssf.com\/forbundet\/wp-content\/uploads\/2018\/06\/Nvssfavslutning2018.pdf\" target=\"_blank\" rel=\"noopener\">Tabell (PDF)<\/a> |<\/p>\n<p>| <a href=\"https:\/\/member.schack.se\/ShowTournamentServlet?id=5866&amp;listingtype=1\" target=\"_blank\" rel=\"noopener\">T\u00e4vlingen i Sveriges Schackf\u00f6rbunds turneringssystem<\/a> |<\/p>\n","protected":false},"excerpt":{"rendered":"<p>Speldatum: 3 juni Spellokal: \u00c5storps SS klubblokal Ormastorpsgatan,\u00c5storp Spelformat: 11 ronders bergerturnering. Bet\u00e4nketid: Blixt med tidshandikapp enligt f\u00f6ljande system: \u00d6ver 1900\u00c2\u00a0klass\u00c2\u00a0A 1650-1899\u00c2\u00a0klass\u00c2\u00a0B 1350-1649\u00c2\u00a0klass C under 1349\u00c2\u00a0klass D En klass 6 min \u00e2\u20ac\u201c 4 min Tv\u00e5 klasser 7-3 Tre klasser 8-2 &hellip; <a href=\"https:\/\/www.nvssf.com\/forbundet\/resultat\/resultat-2018\/forbundets-blixtavslutning-2018\/\">Forts\u00e4tt l\u00e4sa <span class=\"meta-nav\">&rarr;<\/span><\/a><\/p>\n","protected":false},"author":2,"featured_media":0,"parent":5612,"menu_order":0,"comment_status":"open","ping_status":"open","template":"sidebar-page.php","meta":{"_acf_changed":false,"footnotes":""},"acf":[],"_links":{"self":[{"href":"https:\/\/www.nvssf.com\/forbundet\/wp-json\/wp\/v2\/pages\/6302"}],"collection":[{"href":"https:\/\/www.nvssf.com\/forbundet\/wp-json\/wp\/v2\/pages"}],"about":[{"href":"https:\/\/www.nvssf.com\/forbundet\/wp-json\/wp\/v2\/types\/page"}],"author":[{"embeddable":true,"href":"https:\/\/www.nvssf.com\/forbundet\/wp-json\/wp\/v2\/users\/2"}],"replies":[{"embeddable":true,"href":"https:\/\/www.nvssf.com\/forbundet\/wp-json\/wp\/v2\/comments?post=6302"}],"version-history":[{"count":1,"href":"https:\/\/www.nvssf.com\/forbundet\/wp-json\/wp\/v2\/pages\/6302\/revisions"}],"predecessor-version":[{"id":6304,"href":"https:\/\/www.nvssf.com\/forbundet\/wp-json\/wp\/v2\/pages\/6302\/revisions\/6304"}],"up":[{"embeddable":true,"href":"https:\/\/www.nvssf.com\/forbundet\/wp-json\/wp\/v2\/pages\/5612"}],"wp:attachment":[{"href":"https:\/\/www.nvssf.com\/forbundet\/wp-json\/wp\/v2\/media?parent=6302"}],"curies":[{"name":"wp","href":"https:\/\/api.w.org\/{rel}","templated":true}]}}