{"id":64,"date":"2014-03-20T14:50:21","date_gmt":"2014-03-20T13:50:21","guid":{"rendered":"http:\/\/www.nvssf.com\/forbundet\/?page_id=64"},"modified":"2026-03-22T23:26:49","modified_gmt":"2026-03-22T22:26:49","slug":"klubbar","status":"publish","type":"page","link":"https:\/\/www.nvssf.com\/forbundet\/klubbar\/","title":{"rendered":"Klubbar"},"content":{"rendered":"<h2>Engelholms SK<\/h2>\n<p>Klubblokal: Nybrov\u00e4gen 6, \u00c4ngelholm delas med f\u00f6retaget Nadox.<br \/>\nKontakt: Peter Dalling, dallingpeter@gmail.com<br \/>\nHemsida: <a href=\"https:\/\/www.schackeriet.se\/sv\/organisationer\/engelholms-sk\" target=\"_blank\" rel=\"noopener\">https:\/\/www.schackeriet.se\/sv\/organisationer\/engelholms-sk<\/a><br \/>\n<a href=\"https:\/\/member.schack.se\/ShowClubRatingServlet?clubid=38411\" target=\"_blank\" rel=\"noopener noreferrer\">Rankinglista<\/a><\/p>\n<h2>Helsingborgs ASK<\/h2>\n<p>Klubblokal: Rundg\u00e5ngen 33, Helsingborg delas med Bridgeklubben tre sang.<br \/>\nKontakt: Patrik Nilsson, patrik.nilssonhbg@hotmail.com<br \/>\nHemsida: <a href=\"https:\/\/hask.nu\">https:\/\/hask.nu<\/a><br \/>\n<a href=\"https:\/\/member.schack.se\/ShowClubRatingServlet?clubid=38405\" target=\"_blank\" rel=\"noopener noreferrer\">Rankinglista<\/a><\/p>\n<h2>Helsingborgs SS<\/h2>\n<p>Klubblokal: Tr\u00e4dg\u00e5rdsgatan 11, Helsingborg<br \/>\nKontakt: \u00c5ke Westin, ake.westin@gmail.com<br \/>\nHemsida: <a href=\"http:\/\/www.nvssf.com\/hss\/\" target=\"_blank\" rel=\"noopener noreferrer\">http:\/\/www.nvssf.com\/hss\/<\/a><br \/>\n<a href=\"https:\/\/member.schack.se\/ShowClubRatingServlet?clubid=38406\" target=\"_blank\" rel=\"noopener noreferrer\">Rankinglista<\/a><\/p>\n<h2>Klippans SK<\/h2>\n<p>Klubblokal: M\u00f6tesplats S\u00e5gen, \u00c4ngelholmsgatan 9, Klippan<br \/>\nKontakt: Magnus Ljunggren, magnusljunggrens@gmail.com<br \/>\nHemsida: <a href=\"https:\/\/www.svenskalag.se\/klippans-sk\" target=\"_blank\" rel=\"noopener\">https:\/\/www.svenskalag.se\/klippans-sk<\/a><br \/>\n<a href=\"https:\/\/member.schack.se\/ShowClubRatingServlet?clubid=38409\" target=\"_blank\" rel=\"noopener noreferrer\">Rankinglista<\/a><\/p>\n<h2>Landskrona SK<\/h2>\n<p>Klubblokal: Karlslundsv\u00e4gen 5, Landskrona<br \/>\nKontakt: Mikael Svensson, mikael.swenson@gmail.com<br \/>\nHemsida:<a href=\"http:\/\/landskrona.schack.se\"> http:\/\/landskrona.schack.se\/<\/a><br \/>\n<a href=\"https:\/\/member.schack.se\/ShowClubRatingServlet?clubid=38410\" target=\"_blank\" rel=\"noopener noreferrer\">Rankinglista<\/a><\/p>\n<h2>Skromberga Allm\u00e4nna Schacks\u00e4llskap<\/h2>\n<p>Adress: Lilla Sparbankshuset, Storgatan 14, Ekeby<br \/>\nKontakt: Roland Johansson, rojo57@hotmail.se<br \/>\nHemsida: <a href=\"http:\/\/nvssf.com\/skromberga\/\" target=\"_blank\" rel=\"noopener noreferrer\">http:\/\/nvssf.com\/skromberga\/<\/a><br \/>\n<a href=\"https:\/\/member.schack.se\/ShowClubRatingServlet?clubid=38414\" target=\"_blank\" rel=\"noopener noreferrer\">Rankinglista<\/a><\/p>\n<h2><a title=\"Lista med Skolklubbar\" href=\"http:\/\/member.schack.se\/ShowOrganisationServlet?districtid=5817\" target=\"_blank\" rel=\"noopener noreferrer\">Skolschackklubbar i distriktet<\/a><\/h2>\n","protected":false},"excerpt":{"rendered":"<p>Engelholms SK Klubblokal: Nybrov\u00e4gen 6, \u00c4ngelholm delas med f\u00f6retaget Nadox. Kontakt: Peter Dalling, dallingpeter@gmail.com Hemsida: https:\/\/www.schackeriet.se\/sv\/organisationer\/engelholms-sk Rankinglista Helsingborgs ASK Klubblokal: Rundg\u00e5ngen 33, Helsingborg delas med Bridgeklubben tre sang. Kontakt: Patrik Nilsson, patrik.nilssonhbg@hotmail.com Hemsida: https:\/\/hask.nu Rankinglista Helsingborgs SS Klubblokal: Tr\u00e4dg\u00e5rdsgatan 11, &hellip; <a href=\"https:\/\/www.nvssf.com\/forbundet\/klubbar\/\">Forts\u00e4tt l\u00e4sa <span class=\"meta-nav\">&rarr;<\/span><\/a><\/p>\n","protected":false},"author":2,"featured_media":0,"parent":0,"menu_order":0,"comment_status":"closed","ping_status":"closed","template":"sidebar-page.php","meta":{"_acf_changed":false,"footnotes":""},"acf":[],"_links":{"self":[{"href":"https:\/\/www.nvssf.com\/forbundet\/wp-json\/wp\/v2\/pages\/64"}],"collection":[{"href":"https:\/\/www.nvssf.com\/forbundet\/wp-json\/wp\/v2\/pages"}],"about":[{"href":"https:\/\/www.nvssf.com\/forbundet\/wp-json\/wp\/v2\/types\/page"}],"author":[{"embeddable":true,"href":"https:\/\/www.nvssf.com\/forbundet\/wp-json\/wp\/v2\/users\/2"}],"replies":[{"embeddable":true,"href":"https:\/\/www.nvssf.com\/forbundet\/wp-json\/wp\/v2\/comments?post=64"}],"version-history":[{"count":10,"href":"https:\/\/www.nvssf.com\/forbundet\/wp-json\/wp\/v2\/pages\/64\/revisions"}],"predecessor-version":[{"id":15382,"href":"https:\/\/www.nvssf.com\/forbundet\/wp-json\/wp\/v2\/pages\/64\/revisions\/15382"}],"wp:attachment":[{"href":"https:\/\/www.nvssf.com\/forbundet\/wp-json\/wp\/v2\/media?parent=64"}],"curies":[{"name":"wp","href":"https:\/\/api.w.org\/{rel}","templated":true}]}}