{"id":6626,"date":"2018-09-15T10:33:29","date_gmt":"2018-09-15T08:33:29","guid":{"rendered":"http:\/\/www.nvssf.com\/forbundet\/?page_id=6626"},"modified":"2018-09-17T12:13:36","modified_gmt":"2018-09-17T10:13:36","slug":"oppna-skanska-skolmasterskapet-2018","status":"publish","type":"page","link":"https:\/\/www.nvssf.com\/forbundet\/resultat\/resultat-2018\/oppna-skanska-skolmasterskapet-2018\/","title":{"rendered":"\u00d6ppna Sk\u00e5nska Skolm\u00e4sterskapet 2018"},"content":{"rendered":"<p>Olympiaskolans matsal l\u00f6rdagen den 15 september.<\/p>\n<p><strong>Resultat:<\/strong><\/p>\n\n<!-- Page-list plugin v.5.9 wordpress.org\/plugins\/page-list\/ -->\n<ul class=\"page-list \">\n<li class=\"page_item page-item-6628\"><a href=\"https:\/\/www.nvssf.com\/forbundet\/resultat\/resultat-2018\/oppna-skanska-skolmasterskapet-2018\/juniorer-1998-2001\/\">Juniorer (1998-2001)<\/a><\/li>\n<li class=\"page_item page-item-6630\"><a href=\"https:\/\/www.nvssf.com\/forbundet\/resultat\/resultat-2018\/oppna-skanska-skolmasterskapet-2018\/kadetter-2002-2005\/\">Kadetter (2002-2005)<\/a><\/li>\n<li class=\"page_item page-item-6632\"><a href=\"https:\/\/www.nvssf.com\/forbundet\/resultat\/resultat-2018\/oppna-skanska-skolmasterskapet-2018\/miniorer-2006-2007\/\">Miniorer (2006-2007)<\/a><\/li>\n<li class=\"page_item page-item-6634\"><a href=\"https:\/\/www.nvssf.com\/forbundet\/resultat\/resultat-2018\/oppna-skanska-skolmasterskapet-2018\/yngre-miniorer\/\">Yngre Miniorer (2008-)<\/a><\/li>\n\n<\/ul>\n","protected":false},"excerpt":{"rendered":"<p>Olympiaskolans matsal l\u00f6rdagen den 15 september. Resultat:<\/p>\n","protected":false},"author":2,"featured_media":0,"parent":5612,"menu_order":0,"comment_status":"closed","ping_status":"closed","template":"sidebar-page.php","meta":{"_acf_changed":false,"footnotes":""},"acf":[],"_links":{"self":[{"href":"https:\/\/www.nvssf.com\/forbundet\/wp-json\/wp\/v2\/pages\/6626"}],"collection":[{"href":"https:\/\/www.nvssf.com\/forbundet\/wp-json\/wp\/v2\/pages"}],"about":[{"href":"https:\/\/www.nvssf.com\/forbundet\/wp-json\/wp\/v2\/types\/page"}],"author":[{"embeddable":true,"href":"https:\/\/www.nvssf.com\/forbundet\/wp-json\/wp\/v2\/users\/2"}],"replies":[{"embeddable":true,"href":"https:\/\/www.nvssf.com\/forbundet\/wp-json\/wp\/v2\/comments?post=6626"}],"version-history":[{"count":1,"href":"https:\/\/www.nvssf.com\/forbundet\/wp-json\/wp\/v2\/pages\/6626\/revisions"}],"predecessor-version":[{"id":6667,"href":"https:\/\/www.nvssf.com\/forbundet\/wp-json\/wp\/v2\/pages\/6626\/revisions\/6667"}],"up":[{"embeddable":true,"href":"https:\/\/www.nvssf.com\/forbundet\/wp-json\/wp\/v2\/pages\/5612"}],"wp:attachment":[{"href":"https:\/\/www.nvssf.com\/forbundet\/wp-json\/wp\/v2\/media?parent=6626"}],"curies":[{"name":"wp","href":"https:\/\/api.w.org\/{rel}","templated":true}]}}