{"id":6628,"date":"2018-09-15T10:36:20","date_gmt":"2018-09-15T08:36:20","guid":{"rendered":"http:\/\/www.nvssf.com\/forbundet\/?page_id=6628"},"modified":"2018-09-18T11:37:11","modified_gmt":"2018-09-18T09:37:11","slug":"juniorer-1998-2001","status":"publish","type":"page","link":"https:\/\/www.nvssf.com\/forbundet\/resultat\/resultat-2018\/oppna-skanska-skolmasterskapet-2018\/juniorer-1998-2001\/","title":{"rendered":"Juniorer (1998-2001)"},"content":{"rendered":"<p>Antal ronder: 4<br \/>\nBet\u00e4nketid: 30 minuter per spelare\/parti +15 sekunder per drag<\/p>\n<h2>Slutst\u00e4llning<\/h2>\n<pre>                                               Po\u00e4ng    KP\r\n1.Filip Jonsson\t\tProcivitas Helsingborg\t4\t6.0\r\n2.Erik Leonardsson\tMalm\u00f6 H\u00f6gskola\t\t3\t3.0\r\n3.Elizabeth Johansson\tSpyken Lund\t\t2\t9.0\r\n4.Carlos Th\u00f6rnberg\tSveaskolan Malm\u00f6\t2\t8.0\r\n5.Majed Fakhr Eldin\tKullagymnasiet H\u00f6gan\u00e4s\t2\t7.0\r\n6.Benjamin Olsson\tPolhemsskolan Lund\t1\t9.0\r\n7.Gunduz Mamadov\tLatinskolan Malm\u00f6\t1\t7.0<\/pre>\n<h3>rond 1<\/h3>\n<table class=\"CP_TableResults\" border=\"0\" cellspacing=\"0\" cellpadding=\"0\">\n<tbody>\n<tr class=\"CP_TableResultsHeader\">\n<th class=\"CP_TableResultsHeaderCBord\">Bord<\/th>\n<th class=\"CP_TableResultsHeaderCVitspelare\">Vit spelare<\/th>\n<th class=\"CP_TableResultsHeaderCResultat\">Resultat<\/th>\n<th class=\"CP_TableResultsHeaderCSvartspelare\">Svart spelare<\/th>\n<\/tr>\n<tr class=\"CP_TableResultsRow\">\n<th class=\"CP_TableResultsCBord\">1<\/th>\n<th class=\"CP_TableResultsCVitspelare\">Carlos Th\u00f6rnberg<\/th>\n<th class=\"CP_TableResultsCResultat\">1-0<\/th>\n<th class=\"CP_TableResultsCSvartspelare\">Benjamin Olsson<\/th>\n<\/tr>\n<tr class=\"CP_TableResultsRow\">\n<th class=\"CP_TableResultsCBord\">2<\/th>\n<th class=\"CP_TableResultsCVitspelare\">Elizabeth Johansson<\/th>\n<th class=\"CP_TableResultsCResultat\">1-0<\/th>\n<th class=\"CP_TableResultsCSvartspelare\">Gunduz Mamadov<\/th>\n<\/tr>\n<tr class=\"CP_TableResultsRow\">\n<th class=\"CP_TableResultsCBord\">3<\/th>\n<th class=\"CP_TableResultsCVitspelare\">Majed Fakhr Eldin<\/th>\n<th class=\"CP_TableResultsCResultat\">0-1<\/th>\n<th class=\"CP_TableResultsCSvartspelare\">Filip Jonsson<\/th>\n<\/tr>\n<\/tbody>\n<\/table>\n<h3>rond 2<\/h3>\n<table class=\"CP_TableResults\" border=\"0\" cellspacing=\"0\" cellpadding=\"0\">\n<tbody>\n<tr class=\"CP_TableResultsHeader\">\n<th class=\"CP_TableResultsHeaderCBord\">Bord<\/th>\n<th class=\"CP_TableResultsHeaderCVitspelare\">Vit spelare<\/th>\n<th class=\"CP_TableResultsHeaderCResultat\">Resultat<\/th>\n<th class=\"CP_TableResultsHeaderCSvartspelare\">Svart spelare<\/th>\n<\/tr>\n<tr class=\"CP_TableResultsRow\">\n<th class=\"CP_TableResultsCBord\">1<\/th>\n<th class=\"CP_TableResultsCVitspelare\">Elizabeth Johansson<\/th>\n<th class=\"CP_TableResultsCResultat\">1-0<\/th>\n<th class=\"CP_TableResultsCSvartspelare\">Carlos Th\u00f6rnberg<\/th>\n<\/tr>\n<tr class=\"CP_TableResultsRow\">\n<th class=\"CP_TableResultsCBord\">2<\/th>\n<th class=\"CP_TableResultsCVitspelare\">Benjamin Olsson<\/th>\n<th class=\"CP_TableResultsCResultat\">0-1<\/th>\n<th class=\"CP_TableResultsCSvartspelare\">Filip Jonsson<\/th>\n<\/tr>\n<tr class=\"CP_TableResultsRow\">\n<th class=\"CP_TableResultsCBord\">3<\/th>\n<th class=\"CP_TableResultsCVitspelare\">Gunduz Mamadov<\/th>\n<th class=\"CP_TableResultsCResultat\">0-1<\/th>\n<th class=\"CP_TableResultsCSvartspelare\">Erik Leonardsson<\/th>\n<\/tr>\n<tr class=\"CP_TableResultsRow\">\n<th class=\"CP_TableResultsCBord\">4<\/th>\n<th class=\"CP_TableResultsCVitspelare\">Majed Fakhr Eldin<\/th>\n<th class=\"CP_TableResultsCResultat\">1-0<\/th>\n<th class=\"CP_TableResultsCSvartspelare\">frirond<\/th>\n<\/tr>\n<\/tbody>\n<\/table>\n<h3>rond 3<\/h3>\n<table class=\"CP_TableResults\" border=\"0\" cellspacing=\"0\" cellpadding=\"0\">\n<tbody>\n<tr class=\"CP_TableResultsHeader\">\n<th class=\"CP_TableResultsHeaderCBord\">Bord<\/th>\n<th class=\"CP_TableResultsHeaderCVitspelare\">Vit spelare<\/th>\n<th class=\"CP_TableResultsHeaderCResultat\">Resultat<\/th>\n<th class=\"CP_TableResultsHeaderCSvartspelare\">Svart spelare<\/th>\n<\/tr>\n<tr class=\"CP_TableResultsRow\">\n<th class=\"CP_TableResultsCBord\">1<\/th>\n<th class=\"CP_TableResultsCVitspelare\">Filip Jonsson<\/th>\n<th class=\"CP_TableResultsCResultat\">1-0<\/th>\n<th class=\"CP_TableResultsCSvartspelare\">Elizabeth Johansson<\/th>\n<\/tr>\n<tr class=\"CP_TableResultsRow\">\n<th class=\"CP_TableResultsCBord\">2<\/th>\n<th class=\"CP_TableResultsCVitspelare\">Carlos Th\u00f6rnberg<\/th>\n<th class=\"CP_TableResultsCResultat\">1-0<\/th>\n<th class=\"CP_TableResultsCSvartspelare\">Majed Fakhr Eldin<\/th>\n<\/tr>\n<tr class=\"CP_TableResultsRow\">\n<th class=\"CP_TableResultsCBord\">3<\/th>\n<th class=\"CP_TableResultsCVitspelare\">Erik Leonardsson<\/th>\n<th class=\"CP_TableResultsCResultat\">1-0<\/th>\n<th class=\"CP_TableResultsCSvartspelare\">Benjamin Olsson<\/th>\n<\/tr>\n<tr class=\"CP_TableResultsRow\">\n<th class=\"CP_TableResultsCBord\">4<\/th>\n<th class=\"CP_TableResultsCVitspelare\">Gunduz Mamadov<\/th>\n<th class=\"CP_TableResultsCResultat\">1-0<\/th>\n<th class=\"CP_TableResultsCSvartspelare\">frirond<\/th>\n<\/tr>\n<\/tbody>\n<\/table>\n<h3>rond 4<\/h3>\n<table class=\"CP_TableResults\" border=\"0\" cellspacing=\"0\" cellpadding=\"0\">\n<tbody>\n<tr class=\"CP_TableResultsHeader\">\n<th class=\"CP_TableResultsHeaderCBord\">Bord<\/th>\n<th class=\"CP_TableResultsHeaderCVitspelare\">Vit spelare<\/th>\n<th class=\"CP_TableResultsHeaderCResultat\">Resultat<\/th>\n<th class=\"CP_TableResultsHeaderCSvartspelare\">Svart spelare<\/th>\n<\/tr>\n<tr class=\"CP_TableResultsRow\">\n<th class=\"CP_TableResultsCBord\">1<\/th>\n<th class=\"CP_TableResultsCVitspelare\">Filip Jonsson<\/th>\n<th class=\"CP_TableResultsCResultat\">1-0<\/th>\n<th class=\"CP_TableResultsCSvartspelare\">Carlos Th\u00f6rnberg<\/th>\n<\/tr>\n<tr class=\"CP_TableResultsRow\">\n<th class=\"CP_TableResultsCBord\">2<\/th>\n<th class=\"CP_TableResultsCVitspelare\">Erik Leonardsson<\/th>\n<th class=\"CP_TableResultsCResultat\">1-0<\/th>\n<th class=\"CP_TableResultsCSvartspelare\">Elizabeth Johansson<\/th>\n<\/tr>\n<tr class=\"CP_TableResultsRow\">\n<th class=\"CP_TableResultsCBord\">3<\/th>\n<th class=\"CP_TableResultsCVitspelare\">Gunduz Mamadov<\/th>\n<th class=\"CP_TableResultsCResultat\">0-1<\/th>\n<th class=\"CP_TableResultsCSvartspelare\">Majed Fakhr Eldin<\/th>\n<\/tr>\n<tr class=\"CP_TableResultsRow\">\n<th class=\"CP_TableResultsCBord\">4<\/th>\n<th class=\"CP_TableResultsCVitspelare\">Benjamin Olsson<\/th>\n<th class=\"CP_TableResultsCResultat\">1-0<\/th>\n<th class=\"CP_TableResultsCSvartspelare\">frirond<\/th>\n<\/tr>\n<\/tbody>\n<\/table>\n\n<!-- Page-list plugin v.5.9 wordpress.org\/plugins\/page-list\/ -->\n<ul class=\"page-list page-list-cols-3\">\n<li class=\"page_item page-item-6630\"><a href=\"https:\/\/www.nvssf.com\/forbundet\/resultat\/resultat-2018\/oppna-skanska-skolmasterskapet-2018\/kadetter-2002-2005\/\">Kadetter (2002-2005)<\/a><\/li>\n<li class=\"page_item page-item-6632\"><a href=\"https:\/\/www.nvssf.com\/forbundet\/resultat\/resultat-2018\/oppna-skanska-skolmasterskapet-2018\/miniorer-2006-2007\/\">Miniorer (2006-2007)<\/a><\/li>\n<li class=\"page_item page-item-6634\"><a href=\"https:\/\/www.nvssf.com\/forbundet\/resultat\/resultat-2018\/oppna-skanska-skolmasterskapet-2018\/yngre-miniorer\/\">Yngre Miniorer (2008-)<\/a><\/li>\n\n<\/ul>\n","protected":false},"excerpt":{"rendered":"<p>Antal ronder: 4 Bet\u00e4nketid: 30 minuter per spelare\/parti +15 sekunder per drag Slutst\u00e4llning Po\u00e4ng KP 1.Filip Jonsson Procivitas Helsingborg 4 6.0 2.Erik Leonardsson Malm\u00f6 H\u00f6gskola 3 3.0 3.Elizabeth Johansson Spyken Lund 2 9.0 4.Carlos Th\u00f6rnberg Sveaskolan Malm\u00f6 2 8.0 5.Majed &hellip; <a href=\"https:\/\/www.nvssf.com\/forbundet\/resultat\/resultat-2018\/oppna-skanska-skolmasterskapet-2018\/juniorer-1998-2001\/\">Forts\u00e4tt l\u00e4sa <span class=\"meta-nav\">&rarr;<\/span><\/a><\/p>\n","protected":false},"author":2,"featured_media":0,"parent":6626,"menu_order":0,"comment_status":"closed","ping_status":"closed","template":"sidebar-page.php","meta":{"_acf_changed":false,"footnotes":""},"acf":[],"_links":{"self":[{"href":"https:\/\/www.nvssf.com\/forbundet\/wp-json\/wp\/v2\/pages\/6628"}],"collection":[{"href":"https:\/\/www.nvssf.com\/forbundet\/wp-json\/wp\/v2\/pages"}],"about":[{"href":"https:\/\/www.nvssf.com\/forbundet\/wp-json\/wp\/v2\/types\/page"}],"author":[{"embeddable":true,"href":"https:\/\/www.nvssf.com\/forbundet\/wp-json\/wp\/v2\/users\/2"}],"replies":[{"embeddable":true,"href":"https:\/\/www.nvssf.com\/forbundet\/wp-json\/wp\/v2\/comments?post=6628"}],"version-history":[{"count":1,"href":"https:\/\/www.nvssf.com\/forbundet\/wp-json\/wp\/v2\/pages\/6628\/revisions"}],"predecessor-version":[{"id":6677,"href":"https:\/\/www.nvssf.com\/forbundet\/wp-json\/wp\/v2\/pages\/6628\/revisions\/6677"}],"up":[{"embeddable":true,"href":"https:\/\/www.nvssf.com\/forbundet\/wp-json\/wp\/v2\/pages\/6626"}],"wp:attachment":[{"href":"https:\/\/www.nvssf.com\/forbundet\/wp-json\/wp\/v2\/media?parent=6628"}],"curies":[{"name":"wp","href":"https:\/\/api.w.org\/{rel}","templated":true}]}}