{"id":6630,"date":"2018-09-15T10:37:05","date_gmt":"2018-09-15T08:37:05","guid":{"rendered":"http:\/\/www.nvssf.com\/forbundet\/?page_id=6630"},"modified":"2018-09-18T11:38:45","modified_gmt":"2018-09-18T09:38:45","slug":"kadetter-2002-2005","status":"publish","type":"page","link":"https:\/\/www.nvssf.com\/forbundet\/resultat\/resultat-2018\/oppna-skanska-skolmasterskapet-2018\/kadetter-2002-2005\/","title":{"rendered":"Kadetter (2002-2005)"},"content":{"rendered":"<p>Antal ronder: 4<br \/>\nBet\u00e4nketid: 30 minuter per spelare\/parti +15 sekunder per drag<\/p>\n<h2>Slutst\u00e4llning<\/h2>\n<pre>                                                            Po\u00e4ng KP\r\n1.Hampus Bensryd\t\tLerb\u00e4ckskolan Lund\t      4\t 8.0\r\n2.Jacob J\u00f6nsson\t\t\tLBS Lund\t\t      3\u00bd 8.5\r\n3.Oscar J\u00f6nsson\t\t\tKilleb\u00e4ckskolan S Sandby      3\u00bd 7.5\r\n4.Tomasz Szczepanowski\t        H\u00f6gastensskolan HBG\t      3\t 8.5\r\n5.Lorik Sadiku\t\t\tOxiev\u00e5ngsskolan Oxie\t      3\t 8.0\r\n6.Mikkel Mejlvang\t\tDK\t\t\t      3\t 8.0\r\n7.Muhamed Hamid\t\t\tHagan\u00e4sskolan \u00c5storp\t      3\t 6.0\r\n8.Nathalie Westin\t\tLjungenskolan H\u00f6llviken\t      3\t 5.5\r\n9.Elias Glas\t\t\tIES Lund\t\t      3\t 5.0\r\n10.Haider El Sherufi\t        Kubikskolan HBG\t\t      3\t 4.0\r\n11.Asker Malmstr\u00f6m\t\tR\u00f6nnenskolan Malm\u00f6\t      2\t 9.5\r\n12.Jens-Corneliu Hansen\t        N\u00c3\u00b8rrebro Skakklub DK\t      2\t 8.5\r\n13.Sebastian Ekstrand\t        Tycho Braheskolan HBG\t      2\t 8.5\r\n14.Anton H\u00e5kansson Dik\t        Polhemsskolan Lund\t      2\t 8.0\r\n   Linnea Lauridsen\t\tNicolaiskolan HBG\t      2\t 8.0\r\n16.Alexander Aindow\t\tEsl\u00f6vs SK\t\t      2\t 7.5\r\n17.Rio Phillips\t\t\tKatedralskolan Lund\t      2\t 7.0\r\n18.Alexander Nord\t\tF\u00e4ladsg\u00e5rden Lund\t      2\t 7.0\r\n   Andy Voong\t\t\tIES H\u00e4ssleholm\t\t      2\t 7.0\r\n20.Olof S\u00f6derquist\t\tKatedralskolan Lund\t      2\t 5.0\r\n21.William Steffert\t\tIES H\u00e4ssleholm\t\t      1\u00bd 8.0\r\n22.Neo Gottlieb\t\t\tN\u00c3\u00b8rrebro Skakklub DK\t      1\u00bd 7.5\r\n23.Emma Vastenberg\t\tStora Hammars Vellinge\t      1\u00bd 4.0\r\n24.Maja Jepson\t\t\tRutsborgskolan Bj\u00e4rred\t      1\t 8.0\r\n   Marcus Voong\t\t\tIES H\u00e4ssleholm\t\t      1\t 8.0\r\n26.William T Nugent\t\tIES H\u00e4ssleholm\t\t      1\t 7.0\r\n27.Tess Jussila\t\t\tSlottsv\u00e5ngsskolan HBG\t      1\t 7.0\r\n28.Markus Mena\t\t\tMaria Parkskolan HBG\t      1\t 6.5\r\n29.Malte Franzon\t\tIES HBG\t\t\t      1\t 6.0\r\n30.Sebastian Olsson\t\tMarieskolan Esl\u00f6v\t      1\t 6.0\r\n31.Samuel Larsson\t\tT\u00e5gaborgsskolan HBG\t      \u00bd\t 5.5\r\n32.Casper Helgesson\t\tIES Landskrona\t\t      0\t 5.5\r\n<\/pre>\n<h3>rond 1<\/h3>\n<table class=\"CP_TableResults\" border=\"0\" cellspacing=\"0\" cellpadding=\"0\">\n<tbody>\n<tr class=\"CP_TableResultsHeader\">\n<th class=\"CP_TableResultsHeaderCBord\">Bord<\/th>\n<th class=\"CP_TableResultsHeaderCVitspelare\">Vit spelare<\/th>\n<th class=\"CP_TableResultsHeaderCResultat\">Resultat<\/th>\n<th class=\"CP_TableResultsHeaderCSvartspelare\">Svart spelare<\/th>\n<\/tr>\n<tr class=\"CP_TableResultsRow\">\n<th class=\"CP_TableResultsCBord\">1<\/th>\n<th class=\"CP_TableResultsCVitspelare\">Emma Vastenberg<\/th>\n<th class=\"CP_TableResultsCResultat\">0-1<\/th>\n<th class=\"CP_TableResultsCSvartspelare\">Asker Malmstr\u00f6m<\/th>\n<\/tr>\n<tr class=\"CP_TableResultsRow\">\n<th class=\"CP_TableResultsCBord\">2<\/th>\n<th class=\"CP_TableResultsCVitspelare\">William Tengstrand Nugent<\/th>\n<th class=\"CP_TableResultsCResultat\">0-1<\/th>\n<th class=\"CP_TableResultsCSvartspelare\">Nathalie Westin<\/th>\n<\/tr>\n<tr class=\"CP_TableResultsRow\">\n<th class=\"CP_TableResultsCBord\">3<\/th>\n<th class=\"CP_TableResultsCVitspelare\">Alexander Nord<\/th>\n<th class=\"CP_TableResultsCResultat\">0-1<\/th>\n<th class=\"CP_TableResultsCSvartspelare\">Lorik Sadiku<\/th>\n<\/tr>\n<tr class=\"CP_TableResultsRow\">\n<th class=\"CP_TableResultsCBord\">4<\/th>\n<th class=\"CP_TableResultsCVitspelare\">Anton H\u00e5kansson Dik<\/th>\n<th class=\"CP_TableResultsCResultat\">1-0<\/th>\n<th class=\"CP_TableResultsCSvartspelare\">Samuel Larsson<\/th>\n<\/tr>\n<tr class=\"CP_TableResultsRow\">\n<th class=\"CP_TableResultsCBord\">5<\/th>\n<th class=\"CP_TableResultsCVitspelare\">Sebastian Ekstrand<\/th>\n<th class=\"CP_TableResultsCResultat\">0-1<\/th>\n<th class=\"CP_TableResultsCSvartspelare\">Jacob J\u00f6nsson<\/th>\n<\/tr>\n<tr class=\"CP_TableResultsRow\">\n<th class=\"CP_TableResultsCBord\">6<\/th>\n<th class=\"CP_TableResultsCVitspelare\">Andy Voong<\/th>\n<th class=\"CP_TableResultsCResultat\">1-0<\/th>\n<th class=\"CP_TableResultsCSvartspelare\">Sebastian Olsson<\/th>\n<\/tr>\n<tr class=\"CP_TableResultsRow\">\n<th class=\"CP_TableResultsCBord\">7<\/th>\n<th class=\"CP_TableResultsCVitspelare\">Alexander Aindow<\/th>\n<th class=\"CP_TableResultsCResultat\">0-1<\/th>\n<th class=\"CP_TableResultsCSvartspelare\">Oscar J\u00f6nsson<\/th>\n<\/tr>\n<tr class=\"CP_TableResultsRow\">\n<th class=\"CP_TableResultsCBord\">8<\/th>\n<th class=\"CP_TableResultsCVitspelare\">Jens-Corneliu N C Hansen<\/th>\n<th class=\"CP_TableResultsCResultat\">1-0<\/th>\n<th class=\"CP_TableResultsCSvartspelare\">Olof S\u00f6derquist<\/th>\n<\/tr>\n<tr class=\"CP_TableResultsRow\">\n<th class=\"CP_TableResultsCBord\">9<\/th>\n<th class=\"CP_TableResultsCVitspelare\">Malte Franzon<\/th>\n<th class=\"CP_TableResultsCResultat\">0-1<\/th>\n<th class=\"CP_TableResultsCSvartspelare\">Hampus Bensryd<\/th>\n<\/tr>\n<tr class=\"CP_TableResultsRow\">\n<th class=\"CP_TableResultsCBord\">10<\/th>\n<th class=\"CP_TableResultsCVitspelare\">Maja Jepson<\/th>\n<th class=\"CP_TableResultsCResultat\">0-1<\/th>\n<th class=\"CP_TableResultsCSvartspelare\">Mikkel Mejlvang<\/th>\n<\/tr>\n<tr class=\"CP_TableResultsRow\">\n<th class=\"CP_TableResultsCBord\">11<\/th>\n<th class=\"CP_TableResultsCVitspelare\">Tess Jussila<\/th>\n<th class=\"CP_TableResultsCResultat\">0-1<\/th>\n<th class=\"CP_TableResultsCSvartspelare\">Linnea Lauridsen<\/th>\n<\/tr>\n<tr class=\"CP_TableResultsRow\">\n<th class=\"CP_TableResultsCBord\">12<\/th>\n<th class=\"CP_TableResultsCVitspelare\">Marcus Voong<\/th>\n<th class=\"CP_TableResultsCResultat\">1-0<\/th>\n<th class=\"CP_TableResultsCSvartspelare\">Haider El Sherufi<\/th>\n<\/tr>\n<tr class=\"CP_TableResultsRow\">\n<th class=\"CP_TableResultsCBord\">13<\/th>\n<th class=\"CP_TableResultsCVitspelare\">Markus Mena<\/th>\n<th class=\"CP_TableResultsCResultat\">0-1<\/th>\n<th class=\"CP_TableResultsCSvartspelare\">Muhamed Hamid<\/th>\n<\/tr>\n<tr class=\"CP_TableResultsRow\">\n<th class=\"CP_TableResultsCBord\">14<\/th>\n<th class=\"CP_TableResultsCVitspelare\">Tomasz Szczepanowski<\/th>\n<th class=\"CP_TableResultsCResultat\">1-0<\/th>\n<th class=\"CP_TableResultsCSvartspelare\">Rio Phillips<\/th>\n<\/tr>\n<tr class=\"CP_TableResultsRow\">\n<th class=\"CP_TableResultsCBord\">15<\/th>\n<th class=\"CP_TableResultsCVitspelare\">Neo Gottlieb<\/th>\n<th class=\"CP_TableResultsCResultat\">1-0<\/th>\n<th class=\"CP_TableResultsCSvartspelare\">Casper Helgesson<\/th>\n<\/tr>\n<tr class=\"CP_TableResultsRow\">\n<th class=\"CP_TableResultsCBord\">16<\/th>\n<th class=\"CP_TableResultsCVitspelare\">William Steffert<\/th>\n<th class=\"CP_TableResultsCResultat\">1-0<\/th>\n<th class=\"CP_TableResultsCSvartspelare\">Elias Glas<\/th>\n<\/tr>\n<\/tbody>\n<\/table>\n<h3>rond 2<\/h3>\n<table class=\"CP_TableResults\" border=\"0\" cellspacing=\"0\" cellpadding=\"0\">\n<tbody>\n<tr class=\"CP_TableResultsHeader\">\n<th class=\"CP_TableResultsHeaderCBord\">Bord<\/th>\n<th class=\"CP_TableResultsHeaderCVitspelare\">Vit spelare<\/th>\n<th class=\"CP_TableResultsHeaderCResultat\">Resultat<\/th>\n<th class=\"CP_TableResultsHeaderCSvartspelare\">Svart spelare<\/th>\n<\/tr>\n<tr class=\"CP_TableResultsRow\">\n<th class=\"CP_TableResultsCBord\">1<\/th>\n<th class=\"CP_TableResultsCVitspelare\">Nathalie Westin<\/th>\n<th class=\"CP_TableResultsCResultat\">0-1<\/th>\n<th class=\"CP_TableResultsCSvartspelare\">Asker Malmstr\u00f6m<\/th>\n<\/tr>\n<tr class=\"CP_TableResultsRow\">\n<th class=\"CP_TableResultsCBord\">2<\/th>\n<th class=\"CP_TableResultsCVitspelare\">Lorik Sadiku<\/th>\n<th class=\"CP_TableResultsCResultat\">1-0<\/th>\n<th class=\"CP_TableResultsCSvartspelare\">Anton H\u00e5kansson Dik<\/th>\n<\/tr>\n<tr class=\"CP_TableResultsRow\">\n<th class=\"CP_TableResultsCBord\">3<\/th>\n<th class=\"CP_TableResultsCVitspelare\">Jacob J\u00f6nsson<\/th>\n<th class=\"CP_TableResultsCResultat\">1-0<\/th>\n<th class=\"CP_TableResultsCSvartspelare\">Andy Voong<\/th>\n<\/tr>\n<tr class=\"CP_TableResultsRow\">\n<th class=\"CP_TableResultsCBord\">4<\/th>\n<th class=\"CP_TableResultsCVitspelare\">Oscar J\u00f6nsson<\/th>\n<th class=\"CP_TableResultsCResultat\">1-0<\/th>\n<th class=\"CP_TableResultsCSvartspelare\">Jens-Corneliu N C Hansen<\/th>\n<\/tr>\n<tr class=\"CP_TableResultsRow\">\n<th class=\"CP_TableResultsCBord\">5<\/th>\n<th class=\"CP_TableResultsCVitspelare\">Mikkel Mejlvang<\/th>\n<th class=\"CP_TableResultsCResultat\">0-1<\/th>\n<th class=\"CP_TableResultsCSvartspelare\">Hampus Bensryd<\/th>\n<\/tr>\n<tr class=\"CP_TableResultsRow\">\n<th class=\"CP_TableResultsCBord\">6<\/th>\n<th class=\"CP_TableResultsCVitspelare\">Linnea Lauridsen<\/th>\n<th class=\"CP_TableResultsCResultat\">1-0<\/th>\n<th class=\"CP_TableResultsCSvartspelare\">Marcus Voong<\/th>\n<\/tr>\n<tr class=\"CP_TableResultsRow\">\n<th class=\"CP_TableResultsCBord\">7<\/th>\n<th class=\"CP_TableResultsCVitspelare\">Muhamed Hamid<\/th>\n<th class=\"CP_TableResultsCResultat\">0-1<\/th>\n<th class=\"CP_TableResultsCSvartspelare\">Tomasz Szczepanowski<\/th>\n<\/tr>\n<tr class=\"CP_TableResultsRow\">\n<th class=\"CP_TableResultsCBord\">8<\/th>\n<th class=\"CP_TableResultsCVitspelare\">William Steffert<\/th>\n<th class=\"CP_TableResultsCResultat\">\u00bd-\u00bd<\/th>\n<th class=\"CP_TableResultsCSvartspelare\">Neo Gottlieb<\/th>\n<\/tr>\n<tr class=\"CP_TableResultsRow\">\n<th class=\"CP_TableResultsCBord\">9<\/th>\n<th class=\"CP_TableResultsCVitspelare\">William Tengstrand Nugent<\/th>\n<th class=\"CP_TableResultsCResultat\">1-0<\/th>\n<th class=\"CP_TableResultsCSvartspelare\">Emma Vastenberg<\/th>\n<\/tr>\n<tr class=\"CP_TableResultsRow\">\n<th class=\"CP_TableResultsCBord\">10<\/th>\n<th class=\"CP_TableResultsCVitspelare\">Samuel Larsson<\/th>\n<th class=\"CP_TableResultsCResultat\">0-1<\/th>\n<th class=\"CP_TableResultsCSvartspelare\">Alexander Nord<\/th>\n<\/tr>\n<tr class=\"CP_TableResultsRow\">\n<th class=\"CP_TableResultsCBord\">11<\/th>\n<th class=\"CP_TableResultsCVitspelare\">Sebastian Olsson<\/th>\n<th class=\"CP_TableResultsCResultat\">0-1<\/th>\n<th class=\"CP_TableResultsCSvartspelare\">Sebastian Ekstrand<\/th>\n<\/tr>\n<tr class=\"CP_TableResultsRow\">\n<th class=\"CP_TableResultsCBord\">12<\/th>\n<th class=\"CP_TableResultsCVitspelare\">Olof S\u00f6derquist<\/th>\n<th class=\"CP_TableResultsCResultat\">0-1<\/th>\n<th class=\"CP_TableResultsCSvartspelare\">Alexander Aindow<\/th>\n<\/tr>\n<tr class=\"CP_TableResultsRow\">\n<th class=\"CP_TableResultsCBord\">13<\/th>\n<th class=\"CP_TableResultsCVitspelare\">Maja Jepson<\/th>\n<th class=\"CP_TableResultsCResultat\">1-0<\/th>\n<th class=\"CP_TableResultsCSvartspelare\">Malte Franzon<\/th>\n<\/tr>\n<tr class=\"CP_TableResultsRow\">\n<th class=\"CP_TableResultsCBord\">14<\/th>\n<th class=\"CP_TableResultsCVitspelare\">Haider El Sherufi<\/th>\n<th class=\"CP_TableResultsCResultat\">1-0<\/th>\n<th class=\"CP_TableResultsCSvartspelare\">Tess Jussila<\/th>\n<\/tr>\n<tr class=\"CP_TableResultsRow\">\n<th class=\"CP_TableResultsCBord\">15<\/th>\n<th class=\"CP_TableResultsCVitspelare\">Rio Phillips<\/th>\n<th class=\"CP_TableResultsCResultat\">1-0<\/th>\n<th class=\"CP_TableResultsCSvartspelare\">Markus Mena<\/th>\n<\/tr>\n<tr class=\"CP_TableResultsRow\">\n<th class=\"CP_TableResultsCBord\">16<\/th>\n<th class=\"CP_TableResultsCVitspelare\">Elias Glas<\/th>\n<th class=\"CP_TableResultsCResultat\">1-0<\/th>\n<th class=\"CP_TableResultsCSvartspelare\">Casper Helgesson<\/th>\n<\/tr>\n<\/tbody>\n<\/table>\n<h3>rond 3<\/h3>\n<table class=\"CP_TableResults\" border=\"0\" cellspacing=\"0\" cellpadding=\"0\">\n<tbody>\n<tr class=\"CP_TableResultsHeader\">\n<th class=\"CP_TableResultsHeaderCBord\">Bord<\/th>\n<th class=\"CP_TableResultsHeaderCVitspelare\">Vit spelare<\/th>\n<th class=\"CP_TableResultsHeaderCResultat\">Resultat<\/th>\n<th class=\"CP_TableResultsHeaderCSvartspelare\">Svart spelare<\/th>\n<\/tr>\n<tr class=\"CP_TableResultsRow\">\n<th class=\"CP_TableResultsCBord\">1<\/th>\n<th class=\"CP_TableResultsCVitspelare\">Asker Malmstr\u00f6m<\/th>\n<th class=\"CP_TableResultsCResultat\">0-1<\/th>\n<th class=\"CP_TableResultsCSvartspelare\">Lorik Sadiku<\/th>\n<\/tr>\n<tr class=\"CP_TableResultsRow\">\n<th class=\"CP_TableResultsCBord\">2<\/th>\n<th class=\"CP_TableResultsCVitspelare\">Oscar J\u00f6nsson<\/th>\n<th class=\"CP_TableResultsCResultat\">\u00bd-\u00bd<\/th>\n<th class=\"CP_TableResultsCSvartspelare\">Jacob J\u00f6nsson<\/th>\n<\/tr>\n<tr class=\"CP_TableResultsRow\">\n<th class=\"CP_TableResultsCBord\">3<\/th>\n<th class=\"CP_TableResultsCVitspelare\">Hampus Bensryd<\/th>\n<th class=\"CP_TableResultsCResultat\">1-0<\/th>\n<th class=\"CP_TableResultsCSvartspelare\">Linnea Lauridsen<\/th>\n<\/tr>\n<tr class=\"CP_TableResultsRow\">\n<th class=\"CP_TableResultsCBord\">4<\/th>\n<th class=\"CP_TableResultsCVitspelare\">Neo Gottlieb<\/th>\n<th class=\"CP_TableResultsCResultat\">0-1<\/th>\n<th class=\"CP_TableResultsCSvartspelare\">Tomasz Szczepanowski<\/th>\n<\/tr>\n<tr class=\"CP_TableResultsRow\">\n<th class=\"CP_TableResultsCBord\">5<\/th>\n<th class=\"CP_TableResultsCVitspelare\">Nathalie Westin<\/th>\n<th class=\"CP_TableResultsCResultat\">1-0<\/th>\n<th class=\"CP_TableResultsCSvartspelare\">William Steffert<\/th>\n<\/tr>\n<tr class=\"CP_TableResultsRow\">\n<th class=\"CP_TableResultsCBord\">6<\/th>\n<th class=\"CP_TableResultsCVitspelare\">Andy Voong<\/th>\n<th class=\"CP_TableResultsCResultat\">0-1<\/th>\n<th class=\"CP_TableResultsCSvartspelare\">Anton H\u00e5kansson Dik<\/th>\n<\/tr>\n<tr class=\"CP_TableResultsRow\">\n<th class=\"CP_TableResultsCBord\">7<\/th>\n<th class=\"CP_TableResultsCVitspelare\">Mikkel Mejlvang<\/th>\n<th class=\"CP_TableResultsCResultat\">1-0<\/th>\n<th class=\"CP_TableResultsCSvartspelare\">Jens-Corneliu N C Hansen<\/th>\n<\/tr>\n<tr class=\"CP_TableResultsRow\">\n<th class=\"CP_TableResultsCBord\">8<\/th>\n<th class=\"CP_TableResultsCVitspelare\">Muhamed Hamid<\/th>\n<th class=\"CP_TableResultsCResultat\">1-0<\/th>\n<th class=\"CP_TableResultsCSvartspelare\">Marcus Voong<\/th>\n<\/tr>\n<tr class=\"CP_TableResultsRow\">\n<th class=\"CP_TableResultsCBord\">9<\/th>\n<th class=\"CP_TableResultsCVitspelare\">Alexander Nord<\/th>\n<th class=\"CP_TableResultsCResultat\">1-0<\/th>\n<th class=\"CP_TableResultsCSvartspelare\">William Tengstrand Nugent<\/th>\n<\/tr>\n<tr class=\"CP_TableResultsRow\">\n<th class=\"CP_TableResultsCBord\">10<\/th>\n<th class=\"CP_TableResultsCVitspelare\">Alexander Aindow<\/th>\n<th class=\"CP_TableResultsCResultat\">0-1<\/th>\n<th class=\"CP_TableResultsCSvartspelare\">Sebastian Ekstrand<\/th>\n<\/tr>\n<tr class=\"CP_TableResultsRow\">\n<th class=\"CP_TableResultsCBord\">11<\/th>\n<th class=\"CP_TableResultsCVitspelare\">Haider El Sherufi<\/th>\n<th class=\"CP_TableResultsCResultat\">1-0<\/th>\n<th class=\"CP_TableResultsCSvartspelare\">Maja Jepson<\/th>\n<\/tr>\n<tr class=\"CP_TableResultsRow\">\n<th class=\"CP_TableResultsCBord\">12<\/th>\n<th class=\"CP_TableResultsCVitspelare\">Elias Glas<\/th>\n<th class=\"CP_TableResultsCResultat\">1-0<\/th>\n<th class=\"CP_TableResultsCSvartspelare\">Rio Phillips<\/th>\n<\/tr>\n<tr class=\"CP_TableResultsRow\">\n<th class=\"CP_TableResultsCBord\">13<\/th>\n<th class=\"CP_TableResultsCVitspelare\">Samuel Larsson<\/th>\n<th class=\"CP_TableResultsCResultat\">\u00bd-\u00bd<\/th>\n<th class=\"CP_TableResultsCSvartspelare\">Emma Vastenberg<\/th>\n<\/tr>\n<tr class=\"CP_TableResultsRow\">\n<th class=\"CP_TableResultsCBord\">14<\/th>\n<th class=\"CP_TableResultsCVitspelare\">Olof S\u00f6derquist<\/th>\n<th class=\"CP_TableResultsCResultat\">1-0<\/th>\n<th class=\"CP_TableResultsCSvartspelare\">Sebastian Olsson<\/th>\n<\/tr>\n<tr class=\"CP_TableResultsRow\">\n<th class=\"CP_TableResultsCBord\">15<\/th>\n<th class=\"CP_TableResultsCVitspelare\">Tess Jussila<\/th>\n<th class=\"CP_TableResultsCResultat\">1-0<\/th>\n<th class=\"CP_TableResultsCSvartspelare\">Malte Franzon<\/th>\n<\/tr>\n<tr class=\"CP_TableResultsRow\">\n<th class=\"CP_TableResultsCBord\">16<\/th>\n<th class=\"CP_TableResultsCVitspelare\">Casper Helgesson<\/th>\n<th class=\"CP_TableResultsCResultat\">0-1<\/th>\n<th class=\"CP_TableResultsCSvartspelare\">Markus Mena<\/th>\n<\/tr>\n<\/tbody>\n<\/table>\n<h3>rond 4<\/h3>\n<table class=\"CP_TableResults\" border=\"0\" cellspacing=\"0\" cellpadding=\"0\">\n<tbody>\n<tr class=\"CP_TableResultsHeader\">\n<th class=\"CP_TableResultsHeaderCBord\">Bord<\/th>\n<th class=\"CP_TableResultsHeaderCVitspelare\">Vit spelare<\/th>\n<th class=\"CP_TableResultsHeaderCResultat\">Resultat<\/th>\n<th class=\"CP_TableResultsHeaderCSvartspelare\">Svart spelare<\/th>\n<\/tr>\n<tr class=\"CP_TableResultsRow\">\n<th class=\"CP_TableResultsCBord\">1<\/th>\n<th class=\"CP_TableResultsCVitspelare\">Hampus Bensryd<\/th>\n<th class=\"CP_TableResultsCResultat\">1-0<\/th>\n<th class=\"CP_TableResultsCSvartspelare\">Lorik Sadiku<\/th>\n<\/tr>\n<tr class=\"CP_TableResultsRow\">\n<th class=\"CP_TableResultsCBord\">2<\/th>\n<th class=\"CP_TableResultsCVitspelare\">Jacob J\u00f6nsson<\/th>\n<th class=\"CP_TableResultsCResultat\">1-0<\/th>\n<th class=\"CP_TableResultsCSvartspelare\">Tomasz Szczepanowski<\/th>\n<\/tr>\n<tr class=\"CP_TableResultsRow\">\n<th class=\"CP_TableResultsCBord\">3<\/th>\n<th class=\"CP_TableResultsCVitspelare\">Asker Malmstr\u00f6m<\/th>\n<th class=\"CP_TableResultsCResultat\">0-1<\/th>\n<th class=\"CP_TableResultsCSvartspelare\">Oscar J\u00f6nsson<\/th>\n<\/tr>\n<tr class=\"CP_TableResultsRow\">\n<th class=\"CP_TableResultsCBord\">4<\/th>\n<th class=\"CP_TableResultsCVitspelare\">Linnea Lauridsen<\/th>\n<th class=\"CP_TableResultsCResultat\">0-1<\/th>\n<th class=\"CP_TableResultsCSvartspelare\">Nathalie Westin<\/th>\n<\/tr>\n<tr class=\"CP_TableResultsRow\">\n<th class=\"CP_TableResultsCBord\">5<\/th>\n<th class=\"CP_TableResultsCVitspelare\">Anton H\u00e5kansson Dik<\/th>\n<th class=\"CP_TableResultsCResultat\">0-1<\/th>\n<th class=\"CP_TableResultsCSvartspelare\">Mikkel Mejlvang<\/th>\n<\/tr>\n<tr class=\"CP_TableResultsRow\">\n<th class=\"CP_TableResultsCBord\">6<\/th>\n<th class=\"CP_TableResultsCVitspelare\">Alexander Nord<\/th>\n<th class=\"CP_TableResultsCResultat\">0-1<\/th>\n<th class=\"CP_TableResultsCSvartspelare\">Muhamed Hamid<\/th>\n<\/tr>\n<tr class=\"CP_TableResultsRow\">\n<th class=\"CP_TableResultsCBord\">7<\/th>\n<th class=\"CP_TableResultsCVitspelare\">Sebastian Ekstrand<\/th>\n<th class=\"CP_TableResultsCResultat\">0-1<\/th>\n<th class=\"CP_TableResultsCSvartspelare\">Haider El Sherufi<\/th>\n<\/tr>\n<tr class=\"CP_TableResultsRow\">\n<th class=\"CP_TableResultsCBord\">8<\/th>\n<th class=\"CP_TableResultsCVitspelare\">Neo Gottlieb<\/th>\n<th class=\"CP_TableResultsCResultat\">0-1<\/th>\n<th class=\"CP_TableResultsCSvartspelare\">Elias Glas<\/th>\n<\/tr>\n<tr class=\"CP_TableResultsRow\">\n<th class=\"CP_TableResultsCBord\">9<\/th>\n<th class=\"CP_TableResultsCVitspelare\">Andy Voong<\/th>\n<th class=\"CP_TableResultsCResultat\">1-0<\/th>\n<th class=\"CP_TableResultsCSvartspelare\">William Steffert<\/th>\n<\/tr>\n<tr class=\"CP_TableResultsRow\">\n<th class=\"CP_TableResultsCBord\">10<\/th>\n<th class=\"CP_TableResultsCVitspelare\">Marcus Voong<\/th>\n<th class=\"CP_TableResultsCResultat\">0-1<\/th>\n<th class=\"CP_TableResultsCSvartspelare\">Jens-Corneliu N C Hansen<\/th>\n<\/tr>\n<tr class=\"CP_TableResultsRow\">\n<th class=\"CP_TableResultsCBord\">11<\/th>\n<th class=\"CP_TableResultsCVitspelare\">Alexander Aindow<\/th>\n<th class=\"CP_TableResultsCResultat\">1-0<\/th>\n<th class=\"CP_TableResultsCSvartspelare\">William Tengstrand Nugent<\/th>\n<\/tr>\n<tr class=\"CP_TableResultsRow\">\n<th class=\"CP_TableResultsCBord\">12<\/th>\n<th class=\"CP_TableResultsCVitspelare\">Rio Phillips<\/th>\n<th class=\"CP_TableResultsCResultat\">1-0<\/th>\n<th class=\"CP_TableResultsCSvartspelare\">Maja Jepson<\/th>\n<\/tr>\n<tr class=\"CP_TableResultsRow\">\n<th class=\"CP_TableResultsCBord\">13<\/th>\n<th class=\"CP_TableResultsCVitspelare\">Tess Jussila<\/th>\n<th class=\"CP_TableResultsCResultat\">0-1<\/th>\n<th class=\"CP_TableResultsCSvartspelare\">Olof S\u00f6derquist<\/th>\n<\/tr>\n<tr class=\"CP_TableResultsRow\">\n<th class=\"CP_TableResultsCBord\">14<\/th>\n<th class=\"CP_TableResultsCVitspelare\">Emma Vastenberg<\/th>\n<th class=\"CP_TableResultsCResultat\">1-0<\/th>\n<th class=\"CP_TableResultsCSvartspelare\">Markus Mena<\/th>\n<\/tr>\n<tr class=\"CP_TableResultsRow\">\n<th class=\"CP_TableResultsCBord\">15<\/th>\n<th class=\"CP_TableResultsCVitspelare\">Sebastian Olsson<\/th>\n<th class=\"CP_TableResultsCResultat\">1-0<\/th>\n<th class=\"CP_TableResultsCSvartspelare\">Samuel Larsson<\/th>\n<\/tr>\n<tr class=\"CP_TableResultsRow\">\n<th class=\"CP_TableResultsCBord\">16<\/th>\n<th class=\"CP_TableResultsCVitspelare\">Casper Helgesson<\/th>\n<th class=\"CP_TableResultsCResultat\">0-1<\/th>\n<th class=\"CP_TableResultsCSvartspelare\">Malte Franzon<\/th>\n<\/tr>\n<\/tbody>\n<\/table>\n\n<!-- Page-list plugin v.5.9 wordpress.org\/plugins\/page-list\/ -->\n<ul class=\"page-list page-list-cols-3\">\n<li class=\"page_item page-item-6628\"><a href=\"https:\/\/www.nvssf.com\/forbundet\/resultat\/resultat-2018\/oppna-skanska-skolmasterskapet-2018\/juniorer-1998-2001\/\">Juniorer (1998-2001)<\/a><\/li>\n<li class=\"page_item page-item-6632\"><a href=\"https:\/\/www.nvssf.com\/forbundet\/resultat\/resultat-2018\/oppna-skanska-skolmasterskapet-2018\/miniorer-2006-2007\/\">Miniorer (2006-2007)<\/a><\/li>\n<li class=\"page_item page-item-6634\"><a href=\"https:\/\/www.nvssf.com\/forbundet\/resultat\/resultat-2018\/oppna-skanska-skolmasterskapet-2018\/yngre-miniorer\/\">Yngre Miniorer (2008-)<\/a><\/li>\n\n<\/ul>\n","protected":false},"excerpt":{"rendered":"<p>Antal ronder: 4 Bet\u00e4nketid: 30 minuter per spelare\/parti +15 sekunder per drag Slutst\u00e4llning Po\u00e4ng KP 1.Hampus Bensryd Lerb\u00e4ckskolan Lund 4 8.0 2.Jacob J\u00f6nsson LBS Lund 3\u00bd 8.5 3.Oscar J\u00f6nsson Killeb\u00e4ckskolan S Sandby 3\u00bd 7.5 4.Tomasz Szczepanowski H\u00f6gastensskolan HBG 3 8.5 &hellip; <a href=\"https:\/\/www.nvssf.com\/forbundet\/resultat\/resultat-2018\/oppna-skanska-skolmasterskapet-2018\/kadetter-2002-2005\/\">Forts\u00e4tt l\u00e4sa <span class=\"meta-nav\">&rarr;<\/span><\/a><\/p>\n","protected":false},"author":2,"featured_media":0,"parent":6626,"menu_order":0,"comment_status":"closed","ping_status":"closed","template":"sidebar-page.php","meta":{"_acf_changed":false,"footnotes":""},"acf":[],"_links":{"self":[{"href":"https:\/\/www.nvssf.com\/forbundet\/wp-json\/wp\/v2\/pages\/6630"}],"collection":[{"href":"https:\/\/www.nvssf.com\/forbundet\/wp-json\/wp\/v2\/pages"}],"about":[{"href":"https:\/\/www.nvssf.com\/forbundet\/wp-json\/wp\/v2\/types\/page"}],"author":[{"embeddable":true,"href":"https:\/\/www.nvssf.com\/forbundet\/wp-json\/wp\/v2\/users\/2"}],"replies":[{"embeddable":true,"href":"https:\/\/www.nvssf.com\/forbundet\/wp-json\/wp\/v2\/comments?post=6630"}],"version-history":[{"count":1,"href":"https:\/\/www.nvssf.com\/forbundet\/wp-json\/wp\/v2\/pages\/6630\/revisions"}],"predecessor-version":[{"id":6678,"href":"https:\/\/www.nvssf.com\/forbundet\/wp-json\/wp\/v2\/pages\/6630\/revisions\/6678"}],"up":[{"embeddable":true,"href":"https:\/\/www.nvssf.com\/forbundet\/wp-json\/wp\/v2\/pages\/6626"}],"wp:attachment":[{"href":"https:\/\/www.nvssf.com\/forbundet\/wp-json\/wp\/v2\/media?parent=6630"}],"curies":[{"name":"wp","href":"https:\/\/api.w.org\/{rel}","templated":true}]}}