{"id":6728,"date":"2018-09-30T14:23:16","date_gmt":"2018-09-30T12:23:16","guid":{"rendered":"http:\/\/www.nvssf.com\/forbundet\/?page_id=6728"},"modified":"2018-09-30T14:24:25","modified_gmt":"2018-09-30T12:24:25","slug":"junior-dm-i-snabbschack-2018","status":"publish","type":"page","link":"https:\/\/www.nvssf.com\/forbundet\/resultat\/resultat-2018\/junior-dm-i-snabbschack-2018\/","title":{"rendered":"Junior-DM i snabbschack 2018"},"content":{"rendered":"<p>Spelat den 29 september p\u00e5 HSS\/HASK spellokal Tr\u00e4dg\u00e5rdsgatan 11,Helsingborg<\/p>\n<h2>Elitklassen<\/h2>\n<p><a href=\"https:\/\/www.nvssf.com\/forbundet\/wp-content\/uploads\/2018\/09\/SlutstallningElitJDMSnabbschack2018.png\"><img loading=\"lazy\" decoding=\"async\" class=\"aligncenter size-medium wp-image-6731\" src=\"https:\/\/www.nvssf.com\/forbundet\/wp-content\/uploads\/2018\/09\/SlutstallningElitJDMSnabbschack2018-300x155.png\" alt=\"\" width=\"300\" height=\"155\" srcset=\"https:\/\/www.nvssf.com\/forbundet\/wp-content\/uploads\/2018\/09\/SlutstallningElitJDMSnabbschack2018-300x155.png 300w, https:\/\/www.nvssf.com\/forbundet\/wp-content\/uploads\/2018\/09\/SlutstallningElitJDMSnabbschack2018-150x77.png 150w, https:\/\/www.nvssf.com\/forbundet\/wp-content\/uploads\/2018\/09\/SlutstallningElitJDMSnabbschack2018-768x397.png 768w, https:\/\/www.nvssf.com\/forbundet\/wp-content\/uploads\/2018\/09\/SlutstallningElitJDMSnabbschack2018-500x258.png 500w, https:\/\/www.nvssf.com\/forbundet\/wp-content\/uploads\/2018\/09\/SlutstallningElitJDMSnabbschack2018.png 815w\" sizes=\"(max-width: 300px) 100vw, 300px\" \/><\/a><\/p>\n<p><em>klicka p\u00e5 bilden f\u00f6r en st\u00f6rre bild.<\/em><\/p>\n<p>| <a href=\"https:\/\/member.schack.se\/ShowTournamentServlet?id=6095\" target=\"_blank\" rel=\"noopener\">Elitklassens resultatsida<\/a> |<\/p>\n<h2>Miniorklassen<\/h2>\n<ol>\n<li>Emil Duus Helsingborgs ASK\u00c2\u00a0<strong>5 av 6<\/strong><\/li>\n<li>Steven Tran\u00c2\u00a0Helsingborgs ASK\u00c2\u00a0<strong>4<\/strong><\/li>\n<li>Ylva Jussila\u00c2\u00a0Helsingborgs ASK\u00c2\u00a0<strong>3\u00bd<\/strong>\u00c2\u00a0(efter s\u00e4rspel mot Anton Engkvist)<\/li>\n<li>Anton Engkvist Landskrona SK\u00c2\u00a0<strong>3\u00bd<\/strong><\/li>\n<li>Vera Jussila\u00c2\u00a0Helsingborgs ASK\u00c2\u00a0<strong>3\u00bd<\/strong><\/li>\n<li>Aarush Sharma\u00c2\u00a0Helsingborgs ASK\u00c2\u00a0<strong>3<\/strong><\/li>\n<li>Alva Nilsson\u00c2\u00a0Helsingborgs ASK\u00c2\u00a0<strong>1\u00bd<\/strong><\/li>\n<li>Saanika Dodagatta\u00c2\u00a0Helsingborgs ASK\u00c2\u00a0<strong>0<\/strong><\/li>\n<\/ol>\n<h2>Yngre miniorklassen<\/h2>\n<pre>1 Sixten Wallin Helsingborgs SS 6 av 6\r\n2 Alex Henriksen 5\r\n3 Debasman Koley 4\r\n4 Liam Rossel-Olsson 4\r\n5-9 Hrishita Borah, Riddhima Chakrabarti, Mansi Sharma, Mathew Lee, Ananya 3\r\n10-12 Freja Uhrberg, Shishira Meghna-Panghakank, Milo Rossel-Olsson 2\u00bd\r\n13-14 E Haasini, Vihaan 2\r\n15 Tanav Dodagatta 1\u00bd\r\n<\/pre>\n","protected":false},"excerpt":{"rendered":"<p>Spelat den 29 september p\u00e5 HSS\/HASK spellokal Tr\u00e4dg\u00e5rdsgatan 11,Helsingborg Elitklassen klicka p\u00e5 bilden f\u00f6r en st\u00f6rre bild. | Elitklassens resultatsida | Miniorklassen Emil Duus Helsingborgs ASK\u00c2\u00a05 av 6 Steven Tran\u00c2\u00a0Helsingborgs ASK\u00c2\u00a04 Ylva Jussila\u00c2\u00a0Helsingborgs ASK\u00c2\u00a03\u00bd\u00c2\u00a0(efter s\u00e4rspel mot Anton Engkvist) Anton Engkvist &hellip; <a href=\"https:\/\/www.nvssf.com\/forbundet\/resultat\/resultat-2018\/junior-dm-i-snabbschack-2018\/\">Forts\u00e4tt l\u00e4sa <span class=\"meta-nav\">&rarr;<\/span><\/a><\/p>\n","protected":false},"author":2,"featured_media":0,"parent":5612,"menu_order":0,"comment_status":"closed","ping_status":"closed","template":"sidebar-page.php","meta":{"_acf_changed":false,"footnotes":""},"acf":[],"_links":{"self":[{"href":"https:\/\/www.nvssf.com\/forbundet\/wp-json\/wp\/v2\/pages\/6728"}],"collection":[{"href":"https:\/\/www.nvssf.com\/forbundet\/wp-json\/wp\/v2\/pages"}],"about":[{"href":"https:\/\/www.nvssf.com\/forbundet\/wp-json\/wp\/v2\/types\/page"}],"author":[{"embeddable":true,"href":"https:\/\/www.nvssf.com\/forbundet\/wp-json\/wp\/v2\/users\/2"}],"replies":[{"embeddable":true,"href":"https:\/\/www.nvssf.com\/forbundet\/wp-json\/wp\/v2\/comments?post=6728"}],"version-history":[{"count":1,"href":"https:\/\/www.nvssf.com\/forbundet\/wp-json\/wp\/v2\/pages\/6728\/revisions"}],"predecessor-version":[{"id":6733,"href":"https:\/\/www.nvssf.com\/forbundet\/wp-json\/wp\/v2\/pages\/6728\/revisions\/6733"}],"up":[{"embeddable":true,"href":"https:\/\/www.nvssf.com\/forbundet\/wp-json\/wp\/v2\/pages\/5612"}],"wp:attachment":[{"href":"https:\/\/www.nvssf.com\/forbundet\/wp-json\/wp\/v2\/media?parent=6728"}],"curies":[{"name":"wp","href":"https:\/\/api.w.org\/{rel}","templated":true}]}}