{"id":6750,"date":"2018-10-05T19:29:35","date_gmt":"2018-10-05T17:29:35","guid":{"rendered":"http:\/\/www.nvssf.com\/forbundet\/?page_id=6750"},"modified":"2018-10-08T16:58:57","modified_gmt":"2018-10-08T14:58:57","slug":"6-klubbsmatchen-2018","status":"publish","type":"page","link":"https:\/\/www.nvssf.com\/forbundet\/resultat\/resultat-2018\/6-klubbsmatchen-2018\/","title":{"rendered":"6-klubbsmatchen 2018"},"content":{"rendered":"<h2>Spelat i Gr\u00c3\u00a6sted,DK den 30 september. Arrang\u00f6r: Skakklubben Nordkalotten.<\/h2>\n<p><a href=\"https:\/\/www.nvssf.com\/forbundet\/wp-content\/uploads\/2018\/10\/reglement_6_kant_matchen.pdf\" target=\"_blank\" rel=\"noopener\">Regler som antogs 2013 n\u00e4r denna cykel startade.<\/a><\/p>\n<h2>Resultat omg\u00e5ng 5<\/h2>\n<ol>\n<li><strong>Hiller\u00c3\u00b8d Skakklub<\/strong> 6 partipo\u00e4ng<\/li>\n<li><strong>Helsingborgs Schackallians<\/strong> 6<\/li>\n<li><strong>Helsing\u00c3\u00b8r Skakklub<\/strong> 6<\/li>\n<li><strong>\u00c5storps SS<\/strong> 5\u00bd<\/li>\n<li><strong>Skakklubben Nordkalotten<\/strong> 5<\/li>\n<li><strong>Engelholms SK<\/strong> 1\u00bd<\/li>\n<\/ol>\n<h2>St\u00e4llningen totalt efter 5:e omg\u00e5ngen<\/h2>\n<table style=\"height: 168px; width: 544px;\">\n<thead>\n<tr style=\"height: 24px;\">\n<td style=\"height: 24px; width: 408px;\"><\/td>\n<td style=\"height: 24px; width: 70px;\"><strong>PP<\/strong><\/td>\n<td style=\"height: 24px; width: 56px;\"><strong>MP<\/strong><\/td>\n<td style=\"height: 24px; width: 10px;\"><\/td>\n<\/tr>\n<\/thead>\n<tbody>\n<tr style=\"height: 24px;\">\n<td style=\"height: 24px; width: 408px;\"><strong>Helsingborgs Schackallians<\/strong><\/td>\n<td style=\"height: 24px; width: 70px;\">33\u00bd<\/td>\n<td style=\"height: 24px; width: 56px;\">19<\/td>\n<td style=\"height: 24px; width: 10px;\"><\/td>\n<\/tr>\n<tr style=\"height: 24px;\">\n<td style=\"height: 24px; width: 408px;\"><strong>Helsing\u00c3\u00b8r Skakklub<\/strong><\/td>\n<td style=\"height: 24px; width: 70px;\">31\u00bd<\/td>\n<td style=\"height: 24px; width: 56px;\">17<\/td>\n<td style=\"height: 24px; width: 10px;\"><\/td>\n<\/tr>\n<tr style=\"height: 24px;\">\n<td style=\"height: 24px; width: 408px;\"><strong>\u00c5storps SS<\/strong><\/td>\n<td style=\"height: 24px; width: 70px;\">28\u00bd<\/td>\n<td style=\"height: 24px; width: 56px;\">18<\/td>\n<td style=\"height: 24px; width: 10px;\"><\/td>\n<\/tr>\n<tr style=\"height: 24px;\">\n<td style=\"height: 24px; width: 408px;\"><strong>Hiller\u00c3\u00b8d Skakklubb<\/strong><\/td>\n<td style=\"height: 24px; width: 70px;\">26\u00bd<\/td>\n<td style=\"height: 24px; width: 56px;\">16<\/td>\n<td style=\"height: 24px; width: 10px;\"><\/td>\n<\/tr>\n<tr style=\"height: 24px;\">\n<td style=\"height: 24px; width: 408px;\"><strong>Skakklubben Nordkalotten<\/strong><\/td>\n<td style=\"height: 24px; width: 70px;\">18\u00bd<\/td>\n<td style=\"height: 24px; width: 56px;\">6<\/td>\n<td style=\"height: 24px; width: 10px;\"><\/td>\n<\/tr>\n<tr style=\"height: 24px;\">\n<td style=\"height: 24px; width: 408px;\"><strong>Engelholms SK<\/strong><\/td>\n<td style=\"height: 24px; width: 70px;\">11\u00bd<\/td>\n<td style=\"height: 24px; width: 56px;\">2<\/td>\n<td style=\"height: 24px; width: 10px;\"><\/td>\n<\/tr>\n<\/tbody>\n<\/table>\n<p>|\u00c2\u00a0<a href=\"https:\/\/www.nvssf.com\/forbundet\/wp-content\/uploads\/2018\/09\/6_klubb_2018.pgn\">Samtliga partier omg\u00e5ng 5 (pgn-fil)<\/a>\u00c2\u00a0|<\/p>\n<table>\n<thead>\n<tr style=\"background-color: #7f92eb;\">\n<td>\u00c2\u00a0<strong>A<\/strong><\/td>\n<td style=\"text-align: center;\"><strong>Helsing\u00c3\u00b8r Skakklub<\/strong><\/td>\n<td><\/td>\n<td><\/td>\n<td><\/td>\n<\/tr>\n<\/thead>\n<tbody>\n<tr>\n<td><\/td>\n<td>Spelare<\/td>\n<td>Motst\u00e5ndare<\/td>\n<td>Resultat<\/td>\n<td><\/td>\n<\/tr>\n<tr>\n<td>\u00c2\u00a0A1<\/td>\n<td>\u00c2\u00a0Ole Larsen<\/td>\n<td>B1<\/td>\n<td>\u00bd<\/td>\n<td><\/td>\n<\/tr>\n<tr>\n<td>\u00c2\u00a0A2<\/td>\n<td>\u00c2\u00a0Gerner Carlsson<\/td>\n<td>C2<\/td>\n<td>1<\/td>\n<td><\/td>\n<\/tr>\n<tr>\n<td>\u00c2\u00a0A3<\/td>\n<td>\u00c2\u00a0Jan Rimer<\/td>\n<td>D3<\/td>\n<td>\u00bd<\/td>\n<td><\/td>\n<\/tr>\n<tr>\n<td>\u00c2\u00a0A4<\/td>\n<td>\u00c2\u00a0Kristian Bj\u00c3\u00b8rneboe<\/td>\n<td>E4<\/td>\n<td>0<\/td>\n<td><\/td>\n<\/tr>\n<tr>\n<td>\u00c2\u00a0A5<\/td>\n<td>\u00c2\u00a0Claus Molin<\/td>\n<td>F5<\/td>\n<td>\u00bd<\/td>\n<td><\/td>\n<\/tr>\n<tr>\n<td>\u00c2\u00a0A6<\/td>\n<td>\u00c2\u00a0Lasse Henningsen<\/td>\n<td>F6<\/td>\n<td>1<\/td>\n<td><\/td>\n<\/tr>\n<tr>\n<td>\u00c2\u00a0A7<\/td>\n<td>\u00c2\u00a0Ulf Norboe<\/td>\n<td>E7<\/td>\n<td>0<\/td>\n<td><\/td>\n<\/tr>\n<tr>\n<td>\u00c2\u00a0A8<\/td>\n<td>Michael M\u00c3\u00a6chel<\/td>\n<td>D8<\/td>\n<td>\u00bd<\/td>\n<td><\/td>\n<\/tr>\n<tr>\n<td>\u00c2\u00a0A9<\/td>\n<td>\u00c2\u00a0Casper St\u00c3\u00b8chkel<\/td>\n<td>C9<\/td>\n<td>1<\/td>\n<td><\/td>\n<\/tr>\n<tr>\n<td>\u00c2\u00a0A10<\/td>\n<td>Rein\u00c3\u00a9 Weichel<\/td>\n<td>B10<\/td>\n<td>1<\/td>\n<td><\/td>\n<\/tr>\n<tr>\n<td><\/td>\n<td><\/td>\n<td><\/td>\n<td style=\"text-align: right;\"><strong>Summa:<\/strong><\/td>\n<td><strong>6<\/strong><\/td>\n<\/tr>\n<\/tbody>\n<\/table>\n<table>\n<thead>\n<tr style=\"background-color: #7f92eb;\">\n<td>\u00c2\u00a0<strong>B<\/strong><\/td>\n<td style=\"text-align: center;\">\u00c2\u00a0<strong>Engelholms SK<\/strong><strong><br \/>\n<\/strong><\/td>\n<td><\/td>\n<td><\/td>\n<td><\/td>\n<\/tr>\n<\/thead>\n<tbody>\n<tr>\n<td><\/td>\n<td>Spelare<\/td>\n<td>Motst\u00e5ndare<\/td>\n<td>Resultat<\/td>\n<td><\/td>\n<\/tr>\n<tr>\n<td>B1<\/td>\n<td>\u00c2\u00a0Bo Gustafsson<\/td>\n<td>A1<\/td>\n<td>\u00bd<\/td>\n<td><\/td>\n<\/tr>\n<tr>\n<td>B2<\/td>\n<td>\u00c2\u00a0Peter Dalling<\/td>\n<td>F2<\/td>\n<td>0<\/td>\n<td><\/td>\n<\/tr>\n<tr>\n<td>B3<\/td>\n<td>\u00c2\u00a0Magnus Ljunggren<\/td>\n<td>C3<\/td>\n<td>0<\/td>\n<td><\/td>\n<\/tr>\n<tr>\n<td>B4<\/td>\n<td>\u00c2\u00a0Kenneth Andersson<\/td>\n<td>D4<\/td>\n<td>0<\/td>\n<td><\/td>\n<\/tr>\n<tr>\n<td>B5<\/td>\n<td>\u00c2\u00a0Jonas Wiberg<\/td>\n<td>E5<\/td>\n<td>0<\/td>\n<td><\/td>\n<\/tr>\n<tr>\n<td>B6<\/td>\n<td>\u00c2\u00a0Viktor Lundberg<\/td>\n<td>E6<\/td>\n<td>0<\/td>\n<td><\/td>\n<\/tr>\n<tr>\n<td>B7<\/td>\n<td>\u00c2\u00a0Robert Dahl<\/td>\n<td>D7<\/td>\n<td>0<\/td>\n<td><\/td>\n<\/tr>\n<tr>\n<td>B8<\/td>\n<td>\u00c2\u00a0Susanne Ellerstrand<\/td>\n<td>C8<\/td>\n<td>0<\/td>\n<td><\/td>\n<\/tr>\n<tr>\n<td>B9<\/td>\n<td>\u00c2\u00a0Uno Karjevall<\/td>\n<td>F9<\/td>\n<td>1<\/td>\n<td><\/td>\n<\/tr>\n<tr>\n<td>B10<\/td>\n<td>Christian Wrennstad<\/td>\n<td>A10<\/td>\n<td>0<\/td>\n<td><\/td>\n<\/tr>\n<tr>\n<td><\/td>\n<td><\/td>\n<td><\/td>\n<td style=\"text-align: right;\">\u00c2\u00a0<strong>Summa:<\/strong><\/td>\n<td><strong>1\u00bd<\/strong><\/td>\n<\/tr>\n<\/tbody>\n<\/table>\n<table>\n<thead>\n<tr style=\"background-color: #7f92eb;\">\n<td>\u00c2\u00a0<strong>C<\/strong><\/td>\n<td style=\"text-align: center;\"><strong>\u00c5storps SS<\/strong><\/td>\n<td><\/td>\n<td><\/td>\n<td><\/td>\n<\/tr>\n<\/thead>\n<tbody>\n<tr>\n<td><\/td>\n<td>Spelare<\/td>\n<td>Motst\u00e5ndare<\/td>\n<td>Resultat<\/td>\n<td><\/td>\n<\/tr>\n<tr>\n<td>\u00c2\u00a0C1<\/td>\n<td>\u00c2\u00a0Mende Dimovski<\/td>\n<td>E1<\/td>\n<td>\u00bd<\/td>\n<td><\/td>\n<\/tr>\n<tr>\n<td>\u00c2\u00a0C2<\/td>\n<td>\u00c2\u00a0G\u00f6sta Pettersson<\/td>\n<td>A2<\/td>\n<td>0<\/td>\n<td><\/td>\n<\/tr>\n<tr>\n<td>\u00c2\u00a0C3<\/td>\n<td>\u00c2\u00a0Jan Bengtsson<\/td>\n<td>B3<\/td>\n<td>1<\/td>\n<td><\/td>\n<\/tr>\n<tr>\n<td>\u00c2\u00a0C4<\/td>\n<td>\u00c2\u00a0\u00c5ke Sandklef<\/td>\n<td>F4<\/td>\n<td>0<\/td>\n<td><\/td>\n<\/tr>\n<tr>\n<td>\u00c2\u00a0C5<\/td>\n<td>\u00c2\u00a0Alexander Randau<\/td>\n<td>D5<\/td>\n<td>1<\/td>\n<td><\/td>\n<\/tr>\n<tr>\n<td>\u00c2\u00a0C6<\/td>\n<td>\u00c2\u00a0Ted Sandbech<\/td>\n<td>D6<\/td>\n<td>1<\/td>\n<td><\/td>\n<\/tr>\n<tr>\n<td>\u00c2\u00a0C7<\/td>\n<td>\u00c2\u00a0Ivan Kolobaric<\/td>\n<td>F7<\/td>\n<td>1<\/td>\n<td><\/td>\n<\/tr>\n<tr>\n<td>\u00c2\u00a0C8<\/td>\n<td>\u00c2\u00a0Vasili Richardsson<\/td>\n<td>B8<\/td>\n<td>1<\/td>\n<td><\/td>\n<\/tr>\n<tr>\n<td>\u00c2\u00a0C9<\/td>\n<td>\u00c2\u00a0Claes-Erik Nilsson<\/td>\n<td>A9<\/td>\n<td>0<\/td>\n<td><\/td>\n<\/tr>\n<tr>\n<td>\u00c2\u00a0C10<\/td>\n<td>\u00c2\u00a0Robin Ravn<\/td>\n<td>E10<\/td>\n<td>0<\/td>\n<td><\/td>\n<\/tr>\n<tr>\n<td><\/td>\n<td><\/td>\n<td><\/td>\n<td style=\"text-align: right;\"><strong>Summa:<\/strong><\/td>\n<td><strong>5\u00bd<\/strong><\/td>\n<\/tr>\n<\/tbody>\n<\/table>\n<table>\n<thead>\n<tr style=\"background-color: #7f92eb;\">\n<td>\u00c2\u00a0<strong>D<\/strong><\/td>\n<td style=\"text-align: center;\"><strong>Hiller\u00c3\u00b8d Skakklub<\/strong><\/td>\n<td><\/td>\n<td><\/td>\n<td><\/td>\n<\/tr>\n<\/thead>\n<tbody>\n<tr>\n<td><\/td>\n<td>\u00c2\u00a0Spelare<\/td>\n<td>Motst\u00e5ndare<\/td>\n<td>Resultat<\/td>\n<td><\/td>\n<\/tr>\n<tr>\n<td>\u00c2\u00a0D1<\/td>\n<td>\u00c2\u00a0Thomas Svenninggaard<\/td>\n<td>\u00c2\u00a0F1<\/td>\n<td>0<\/td>\n<td><\/td>\n<\/tr>\n<tr>\n<td>\u00c2\u00a0D2<\/td>\n<td>\u00c2\u00a0Ib H Andersen<\/td>\n<td>E2<\/td>\n<td>1<\/td>\n<td><\/td>\n<\/tr>\n<tr>\n<td>\u00c2\u00a0D3<\/td>\n<td>\u00c2\u00a0Niels Peter Nielsen<\/td>\n<td>A3<\/td>\n<td>\u00bd<\/td>\n<td><\/td>\n<\/tr>\n<tr>\n<td>\u00c2\u00a0D4<\/td>\n<td>Palle Skov<\/td>\n<td>B4<\/td>\n<td>1<\/td>\n<td><\/td>\n<\/tr>\n<tr>\n<td>\u00c2\u00a0D5<\/td>\n<td>\u00c2\u00a0Peter Willer Svendsen<\/td>\n<td>C5<\/td>\n<td>0<\/td>\n<td><\/td>\n<\/tr>\n<tr>\n<td>\u00c2\u00a0D6<\/td>\n<td>\u00c2\u00a0Lars K Nielsen<\/td>\n<td>C6<\/td>\n<td>0<\/td>\n<td><\/td>\n<\/tr>\n<tr>\n<td>\u00c2\u00a0D7<\/td>\n<td>\u00c2\u00a0Hans E Jacobsen<\/td>\n<td>B7<\/td>\n<td>1<\/td>\n<td><\/td>\n<\/tr>\n<tr>\n<td>\u00c2\u00a0D8<\/td>\n<td>\u00c2\u00a0Henrik Holm<\/td>\n<td>A8<\/td>\n<td>\u00bd<\/td>\n<td><\/td>\n<\/tr>\n<tr>\n<td>\u00c2\u00a0D9<\/td>\n<td>\u00c2\u00a0Morten Kuhn<\/td>\n<td>E9<\/td>\n<td>1<\/td>\n<td><\/td>\n<\/tr>\n<tr>\n<td>\u00c2\u00a0D10<\/td>\n<td>\u00c2\u00a0Atan Jahic<\/td>\n<td>F10<\/td>\n<td>1<\/td>\n<td><\/td>\n<\/tr>\n<tr>\n<td><\/td>\n<td><\/td>\n<td><\/td>\n<td style=\"text-align: right;\"><strong>Summa:<\/strong><\/td>\n<td>\u00c2\u00a0<strong>6<\/strong><\/td>\n<\/tr>\n<\/tbody>\n<\/table>\n<table>\n<thead>\n<tr style=\"background-color: #7f92eb;\">\n<td>\u00c2\u00a0<strong>E<\/strong><\/td>\n<td style=\"text-align: center;\"><strong>Helsingborgs Schackallians<\/strong><\/td>\n<td><\/td>\n<td><\/td>\n<td><\/td>\n<\/tr>\n<\/thead>\n<tbody>\n<tr>\n<td><\/td>\n<td>Spelare<\/td>\n<td>Motst\u00e5ndare<\/td>\n<td>Resultat<\/td>\n<td><\/td>\n<\/tr>\n<tr>\n<td>\u00c2\u00a0E1<\/td>\n<td>\u00c2\u00a0Tomas Rosell<\/td>\n<td>C1<\/td>\n<td>\u00bd<\/td>\n<td><\/td>\n<\/tr>\n<tr>\n<td>\u00c2\u00a0E2<\/td>\n<td>\u00c2\u00a0Birger Persson<\/td>\n<td>D2<\/td>\n<td>0<\/td>\n<td><\/td>\n<\/tr>\n<tr>\n<td>\u00c2\u00a0E3<\/td>\n<td>\u00c2\u00a0Ghayth Tabaa<\/td>\n<td>F3<\/td>\n<td>0<\/td>\n<td><\/td>\n<\/tr>\n<tr>\n<td>\u00c2\u00a0E4<\/td>\n<td>\u00c2\u00a0\u00c5ke Westin<\/td>\n<td>A4<\/td>\n<td>1<\/td>\n<td><\/td>\n<\/tr>\n<tr>\n<td>\u00c2\u00a0E5<\/td>\n<td>\u00c2\u00a0Filip Jonsson<\/td>\n<td>B5<\/td>\n<td>1<\/td>\n<td><\/td>\n<\/tr>\n<tr>\n<td>\u00c2\u00a0E6<\/td>\n<td>\u00c2\u00a0Tomasz Szczepanowski<\/td>\n<td>B6<\/td>\n<td>1<\/td>\n<td><\/td>\n<\/tr>\n<tr>\n<td>\u00c2\u00a0E7<\/td>\n<td>Steffen Juul<\/td>\n<td>A7<\/td>\n<td>1<\/td>\n<td><\/td>\n<\/tr>\n<tr>\n<td>\u00c2\u00a0E8<\/td>\n<td>\u00c2\u00a0Tore Bengtsson<\/td>\n<td>F8<\/td>\n<td>\u00bd<\/td>\n<td><\/td>\n<\/tr>\n<tr>\n<td>\u00c2\u00a0E9<\/td>\n<td>\u00c2\u00a0Rolf Johansson<\/td>\n<td>D9<\/td>\n<td>0<\/td>\n<td><\/td>\n<\/tr>\n<tr>\n<td>\u00c2\u00a0E10<\/td>\n<td>\u00c2\u00a0Mats Karlsson<\/td>\n<td>\u00c2\u00a0C10<\/td>\n<td>\u00c2\u00a01<\/td>\n<td><\/td>\n<\/tr>\n<tr>\n<td><\/td>\n<td><\/td>\n<td><\/td>\n<td style=\"text-align: right;\">\u00c2\u00a0<strong>Summa:<\/strong><\/td>\n<td><strong>6<\/strong><\/td>\n<\/tr>\n<\/tbody>\n<\/table>\n<table>\n<thead>\n<tr style=\"background-color: #7f92eb;\">\n<td>\u00c2\u00a0<strong>F<\/strong><\/td>\n<td style=\"text-align: center;\"><strong>Skakklubben Nordkalotten<\/strong><\/td>\n<td><\/td>\n<td><\/td>\n<td><\/td>\n<\/tr>\n<\/thead>\n<tbody>\n<tr>\n<td><\/td>\n<td>\u00c2\u00a0Spelare<\/td>\n<td>Motst\u00e5ndare<\/td>\n<td>Resultat<\/td>\n<td><\/td>\n<\/tr>\n<tr>\n<td>\u00c2\u00a0F1<\/td>\n<td>\u00c2\u00a0K\u00e5re Kristensen<\/td>\n<td>D1<\/td>\n<td>1<\/td>\n<td><\/td>\n<\/tr>\n<tr>\n<td>\u00c2\u00a0F2<\/td>\n<td>\u00c2\u00a0Jacob Sylvan<\/td>\n<td>B2<\/td>\n<td>1<\/td>\n<td><\/td>\n<\/tr>\n<tr>\n<td>\u00c2\u00a0F3<\/td>\n<td>\u00c2\u00a0Esben Hove<\/td>\n<td>E3<\/td>\n<td>1<\/td>\n<td><\/td>\n<\/tr>\n<tr>\n<td>\u00c2\u00a0F4<\/td>\n<td>\u00c2\u00a0Martin Noer<\/td>\n<td>C4<\/td>\n<td>1<\/td>\n<td><\/td>\n<\/tr>\n<tr>\n<td>\u00c2\u00a0F5<\/td>\n<td>\u00c2\u00a0Steen Andersen<\/td>\n<td>A5<\/td>\n<td>\u00bd<\/td>\n<td><\/td>\n<\/tr>\n<tr>\n<td>\u00c2\u00a0F6<\/td>\n<td>\u00c2\u00a0Rasmus Petersen<\/td>\n<td>A6<\/td>\n<td>0<\/td>\n<td><\/td>\n<\/tr>\n<tr>\n<td>\u00c2\u00a0F7<\/td>\n<td>\u00c2\u00a0Viggo S\u00c3\u00b8rensen<\/td>\n<td>C7<\/td>\n<td>0<\/td>\n<td><\/td>\n<\/tr>\n<tr>\n<td>\u00c2\u00a0F8<\/td>\n<td>\u00c2\u00a0Anders Kronborg<\/td>\n<td>\u00c2\u00a0E8<\/td>\n<td>\u00bd<\/td>\n<td><\/td>\n<\/tr>\n<tr>\n<td>\u00c2\u00a0F9<\/td>\n<td>\u00c2\u00a0Leif S\u00c3\u00b8rensen<\/td>\n<td>B9<\/td>\n<td>0<\/td>\n<td><\/td>\n<\/tr>\n<tr>\n<td>\u00c2\u00a0F10<\/td>\n<td>\u00c2\u00a0John Schj\u00c3\u00b8lin<\/td>\n<td>D10<\/td>\n<td>0<\/td>\n<td><\/td>\n<\/tr>\n<tr>\n<td><\/td>\n<td><\/td>\n<td><\/td>\n<td style=\"text-align: right;\">\u00c2\u00a0<strong>Summa:<\/strong><\/td>\n<td><strong>5<\/strong><\/td>\n<\/tr>\n<\/tbody>\n<\/table>\n","protected":false},"excerpt":{"rendered":"<p>Spelat i Gr\u00c3\u00a6sted,DK den 30 september. Arrang\u00f6r: Skakklubben Nordkalotten. Regler som antogs 2013 n\u00e4r denna cykel startade. Resultat omg\u00e5ng 5 Hiller\u00c3\u00b8d Skakklub 6 partipo\u00e4ng Helsingborgs Schackallians 6 Helsing\u00c3\u00b8r Skakklub 6 \u00c5storps SS 5\u00bd Skakklubben Nordkalotten 5 Engelholms SK 1\u00bd St\u00e4llningen &hellip; <a href=\"https:\/\/www.nvssf.com\/forbundet\/resultat\/resultat-2018\/6-klubbsmatchen-2018\/\">Forts\u00e4tt l\u00e4sa <span class=\"meta-nav\">&rarr;<\/span><\/a><\/p>\n","protected":false},"author":2,"featured_media":0,"parent":5612,"menu_order":0,"comment_status":"open","ping_status":"open","template":"sidebar-page.php","meta":{"_acf_changed":false,"footnotes":""},"acf":[],"_links":{"self":[{"href":"https:\/\/www.nvssf.com\/forbundet\/wp-json\/wp\/v2\/pages\/6750"}],"collection":[{"href":"https:\/\/www.nvssf.com\/forbundet\/wp-json\/wp\/v2\/pages"}],"about":[{"href":"https:\/\/www.nvssf.com\/forbundet\/wp-json\/wp\/v2\/types\/page"}],"author":[{"embeddable":true,"href":"https:\/\/www.nvssf.com\/forbundet\/wp-json\/wp\/v2\/users\/2"}],"replies":[{"embeddable":true,"href":"https:\/\/www.nvssf.com\/forbundet\/wp-json\/wp\/v2\/comments?post=6750"}],"version-history":[{"count":1,"href":"https:\/\/www.nvssf.com\/forbundet\/wp-json\/wp\/v2\/pages\/6750\/revisions"}],"predecessor-version":[{"id":6787,"href":"https:\/\/www.nvssf.com\/forbundet\/wp-json\/wp\/v2\/pages\/6750\/revisions\/6787"}],"up":[{"embeddable":true,"href":"https:\/\/www.nvssf.com\/forbundet\/wp-json\/wp\/v2\/pages\/5612"}],"wp:attachment":[{"href":"https:\/\/www.nvssf.com\/forbundet\/wp-json\/wp\/v2\/media?parent=6750"}],"curies":[{"name":"wp","href":"https:\/\/api.w.org\/{rel}","templated":true}]}}