{"id":6868,"date":"2018-11-09T12:58:24","date_gmt":"2018-11-09T11:58:24","guid":{"rendered":"http:\/\/www.nvssf.com\/forbundet\/?page_id=6868"},"modified":"2018-11-12T17:38:16","modified_gmt":"2018-11-12T16:38:16","slug":"junior-dm-i-blixt-host-2018","status":"publish","type":"page","link":"https:\/\/www.nvssf.com\/forbundet\/resultat\/resultat-2018\/junior-dm-i-blixt-host-2018\/","title":{"rendered":"Junior-DM i Blixt H\u00f6st 2018"},"content":{"rendered":"<p>T\u00e4vlingen spelades 10 november i HSS\/HASK klubblokal p\u00e5 Tr\u00e4dg\u00e5rdsgatan 11 i Helsingborg.<\/p>\n<h2>Grupper:<\/h2>\n<p><strong>Knattar (f\u00f6dda 2008):<\/strong> 7 ronder monrad. Bet\u00e4nketid: 10 minuter per spelare.<\/p>\n<p><strong>Miniorer (2006-2007):<\/strong> 9 ronder monrad. Bet\u00e4nketid: 3 minuter + 3 sekunders till\u00e4gg per drag.<\/p>\n<p><strong>Elit (1998-2005):<\/strong> 3 minuter + 3 sekunders till\u00e4gg per drag.<\/p>\n<h1>Resultat Knattar<\/h1>\n<p><strong>Topp 3<\/strong><\/p>\n<ol>\n<li><strong>Debasman Koley<\/strong> Helsingborgs ASK<\/li>\n<li><strong>Alex Henriksen<\/strong> Helsingborgs ASK<\/li>\n<li><strong>Riddhima Chakrabarti<\/strong> Helsingborgs ASK<\/li>\n<\/ol>\n<h3>Tabell<\/h3>\n<div id=\"attachment_6871\" style=\"width: 310px\" class=\"wp-caption aligncenter\"><a href=\"https:\/\/www.nvssf.com\/forbundet\/wp-content\/uploads\/2018\/11\/TabellKnattarBlixtHost2018.png\"><img loading=\"lazy\" decoding=\"async\" aria-describedby=\"caption-attachment-6871\" class=\"size-medium wp-image-6871\" src=\"https:\/\/www.nvssf.com\/forbundet\/wp-content\/uploads\/2018\/11\/TabellKnattarBlixtHost2018-300x170.png\" alt=\"\" width=\"300\" height=\"170\" srcset=\"https:\/\/www.nvssf.com\/forbundet\/wp-content\/uploads\/2018\/11\/TabellKnattarBlixtHost2018-300x170.png 300w, https:\/\/www.nvssf.com\/forbundet\/wp-content\/uploads\/2018\/11\/TabellKnattarBlixtHost2018-150x85.png 150w, https:\/\/www.nvssf.com\/forbundet\/wp-content\/uploads\/2018\/11\/TabellKnattarBlixtHost2018-500x284.png 500w, https:\/\/www.nvssf.com\/forbundet\/wp-content\/uploads\/2018\/11\/TabellKnattarBlixtHost2018.png 655w\" sizes=\"(max-width: 300px) 100vw, 300px\" \/><\/a><p id=\"caption-attachment-6871\" class=\"wp-caption-text\">Klicka p\u00e5 bilden f\u00f6r full storlek.<\/p><\/div>\n<p><a href=\"https:\/\/member.schack.se\/ShowTournamentServlet?id=6634\" target=\"_blank\" rel=\"noopener\">Resultatsida SSF turneringssystem.<\/a><\/p>\n<h1>Resultat Miniorer<\/h1>\n<p><strong>Topp 3<\/strong><\/p>\n<ol>\n<li><strong>Jokubas Sauklys<\/strong> Helsingborgs ASK<\/li>\n<li><strong>Sixten Wallin<\/strong> Helsingborgs SS<\/li>\n<li><strong>Anton Engkvist<\/strong> Landskrona SK<\/li>\n<\/ol>\n<h3>Tabell<\/h3>\n<div id=\"attachment_6872\" style=\"width: 310px\" class=\"wp-caption aligncenter\"><a href=\"https:\/\/www.nvssf.com\/forbundet\/wp-content\/uploads\/2018\/11\/TabellMiniorerBlixtHost2018.png\"><img loading=\"lazy\" decoding=\"async\" aria-describedby=\"caption-attachment-6872\" class=\"size-medium wp-image-6872\" src=\"https:\/\/www.nvssf.com\/forbundet\/wp-content\/uploads\/2018\/11\/TabellMiniorerBlixtHost2018-300x97.png\" alt=\"\" width=\"300\" height=\"97\" srcset=\"https:\/\/www.nvssf.com\/forbundet\/wp-content\/uploads\/2018\/11\/TabellMiniorerBlixtHost2018-300x97.png 300w, https:\/\/www.nvssf.com\/forbundet\/wp-content\/uploads\/2018\/11\/TabellMiniorerBlixtHost2018-150x49.png 150w, https:\/\/www.nvssf.com\/forbundet\/wp-content\/uploads\/2018\/11\/TabellMiniorerBlixtHost2018-500x162.png 500w, https:\/\/www.nvssf.com\/forbundet\/wp-content\/uploads\/2018\/11\/TabellMiniorerBlixtHost2018.png 751w\" sizes=\"(max-width: 300px) 100vw, 300px\" \/><\/a><p id=\"caption-attachment-6872\" class=\"wp-caption-text\">Klicka p\u00e5 bilden f\u00f6r full storlek.<\/p><\/div>\n<p><a href=\"https:\/\/member.schack.se\/ShowTournamentServlet?id=6633\" target=\"_blank\" rel=\"noopener\">Resultatsida SSF turneringssystem.<\/a><\/p>\n<h1>Resultat Elit<\/h1>\n<p><strong>Topp 3<\/strong><\/p>\n<ol>\n<li><strong>Rio Phillips<\/strong> Landskrona SK<\/li>\n<li><strong>Haider Al-Sherufi<\/strong> Helsingborgs ASK<\/li>\n<li><strong>Markus Mena<\/strong> Helsingborgs ASK<\/li>\n<\/ol>\n<h3>Tabell<\/h3>\n<div id=\"attachment_6870\" style=\"width: 310px\" class=\"wp-caption aligncenter\"><a href=\"https:\/\/www.nvssf.com\/forbundet\/wp-content\/uploads\/2018\/11\/TabellElitBlixtHost2018.png\"><img loading=\"lazy\" decoding=\"async\" aria-describedby=\"caption-attachment-6870\" class=\"size-medium wp-image-6870\" src=\"https:\/\/www.nvssf.com\/forbundet\/wp-content\/uploads\/2018\/11\/TabellElitBlixtHost2018-300x136.png\" alt=\"\" width=\"300\" height=\"136\" srcset=\"https:\/\/www.nvssf.com\/forbundet\/wp-content\/uploads\/2018\/11\/TabellElitBlixtHost2018-300x136.png 300w, https:\/\/www.nvssf.com\/forbundet\/wp-content\/uploads\/2018\/11\/TabellElitBlixtHost2018-150x68.png 150w, https:\/\/www.nvssf.com\/forbundet\/wp-content\/uploads\/2018\/11\/TabellElitBlixtHost2018-768x348.png 768w, https:\/\/www.nvssf.com\/forbundet\/wp-content\/uploads\/2018\/11\/TabellElitBlixtHost2018-500x226.png 500w, https:\/\/www.nvssf.com\/forbundet\/wp-content\/uploads\/2018\/11\/TabellElitBlixtHost2018.png 819w\" sizes=\"(max-width: 300px) 100vw, 300px\" \/><\/a><p id=\"caption-attachment-6870\" class=\"wp-caption-text\">Klicka p\u00e5 bilden f\u00f6r full storlek.<\/p><\/div>\n<p><a href=\"https:\/\/member.schack.se\/ShowTournamentServlet?id=6632\" target=\"_blank\" rel=\"noopener\">Resultatsida SSF turneringssystem.<\/a><\/p>\n","protected":false},"excerpt":{"rendered":"<p>T\u00e4vlingen spelades 10 november i HSS\/HASK klubblokal p\u00e5 Tr\u00e4dg\u00e5rdsgatan 11 i Helsingborg. Grupper: Knattar (f\u00f6dda 2008): 7 ronder monrad. Bet\u00e4nketid: 10 minuter per spelare. Miniorer (2006-2007): 9 ronder monrad. Bet\u00e4nketid: 3 minuter + 3 sekunders till\u00e4gg per drag. Elit (1998-2005): &hellip; <a href=\"https:\/\/www.nvssf.com\/forbundet\/resultat\/resultat-2018\/junior-dm-i-blixt-host-2018\/\">Forts\u00e4tt l\u00e4sa <span class=\"meta-nav\">&rarr;<\/span><\/a><\/p>\n","protected":false},"author":2,"featured_media":0,"parent":5612,"menu_order":0,"comment_status":"closed","ping_status":"closed","template":"sidebar-page.php","meta":{"_acf_changed":false,"footnotes":""},"acf":[],"_links":{"self":[{"href":"https:\/\/www.nvssf.com\/forbundet\/wp-json\/wp\/v2\/pages\/6868"}],"collection":[{"href":"https:\/\/www.nvssf.com\/forbundet\/wp-json\/wp\/v2\/pages"}],"about":[{"href":"https:\/\/www.nvssf.com\/forbundet\/wp-json\/wp\/v2\/types\/page"}],"author":[{"embeddable":true,"href":"https:\/\/www.nvssf.com\/forbundet\/wp-json\/wp\/v2\/users\/2"}],"replies":[{"embeddable":true,"href":"https:\/\/www.nvssf.com\/forbundet\/wp-json\/wp\/v2\/comments?post=6868"}],"version-history":[{"count":1,"href":"https:\/\/www.nvssf.com\/forbundet\/wp-json\/wp\/v2\/pages\/6868\/revisions"}],"predecessor-version":[{"id":6883,"href":"https:\/\/www.nvssf.com\/forbundet\/wp-json\/wp\/v2\/pages\/6868\/revisions\/6883"}],"up":[{"embeddable":true,"href":"https:\/\/www.nvssf.com\/forbundet\/wp-json\/wp\/v2\/pages\/5612"}],"wp:attachment":[{"href":"https:\/\/www.nvssf.com\/forbundet\/wp-json\/wp\/v2\/media?parent=6868"}],"curies":[{"name":"wp","href":"https:\/\/api.w.org\/{rel}","templated":true}]}}