{"id":6950,"date":"2018-12-06T11:53:57","date_gmt":"2018-12-06T10:53:57","guid":{"rendered":"http:\/\/www.nvssf.com\/forbundet\/?page_id=6950"},"modified":"2018-12-06T11:55:11","modified_gmt":"2018-12-06T10:55:11","slug":"senior-dm-2018","status":"publish","type":"page","link":"https:\/\/www.nvssf.com\/forbundet\/resultat\/resultat-2018\/senior-dm-2018\/","title":{"rendered":"Senior-DM 2018"},"content":{"rendered":"<p>Distriktsm\u00e4sterskapet f\u00f6r seniorer spelades 2018 i tre olika grupper. Spelarna placerades in i de tre olika grupperna efter ranking. Vinnare av Grupp 1 blev <strong>H\u00e5kan Lane, Helsingborgs SS<\/strong> och blev d\u00e4rmed distriktsm\u00e4stare 2018. Segrarna i de tv\u00e5 l\u00e4gre grupperna garanterades en plats i gruppen ovan, <strong>Ted Sandbech, Klippans SK<\/strong> &#8212;&gt; Grupp 1 2019 och <strong>Ronny Blomdahl, Helsingborgs ASK<\/strong> &#8212;&gt; Grupp 2 2019. Bet\u00e4nketiden som anv\u00e4ndes var 90 minuter + 30 sekunders till\u00e4gg\/drag med start ifr\u00e5n drag 1.<\/p>\n<h2>Tabeller<\/h2>\n<h3>Grupp 1<\/h3>\n<p><a href=\"https:\/\/www.nvssf.com\/forbundet\/wp-content\/uploads\/2018\/12\/tabellDM2018gr1.png\"><img loading=\"lazy\" decoding=\"async\" class=\"alignleft size-medium wp-image-6954\" src=\"https:\/\/www.nvssf.com\/forbundet\/wp-content\/uploads\/2018\/12\/tabellDM2018gr1-300x95.png\" alt=\"\" width=\"300\" height=\"95\" srcset=\"https:\/\/www.nvssf.com\/forbundet\/wp-content\/uploads\/2018\/12\/tabellDM2018gr1-300x95.png 300w, https:\/\/www.nvssf.com\/forbundet\/wp-content\/uploads\/2018\/12\/tabellDM2018gr1-150x48.png 150w, https:\/\/www.nvssf.com\/forbundet\/wp-content\/uploads\/2018\/12\/tabellDM2018gr1-500x158.png 500w, https:\/\/www.nvssf.com\/forbundet\/wp-content\/uploads\/2018\/12\/tabellDM2018gr1.png 767w\" sizes=\"(max-width: 300px) 100vw, 300px\" \/><\/a><\/p>\n<p>&nbsp;<\/p>\n<p>&nbsp;<\/p>\n<p>&nbsp;<\/p>\n<p><em>Klicka p\u00e5 tabellen f\u00f6r en st\u00f6rre version.<\/em><\/p>\n<h3>Grupp 2<\/h3>\n<p><a href=\"https:\/\/www.nvssf.com\/forbundet\/wp-content\/uploads\/2018\/12\/tabellDM2018gr2.png\"><img loading=\"lazy\" decoding=\"async\" class=\"alignleft size-medium wp-image-6953\" src=\"https:\/\/www.nvssf.com\/forbundet\/wp-content\/uploads\/2018\/12\/tabellDM2018gr2-300x98.png\" alt=\"\" width=\"300\" height=\"98\" srcset=\"https:\/\/www.nvssf.com\/forbundet\/wp-content\/uploads\/2018\/12\/tabellDM2018gr2-300x98.png 300w, https:\/\/www.nvssf.com\/forbundet\/wp-content\/uploads\/2018\/12\/tabellDM2018gr2-150x49.png 150w, https:\/\/www.nvssf.com\/forbundet\/wp-content\/uploads\/2018\/12\/tabellDM2018gr2-500x163.png 500w, https:\/\/www.nvssf.com\/forbundet\/wp-content\/uploads\/2018\/12\/tabellDM2018gr2.png 723w\" sizes=\"(max-width: 300px) 100vw, 300px\" \/><\/a><\/p>\n<p>&nbsp;<\/p>\n<p>&nbsp;<\/p>\n<p>&nbsp;<\/p>\n<p><em>Klicka p\u00e5 tabellen f\u00f6r en st\u00f6rre version.<\/em><\/p>\n<h3>Grupp 3<\/h3>\n<p><a href=\"https:\/\/www.nvssf.com\/forbundet\/wp-content\/uploads\/2018\/12\/tabellDM2018gr3.png\"><img loading=\"lazy\" decoding=\"async\" class=\"alignleft size-medium wp-image-6952\" src=\"https:\/\/www.nvssf.com\/forbundet\/wp-content\/uploads\/2018\/12\/tabellDM2018gr3-300x121.png\" alt=\"\" width=\"300\" height=\"121\" srcset=\"https:\/\/www.nvssf.com\/forbundet\/wp-content\/uploads\/2018\/12\/tabellDM2018gr3-300x121.png 300w, https:\/\/www.nvssf.com\/forbundet\/wp-content\/uploads\/2018\/12\/tabellDM2018gr3-150x61.png 150w, https:\/\/www.nvssf.com\/forbundet\/wp-content\/uploads\/2018\/12\/tabellDM2018gr3-500x202.png 500w, https:\/\/www.nvssf.com\/forbundet\/wp-content\/uploads\/2018\/12\/tabellDM2018gr3.png 747w\" sizes=\"(max-width: 300px) 100vw, 300px\" \/><\/a><\/p>\n<p>&nbsp;<\/p>\n<p>&nbsp;<\/p>\n<p>&nbsp;<\/p>\n<p><em>Klicka p\u00e5 tabellen f\u00f6r en st\u00f6rre version.<\/em><\/p>\n<p>Samtliga resultat hittar du p\u00e5 t\u00e4vlingens sida i SSF turneringssystem: <a href=\"https:\/\/member.schack.se\/ShowTournamentServlet?id=6374\">https:\/\/member.schack.se\/ShowTournamentServlet?id=6374<\/a><\/p>\n","protected":false},"excerpt":{"rendered":"<p>Distriktsm\u00e4sterskapet f\u00f6r seniorer spelades 2018 i tre olika grupper. Spelarna placerades in i de tre olika grupperna efter ranking. Vinnare av Grupp 1 blev H\u00e5kan Lane, Helsingborgs SS och blev d\u00e4rmed distriktsm\u00e4stare 2018. Segrarna i de tv\u00e5 l\u00e4gre grupperna garanterades &hellip; <a href=\"https:\/\/www.nvssf.com\/forbundet\/resultat\/resultat-2018\/senior-dm-2018\/\">Forts\u00e4tt l\u00e4sa <span class=\"meta-nav\">&rarr;<\/span><\/a><\/p>\n","protected":false},"author":2,"featured_media":0,"parent":5612,"menu_order":0,"comment_status":"open","ping_status":"open","template":"sidebar-page.php","meta":{"_acf_changed":false,"footnotes":""},"acf":[],"_links":{"self":[{"href":"https:\/\/www.nvssf.com\/forbundet\/wp-json\/wp\/v2\/pages\/6950"}],"collection":[{"href":"https:\/\/www.nvssf.com\/forbundet\/wp-json\/wp\/v2\/pages"}],"about":[{"href":"https:\/\/www.nvssf.com\/forbundet\/wp-json\/wp\/v2\/types\/page"}],"author":[{"embeddable":true,"href":"https:\/\/www.nvssf.com\/forbundet\/wp-json\/wp\/v2\/users\/2"}],"replies":[{"embeddable":true,"href":"https:\/\/www.nvssf.com\/forbundet\/wp-json\/wp\/v2\/comments?post=6950"}],"version-history":[{"count":1,"href":"https:\/\/www.nvssf.com\/forbundet\/wp-json\/wp\/v2\/pages\/6950\/revisions"}],"predecessor-version":[{"id":6956,"href":"https:\/\/www.nvssf.com\/forbundet\/wp-json\/wp\/v2\/pages\/6950\/revisions\/6956"}],"up":[{"embeddable":true,"href":"https:\/\/www.nvssf.com\/forbundet\/wp-json\/wp\/v2\/pages\/5612"}],"wp:attachment":[{"href":"https:\/\/www.nvssf.com\/forbundet\/wp-json\/wp\/v2\/media?parent=6950"}],"curies":[{"name":"wp","href":"https:\/\/api.w.org\/{rel}","templated":true}]}}