{"id":7106,"date":"2019-02-12T14:10:00","date_gmt":"2019-02-12T13:10:00","guid":{"rendered":"http:\/\/www.nvssf.com\/forbundet\/?page_id=7106"},"modified":"2019-02-12T14:10:00","modified_gmt":"2019-02-12T13:10:00","slug":"junior-dm-2019","status":"publish","type":"page","link":"https:\/\/www.nvssf.com\/forbundet\/resultat\/resultat-2019\/junior-dm-2019\/","title":{"rendered":"Junior-DM 2019"},"content":{"rendered":"<p><strong>Spelform:\u00c2\u00a0<\/strong>6 ronder nordisk schweizer.<br \/>\n<strong>Spellokal:<\/strong> HSS\/HASK klubblokal,Tr\u00e4dg\u00e5rdsgatan 11, Helsingborg<br \/>\n<strong>Bet\u00e4nketid:<\/strong> 30 minuter per spelare och parti.<br \/>\n<strong>Resultatsida SSF medlemssytem:\u00c2\u00a0<\/strong><a href=\"https:\/\/member.schack.se\/ShowTournamentServlet?id=7083\" target=\"_blank\" rel=\"noopener\">https:\/\/member.schack.se\/ShowTournamentServlet?id=7083<\/a><\/p>\n<h2>Resultat<\/h2>\n<h3>Sammanlagt<\/h3>\n<p><a href=\"https:\/\/www.nvssf.com\/forbundet\/wp-content\/uploads\/2019\/02\/jdm2019tabell_sammanlagt.png\"><img loading=\"lazy\" decoding=\"async\" class=\"aligncenter size-full wp-image-7090\" src=\"https:\/\/www.nvssf.com\/forbundet\/wp-content\/uploads\/2019\/02\/jdm2019tabell_sammanlagt.png\" alt=\"\" width=\"707\" height=\"293\" srcset=\"https:\/\/www.nvssf.com\/forbundet\/wp-content\/uploads\/2019\/02\/jdm2019tabell_sammanlagt.png 707w, https:\/\/www.nvssf.com\/forbundet\/wp-content\/uploads\/2019\/02\/jdm2019tabell_sammanlagt-150x62.png 150w, https:\/\/www.nvssf.com\/forbundet\/wp-content\/uploads\/2019\/02\/jdm2019tabell_sammanlagt-300x124.png 300w, https:\/\/www.nvssf.com\/forbundet\/wp-content\/uploads\/2019\/02\/jdm2019tabell_sammanlagt-500x207.png 500w\" sizes=\"(max-width: 707px) 100vw, 707px\" \/><\/a><\/p>\n<h3>Juniorklassen (12 &#8211; 18 \u00e5r)<\/h3>\n<p><a href=\"https:\/\/www.nvssf.com\/forbundet\/wp-content\/uploads\/2019\/02\/jdm2019tabell_junior.png\"><img loading=\"lazy\" decoding=\"async\" class=\"aligncenter size-full wp-image-7088\" src=\"https:\/\/www.nvssf.com\/forbundet\/wp-content\/uploads\/2019\/02\/jdm2019tabell_junior.png\" alt=\"\" width=\"610\" height=\"123\" srcset=\"https:\/\/www.nvssf.com\/forbundet\/wp-content\/uploads\/2019\/02\/jdm2019tabell_junior.png 610w, https:\/\/www.nvssf.com\/forbundet\/wp-content\/uploads\/2019\/02\/jdm2019tabell_junior-150x30.png 150w, https:\/\/www.nvssf.com\/forbundet\/wp-content\/uploads\/2019\/02\/jdm2019tabell_junior-300x60.png 300w, https:\/\/www.nvssf.com\/forbundet\/wp-content\/uploads\/2019\/02\/jdm2019tabell_junior-500x101.png 500w\" sizes=\"(max-width: 610px) 100vw, 610px\" \/><\/a><\/p>\n<h3>knatteklassen (11 \u00e5r och yngre)<\/h3>\n<p><a href=\"https:\/\/www.nvssf.com\/forbundet\/wp-content\/uploads\/2019\/02\/jdm2019tabell_knattar.png\"><img loading=\"lazy\" decoding=\"async\" class=\"aligncenter size-full wp-image-7089\" src=\"https:\/\/www.nvssf.com\/forbundet\/wp-content\/uploads\/2019\/02\/jdm2019tabell_knattar.png\" alt=\"\" width=\"619\" height=\"104\" srcset=\"https:\/\/www.nvssf.com\/forbundet\/wp-content\/uploads\/2019\/02\/jdm2019tabell_knattar.png 619w, https:\/\/www.nvssf.com\/forbundet\/wp-content\/uploads\/2019\/02\/jdm2019tabell_knattar-150x25.png 150w, https:\/\/www.nvssf.com\/forbundet\/wp-content\/uploads\/2019\/02\/jdm2019tabell_knattar-300x50.png 300w, https:\/\/www.nvssf.com\/forbundet\/wp-content\/uploads\/2019\/02\/jdm2019tabell_knattar-500x84.png 500w\" sizes=\"(max-width: 619px) 100vw, 619px\" \/><\/a><\/p>\n","protected":false},"excerpt":{"rendered":"<p>Spelform:\u00c2\u00a06 ronder nordisk schweizer. Spellokal: HSS\/HASK klubblokal,Tr\u00e4dg\u00e5rdsgatan 11, Helsingborg Bet\u00e4nketid: 30 minuter per spelare och parti. Resultatsida SSF medlemssytem:\u00c2\u00a0https:\/\/member.schack.se\/ShowTournamentServlet?id=7083 Resultat Sammanlagt Juniorklassen (12 &#8211; 18 \u00e5r) knatteklassen (11 \u00e5r och yngre)<\/p>\n","protected":false},"author":2,"featured_media":0,"parent":7081,"menu_order":0,"comment_status":"closed","ping_status":"closed","template":"sidebar-page.php","meta":{"_acf_changed":false,"footnotes":""},"acf":[],"_links":{"self":[{"href":"https:\/\/www.nvssf.com\/forbundet\/wp-json\/wp\/v2\/pages\/7106"}],"collection":[{"href":"https:\/\/www.nvssf.com\/forbundet\/wp-json\/wp\/v2\/pages"}],"about":[{"href":"https:\/\/www.nvssf.com\/forbundet\/wp-json\/wp\/v2\/types\/page"}],"author":[{"embeddable":true,"href":"https:\/\/www.nvssf.com\/forbundet\/wp-json\/wp\/v2\/users\/2"}],"replies":[{"embeddable":true,"href":"https:\/\/www.nvssf.com\/forbundet\/wp-json\/wp\/v2\/comments?post=7106"}],"version-history":[{"count":1,"href":"https:\/\/www.nvssf.com\/forbundet\/wp-json\/wp\/v2\/pages\/7106\/revisions"}],"predecessor-version":[{"id":7107,"href":"https:\/\/www.nvssf.com\/forbundet\/wp-json\/wp\/v2\/pages\/7106\/revisions\/7107"}],"up":[{"embeddable":true,"href":"https:\/\/www.nvssf.com\/forbundet\/wp-json\/wp\/v2\/pages\/7081"}],"wp:attachment":[{"href":"https:\/\/www.nvssf.com\/forbundet\/wp-json\/wp\/v2\/media?parent=7106"}],"curies":[{"name":"wp","href":"https:\/\/api.w.org\/{rel}","templated":true}]}}